
{"id":8314,"date":"2026-03-24T16:53:10","date_gmt":"2026-03-24T15:53:10","guid":{"rendered":"http:\/\/lfmadrid.net.dev2.tribu-and-co.com\/produit\/tote-bag-del-lfm\/"},"modified":"2026-03-24T16:53:10","modified_gmt":"2026-03-24T15:53:10","slug":"tote-bag-del-lfm","status":"publish","type":"product","link":"https:\/\/lfmadrid.net.dev2.tribu-and-co.com\/es\/produit\/tote-bag-del-lfm\/","title":{"rendered":"Tote bag del LFM"},"content":{"rendered":"<p><i><span style=\"font-weight: 400;\"><span style=\"font-weight: 400;\">Bolsa de tela personalizada con el logo del LFM y su dise\u00f1o de rayas marineras.<\/span><\/span><\/i><\/p>\n","protected":false},"excerpt":{"rendered":"<p>Bolsa de tela personalizada con el logo del LFM y su dise\u00f1o de rayas marineras.<\/p>\n","protected":false},"featured_media":6075,"template":"","meta":{"_acf_changed":false},"product_brand":[],"product_cat":[15],"product_tag":[],"class_list":{"0":"post-8314","1":"product","2":"type-product","3":"status-publish","4":"has-post-thumbnail","6":"product_cat-non-classe","8":"first","9":"instock","10":"shipping-taxable","11":"purchasable","12":"product-type-simple"},"acf":[],"yoast_head":"<!-- This site is optimized with the Yoast SEO plugin v27.4 - https:\/\/yoast.com\/product\/yoast-seo-wordpress\/ -->\n<title>Tote bag del LFM - Lyc\u00e9e Fran\u00e7ais de Madrid<\/title>\n<meta name=\"robots\" content=\"noindex, follow, max-snippet:-1, max-image-preview:large, max-video-preview:-1\" \/>\n<meta property=\"og:locale\" content=\"es_ES\" \/>\n<meta property=\"og:type\" content=\"article\" \/>\n<meta property=\"og:title\" content=\"Tote bag del LFM - Lyc\u00e9e Fran\u00e7ais de Madrid\" \/>\n<meta property=\"og:description\" content=\"Bolsa de tela personalizada con el logo del LFM y su dise\u00f1o de rayas marineras.\" \/>\n<meta property=\"og:url\" content=\"https:\/\/lfmadrid.net.dev2.tribu-and-co.com\/es\/produit\/tote-bag-del-lfm\/\" \/>\n<meta property=\"og:site_name\" content=\"Lyc\u00e9e Fran\u00e7ais de Madrid\" \/>\n<meta property=\"og:image\" content=\"http:\/\/lfmadrid.net.dev2.tribu-and-co.com\/wp-content\/uploads\/2026\/03\/Sac.png\" \/>\n\t<meta property=\"og:image:width\" content=\"1805\" \/>\n\t<meta property=\"og:image:height\" content=\"1852\" \/>\n\t<meta property=\"og:image:type\" content=\"image\/png\" \/>\n<meta name=\"twitter:card\" content=\"summary_large_image\" \/>\n<script type=\"application\/ld+json\" class=\"yoast-schema-graph\">{\"@context\":\"https:\\\/\\\/schema.org\",\"@graph\":[{\"@type\":\"WebPage\",\"@id\":\"https:\\\/\\\/lfmadrid.net.dev2.tribu-and-co.com\\\/es\\\/produit\\\/tote-bag-del-lfm\\\/\",\"url\":\"https:\\\/\\\/lfmadrid.net.dev2.tribu-and-co.com\\\/es\\\/produit\\\/tote-bag-del-lfm\\\/\",\"name\":\"Tote bag del LFM - Lyc\u00e9e Fran\u00e7ais de Madrid\",\"isPartOf\":{\"@id\":\"http:\\\/\\\/lfmadrid.net.dev2.tribu-and-co.com\\\/es\\\/#website\"},\"primaryImageOfPage\":{\"@id\":\"https:\\\/\\\/lfmadrid.net.dev2.tribu-and-co.com\\\/es\\\/produit\\\/tote-bag-del-lfm\\\/#primaryimage\"},\"image\":{\"@id\":\"https:\\\/\\\/lfmadrid.net.dev2.tribu-and-co.com\\\/es\\\/produit\\\/tote-bag-del-lfm\\\/#primaryimage\"},\"thumbnailUrl\":\"https:\\\/\\\/lfmadrid.net.dev2.tribu-and-co.com\\\/wp-content\\\/uploads\\\/2026\\\/03\\\/Sac.png\",\"datePublished\":\"2026-03-24T15:53:10+00:00\",\"breadcrumb\":{\"@id\":\"https:\\\/\\\/lfmadrid.net.dev2.tribu-and-co.com\\\/es\\\/produit\\\/tote-bag-del-lfm\\\/#breadcrumb\"},\"inLanguage\":\"es-ES\",\"potentialAction\":[{\"@type\":\"ReadAction\",\"target\":[\"https:\\\/\\\/lfmadrid.net.dev2.tribu-and-co.com\\\/es\\\/produit\\\/tote-bag-del-lfm\\\/\"]}]},{\"@type\":\"ImageObject\",\"inLanguage\":\"es-ES\",\"@id\":\"https:\\\/\\\/lfmadrid.net.dev2.tribu-and-co.com\\\/es\\\/produit\\\/tote-bag-del-lfm\\\/#primaryimage\",\"url\":\"https:\\\/\\\/lfmadrid.net.dev2.tribu-and-co.com\\\/wp-content\\\/uploads\\\/2026\\\/03\\\/Sac.png\",\"contentUrl\":\"https:\\\/\\\/lfmadrid.net.dev2.tribu-and-co.com\\\/wp-content\\\/uploads\\\/2026\\\/03\\\/Sac.png\",\"width\":1805,\"height\":1852},{\"@type\":\"BreadcrumbList\",\"@id\":\"https:\\\/\\\/lfmadrid.net.dev2.tribu-and-co.com\\\/es\\\/produit\\\/tote-bag-del-lfm\\\/#breadcrumb\",\"itemListElement\":[{\"@type\":\"ListItem\",\"position\":1,\"name\":\"Inicio\",\"item\":\"http:\\\/\\\/lfmadrid.net.dev2.tribu-and-co.com\\\/es\\\/\"},{\"@type\":\"ListItem\",\"position\":2,\"name\":\"Tienda de la Maison des Lyc\u00e9ens\",\"item\":\"http:\\\/\\\/lfmadrid.net.dev2.tribu-and-co.com\\\/es\\\/tienda\\\/\"},{\"@type\":\"ListItem\",\"position\":3,\"name\":\"Tote bag del LFM\"}]},{\"@type\":\"WebSite\",\"@id\":\"http:\\\/\\\/lfmadrid.net.dev2.tribu-and-co.com\\\/es\\\/#website\",\"url\":\"http:\\\/\\\/lfmadrid.net.dev2.tribu-and-co.com\\\/es\\\/\",\"name\":\"Lyc\u00e9e Fran\u00e7ais de Madrid\",\"description\":\"\",\"publisher\":{\"@id\":\"http:\\\/\\\/lfmadrid.net.dev2.tribu-and-co.com\\\/es\\\/#organization\"},\"potentialAction\":[{\"@type\":\"SearchAction\",\"target\":{\"@type\":\"EntryPoint\",\"urlTemplate\":\"http:\\\/\\\/lfmadrid.net.dev2.tribu-and-co.com\\\/es\\\/?s={search_term_string}\"},\"query-input\":{\"@type\":\"PropertyValueSpecification\",\"valueRequired\":true,\"valueName\":\"search_term_string\"}}],\"inLanguage\":\"es-ES\"},{\"@type\":\"Organization\",\"@id\":\"http:\\\/\\\/lfmadrid.net.dev2.tribu-and-co.com\\\/es\\\/#organization\",\"name\":\"Lyc\u00e9e Fran\u00e7ais de Madrid\",\"url\":\"http:\\\/\\\/lfmadrid.net.dev2.tribu-and-co.com\\\/es\\\/\",\"logo\":{\"@type\":\"ImageObject\",\"inLanguage\":\"es-ES\",\"@id\":\"http:\\\/\\\/lfmadrid.net.dev2.tribu-and-co.com\\\/es\\\/#\\\/schema\\\/logo\\\/image\\\/\",\"url\":\"http:\\\/\\\/lfmadrid.net.dev2.tribu-and-co.com\\\/wp-content\\\/uploads\\\/2026\\\/01\\\/lfm-logo.svg\",\"contentUrl\":\"http:\\\/\\\/lfmadrid.net.dev2.tribu-and-co.com\\\/wp-content\\\/uploads\\\/2026\\\/01\\\/lfm-logo.svg\",\"width\":154,\"height\":60,\"caption\":\"Lyc\u00e9e Fran\u00e7ais de Madrid\"},\"image\":{\"@id\":\"http:\\\/\\\/lfmadrid.net.dev2.tribu-and-co.com\\\/es\\\/#\\\/schema\\\/logo\\\/image\\\/\"}}]}<\/script>\n<!-- \/ Yoast SEO plugin. -->","yoast_head_json":{"title":"Tote bag del LFM - Lyc\u00e9e Fran\u00e7ais de Madrid","robots":{"index":"noindex","follow":"follow","max-snippet":"max-snippet:-1","max-image-preview":"max-image-preview:large","max-video-preview":"max-video-preview:-1"},"og_locale":"es_ES","og_type":"article","og_title":"Tote bag del LFM - Lyc\u00e9e Fran\u00e7ais de Madrid","og_description":"Bolsa de tela personalizada con el logo del LFM y su dise\u00f1o de rayas marineras.","og_url":"https:\/\/lfmadrid.net.dev2.tribu-and-co.com\/es\/produit\/tote-bag-del-lfm\/","og_site_name":"Lyc\u00e9e Fran\u00e7ais de Madrid","og_image":[{"width":1805,"height":1852,"url":"http:\/\/lfmadrid.net.dev2.tribu-and-co.com\/wp-content\/uploads\/2026\/03\/Sac.png","type":"image\/png"}],"twitter_card":"summary_large_image","schema":{"@context":"https:\/\/schema.org","@graph":[{"@type":"WebPage","@id":"https:\/\/lfmadrid.net.dev2.tribu-and-co.com\/es\/produit\/tote-bag-del-lfm\/","url":"https:\/\/lfmadrid.net.dev2.tribu-and-co.com\/es\/produit\/tote-bag-del-lfm\/","name":"Tote bag del LFM - Lyc\u00e9e Fran\u00e7ais de Madrid","isPartOf":{"@id":"http:\/\/lfmadrid.net.dev2.tribu-and-co.com\/es\/#website"},"primaryImageOfPage":{"@id":"https:\/\/lfmadrid.net.dev2.tribu-and-co.com\/es\/produit\/tote-bag-del-lfm\/#primaryimage"},"image":{"@id":"https:\/\/lfmadrid.net.dev2.tribu-and-co.com\/es\/produit\/tote-bag-del-lfm\/#primaryimage"},"thumbnailUrl":"https:\/\/lfmadrid.net.dev2.tribu-and-co.com\/wp-content\/uploads\/2026\/03\/Sac.png","datePublished":"2026-03-24T15:53:10+00:00","breadcrumb":{"@id":"https:\/\/lfmadrid.net.dev2.tribu-and-co.com\/es\/produit\/tote-bag-del-lfm\/#breadcrumb"},"inLanguage":"es-ES","potentialAction":[{"@type":"ReadAction","target":["https:\/\/lfmadrid.net.dev2.tribu-and-co.com\/es\/produit\/tote-bag-del-lfm\/"]}]},{"@type":"ImageObject","inLanguage":"es-ES","@id":"https:\/\/lfmadrid.net.dev2.tribu-and-co.com\/es\/produit\/tote-bag-del-lfm\/#primaryimage","url":"https:\/\/lfmadrid.net.dev2.tribu-and-co.com\/wp-content\/uploads\/2026\/03\/Sac.png","contentUrl":"https:\/\/lfmadrid.net.dev2.tribu-and-co.com\/wp-content\/uploads\/2026\/03\/Sac.png","width":1805,"height":1852},{"@type":"BreadcrumbList","@id":"https:\/\/lfmadrid.net.dev2.tribu-and-co.com\/es\/produit\/tote-bag-del-lfm\/#breadcrumb","itemListElement":[{"@type":"ListItem","position":1,"name":"Inicio","item":"http:\/\/lfmadrid.net.dev2.tribu-and-co.com\/es\/"},{"@type":"ListItem","position":2,"name":"Tienda de la Maison des Lyc\u00e9ens","item":"http:\/\/lfmadrid.net.dev2.tribu-and-co.com\/es\/tienda\/"},{"@type":"ListItem","position":3,"name":"Tote bag del LFM"}]},{"@type":"WebSite","@id":"http:\/\/lfmadrid.net.dev2.tribu-and-co.com\/es\/#website","url":"http:\/\/lfmadrid.net.dev2.tribu-and-co.com\/es\/","name":"Lyc\u00e9e Fran\u00e7ais de Madrid","description":"","publisher":{"@id":"http:\/\/lfmadrid.net.dev2.tribu-and-co.com\/es\/#organization"},"potentialAction":[{"@type":"SearchAction","target":{"@type":"EntryPoint","urlTemplate":"http:\/\/lfmadrid.net.dev2.tribu-and-co.com\/es\/?s={search_term_string}"},"query-input":{"@type":"PropertyValueSpecification","valueRequired":true,"valueName":"search_term_string"}}],"inLanguage":"es-ES"},{"@type":"Organization","@id":"http:\/\/lfmadrid.net.dev2.tribu-and-co.com\/es\/#organization","name":"Lyc\u00e9e Fran\u00e7ais de Madrid","url":"http:\/\/lfmadrid.net.dev2.tribu-and-co.com\/es\/","logo":{"@type":"ImageObject","inLanguage":"es-ES","@id":"http:\/\/lfmadrid.net.dev2.tribu-and-co.com\/es\/#\/schema\/logo\/image\/","url":"http:\/\/lfmadrid.net.dev2.tribu-and-co.com\/wp-content\/uploads\/2026\/01\/lfm-logo.svg","contentUrl":"http:\/\/lfmadrid.net.dev2.tribu-and-co.com\/wp-content\/uploads\/2026\/01\/lfm-logo.svg","width":154,"height":60,"caption":"Lyc\u00e9e Fran\u00e7ais de Madrid"},"image":{"@id":"http:\/\/lfmadrid.net.dev2.tribu-and-co.com\/es\/#\/schema\/logo\/image\/"}}]}},"_links":{"self":[{"href":"https:\/\/lfmadrid.net.dev2.tribu-and-co.com\/es\/wp-json\/wp\/v2\/product\/8314","targetHints":{"allow":["GET"]}}],"collection":[{"href":"https:\/\/lfmadrid.net.dev2.tribu-and-co.com\/es\/wp-json\/wp\/v2\/product"}],"about":[{"href":"https:\/\/lfmadrid.net.dev2.tribu-and-co.com\/es\/wp-json\/wp\/v2\/types\/product"}],"wp:featuredmedia":[{"embeddable":true,"href":"https:\/\/lfmadrid.net.dev2.tribu-and-co.com\/es\/wp-json\/wp\/v2\/media\/6075"}],"wp:attachment":[{"href":"https:\/\/lfmadrid.net.dev2.tribu-and-co.com\/es\/wp-json\/wp\/v2\/media?parent=8314"}],"wp:term":[{"taxonomy":"product_brand","embeddable":true,"href":"https:\/\/lfmadrid.net.dev2.tribu-and-co.com\/es\/wp-json\/wp\/v2\/product_brand?post=8314"},{"taxonomy":"product_cat","embeddable":true,"href":"https:\/\/lfmadrid.net.dev2.tribu-and-co.com\/es\/wp-json\/wp\/v2\/product_cat?post=8314"},{"taxonomy":"product_tag","embeddable":true,"href":"https:\/\/lfmadrid.net.dev2.tribu-and-co.com\/es\/wp-json\/wp\/v2\/product_tag?post=8314"}],"curies":[{"name":"wp","href":"https:\/\/api.w.org\/{rel}","templated":true}]}}