
{"id":8170,"date":"2025-10-29T09:43:15","date_gmt":"2025-10-29T08:43:15","guid":{"rendered":"http:\/\/lfmadrid.net.dev2.tribu-and-co.com\/mapa-de-la-web\/"},"modified":"2026-04-16T10:18:30","modified_gmt":"2026-04-16T08:18:30","slug":"mapa-de-la-web","status":"publish","type":"page","link":"https:\/\/lfmadrid.net.dev2.tribu-and-co.com\/es\/mapa-de-la-web\/","title":{"rendered":"Mapa de la web"},"content":{"rendered":"<div class=\"container container--sm alignfull wp-block-tribu-blocks-container\">\n\t\n\n<div class=\"wsp-container\"><h2 class=\"wsp-pages-title\">P\u00e1ginas<\/h2>\n<ul class=\"wsp-pages-list\">\n<li class=\"page_item page-item-6079\"><a href=\"https:\/\/lfmadrid.net.dev2.tribu-and-co.com\/es\/10-razones-para-inscribir-a-su-hijo-a-en-el-lfm\/\"><strong>10 razones para inscribir a su hijo\/a en el LFM<\/strong><\/a><\/li>\n<li class=\"page_item page-item-6061 page_item_has_children\"><a href=\"https:\/\/lfmadrid.net.dev2.tribu-and-co.com\/es\/bachillerato\/\">Bachillerato<\/a>\n<ul class='children'>\n\t<li class=\"page_item page-item-6331 page_item_has_children\"><a href=\"https:\/\/lfmadrid.net.dev2.tribu-and-co.com\/es\/bachillerato\/orientacion-en-el-bachillerato-lycee\/\">Orientaci\u00f3n en el Bachillerato (Lyc\u00e9e)<\/a>\n\t<ul class='children'>\n\t\t<li class=\"page_item page-item-7997\"><a href=\"https:\/\/lfmadrid.net.dev2.tribu-and-co.com\/es\/bachillerato\/orientacion-en-el-bachillerato-lycee\/estudios-en-espana\/\">Estudios en Espa\u00f1a<\/a><\/li>\n\t\t<li class=\"page_item page-item-8011\"><a href=\"https:\/\/lfmadrid.net.dev2.tribu-and-co.com\/es\/bachillerato\/orientacion-en-el-bachillerato-lycee\/parcoursup-francia\/\">PARCOURSUP (Francia)<\/a><\/li>\n\t\t<li class=\"page_item page-item-8017\"><a href=\"https:\/\/lfmadrid.net.dev2.tribu-and-co.com\/es\/bachillerato\/orientacion-en-el-bachillerato-lycee\/ucas-reino-unido\/\">UCAS (Reino Unido)<\/a><\/li>\n\t<\/ul>\n<\/li>\n<\/ul>\n<\/li>\n<li class=\"page_item page-item-5727\"><a href=\"https:\/\/lfmadrid.net.dev2.tribu-and-co.com\/es\/bienvenidos-al-lycee-francais-de-madrid\/\">Bienvenidos al Lyc\u00e9e Fran\u00e7ais de Madrid<\/a><\/li>\n<li class=\"page_item page-item-5553\"><a href=\"https:\/\/lfmadrid.net.dev2.tribu-and-co.com\/es\/boletin-informativo-confirmacion-de-cancelacion-de-suscripcion\/\">Bolet\u00edn informativo &#8211; Confirmaci\u00f3n de cancelaci\u00f3n de suscripci\u00f3n<\/a><\/li>\n<li class=\"page_item page-item-5555\"><a href=\"https:\/\/lfmadrid.net.dev2.tribu-and-co.com\/es\/boletin-informativo-darse-de-baja\/\">Bolet\u00edn informativo &#8211; Darse de baja<\/a><\/li>\n<li class=\"page_item page-item-5549\"><a href=\"https:\/\/lfmadrid.net.dev2.tribu-and-co.com\/es\/boletin-informativo-gestion-de-suscripciones\/\">Bolet\u00edn informativo &#8211; Gesti\u00f3n de suscripciones<\/a><\/li>\n<li class=\"page_item page-item-5551\"><a href=\"https:\/\/lfmadrid.net.dev2.tribu-and-co.com\/es\/boletin-informativo-reenganche\/\">Bolet\u00edn informativo &#8211; Reenganche<\/a><\/li>\n<li class=\"page_item page-item-68\"><a href=\"https:\/\/lfmadrid.net.dev2.tribu-and-co.com\/es\/carrito\/\">Cesta<\/a><\/li>\n<li class=\"page_item page-item-7974\"><a href=\"https:\/\/lfmadrid.net.dev2.tribu-and-co.com\/es\/condiciones-generales-de-ventatienda-de-la-maison-des-lyceens-mdl\/\">Condiciones generales de venta<br>Tienda de la Maison des Lyc\u00e9ens (MDL)<\/a><\/li>\n<li class=\"page_item page-item-7460\"><a href=\"https:\/\/lfmadrid.net.dev2.tribu-and-co.com\/es\/configuracion-de-cookies\/\">Configuraci\u00f3n de cookies<\/a><\/li>\n<li class=\"page_item page-item-69\"><a href=\"https:\/\/lfmadrid.net.dev2.tribu-and-co.com\/es\/finalizar-compra\/\">Confirmaci\u00f3n del pedido<\/a><\/li>\n<li class=\"page_item page-item-7428\"><a href=\"https:\/\/lfmadrid.net.dev2.tribu-and-co.com\/es\/contactanos\/\">Cont\u00e1ctanos<\/a><\/li>\n<li class=\"page_item page-item-7559\"><a href=\"https:\/\/lfmadrid.net.dev2.tribu-and-co.com\/es\/escuela-inclusiva\/\">Escuela inclusiva<\/a><\/li>\n<li class=\"page_item page-item-5979\"><a href=\"https:\/\/lfmadrid.net.dev2.tribu-and-co.com\/es\/gobernanza\/\">Gobernanza<\/a><\/li>\n<li class=\"page_item page-item-5557\"><a href=\"https:\/\/lfmadrid.net.dev2.tribu-and-co.com\/es\/hoja-informativa\/\">Hoja informativa<\/a><\/li>\n<li class=\"page_item page-item-6098 page_item_has_children\"><a href=\"https:\/\/lfmadrid.net.dev2.tribu-and-co.com\/es\/infantil\/\">Infantil<\/a>\n<ul class='children'>\n\t<li class=\"page_item page-item-5985\"><a href=\"https:\/\/lfmadrid.net.dev2.tribu-and-co.com\/es\/infantil\/la-escuela-infantil-en-conde-de-orgaz\/\">La escuela infantil <br>en Conde de Orgaz<\/a><\/li>\n\t<li class=\"page_item page-item-5991\"><a href=\"https:\/\/lfmadrid.net.dev2.tribu-and-co.com\/es\/infantil\/la-escuela-infantilen-la-moraleja\/\">La escuela infantil<br>en La Moraleja<\/a><\/li>\n<\/ul>\n<\/li>\n<li class=\"page_item page-item-5962\"><a href=\"https:\/\/lfmadrid.net.dev2.tribu-and-co.com\/es\/\">Inicio<\/a><\/li>\n<li class=\"page_item page-item-5982\"><a href=\"https:\/\/lfmadrid.net.dev2.tribu-and-co.com\/es\/la-historia-del-lfm\/\">La historia del LFM<\/a><\/li>\n<li class=\"page_item page-item-7565\"><a href=\"https:\/\/lfmadrid.net.dev2.tribu-and-co.com\/es\/licitaciones\/\">Licitaciones<\/a><\/li>\n<li class=\"page_item page-item-8170\"><a href=\"https:\/\/lfmadrid.net.dev2.tribu-and-co.com\/es\/mapa-de-la-web\/\">Mapa de la web<\/a><\/li>\n<li class=\"page_item page-item-7541\"><a href=\"https:\/\/lfmadrid.net.dev2.tribu-and-co.com\/es\/menciones-legales\/\">Menciones legales<\/a><\/li>\n<li class=\"page_item page-item-70\"><a href=\"https:\/\/lfmadrid.net.dev2.tribu-and-co.com\/es\/mi-cuenta\/\">Mi cuenta<\/a><\/li>\n<li class=\"page_item page-item-5903\"><a href=\"https:\/\/lfmadrid.net.dev2.tribu-and-co.com\/es\/nuestro-proyecto-educativo\/\">Nuestro proyecto educativo<\/a><\/li>\n<li class=\"page_item page-item-8044\"><a href=\"https:\/\/lfmadrid.net.dev2.tribu-and-co.com\/es\/nuestros-colaboradores-y-sellos-de-calidad\/\">Nuestros colaboradores y sellos de calidad<\/a><\/li>\n<li class=\"page_item page-item-5968\"><a href=\"https:\/\/lfmadrid.net.dev2.tribu-and-co.com\/es\/nuestros-resultados-en-los-examenes\/\">Nuestros resultados en los ex\u00e1menes <br><\/a><\/li>\n<li class=\"page_item page-item-7545 page_item_has_children\"><a href=\"https:\/\/lfmadrid.net.dev2.tribu-and-co.com\/es\/ofertas-de-empleo\/\">Ofertas de empleo<\/a>\n<ul class='children'>\n\t<li class=\"page_item page-item-7548\"><a href=\"https:\/\/lfmadrid.net.dev2.tribu-and-co.com\/es\/ofertas-de-empleo\/ofertas-de-empleo\/\">Ofertas de empleo<\/a><\/li>\n<\/ul>\n<\/li>\n<li class=\"page_item page-item-7635\"><a href=\"https:\/\/lfmadrid.net.dev2.tribu-and-co.com\/es\/politica-de-privacidad\/\">Pol\u00edtica de privacidad y cookies<\/a><\/li>\n<li class=\"page_item page-item-8006\"><a href=\"https:\/\/lfmadrid.net.dev2.tribu-and-co.com\/es\/preguntas-frecuentes\/\">Preguntas frecuentes<\/a><\/li>\n<li class=\"page_item page-item-5999 page_item_has_children\"><a href=\"https:\/\/lfmadrid.net.dev2.tribu-and-co.com\/es\/primaria\/\">Primaria<\/a>\n<ul class='children'>\n\t<li class=\"page_item page-item-8048\"><a href=\"https:\/\/lfmadrid.net.dev2.tribu-and-co.com\/es\/primaria\/actualidad\/\">Actualidad<\/a><\/li>\n\t<li class=\"page_item page-item-7310\"><a href=\"https:\/\/lfmadrid.net.dev2.tribu-and-co.com\/es\/primaria\/la-escuela-primaria-en-conde-de-orgaz\/\">La escuela primaria en Conde de Orgaz<\/a><\/li>\n\t<li class=\"page_item page-item-8047\"><a href=\"https:\/\/lfmadrid.net.dev2.tribu-and-co.com\/es\/primaria\/pedagogia\/\">Pedagogia<\/a><\/li>\n\t<li class=\"page_item page-item-7447\"><a href=\"https:\/\/lfmadrid.net.dev2.tribu-and-co.com\/es\/primaria\/presentacion-la-moraleja\/\">Presentaci\u00f3n &#8211; La Moraleja<\/a><\/li>\n\t<li class=\"page_item page-item-8068\"><a href=\"https:\/\/lfmadrid.net.dev2.tribu-and-co.com\/es\/primaria\/primaria-la-moraleja\/\">Primaria La Moraleja<\/a><\/li>\n<\/ul>\n<\/li>\n<li class=\"page_item page-item-6350\"><a href=\"https:\/\/lfmadrid.net.dev2.tribu-and-co.com\/es\/proceso-de-admision\/\">Proceso de admisi\u00f3n<\/a><\/li>\n<li class=\"page_item page-item-7569\"><a href=\"https:\/\/lfmadrid.net.dev2.tribu-and-co.com\/es\/pronote-primaria\/\">Pronote Primaria<\/a><\/li>\n<li class=\"page_item page-item-8073\"><a href=\"https:\/\/lfmadrid.net.dev2.tribu-and-co.com\/es\/puertas-abiertas-y-visitas-personalizadas\/\">Puertas abiertas <br>y visitas personalizadas<\/a><\/li>\n<li class=\"page_item page-item-6004 page_item_has_children\"><a href=\"https:\/\/lfmadrid.net.dev2.tribu-and-co.com\/es\/secundaria-eso\/\">Secundaria (ESO)<\/a>\n<ul class='children'>\n\t<li class=\"page_item page-item-7361\"><a href=\"https:\/\/lfmadrid.net.dev2.tribu-and-co.com\/es\/secundaria-eso\/orientacion-en-eso-college\/\">Orientaci\u00f3n en ESO (Coll\u00e8ge)<\/a><\/li>\n<\/ul>\n<\/li>\n<li class=\"page_item page-item-7501\"><a href=\"https:\/\/lfmadrid.net.dev2.tribu-and-co.com\/es\/tarifas-y-servicios\/\">Tarifas y servicios<\/a><\/li>\n<li class=\"page_item page-item-67\"><a href=\"https:\/\/lfmadrid.net.dev2.tribu-and-co.com\/es\/tienda\/\">Tienda de la Maison des Lyc\u00e9ens<\/a><\/li>\n<li class=\"page_item page-item-7677 current_page_parent\"><a href=\"https:\/\/lfmadrid.net.dev2.tribu-and-co.com\/es\/todas-las-noticias\/\">Todas las noticias<\/a><\/li>\n<li class=\"page_item page-item-8049 page_item_has_children\"><a href=\"https:\/\/lfmadrid.net.dev2.tribu-and-co.com\/es\/vida-en-el-lfm\/\">Vida en el LFM<\/a>\n<ul class='children'>\n\t<li class=\"page_item page-item-8121\"><a href=\"https:\/\/lfmadrid.net.dev2.tribu-and-co.com\/es\/vida-en-el-lfm\/actividades-extraescolaresen-conde-de-orgaz\/\">Actividades extraescolares<br>en Conde de Orgaz<\/a><\/li>\n\t<li class=\"page_item page-item-8111\"><a href=\"https:\/\/lfmadrid.net.dev2.tribu-and-co.com\/es\/vida-en-el-lfm\/actividades-extraescolaresen-la-moraleja\/\">Actividades extraescolares<br>en La Moraleja<\/a><\/li>\n\t<li class=\"page_item page-item-8061\"><a href=\"https:\/\/lfmadrid.net.dev2.tribu-and-co.com\/es\/vida-en-el-lfm\/calendario-escolar\/\">Calendario escolar<\/a><\/li>\n\t<li class=\"page_item page-item-7619\"><a href=\"https:\/\/lfmadrid.net.dev2.tribu-and-co.com\/es\/vida-en-el-lfm\/comedor\/\">Comedor<\/a><\/li>\n\t<li class=\"page_item page-item-7992\"><a href=\"https:\/\/lfmadrid.net.dev2.tribu-and-co.com\/es\/vida-en-el-lfm\/horarios-y-acceso-la-moraleja\/\">Horarios y acceso &#8211; La Moraleja<\/a><\/li>\n\t<li class=\"page_item page-item-7982\"><a href=\"https:\/\/lfmadrid.net.dev2.tribu-and-co.com\/es\/vida-en-el-lfm\/horarios-y-acceso-en-conde-de-orgaz\/\">Horarios y acceso en Conde de Orgaz<\/a><\/li>\n\t<li class=\"page_item page-item-8085\"><a href=\"https:\/\/lfmadrid.net.dev2.tribu-and-co.com\/es\/vida-en-el-lfm\/nuestras-mediatecas\/\">Nuestras mediatecas<\/a><\/li>\n\t<li class=\"page_item page-item-8096\"><a href=\"https:\/\/lfmadrid.net.dev2.tribu-and-co.com\/es\/vida-en-el-lfm\/nuestras-mediatecas-2\/\">Nuestras mediatecas<\/a><\/li>\n\t<li class=\"page_item page-item-7596\"><a href=\"https:\/\/lfmadrid.net.dev2.tribu-and-co.com\/es\/vida-en-el-lfm\/salud-escolaren-conde-de-orgaz\/\">Salud escolar<br>en Conde de Orgaz<\/a><\/li>\n\t<li class=\"page_item page-item-7599\"><a href=\"https:\/\/lfmadrid.net.dev2.tribu-and-co.com\/es\/vida-en-el-lfm\/salud-escolaren-la-moraleja\/\">Salud escolar<br>en La Moraleja<\/a><\/li>\n\t<li class=\"page_item page-item-6526\"><a href=\"https:\/\/lfmadrid.net.dev2.tribu-and-co.com\/es\/vida-en-el-lfm\/vida-escolar\/\">Vida escolar<\/a><\/li>\n<\/ul>\n<\/li>\n<\/ul>\n<\/div>\n\n<\/div>\n","protected":false},"excerpt":{"rendered":"","protected":false},"author":1,"featured_media":0,"parent":0,"menu_order":0,"comment_status":"closed","ping_status":"closed","template":"","meta":{"_acf_changed":false,"footnotes":""},"school_type":[],"class_list":["post-8170","page","type-page","status-publish","hentry"],"acf":[],"yoast_head":"<!-- This site is optimized with the Yoast SEO plugin v27.4 - https:\/\/yoast.com\/product\/yoast-seo-wordpress\/ -->\n<title>Mapa de la web - Lyc\u00e9e Fran\u00e7ais de Madrid<\/title>\n<meta name=\"robots\" content=\"noindex, follow, max-snippet:-1, max-image-preview:large, max-video-preview:-1\" \/>\n<meta property=\"og:locale\" content=\"es_ES\" \/>\n<meta property=\"og:type\" content=\"article\" \/>\n<meta property=\"og:title\" content=\"Mapa de la web - Lyc\u00e9e Fran\u00e7ais de Madrid\" \/>\n<meta property=\"og:url\" content=\"https:\/\/lfmadrid.net.dev2.tribu-and-co.com\/es\/mapa-de-la-web\/\" \/>\n<meta property=\"og:site_name\" content=\"Lyc\u00e9e Fran\u00e7ais de Madrid\" \/>\n<meta property=\"article:modified_time\" content=\"2026-04-16T08:18:30+00:00\" \/>\n<meta name=\"twitter:card\" content=\"summary_large_image\" \/>\n<script type=\"application\/ld+json\" class=\"yoast-schema-graph\">{\"@context\":\"https:\\\/\\\/schema.org\",\"@graph\":[{\"@type\":\"WebPage\",\"@id\":\"https:\\\/\\\/lfmadrid.net.dev2.tribu-and-co.com\\\/es\\\/mapa-de-la-web\\\/\",\"url\":\"https:\\\/\\\/lfmadrid.net.dev2.tribu-and-co.com\\\/es\\\/mapa-de-la-web\\\/\",\"name\":\"Mapa de la web - Lyc\u00e9e Fran\u00e7ais de Madrid\",\"isPartOf\":{\"@id\":\"http:\\\/\\\/lfmadrid.net.dev2.tribu-and-co.com\\\/es\\\/#website\"},\"datePublished\":\"2025-10-29T08:43:15+00:00\",\"dateModified\":\"2026-04-16T08:18:30+00:00\",\"breadcrumb\":{\"@id\":\"https:\\\/\\\/lfmadrid.net.dev2.tribu-and-co.com\\\/es\\\/mapa-de-la-web\\\/#breadcrumb\"},\"inLanguage\":\"es-ES\",\"potentialAction\":[{\"@type\":\"ReadAction\",\"target\":[\"https:\\\/\\\/lfmadrid.net.dev2.tribu-and-co.com\\\/es\\\/mapa-de-la-web\\\/\"]}]},{\"@type\":\"BreadcrumbList\",\"@id\":\"https:\\\/\\\/lfmadrid.net.dev2.tribu-and-co.com\\\/es\\\/mapa-de-la-web\\\/#breadcrumb\",\"itemListElement\":[{\"@type\":\"ListItem\",\"position\":1,\"name\":\"Inicio\",\"item\":\"http:\\\/\\\/lfmadrid.net.dev2.tribu-and-co.com\\\/es\\\/\"},{\"@type\":\"ListItem\",\"position\":2,\"name\":\"Mapa de la web\"}]},{\"@type\":\"WebSite\",\"@id\":\"http:\\\/\\\/lfmadrid.net.dev2.tribu-and-co.com\\\/es\\\/#website\",\"url\":\"http:\\\/\\\/lfmadrid.net.dev2.tribu-and-co.com\\\/es\\\/\",\"name\":\"Lyc\u00e9e Fran\u00e7ais de Madrid\",\"description\":\"\",\"publisher\":{\"@id\":\"http:\\\/\\\/lfmadrid.net.dev2.tribu-and-co.com\\\/es\\\/#organization\"},\"potentialAction\":[{\"@type\":\"SearchAction\",\"target\":{\"@type\":\"EntryPoint\",\"urlTemplate\":\"http:\\\/\\\/lfmadrid.net.dev2.tribu-and-co.com\\\/es\\\/?s={search_term_string}\"},\"query-input\":{\"@type\":\"PropertyValueSpecification\",\"valueRequired\":true,\"valueName\":\"search_term_string\"}}],\"inLanguage\":\"es-ES\"},{\"@type\":\"Organization\",\"@id\":\"http:\\\/\\\/lfmadrid.net.dev2.tribu-and-co.com\\\/es\\\/#organization\",\"name\":\"Lyc\u00e9e Fran\u00e7ais de Madrid\",\"url\":\"http:\\\/\\\/lfmadrid.net.dev2.tribu-and-co.com\\\/es\\\/\",\"logo\":{\"@type\":\"ImageObject\",\"inLanguage\":\"es-ES\",\"@id\":\"http:\\\/\\\/lfmadrid.net.dev2.tribu-and-co.com\\\/es\\\/#\\\/schema\\\/logo\\\/image\\\/\",\"url\":\"http:\\\/\\\/lfmadrid.net.dev2.tribu-and-co.com\\\/wp-content\\\/uploads\\\/2026\\\/01\\\/lfm-logo.svg\",\"contentUrl\":\"http:\\\/\\\/lfmadrid.net.dev2.tribu-and-co.com\\\/wp-content\\\/uploads\\\/2026\\\/01\\\/lfm-logo.svg\",\"width\":154,\"height\":60,\"caption\":\"Lyc\u00e9e Fran\u00e7ais de Madrid\"},\"image\":{\"@id\":\"http:\\\/\\\/lfmadrid.net.dev2.tribu-and-co.com\\\/es\\\/#\\\/schema\\\/logo\\\/image\\\/\"}}]}<\/script>\n<!-- \/ Yoast SEO plugin. -->","yoast_head_json":{"title":"Mapa de la web - Lyc\u00e9e Fran\u00e7ais de Madrid","robots":{"index":"noindex","follow":"follow","max-snippet":"max-snippet:-1","max-image-preview":"max-image-preview:large","max-video-preview":"max-video-preview:-1"},"og_locale":"es_ES","og_type":"article","og_title":"Mapa de la web - Lyc\u00e9e Fran\u00e7ais de Madrid","og_url":"https:\/\/lfmadrid.net.dev2.tribu-and-co.com\/es\/mapa-de-la-web\/","og_site_name":"Lyc\u00e9e Fran\u00e7ais de Madrid","article_modified_time":"2026-04-16T08:18:30+00:00","twitter_card":"summary_large_image","schema":{"@context":"https:\/\/schema.org","@graph":[{"@type":"WebPage","@id":"https:\/\/lfmadrid.net.dev2.tribu-and-co.com\/es\/mapa-de-la-web\/","url":"https:\/\/lfmadrid.net.dev2.tribu-and-co.com\/es\/mapa-de-la-web\/","name":"Mapa de la web - Lyc\u00e9e Fran\u00e7ais de Madrid","isPartOf":{"@id":"http:\/\/lfmadrid.net.dev2.tribu-and-co.com\/es\/#website"},"datePublished":"2025-10-29T08:43:15+00:00","dateModified":"2026-04-16T08:18:30+00:00","breadcrumb":{"@id":"https:\/\/lfmadrid.net.dev2.tribu-and-co.com\/es\/mapa-de-la-web\/#breadcrumb"},"inLanguage":"es-ES","potentialAction":[{"@type":"ReadAction","target":["https:\/\/lfmadrid.net.dev2.tribu-and-co.com\/es\/mapa-de-la-web\/"]}]},{"@type":"BreadcrumbList","@id":"https:\/\/lfmadrid.net.dev2.tribu-and-co.com\/es\/mapa-de-la-web\/#breadcrumb","itemListElement":[{"@type":"ListItem","position":1,"name":"Inicio","item":"http:\/\/lfmadrid.net.dev2.tribu-and-co.com\/es\/"},{"@type":"ListItem","position":2,"name":"Mapa de la web"}]},{"@type":"WebSite","@id":"http:\/\/lfmadrid.net.dev2.tribu-and-co.com\/es\/#website","url":"http:\/\/lfmadrid.net.dev2.tribu-and-co.com\/es\/","name":"Lyc\u00e9e Fran\u00e7ais de Madrid","description":"","publisher":{"@id":"http:\/\/lfmadrid.net.dev2.tribu-and-co.com\/es\/#organization"},"potentialAction":[{"@type":"SearchAction","target":{"@type":"EntryPoint","urlTemplate":"http:\/\/lfmadrid.net.dev2.tribu-and-co.com\/es\/?s={search_term_string}"},"query-input":{"@type":"PropertyValueSpecification","valueRequired":true,"valueName":"search_term_string"}}],"inLanguage":"es-ES"},{"@type":"Organization","@id":"http:\/\/lfmadrid.net.dev2.tribu-and-co.com\/es\/#organization","name":"Lyc\u00e9e Fran\u00e7ais de Madrid","url":"http:\/\/lfmadrid.net.dev2.tribu-and-co.com\/es\/","logo":{"@type":"ImageObject","inLanguage":"es-ES","@id":"http:\/\/lfmadrid.net.dev2.tribu-and-co.com\/es\/#\/schema\/logo\/image\/","url":"http:\/\/lfmadrid.net.dev2.tribu-and-co.com\/wp-content\/uploads\/2026\/01\/lfm-logo.svg","contentUrl":"http:\/\/lfmadrid.net.dev2.tribu-and-co.com\/wp-content\/uploads\/2026\/01\/lfm-logo.svg","width":154,"height":60,"caption":"Lyc\u00e9e Fran\u00e7ais de Madrid"},"image":{"@id":"http:\/\/lfmadrid.net.dev2.tribu-and-co.com\/es\/#\/schema\/logo\/image\/"}}]}},"_links":{"self":[{"href":"https:\/\/lfmadrid.net.dev2.tribu-and-co.com\/es\/wp-json\/wp\/v2\/pages\/8170","targetHints":{"allow":["GET"]}}],"collection":[{"href":"https:\/\/lfmadrid.net.dev2.tribu-and-co.com\/es\/wp-json\/wp\/v2\/pages"}],"about":[{"href":"https:\/\/lfmadrid.net.dev2.tribu-and-co.com\/es\/wp-json\/wp\/v2\/types\/page"}],"author":[{"embeddable":true,"href":"https:\/\/lfmadrid.net.dev2.tribu-and-co.com\/es\/wp-json\/wp\/v2\/users\/1"}],"replies":[{"embeddable":true,"href":"https:\/\/lfmadrid.net.dev2.tribu-and-co.com\/es\/wp-json\/wp\/v2\/comments?post=8170"}],"version-history":[{"count":1,"href":"https:\/\/lfmadrid.net.dev2.tribu-and-co.com\/es\/wp-json\/wp\/v2\/pages\/8170\/revisions"}],"predecessor-version":[{"id":8171,"href":"https:\/\/lfmadrid.net.dev2.tribu-and-co.com\/es\/wp-json\/wp\/v2\/pages\/8170\/revisions\/8171"}],"wp:attachment":[{"href":"https:\/\/lfmadrid.net.dev2.tribu-and-co.com\/es\/wp-json\/wp\/v2\/media?parent=8170"}],"wp:term":[{"taxonomy":"school_type","embeddable":true,"href":"https:\/\/lfmadrid.net.dev2.tribu-and-co.com\/es\/wp-json\/wp\/v2\/school_type?post=8170"}],"curies":[{"name":"wp","href":"https:\/\/api.w.org\/{rel}","templated":true}]}}