
{"id":7565,"date":"2026-02-09T10:30:23","date_gmt":"2026-02-09T09:30:23","guid":{"rendered":"http:\/\/lfmadrid.net.dev2.tribu-and-co.com\/licitaciones\/"},"modified":"2026-03-30T14:42:40","modified_gmt":"2026-03-30T12:42:40","slug":"licitaciones","status":"publish","type":"page","link":"https:\/\/lfmadrid.net.dev2.tribu-and-co.com\/es\/licitaciones\/","title":{"rendered":"Licitaciones"},"content":{"rendered":"<div class=\"container\">\n\t<div class=\"page-head wp-block-tribu-blocks-page-head\">\n\n\t\t<div class=\"page-head__content\">\n\t\t\t\t\t\t\t<h1 class=\"page-head__title has-fs-h-2-font-size fw-700\">Licitaciones<\/h1>\n\t\t\t\n\t\t\t\t\t<\/div>\n\n\t\t\t<\/div>\n<\/div>\n<div class=\"container container--sm alignfull wp-block-tribu-blocks-container\">\n\t\n\n<h4 class=\"wp-block-heading has-fs-h-2-font-size\">Licitaci\u00f3n p\u00fablica: dise\u00f1o, suministro e instalaci\u00f3n de los equipamientos para la modernizaci\u00f3n t\u00e9cnica y la adecuaci\u00f3n normativa del teatro del Liceo franc\u00e9s de Madrid<\/h4>\n\n\n\n<p><span style=\"text-decoration: underline;\"><strong>Objeto<\/strong><\/span>: Licitaci\u00f3n para el dise\u00f1o, suministro e instalaci\u00f3n de los equipamientos para la modernizaci\u00f3n t\u00e9cnica y la adecuaci\u00f3n normativa del teatro del Liceo franc\u00e9s de Madrid.<\/p>\n\n\n\n<p><strong><span style=\"text-decoration: underline;\">Tipo de procedimiento<\/span><\/strong>: formalizado abierto.<\/p>\n\n\n\n<p><strong><span style=\"text-decoration: underline;\">Tipo de contrato<\/span><\/strong>: contrato de suministro con precio cerrado.<\/p>\n\n\n\n<p><span style=\"text-decoration: underline;\"><strong>Fecha l\u00edmite de recepci\u00f3n de ofertas<\/strong><\/span>: 14 de abril de 2026 a las 11:00 (CET).<\/p>\n\n\n\n<p><strong><span style=\"text-decoration: underline;\">Visita obligatoria<\/span><\/strong>: el 11 de marzo de 2026 a las 10h00 (confirmaci\u00f3n requerida por email)<\/p>\n\n\n\n<p><span style=\"text-decoration: underline;\"><strong>Modalidades de env\u00edo de ofertas<\/strong><\/span>: v\u00e9anse las bases de licitaci\u00f3n (Reglamento de Consulta).<\/p>\n\n\n\n<p>Los detalles t\u00e9cnicos y administrativos de la presente licitaci\u00f3n figuran en el expediente \u00abDCE\u00bb disponible a continuaci\u00f3n:<\/p>\n\n\n<div class=\"container container--default wp-block-tribu-blocks-container\">\n\t\n\n<p><a href=\"http:\/\/lfmadrid.net.dev2.tribu-and-co.com\/wp-content\/uploads\/2026\/03\/F2603LFM-Suministro-Theatre-DCE-1.zip\" target=\"_blank\" rel=\"noreferrer noopener\">\ud83d\udcc1 DCE<\/a><\/p>\n\n<\/div>\n\n<\/div>\n<div class=\"container container--sm alignfull wp-block-tribu-blocks-container\">\n\t\n\n<h4 class=\"wp-block-heading has-fs-h-2-font-size\">Licitaci\u00f3n p\u00fablica : gesti\u00f3n de servicio de reprograf\u00eda<\/h4>\n\n\n\n<p><strong><span style=\"text-decoration: underline;\">OBJETO<\/span><\/strong>: LICITACI\u00d3N DE SERVICIOS DE ALQUILER Y MANTENIMIENTO DE EQUIPOS DE REPROGRAF\u00cdA PARA LOS LICEOS FRANCESES DE MADRID (LOTE 1), VALENCIA (LOTE 2) Y BARCELONA (LOTE 3)<\/p>\n\n\n\n<p><strong><span style=\"text-decoration: underline;\">Tipo de procedimiento<\/span><\/strong>: formalizado abierto.<\/p>\n\n\n\n<p><strong><span style=\"text-decoration: underline;\">Tipo de contrato<\/span><\/strong>: contrato mixto de servicios y suministro.<\/p>\n\n\n\n<p><span style=\"text-decoration: underline;\"><strong>Fecha l\u00edmite de recepci\u00f3n de ofertas<\/strong><\/span>: 4.03.2026 a las 11:00 (CET).<\/p>\n\n\n\n<p><span style=\"text-decoration: underline;\"><strong>Modalidades de env\u00edo de ofertas<\/strong><\/span>: v\u00e9anse las bases de licitaci\u00f3n (Reglamento de Consulta).<\/p>\n\n\n\n<p>Los detalles t\u00e9cnicos y administrativos de la presente licitaci\u00f3n figuran en el expediente \u00abDCE\u00bb disponible a continuaci\u00f3n:<\/p>\n\n\n<div class=\"container container--default wp-block-tribu-blocks-container\">\n\t\n\n<p><a href=\"http:\/\/lfmadrid.net.dev2.tribu-and-co.com\/wp-content\/uploads\/2026\/03\/DCE-S2602LFMVB-df.zip\" target=\"_blank\" rel=\"noreferrer noopener\">\ud83d\udcc1 DCE<\/a> <em>(actualizado el 6\/02\/2026)<\/em><br\/><a href=\"http:\/\/lfmadrid.net.dev2.tribu-and-co.com\/wp-content\/uploads\/2026\/03\/Anexos-S2602LFMVB-df.zip\" target=\"_blank\" rel=\"noreferrer noopener\">\ud83d\udcc1 Annexes<\/a><\/p>\n\n<\/div>\n\n<\/div>\n","protected":false},"excerpt":{"rendered":"","protected":false},"author":1,"featured_media":0,"parent":0,"menu_order":0,"comment_status":"closed","ping_status":"closed","template":"","meta":{"_acf_changed":false,"footnotes":""},"school_type":[],"class_list":["post-7565","page","type-page","status-publish","hentry"],"acf":[],"yoast_head":"<!-- This site is optimized with the Yoast SEO plugin v27.4 - https:\/\/yoast.com\/product\/yoast-seo-wordpress\/ -->\n<title>Licitaciones - Lyc\u00e9e Fran\u00e7ais de Madrid<\/title>\n<meta name=\"robots\" content=\"noindex, follow, max-snippet:-1, max-image-preview:large, max-video-preview:-1\" \/>\n<meta property=\"og:locale\" content=\"es_ES\" \/>\n<meta property=\"og:type\" content=\"article\" \/>\n<meta property=\"og:title\" content=\"Licitaciones - Lyc\u00e9e Fran\u00e7ais de Madrid\" \/>\n<meta property=\"og:url\" content=\"https:\/\/lfmadrid.net.dev2.tribu-and-co.com\/es\/licitaciones\/\" \/>\n<meta property=\"og:site_name\" content=\"Lyc\u00e9e Fran\u00e7ais de Madrid\" \/>\n<meta property=\"article:modified_time\" content=\"2026-03-30T12:42:40+00:00\" \/>\n<meta name=\"twitter:card\" content=\"summary_large_image\" \/>\n<meta name=\"twitter:label1\" content=\"Tiempo de lectura\" \/>\n\t<meta name=\"twitter:data1\" content=\"1 minute\" \/>\n<script type=\"application\/ld+json\" class=\"yoast-schema-graph\">{\"@context\":\"https:\\\/\\\/schema.org\",\"@graph\":[{\"@type\":\"WebPage\",\"@id\":\"https:\\\/\\\/lfmadrid.net.dev2.tribu-and-co.com\\\/es\\\/licitaciones\\\/\",\"url\":\"https:\\\/\\\/lfmadrid.net.dev2.tribu-and-co.com\\\/es\\\/licitaciones\\\/\",\"name\":\"Licitaciones - Lyc\u00e9e Fran\u00e7ais de Madrid\",\"isPartOf\":{\"@id\":\"http:\\\/\\\/lfmadrid.net.dev2.tribu-and-co.com\\\/es\\\/#website\"},\"datePublished\":\"2026-02-09T09:30:23+00:00\",\"dateModified\":\"2026-03-30T12:42:40+00:00\",\"breadcrumb\":{\"@id\":\"https:\\\/\\\/lfmadrid.net.dev2.tribu-and-co.com\\\/es\\\/licitaciones\\\/#breadcrumb\"},\"inLanguage\":\"es-ES\",\"potentialAction\":[{\"@type\":\"ReadAction\",\"target\":[\"https:\\\/\\\/lfmadrid.net.dev2.tribu-and-co.com\\\/es\\\/licitaciones\\\/\"]}]},{\"@type\":\"BreadcrumbList\",\"@id\":\"https:\\\/\\\/lfmadrid.net.dev2.tribu-and-co.com\\\/es\\\/licitaciones\\\/#breadcrumb\",\"itemListElement\":[{\"@type\":\"ListItem\",\"position\":1,\"name\":\"Inicio\",\"item\":\"http:\\\/\\\/lfmadrid.net.dev2.tribu-and-co.com\\\/es\\\/\"},{\"@type\":\"ListItem\",\"position\":2,\"name\":\"Licitaciones\"}]},{\"@type\":\"WebSite\",\"@id\":\"http:\\\/\\\/lfmadrid.net.dev2.tribu-and-co.com\\\/es\\\/#website\",\"url\":\"http:\\\/\\\/lfmadrid.net.dev2.tribu-and-co.com\\\/es\\\/\",\"name\":\"Lyc\u00e9e Fran\u00e7ais de Madrid\",\"description\":\"\",\"publisher\":{\"@id\":\"http:\\\/\\\/lfmadrid.net.dev2.tribu-and-co.com\\\/es\\\/#organization\"},\"potentialAction\":[{\"@type\":\"SearchAction\",\"target\":{\"@type\":\"EntryPoint\",\"urlTemplate\":\"http:\\\/\\\/lfmadrid.net.dev2.tribu-and-co.com\\\/es\\\/?s={search_term_string}\"},\"query-input\":{\"@type\":\"PropertyValueSpecification\",\"valueRequired\":true,\"valueName\":\"search_term_string\"}}],\"inLanguage\":\"es-ES\"},{\"@type\":\"Organization\",\"@id\":\"http:\\\/\\\/lfmadrid.net.dev2.tribu-and-co.com\\\/es\\\/#organization\",\"name\":\"Lyc\u00e9e Fran\u00e7ais de Madrid\",\"url\":\"http:\\\/\\\/lfmadrid.net.dev2.tribu-and-co.com\\\/es\\\/\",\"logo\":{\"@type\":\"ImageObject\",\"inLanguage\":\"es-ES\",\"@id\":\"http:\\\/\\\/lfmadrid.net.dev2.tribu-and-co.com\\\/es\\\/#\\\/schema\\\/logo\\\/image\\\/\",\"url\":\"http:\\\/\\\/lfmadrid.net.dev2.tribu-and-co.com\\\/wp-content\\\/uploads\\\/2026\\\/01\\\/lfm-logo.svg\",\"contentUrl\":\"http:\\\/\\\/lfmadrid.net.dev2.tribu-and-co.com\\\/wp-content\\\/uploads\\\/2026\\\/01\\\/lfm-logo.svg\",\"width\":154,\"height\":60,\"caption\":\"Lyc\u00e9e Fran\u00e7ais de Madrid\"},\"image\":{\"@id\":\"http:\\\/\\\/lfmadrid.net.dev2.tribu-and-co.com\\\/es\\\/#\\\/schema\\\/logo\\\/image\\\/\"}}]}<\/script>\n<!-- \/ Yoast SEO plugin. -->","yoast_head_json":{"title":"Licitaciones - Lyc\u00e9e Fran\u00e7ais de Madrid","robots":{"index":"noindex","follow":"follow","max-snippet":"max-snippet:-1","max-image-preview":"max-image-preview:large","max-video-preview":"max-video-preview:-1"},"og_locale":"es_ES","og_type":"article","og_title":"Licitaciones - Lyc\u00e9e Fran\u00e7ais de Madrid","og_url":"https:\/\/lfmadrid.net.dev2.tribu-and-co.com\/es\/licitaciones\/","og_site_name":"Lyc\u00e9e Fran\u00e7ais de Madrid","article_modified_time":"2026-03-30T12:42:40+00:00","twitter_card":"summary_large_image","twitter_misc":{"Tiempo de lectura":"1 minute"},"schema":{"@context":"https:\/\/schema.org","@graph":[{"@type":"WebPage","@id":"https:\/\/lfmadrid.net.dev2.tribu-and-co.com\/es\/licitaciones\/","url":"https:\/\/lfmadrid.net.dev2.tribu-and-co.com\/es\/licitaciones\/","name":"Licitaciones - Lyc\u00e9e Fran\u00e7ais de Madrid","isPartOf":{"@id":"http:\/\/lfmadrid.net.dev2.tribu-and-co.com\/es\/#website"},"datePublished":"2026-02-09T09:30:23+00:00","dateModified":"2026-03-30T12:42:40+00:00","breadcrumb":{"@id":"https:\/\/lfmadrid.net.dev2.tribu-and-co.com\/es\/licitaciones\/#breadcrumb"},"inLanguage":"es-ES","potentialAction":[{"@type":"ReadAction","target":["https:\/\/lfmadrid.net.dev2.tribu-and-co.com\/es\/licitaciones\/"]}]},{"@type":"BreadcrumbList","@id":"https:\/\/lfmadrid.net.dev2.tribu-and-co.com\/es\/licitaciones\/#breadcrumb","itemListElement":[{"@type":"ListItem","position":1,"name":"Inicio","item":"http:\/\/lfmadrid.net.dev2.tribu-and-co.com\/es\/"},{"@type":"ListItem","position":2,"name":"Licitaciones"}]},{"@type":"WebSite","@id":"http:\/\/lfmadrid.net.dev2.tribu-and-co.com\/es\/#website","url":"http:\/\/lfmadrid.net.dev2.tribu-and-co.com\/es\/","name":"Lyc\u00e9e Fran\u00e7ais de Madrid","description":"","publisher":{"@id":"http:\/\/lfmadrid.net.dev2.tribu-and-co.com\/es\/#organization"},"potentialAction":[{"@type":"SearchAction","target":{"@type":"EntryPoint","urlTemplate":"http:\/\/lfmadrid.net.dev2.tribu-and-co.com\/es\/?s={search_term_string}"},"query-input":{"@type":"PropertyValueSpecification","valueRequired":true,"valueName":"search_term_string"}}],"inLanguage":"es-ES"},{"@type":"Organization","@id":"http:\/\/lfmadrid.net.dev2.tribu-and-co.com\/es\/#organization","name":"Lyc\u00e9e Fran\u00e7ais de Madrid","url":"http:\/\/lfmadrid.net.dev2.tribu-and-co.com\/es\/","logo":{"@type":"ImageObject","inLanguage":"es-ES","@id":"http:\/\/lfmadrid.net.dev2.tribu-and-co.com\/es\/#\/schema\/logo\/image\/","url":"http:\/\/lfmadrid.net.dev2.tribu-and-co.com\/wp-content\/uploads\/2026\/01\/lfm-logo.svg","contentUrl":"http:\/\/lfmadrid.net.dev2.tribu-and-co.com\/wp-content\/uploads\/2026\/01\/lfm-logo.svg","width":154,"height":60,"caption":"Lyc\u00e9e Fran\u00e7ais de Madrid"},"image":{"@id":"http:\/\/lfmadrid.net.dev2.tribu-and-co.com\/es\/#\/schema\/logo\/image\/"}}]}},"_links":{"self":[{"href":"https:\/\/lfmadrid.net.dev2.tribu-and-co.com\/es\/wp-json\/wp\/v2\/pages\/7565","targetHints":{"allow":["GET"]}}],"collection":[{"href":"https:\/\/lfmadrid.net.dev2.tribu-and-co.com\/es\/wp-json\/wp\/v2\/pages"}],"about":[{"href":"https:\/\/lfmadrid.net.dev2.tribu-and-co.com\/es\/wp-json\/wp\/v2\/types\/page"}],"author":[{"embeddable":true,"href":"https:\/\/lfmadrid.net.dev2.tribu-and-co.com\/es\/wp-json\/wp\/v2\/users\/1"}],"replies":[{"embeddable":true,"href":"https:\/\/lfmadrid.net.dev2.tribu-and-co.com\/es\/wp-json\/wp\/v2\/comments?post=7565"}],"version-history":[{"count":3,"href":"https:\/\/lfmadrid.net.dev2.tribu-and-co.com\/es\/wp-json\/wp\/v2\/pages\/7565\/revisions"}],"predecessor-version":[{"id":7568,"href":"https:\/\/lfmadrid.net.dev2.tribu-and-co.com\/es\/wp-json\/wp\/v2\/pages\/7565\/revisions\/7568"}],"wp:attachment":[{"href":"https:\/\/lfmadrid.net.dev2.tribu-and-co.com\/es\/wp-json\/wp\/v2\/media?parent=7565"}],"wp:term":[{"taxonomy":"school_type","embeddable":true,"href":"https:\/\/lfmadrid.net.dev2.tribu-and-co.com\/es\/wp-json\/wp\/v2\/school_type?post=7565"}],"curies":[{"name":"wp","href":"https:\/\/api.w.org\/{rel}","templated":true}]}}