
{"id":7545,"date":"2026-02-09T10:28:54","date_gmt":"2026-02-09T09:28:54","guid":{"rendered":"http:\/\/lfmadrid.net.dev2.tribu-and-co.com\/ofertas-de-empleo\/"},"modified":"2026-03-30T14:24:59","modified_gmt":"2026-03-30T12:24:59","slug":"ofertas-de-empleo","status":"publish","type":"page","link":"https:\/\/lfmadrid.net.dev2.tribu-and-co.com\/es\/ofertas-de-empleo\/","title":{"rendered":"Ofertas de empleo"},"content":{"rendered":"<div class=\"container\">\n\t<div class=\"page-head wp-block-tribu-blocks-page-head\">\n\n\t\t<div class=\"page-head__content\">\n\t\t\t\t\t\t\t<h1 class=\"page-head__title has-fs-h-2-font-size fw-700\">Ofertas de empleo<\/h1>\n\t\t\t\n\t\t\t\t\t<\/div>\n\n\t\t\t\t\t<div class=\"page-head__images-wrapper\">\n\t\t\t\t<div class=\"page-head__image\">\n\t\t\t\t\t<img decoding=\"async\" width=\"550\" height=\"400\" src=\"https:\/\/lfmadrid.net.dev2.tribu-and-co.com\/wp-content\/uploads\/2026\/03\/Emploi-lfm--550x400.webp\" class=\"page-head__featured-image wp-post-image\" alt=\"\" \/>\t\t\t\t<\/div>\n\t\t\t\t<img \n\t\t\t\t\tclass=\"page-head__decorative-image\" \n\t\t\t\t\tsrc=https:\/\/lfmadrid.net.dev2.tribu-and-co.com\/wp-content\/plugins\/tribu-blocks\/build\/page-head\/svg\/pattern.88da4312.svg\t\t\t\t\talt=\"\"\n\t\t\t\t\/>\n\t\t\t<\/div>\n\t\t\t\t\n\t\t\t\t<\/div>\n<\/div>\n<div style=\"margin-top:var(--wp--preset--spacing--6);margin-bottom:var(--wp--preset--spacing--6);\" class=\"container container--sm alignfull wp-block-tribu-blocks-container\">\n\t<\/div>\n<div style=\"margin-top:var(--wp--preset--spacing--7);margin-bottom:var(--wp--preset--spacing--7);\" class=\"container container--md alignfull wp-block-tribu-blocks-container\">\n\t\n\n<div class=\"wp-block-group has-tertiaire-1-color has-primaire-1-background-color has-text-color has-background has-link-color wp-elements-4feeb6a8176353a03c3d371811d6d8af is-layout-constrained wp-container-core-group-is-layout-3131ec1f wp-block-group-is-layout-constrained\" style=\"border-radius:16px;padding-top:var(--wp--preset--spacing--10);padding-right:var(--wp--preset--spacing--11);padding-bottom:var(--wp--preset--spacing--10);padding-left:var(--wp--preset--spacing--11)\">\n<div class=\"wp-block-columns wp-block-columns--20-80 is-layout-flex wp-container-core-columns-is-layout-28f84493 wp-block-columns-is-layout-flex\">\n<div class=\"wp-block-column col-80 is-layout-flow wp-block-column-is-layout-flow\">\n<p>Il existe deux grandes cat\u00e9gories de contrats dans le r\u00e9seau d&#8217;enseignement fran\u00e7ais \u00e0 l&#8217;\u00e9tranger :<\/p>\n\n\n\n<ul class=\"wp-block-list\">\n<li><strong>contrat de d\u00e9tach\u00e9 AEFE<\/strong><\/li>\n\n\n\n<li><strong>contrat de droit local<\/strong><\/li>\n<\/ul>\n\n\n\n<p>Tous les personnels sous contrat AEFE de d\u00e9tach\u00e9s sont des titulaires de la fonction publique fran\u00e7aise. Ils et elles exercent forc\u00e9ment dans un \u00e9tablissement EGD (g\u00e9r\u00e9 directement par l&#8217;AEFE) comme l\u2019est le Lyc\u00e9e Fran\u00e7ais de Madrid. <\/p>\n\n\n\n<p>Le contrat de d\u00e9tach\u00e9 AEFE est r\u00e9gi par le <a href=\"https:\/\/www.legifrance.gouv.fr\/loda\/id\/JORFTEXT000000409498\" target=\"_blank\" rel=\"noreferrer noopener\"><strong><span style=\"text-decoration: underline;\">d\u00e9cret n\u00b02002-22 du 4 janvier 2002<\/span><\/strong><\/a> modifi\u00e9 par le <strong><a href=\"https:\/\/www.legifrance.gouv.fr\/jorf\/id\/JORFTEXT000045924679\" target=\"_blank\" rel=\"noreferrer noopener\"><span style=\"text-decoration: underline;\">d\u00e9cret n\u00b0 2022-896 du 16 juin 2022<\/span><\/a><\/strong> relatif \u00e0 la situation administrative et financi\u00e8re des personnels des \u00e9tablissements d\u2019enseignement fran\u00e7ais \u00e0 l\u2019\u00e9tranger.<\/p>\n\n\n\n<p>Les personnels sous contrat local signent un contrat de droit local, non soumis au droit fran\u00e7ais, directement avec l\u2019\u00e9tablissement scolaire et non avec l&#8217;AEFE. Ce sont des contractuels de toutes nationalit\u00e9s et, s&#8217;ils ou elles sont des fonctionnaires fran\u00e7ais, ils sont soit en disponibilit\u00e9. <\/p>\n\n\n\n<p>Pour en savoir plus sur les diff\u00e9rents types de contrats et les calendriers de campagnes de recrutement de l\u2019AEFE, <strong><a href=\"https:\/\/aefe.gouv.fr\/fr\/recrutement\/rejoindre-le-reseau\" target=\"_blank\" rel=\"noreferrer noopener\"><span style=\"text-decoration: underline;\">cliquez ici<\/span><\/a><\/strong>.<\/p>\n<\/div>\n\n\n\n<div class=\"wp-block-column col-20 is-layout-flow wp-block-column-is-layout-flow\">\n<div class=\"wp-block-group has-blanc-color has-secondaire-1-background-color has-text-color has-background has-link-color wp-elements-7ed87d2ff11856cb3ddea94e5797e51e is-layout-constrained wp-container-core-group-is-layout-85257459 wp-block-group-is-layout-constrained\" style=\"border-radius:12px;padding-top:0;padding-right:var(--wp--preset--spacing--5);padding-bottom:var(--wp--preset--spacing--7);padding-left:var(--wp--preset--spacing--5)\">\n<figure class=\"wp-block-image aligncenter size-large is-resized\"><img decoding=\"async\" width=\"61\" height=\"36\" src=\"http:\/\/lfmadrid.net.dev2.tribu-and-co.com\/wp-content\/uploads\/2025\/10\/stripes-top-primary.svg\" alt=\"\" class=\"wp-image-166\" style=\"object-fit:cover;width:60px;height:36px\"\/><\/figure>\n\n\n\n<div class=\"wp-block-buttons is-content-justification-center is-layout-flex wp-container-core-buttons-is-layout-a89b3969 wp-block-buttons-is-layout-flex\">\n<div class=\"wp-block-button custom-button custom-button--default custom-button--white\"><a class=\"wp-block-button__link wp-element-button\" href=\"http:\/\/lfmadrid.net.dev2.tribu-and-co.com\/es\/ofertas-de-empleo\/ofertas-de-empleo\/\">Voir les offres d\u2019emploi<\/a><\/div>\n<\/div>\n<\/div>\n<\/div>\n<\/div>\n<\/div>\n\n<\/div>\n\n<div class=\"wp-block-group has-tertiaire-1-background-color has-background is-layout-constrained wp-block-group-is-layout-constrained\" style=\"margin-top:var(--wp--preset--spacing--8);margin-bottom:var(--wp--preset--spacing--8);padding-top:var(--wp--preset--spacing--6);padding-bottom:var(--wp--preset--spacing--6)\"><div class=\"container container--full-width alignfull wp-block-tribu-blocks-container\">\n\t\n\n<h2 class=\"wp-block-heading has-text-align-center has-fs-h-2-font-size with-dark-stripes\">Dispositifs de volontariat<\/h2>\n\n\n<div class=\"container container--default wp-block-tribu-blocks-container\">\n\t\n\n<p>L&#8217;AEFE est partie prenante de dispositifs fran\u00e7ais de volontariat permettant \u00e0 des jeunes, \u00e9tudiants ou en recherche d&#8217;emploi, d&#8217;effectuer des missions au sein du r\u00e9seau d&#8217;enseignement fran\u00e7ais \u00e0 l&#8217;\u00e9tranger.<\/p>\n\n\n\n<p>Le LFM propose chaque ann\u00e9e des missions \u00e0 de jeunes volontaires du service civique qui souhaitent s\u2019engager dans un projet citoyen, en appui des \u00e9quipes p\u00e9dagogiques et \u00e9ducatives.<\/p>\n\n\n\n<p>C&#8217;est une opportunit\u00e9 exceptionnelle pour les jeunes de 16 \u00e0 25 ans (jusqu&#8217;\u00e0 30 ans pour les personnes en situation de handicap), d&#8217;avoir une exp\u00e9rience professionnelle et de d\u00e9couvrir le monde de l&#8217;\u00e9ducation, tout en vivant en immersion dans un autre pays.<\/p>\n\n\n\n<p>Comment candidater ? Toutes les missions \u00e0 pourvoir sont post\u00e9es par les \u00e9tablissements eux-m\u00eames sur le site <a href=\"http:\/\/www.service-civique.gouv.fr\"><strong><span style=\"text-decoration: underline;\">www.service-civique.gouv.fr<\/span><\/strong><\/a>. <\/p>\n\n\n\n<p>Les entretiens de recrutement avec le chef d&#8217;\u00e9tablissement ou bien un membre de son \u00e9quipe se font souvent par visiot\u00e9l\u00e9phonie ou autres moyens num\u00e9riques.<\/p>\n\n\n\n<p><em>Ce recrutement est rendu possible gr\u00e2ce \u00e0 la signature d&#8217;une convention le 18 octobre 2010 par l&#8217;AEFE et l&#8217;Agence du service civique (ASC).<\/em><\/p>\n\n<\/div>\n\n<\/div>\n<\/div>\n","protected":false},"excerpt":{"rendered":"","protected":false},"author":1,"featured_media":5589,"parent":0,"menu_order":0,"comment_status":"closed","ping_status":"closed","template":"","meta":{"_acf_changed":false,"footnotes":""},"school_type":[],"class_list":["post-7545","page","type-page","status-publish","has-post-thumbnail","hentry"],"acf":[],"yoast_head":"<!-- This site is optimized with the Yoast SEO plugin v27.4 - https:\/\/yoast.com\/product\/yoast-seo-wordpress\/ -->\n<title>Ofertas de empleo - Lyc\u00e9e Fran\u00e7ais de Madrid<\/title>\n<meta name=\"robots\" content=\"noindex, follow, max-snippet:-1, max-image-preview:large, max-video-preview:-1\" \/>\n<meta property=\"og:locale\" content=\"es_ES\" \/>\n<meta property=\"og:type\" content=\"article\" \/>\n<meta property=\"og:title\" content=\"Ofertas de empleo - Lyc\u00e9e Fran\u00e7ais de Madrid\" \/>\n<meta property=\"og:url\" content=\"https:\/\/lfmadrid.net.dev2.tribu-and-co.com\/es\/ofertas-de-empleo\/\" \/>\n<meta property=\"og:site_name\" content=\"Lyc\u00e9e Fran\u00e7ais de Madrid\" \/>\n<meta property=\"article:modified_time\" content=\"2026-03-30T12:24:59+00:00\" \/>\n<meta property=\"og:image\" content=\"http:\/\/lfmadrid.net.dev2.tribu-and-co.com\/wp-content\/uploads\/2026\/03\/Emploi-lfm-.webp\" \/>\n\t<meta property=\"og:image:width\" content=\"1900\" \/>\n\t<meta property=\"og:image:height\" content=\"822\" \/>\n\t<meta property=\"og:image:type\" content=\"image\/webp\" \/>\n<meta name=\"twitter:card\" content=\"summary_large_image\" \/>\n<meta name=\"twitter:label1\" content=\"Tiempo de lectura\" \/>\n\t<meta name=\"twitter:data1\" content=\"2 minutes\" \/>\n<script type=\"application\/ld+json\" class=\"yoast-schema-graph\">{\"@context\":\"https:\\\/\\\/schema.org\",\"@graph\":[{\"@type\":\"WebPage\",\"@id\":\"https:\\\/\\\/lfmadrid.net.dev2.tribu-and-co.com\\\/es\\\/ofertas-de-empleo\\\/\",\"url\":\"https:\\\/\\\/lfmadrid.net.dev2.tribu-and-co.com\\\/es\\\/ofertas-de-empleo\\\/\",\"name\":\"Ofertas de empleo - Lyc\u00e9e Fran\u00e7ais de Madrid\",\"isPartOf\":{\"@id\":\"http:\\\/\\\/lfmadrid.net.dev2.tribu-and-co.com\\\/es\\\/#website\"},\"primaryImageOfPage\":{\"@id\":\"https:\\\/\\\/lfmadrid.net.dev2.tribu-and-co.com\\\/es\\\/ofertas-de-empleo\\\/#primaryimage\"},\"image\":{\"@id\":\"https:\\\/\\\/lfmadrid.net.dev2.tribu-and-co.com\\\/es\\\/ofertas-de-empleo\\\/#primaryimage\"},\"thumbnailUrl\":\"https:\\\/\\\/lfmadrid.net.dev2.tribu-and-co.com\\\/wp-content\\\/uploads\\\/2026\\\/03\\\/Emploi-lfm-.webp\",\"datePublished\":\"2026-02-09T09:28:54+00:00\",\"dateModified\":\"2026-03-30T12:24:59+00:00\",\"breadcrumb\":{\"@id\":\"https:\\\/\\\/lfmadrid.net.dev2.tribu-and-co.com\\\/es\\\/ofertas-de-empleo\\\/#breadcrumb\"},\"inLanguage\":\"es-ES\",\"potentialAction\":[{\"@type\":\"ReadAction\",\"target\":[\"https:\\\/\\\/lfmadrid.net.dev2.tribu-and-co.com\\\/es\\\/ofertas-de-empleo\\\/\"]}]},{\"@type\":\"ImageObject\",\"inLanguage\":\"es-ES\",\"@id\":\"https:\\\/\\\/lfmadrid.net.dev2.tribu-and-co.com\\\/es\\\/ofertas-de-empleo\\\/#primaryimage\",\"url\":\"https:\\\/\\\/lfmadrid.net.dev2.tribu-and-co.com\\\/wp-content\\\/uploads\\\/2026\\\/03\\\/Emploi-lfm-.webp\",\"contentUrl\":\"https:\\\/\\\/lfmadrid.net.dev2.tribu-and-co.com\\\/wp-content\\\/uploads\\\/2026\\\/03\\\/Emploi-lfm-.webp\",\"width\":1900,\"height\":822},{\"@type\":\"BreadcrumbList\",\"@id\":\"https:\\\/\\\/lfmadrid.net.dev2.tribu-and-co.com\\\/es\\\/ofertas-de-empleo\\\/#breadcrumb\",\"itemListElement\":[{\"@type\":\"ListItem\",\"position\":1,\"name\":\"Inicio\",\"item\":\"http:\\\/\\\/lfmadrid.net.dev2.tribu-and-co.com\\\/es\\\/\"},{\"@type\":\"ListItem\",\"position\":2,\"name\":\"Ofertas de empleo\"}]},{\"@type\":\"WebSite\",\"@id\":\"http:\\\/\\\/lfmadrid.net.dev2.tribu-and-co.com\\\/es\\\/#website\",\"url\":\"http:\\\/\\\/lfmadrid.net.dev2.tribu-and-co.com\\\/es\\\/\",\"name\":\"Lyc\u00e9e Fran\u00e7ais de Madrid\",\"description\":\"\",\"publisher\":{\"@id\":\"http:\\\/\\\/lfmadrid.net.dev2.tribu-and-co.com\\\/es\\\/#organization\"},\"potentialAction\":[{\"@type\":\"SearchAction\",\"target\":{\"@type\":\"EntryPoint\",\"urlTemplate\":\"http:\\\/\\\/lfmadrid.net.dev2.tribu-and-co.com\\\/es\\\/?s={search_term_string}\"},\"query-input\":{\"@type\":\"PropertyValueSpecification\",\"valueRequired\":true,\"valueName\":\"search_term_string\"}}],\"inLanguage\":\"es-ES\"},{\"@type\":\"Organization\",\"@id\":\"http:\\\/\\\/lfmadrid.net.dev2.tribu-and-co.com\\\/es\\\/#organization\",\"name\":\"Lyc\u00e9e Fran\u00e7ais de Madrid\",\"url\":\"http:\\\/\\\/lfmadrid.net.dev2.tribu-and-co.com\\\/es\\\/\",\"logo\":{\"@type\":\"ImageObject\",\"inLanguage\":\"es-ES\",\"@id\":\"http:\\\/\\\/lfmadrid.net.dev2.tribu-and-co.com\\\/es\\\/#\\\/schema\\\/logo\\\/image\\\/\",\"url\":\"http:\\\/\\\/lfmadrid.net.dev2.tribu-and-co.com\\\/wp-content\\\/uploads\\\/2026\\\/01\\\/lfm-logo.svg\",\"contentUrl\":\"http:\\\/\\\/lfmadrid.net.dev2.tribu-and-co.com\\\/wp-content\\\/uploads\\\/2026\\\/01\\\/lfm-logo.svg\",\"width\":154,\"height\":60,\"caption\":\"Lyc\u00e9e Fran\u00e7ais de Madrid\"},\"image\":{\"@id\":\"http:\\\/\\\/lfmadrid.net.dev2.tribu-and-co.com\\\/es\\\/#\\\/schema\\\/logo\\\/image\\\/\"}}]}<\/script>\n<!-- \/ Yoast SEO plugin. -->","yoast_head_json":{"title":"Ofertas de empleo - Lyc\u00e9e Fran\u00e7ais de Madrid","robots":{"index":"noindex","follow":"follow","max-snippet":"max-snippet:-1","max-image-preview":"max-image-preview:large","max-video-preview":"max-video-preview:-1"},"og_locale":"es_ES","og_type":"article","og_title":"Ofertas de empleo - Lyc\u00e9e Fran\u00e7ais de Madrid","og_url":"https:\/\/lfmadrid.net.dev2.tribu-and-co.com\/es\/ofertas-de-empleo\/","og_site_name":"Lyc\u00e9e Fran\u00e7ais de Madrid","article_modified_time":"2026-03-30T12:24:59+00:00","og_image":[{"width":1900,"height":822,"url":"http:\/\/lfmadrid.net.dev2.tribu-and-co.com\/wp-content\/uploads\/2026\/03\/Emploi-lfm-.webp","type":"image\/webp"}],"twitter_card":"summary_large_image","twitter_misc":{"Tiempo de lectura":"2 minutes"},"schema":{"@context":"https:\/\/schema.org","@graph":[{"@type":"WebPage","@id":"https:\/\/lfmadrid.net.dev2.tribu-and-co.com\/es\/ofertas-de-empleo\/","url":"https:\/\/lfmadrid.net.dev2.tribu-and-co.com\/es\/ofertas-de-empleo\/","name":"Ofertas de empleo - Lyc\u00e9e Fran\u00e7ais de Madrid","isPartOf":{"@id":"http:\/\/lfmadrid.net.dev2.tribu-and-co.com\/es\/#website"},"primaryImageOfPage":{"@id":"https:\/\/lfmadrid.net.dev2.tribu-and-co.com\/es\/ofertas-de-empleo\/#primaryimage"},"image":{"@id":"https:\/\/lfmadrid.net.dev2.tribu-and-co.com\/es\/ofertas-de-empleo\/#primaryimage"},"thumbnailUrl":"https:\/\/lfmadrid.net.dev2.tribu-and-co.com\/wp-content\/uploads\/2026\/03\/Emploi-lfm-.webp","datePublished":"2026-02-09T09:28:54+00:00","dateModified":"2026-03-30T12:24:59+00:00","breadcrumb":{"@id":"https:\/\/lfmadrid.net.dev2.tribu-and-co.com\/es\/ofertas-de-empleo\/#breadcrumb"},"inLanguage":"es-ES","potentialAction":[{"@type":"ReadAction","target":["https:\/\/lfmadrid.net.dev2.tribu-and-co.com\/es\/ofertas-de-empleo\/"]}]},{"@type":"ImageObject","inLanguage":"es-ES","@id":"https:\/\/lfmadrid.net.dev2.tribu-and-co.com\/es\/ofertas-de-empleo\/#primaryimage","url":"https:\/\/lfmadrid.net.dev2.tribu-and-co.com\/wp-content\/uploads\/2026\/03\/Emploi-lfm-.webp","contentUrl":"https:\/\/lfmadrid.net.dev2.tribu-and-co.com\/wp-content\/uploads\/2026\/03\/Emploi-lfm-.webp","width":1900,"height":822},{"@type":"BreadcrumbList","@id":"https:\/\/lfmadrid.net.dev2.tribu-and-co.com\/es\/ofertas-de-empleo\/#breadcrumb","itemListElement":[{"@type":"ListItem","position":1,"name":"Inicio","item":"http:\/\/lfmadrid.net.dev2.tribu-and-co.com\/es\/"},{"@type":"ListItem","position":2,"name":"Ofertas de empleo"}]},{"@type":"WebSite","@id":"http:\/\/lfmadrid.net.dev2.tribu-and-co.com\/es\/#website","url":"http:\/\/lfmadrid.net.dev2.tribu-and-co.com\/es\/","name":"Lyc\u00e9e Fran\u00e7ais de Madrid","description":"","publisher":{"@id":"http:\/\/lfmadrid.net.dev2.tribu-and-co.com\/es\/#organization"},"potentialAction":[{"@type":"SearchAction","target":{"@type":"EntryPoint","urlTemplate":"http:\/\/lfmadrid.net.dev2.tribu-and-co.com\/es\/?s={search_term_string}"},"query-input":{"@type":"PropertyValueSpecification","valueRequired":true,"valueName":"search_term_string"}}],"inLanguage":"es-ES"},{"@type":"Organization","@id":"http:\/\/lfmadrid.net.dev2.tribu-and-co.com\/es\/#organization","name":"Lyc\u00e9e Fran\u00e7ais de Madrid","url":"http:\/\/lfmadrid.net.dev2.tribu-and-co.com\/es\/","logo":{"@type":"ImageObject","inLanguage":"es-ES","@id":"http:\/\/lfmadrid.net.dev2.tribu-and-co.com\/es\/#\/schema\/logo\/image\/","url":"http:\/\/lfmadrid.net.dev2.tribu-and-co.com\/wp-content\/uploads\/2026\/01\/lfm-logo.svg","contentUrl":"http:\/\/lfmadrid.net.dev2.tribu-and-co.com\/wp-content\/uploads\/2026\/01\/lfm-logo.svg","width":154,"height":60,"caption":"Lyc\u00e9e Fran\u00e7ais de Madrid"},"image":{"@id":"http:\/\/lfmadrid.net.dev2.tribu-and-co.com\/es\/#\/schema\/logo\/image\/"}}]}},"_links":{"self":[{"href":"https:\/\/lfmadrid.net.dev2.tribu-and-co.com\/es\/wp-json\/wp\/v2\/pages\/7545","targetHints":{"allow":["GET"]}}],"collection":[{"href":"https:\/\/lfmadrid.net.dev2.tribu-and-co.com\/es\/wp-json\/wp\/v2\/pages"}],"about":[{"href":"https:\/\/lfmadrid.net.dev2.tribu-and-co.com\/es\/wp-json\/wp\/v2\/types\/page"}],"author":[{"embeddable":true,"href":"https:\/\/lfmadrid.net.dev2.tribu-and-co.com\/es\/wp-json\/wp\/v2\/users\/1"}],"replies":[{"embeddable":true,"href":"https:\/\/lfmadrid.net.dev2.tribu-and-co.com\/es\/wp-json\/wp\/v2\/comments?post=7545"}],"version-history":[{"count":4,"href":"https:\/\/lfmadrid.net.dev2.tribu-and-co.com\/es\/wp-json\/wp\/v2\/pages\/7545\/revisions"}],"predecessor-version":[{"id":7551,"href":"https:\/\/lfmadrid.net.dev2.tribu-and-co.com\/es\/wp-json\/wp\/v2\/pages\/7545\/revisions\/7551"}],"wp:featuredmedia":[{"embeddable":true,"href":"https:\/\/lfmadrid.net.dev2.tribu-and-co.com\/es\/wp-json\/wp\/v2\/media\/5589"}],"wp:attachment":[{"href":"https:\/\/lfmadrid.net.dev2.tribu-and-co.com\/es\/wp-json\/wp\/v2\/media?parent=7545"}],"wp:term":[{"taxonomy":"school_type","embeddable":true,"href":"https:\/\/lfmadrid.net.dev2.tribu-and-co.com\/es\/wp-json\/wp\/v2\/school_type?post=7545"}],"curies":[{"name":"wp","href":"https:\/\/api.w.org\/{rel}","templated":true}]}}