
{"id":7541,"date":"2025-10-29T09:42:34","date_gmt":"2025-10-29T08:42:34","guid":{"rendered":"http:\/\/lfmadrid.net.dev2.tribu-and-co.com\/menciones-legales\/"},"modified":"2026-03-30T14:19:18","modified_gmt":"2026-03-30T12:19:18","slug":"menciones-legales","status":"publish","type":"page","link":"https:\/\/lfmadrid.net.dev2.tribu-and-co.com\/es\/menciones-legales\/","title":{"rendered":"Menciones legales"},"content":{"rendered":"<div class=\"container\">\n\t<div class=\"page-head wp-block-tribu-blocks-page-head\">\n\n\t\t<div class=\"page-head__content\">\n\t\t\t\t\t\t\t<h1 class=\"page-head__title has-fs-h-2-font-size fw-700\">Menciones legales<\/h1>\n\t\t\t\n\t\t\t\t\t<\/div>\n\n\t\t\t\t\t<div class=\"page-head__images-wrapper\">\n\t\t\t\t<div class=\"page-head__image\">\n\t\t\t\t\t<img decoding=\"async\" width=\"550\" height=\"400\" src=\"https:\/\/lfmadrid.net.dev2.tribu-and-co.com\/wp-content\/uploads\/2026\/03\/Conde-lycee-1-550x400.webp\" class=\"page-head__featured-image wp-post-image\" alt=\"\" \/>\t\t\t\t<\/div>\n\t\t\t\t<img \n\t\t\t\t\tclass=\"page-head__decorative-image\" \n\t\t\t\t\tsrc=https:\/\/lfmadrid.net.dev2.tribu-and-co.com\/wp-content\/plugins\/tribu-blocks\/build\/page-head\/svg\/pattern.88da4312.svg\t\t\t\t\talt=\"\"\n\t\t\t\t\/>\n\t\t\t<\/div>\n\t\t\t\t\n\t\t\t\t<\/div>\n<\/div>\n<div style=\"margin-top:var(--wp--preset--spacing--12);margin-bottom:var(--wp--preset--spacing--12);\" class=\"container container--sm alignfull wp-block-tribu-blocks-container\">\n\t\n\n<p>En vertu de l\u2019article 6 de la Loi n\u00b02004-575 du 21 juin 2004 pour la Confiance dans l\u2019\u00c9conomie Num\u00e9rique (LCEN), il est pr\u00e9cis\u00e9 que notre site internet est \u00e9dit\u00e9 par le Lyc\u00e9e Fran\u00e7ais de Madrid :<\/p>\n\n\n\n<ul class=\"wp-block-list\">\n<li>Adresse du si\u00e8ge social : Plaza del Liceo, 1 &#8211; 28043 Madrid<\/li>\n\n\n\n<li>T\u00e9l\u00e9phone : +34 748 94 90<\/li>\n\n\n\n<li>Adresse mail : information@lfmadrid.org<\/li>\n\n\n\n<li>Structure juridique : \u00c9tablissement public national \u00e0 caract\u00e8re administratif<\/li>\n\n\n\n<li>Num\u00e9ro SIRET : 180 006 082 00275<\/li>\n<\/ul>\n\n\n\n<p>Nom du Directeur de la publication : Gilles MARTINEZ<\/p>\n\n\n\n<p>Notre site internet est h\u00e9berg\u00e9 par Tribu<\/p>\n\n\n\n<ul class=\"wp-block-list\">\n<li>Adresse de l\u2019h\u00e9bergeur : TRIBU AND CO, 76 rue George Courteline \u2013 37000 TOURS \u2013 T\u00e9l. : 02.47.38.49.74 \u2013 E-mail : <a href=\"mailto:contact@tribu-and-co.fr\" target=\"_blank\" rel=\"noreferrer noopener\">contact@tribu-and-co.fr<\/a> <br\/><\/li>\n<\/ul>\n\n<\/div>\n","protected":false},"excerpt":{"rendered":"","protected":false},"author":1,"featured_media":5324,"parent":0,"menu_order":0,"comment_status":"closed","ping_status":"closed","template":"","meta":{"_acf_changed":false,"footnotes":""},"school_type":[],"class_list":["post-7541","page","type-page","status-publish","has-post-thumbnail","hentry"],"acf":[],"yoast_head":"<!-- This site is optimized with the Yoast SEO plugin v27.4 - https:\/\/yoast.com\/product\/yoast-seo-wordpress\/ -->\n<title>Menciones legales - Lyc\u00e9e Fran\u00e7ais de Madrid<\/title>\n<meta name=\"robots\" content=\"noindex, follow, max-snippet:-1, max-image-preview:large, max-video-preview:-1\" \/>\n<meta property=\"og:locale\" content=\"es_ES\" \/>\n<meta property=\"og:type\" content=\"article\" \/>\n<meta property=\"og:title\" content=\"Menciones legales - Lyc\u00e9e Fran\u00e7ais de Madrid\" \/>\n<meta property=\"og:url\" content=\"https:\/\/lfmadrid.net.dev2.tribu-and-co.com\/es\/menciones-legales\/\" \/>\n<meta property=\"og:site_name\" content=\"Lyc\u00e9e Fran\u00e7ais de Madrid\" \/>\n<meta property=\"article:modified_time\" content=\"2026-03-30T12:19:18+00:00\" \/>\n<meta property=\"og:image\" content=\"http:\/\/lfmadrid.net.dev2.tribu-and-co.com\/wp-content\/uploads\/2026\/03\/Conde-lycee-1.webp\" \/>\n\t<meta property=\"og:image:width\" content=\"1100\" \/>\n\t<meta property=\"og:image:height\" content=\"733\" \/>\n\t<meta property=\"og:image:type\" content=\"image\/webp\" \/>\n<meta name=\"twitter:card\" content=\"summary_large_image\" \/>\n<meta name=\"twitter:label1\" content=\"Tiempo de lectura\" \/>\n\t<meta name=\"twitter:data1\" content=\"1 minute\" \/>\n<script type=\"application\/ld+json\" class=\"yoast-schema-graph\">{\"@context\":\"https:\\\/\\\/schema.org\",\"@graph\":[{\"@type\":\"WebPage\",\"@id\":\"https:\\\/\\\/lfmadrid.net.dev2.tribu-and-co.com\\\/es\\\/menciones-legales\\\/\",\"url\":\"https:\\\/\\\/lfmadrid.net.dev2.tribu-and-co.com\\\/es\\\/menciones-legales\\\/\",\"name\":\"Menciones legales - Lyc\u00e9e Fran\u00e7ais de Madrid\",\"isPartOf\":{\"@id\":\"http:\\\/\\\/lfmadrid.net.dev2.tribu-and-co.com\\\/es\\\/#website\"},\"primaryImageOfPage\":{\"@id\":\"https:\\\/\\\/lfmadrid.net.dev2.tribu-and-co.com\\\/es\\\/menciones-legales\\\/#primaryimage\"},\"image\":{\"@id\":\"https:\\\/\\\/lfmadrid.net.dev2.tribu-and-co.com\\\/es\\\/menciones-legales\\\/#primaryimage\"},\"thumbnailUrl\":\"https:\\\/\\\/lfmadrid.net.dev2.tribu-and-co.com\\\/wp-content\\\/uploads\\\/2026\\\/03\\\/Conde-lycee-1.webp\",\"datePublished\":\"2025-10-29T08:42:34+00:00\",\"dateModified\":\"2026-03-30T12:19:18+00:00\",\"breadcrumb\":{\"@id\":\"https:\\\/\\\/lfmadrid.net.dev2.tribu-and-co.com\\\/es\\\/menciones-legales\\\/#breadcrumb\"},\"inLanguage\":\"es-ES\",\"potentialAction\":[{\"@type\":\"ReadAction\",\"target\":[\"https:\\\/\\\/lfmadrid.net.dev2.tribu-and-co.com\\\/es\\\/menciones-legales\\\/\"]}]},{\"@type\":\"ImageObject\",\"inLanguage\":\"es-ES\",\"@id\":\"https:\\\/\\\/lfmadrid.net.dev2.tribu-and-co.com\\\/es\\\/menciones-legales\\\/#primaryimage\",\"url\":\"https:\\\/\\\/lfmadrid.net.dev2.tribu-and-co.com\\\/wp-content\\\/uploads\\\/2026\\\/03\\\/Conde-lycee-1.webp\",\"contentUrl\":\"https:\\\/\\\/lfmadrid.net.dev2.tribu-and-co.com\\\/wp-content\\\/uploads\\\/2026\\\/03\\\/Conde-lycee-1.webp\",\"width\":1100,\"height\":733},{\"@type\":\"BreadcrumbList\",\"@id\":\"https:\\\/\\\/lfmadrid.net.dev2.tribu-and-co.com\\\/es\\\/menciones-legales\\\/#breadcrumb\",\"itemListElement\":[{\"@type\":\"ListItem\",\"position\":1,\"name\":\"Inicio\",\"item\":\"http:\\\/\\\/lfmadrid.net.dev2.tribu-and-co.com\\\/es\\\/\"},{\"@type\":\"ListItem\",\"position\":2,\"name\":\"Menciones legales\"}]},{\"@type\":\"WebSite\",\"@id\":\"http:\\\/\\\/lfmadrid.net.dev2.tribu-and-co.com\\\/es\\\/#website\",\"url\":\"http:\\\/\\\/lfmadrid.net.dev2.tribu-and-co.com\\\/es\\\/\",\"name\":\"Lyc\u00e9e Fran\u00e7ais de Madrid\",\"description\":\"\",\"publisher\":{\"@id\":\"http:\\\/\\\/lfmadrid.net.dev2.tribu-and-co.com\\\/es\\\/#organization\"},\"potentialAction\":[{\"@type\":\"SearchAction\",\"target\":{\"@type\":\"EntryPoint\",\"urlTemplate\":\"http:\\\/\\\/lfmadrid.net.dev2.tribu-and-co.com\\\/es\\\/?s={search_term_string}\"},\"query-input\":{\"@type\":\"PropertyValueSpecification\",\"valueRequired\":true,\"valueName\":\"search_term_string\"}}],\"inLanguage\":\"es-ES\"},{\"@type\":\"Organization\",\"@id\":\"http:\\\/\\\/lfmadrid.net.dev2.tribu-and-co.com\\\/es\\\/#organization\",\"name\":\"Lyc\u00e9e Fran\u00e7ais de Madrid\",\"url\":\"http:\\\/\\\/lfmadrid.net.dev2.tribu-and-co.com\\\/es\\\/\",\"logo\":{\"@type\":\"ImageObject\",\"inLanguage\":\"es-ES\",\"@id\":\"http:\\\/\\\/lfmadrid.net.dev2.tribu-and-co.com\\\/es\\\/#\\\/schema\\\/logo\\\/image\\\/\",\"url\":\"http:\\\/\\\/lfmadrid.net.dev2.tribu-and-co.com\\\/wp-content\\\/uploads\\\/2026\\\/01\\\/lfm-logo.svg\",\"contentUrl\":\"http:\\\/\\\/lfmadrid.net.dev2.tribu-and-co.com\\\/wp-content\\\/uploads\\\/2026\\\/01\\\/lfm-logo.svg\",\"width\":154,\"height\":60,\"caption\":\"Lyc\u00e9e Fran\u00e7ais de Madrid\"},\"image\":{\"@id\":\"http:\\\/\\\/lfmadrid.net.dev2.tribu-and-co.com\\\/es\\\/#\\\/schema\\\/logo\\\/image\\\/\"}}]}<\/script>\n<!-- \/ Yoast SEO plugin. -->","yoast_head_json":{"title":"Menciones legales - Lyc\u00e9e Fran\u00e7ais de Madrid","robots":{"index":"noindex","follow":"follow","max-snippet":"max-snippet:-1","max-image-preview":"max-image-preview:large","max-video-preview":"max-video-preview:-1"},"og_locale":"es_ES","og_type":"article","og_title":"Menciones legales - Lyc\u00e9e Fran\u00e7ais de Madrid","og_url":"https:\/\/lfmadrid.net.dev2.tribu-and-co.com\/es\/menciones-legales\/","og_site_name":"Lyc\u00e9e Fran\u00e7ais de Madrid","article_modified_time":"2026-03-30T12:19:18+00:00","og_image":[{"width":1100,"height":733,"url":"http:\/\/lfmadrid.net.dev2.tribu-and-co.com\/wp-content\/uploads\/2026\/03\/Conde-lycee-1.webp","type":"image\/webp"}],"twitter_card":"summary_large_image","twitter_misc":{"Tiempo de lectura":"1 minute"},"schema":{"@context":"https:\/\/schema.org","@graph":[{"@type":"WebPage","@id":"https:\/\/lfmadrid.net.dev2.tribu-and-co.com\/es\/menciones-legales\/","url":"https:\/\/lfmadrid.net.dev2.tribu-and-co.com\/es\/menciones-legales\/","name":"Menciones legales - Lyc\u00e9e Fran\u00e7ais de Madrid","isPartOf":{"@id":"http:\/\/lfmadrid.net.dev2.tribu-and-co.com\/es\/#website"},"primaryImageOfPage":{"@id":"https:\/\/lfmadrid.net.dev2.tribu-and-co.com\/es\/menciones-legales\/#primaryimage"},"image":{"@id":"https:\/\/lfmadrid.net.dev2.tribu-and-co.com\/es\/menciones-legales\/#primaryimage"},"thumbnailUrl":"https:\/\/lfmadrid.net.dev2.tribu-and-co.com\/wp-content\/uploads\/2026\/03\/Conde-lycee-1.webp","datePublished":"2025-10-29T08:42:34+00:00","dateModified":"2026-03-30T12:19:18+00:00","breadcrumb":{"@id":"https:\/\/lfmadrid.net.dev2.tribu-and-co.com\/es\/menciones-legales\/#breadcrumb"},"inLanguage":"es-ES","potentialAction":[{"@type":"ReadAction","target":["https:\/\/lfmadrid.net.dev2.tribu-and-co.com\/es\/menciones-legales\/"]}]},{"@type":"ImageObject","inLanguage":"es-ES","@id":"https:\/\/lfmadrid.net.dev2.tribu-and-co.com\/es\/menciones-legales\/#primaryimage","url":"https:\/\/lfmadrid.net.dev2.tribu-and-co.com\/wp-content\/uploads\/2026\/03\/Conde-lycee-1.webp","contentUrl":"https:\/\/lfmadrid.net.dev2.tribu-and-co.com\/wp-content\/uploads\/2026\/03\/Conde-lycee-1.webp","width":1100,"height":733},{"@type":"BreadcrumbList","@id":"https:\/\/lfmadrid.net.dev2.tribu-and-co.com\/es\/menciones-legales\/#breadcrumb","itemListElement":[{"@type":"ListItem","position":1,"name":"Inicio","item":"http:\/\/lfmadrid.net.dev2.tribu-and-co.com\/es\/"},{"@type":"ListItem","position":2,"name":"Menciones legales"}]},{"@type":"WebSite","@id":"http:\/\/lfmadrid.net.dev2.tribu-and-co.com\/es\/#website","url":"http:\/\/lfmadrid.net.dev2.tribu-and-co.com\/es\/","name":"Lyc\u00e9e Fran\u00e7ais de Madrid","description":"","publisher":{"@id":"http:\/\/lfmadrid.net.dev2.tribu-and-co.com\/es\/#organization"},"potentialAction":[{"@type":"SearchAction","target":{"@type":"EntryPoint","urlTemplate":"http:\/\/lfmadrid.net.dev2.tribu-and-co.com\/es\/?s={search_term_string}"},"query-input":{"@type":"PropertyValueSpecification","valueRequired":true,"valueName":"search_term_string"}}],"inLanguage":"es-ES"},{"@type":"Organization","@id":"http:\/\/lfmadrid.net.dev2.tribu-and-co.com\/es\/#organization","name":"Lyc\u00e9e Fran\u00e7ais de Madrid","url":"http:\/\/lfmadrid.net.dev2.tribu-and-co.com\/es\/","logo":{"@type":"ImageObject","inLanguage":"es-ES","@id":"http:\/\/lfmadrid.net.dev2.tribu-and-co.com\/es\/#\/schema\/logo\/image\/","url":"http:\/\/lfmadrid.net.dev2.tribu-and-co.com\/wp-content\/uploads\/2026\/01\/lfm-logo.svg","contentUrl":"http:\/\/lfmadrid.net.dev2.tribu-and-co.com\/wp-content\/uploads\/2026\/01\/lfm-logo.svg","width":154,"height":60,"caption":"Lyc\u00e9e Fran\u00e7ais de Madrid"},"image":{"@id":"http:\/\/lfmadrid.net.dev2.tribu-and-co.com\/es\/#\/schema\/logo\/image\/"}}]}},"_links":{"self":[{"href":"https:\/\/lfmadrid.net.dev2.tribu-and-co.com\/es\/wp-json\/wp\/v2\/pages\/7541","targetHints":{"allow":["GET"]}}],"collection":[{"href":"https:\/\/lfmadrid.net.dev2.tribu-and-co.com\/es\/wp-json\/wp\/v2\/pages"}],"about":[{"href":"https:\/\/lfmadrid.net.dev2.tribu-and-co.com\/es\/wp-json\/wp\/v2\/types\/page"}],"author":[{"embeddable":true,"href":"https:\/\/lfmadrid.net.dev2.tribu-and-co.com\/es\/wp-json\/wp\/v2\/users\/1"}],"replies":[{"embeddable":true,"href":"https:\/\/lfmadrid.net.dev2.tribu-and-co.com\/es\/wp-json\/wp\/v2\/comments?post=7541"}],"version-history":[{"count":1,"href":"https:\/\/lfmadrid.net.dev2.tribu-and-co.com\/es\/wp-json\/wp\/v2\/pages\/7541\/revisions"}],"predecessor-version":[{"id":7542,"href":"https:\/\/lfmadrid.net.dev2.tribu-and-co.com\/es\/wp-json\/wp\/v2\/pages\/7541\/revisions\/7542"}],"wp:featuredmedia":[{"embeddable":true,"href":"https:\/\/lfmadrid.net.dev2.tribu-and-co.com\/es\/wp-json\/wp\/v2\/media\/5324"}],"wp:attachment":[{"href":"https:\/\/lfmadrid.net.dev2.tribu-and-co.com\/es\/wp-json\/wp\/v2\/media?parent=7541"}],"wp:term":[{"taxonomy":"school_type","embeddable":true,"href":"https:\/\/lfmadrid.net.dev2.tribu-and-co.com\/es\/wp-json\/wp\/v2\/school_type?post=7541"}],"curies":[{"name":"wp","href":"https:\/\/api.w.org\/{rel}","templated":true}]}}