
{"id":7460,"date":"2026-03-02T13:23:28","date_gmt":"2026-03-02T12:23:28","guid":{"rendered":"http:\/\/lfmadrid.net.dev2.tribu-and-co.com\/configuracion-de-cookies\/"},"modified":"2026-03-30T13:00:59","modified_gmt":"2026-03-30T11:00:59","slug":"configuracion-de-cookies","status":"publish","type":"page","link":"https:\/\/lfmadrid.net.dev2.tribu-and-co.com\/es\/configuracion-de-cookies\/","title":{"rendered":"Configuraci\u00f3n de cookies"},"content":{"rendered":"<div class=\"container\">\n\t<div class=\"page-head wp-block-tribu-blocks-page-head\">\n\n\t\t<div class=\"page-head__content\">\n\t\t\t\t\t\t\t<h1 class=\"page-head__title has-fs-h-2-font-size fw-700\">Configuraci\u00f3n de cookies<\/h1>\n\t\t\t\n\t\t\t\t\t\t\t<div class=\"page-head__subtitle\">Lors de votre connexion \u00e0 notre site Internet, le Lyc\u00e9e Fran\u00e7ais de Madrid peut installer diff\u00e9rents cookies sur votre terminal. Certains cookies sont soumis \u00e0 votre consentement pr\u00e9alable et ne seront d\u00e9pos\u00e9s que si vous les avez pr\u00e9alablement accept\u00e9s. Pour assurer, \u00e0 votre \u00e9gard, la transparence des donn\u00e9es personnelles que nous collectons et traitons, nous vous expliquons, \u00e0 travers cette politique relative aux cookies, ce qu\u2019est un cookie, quels types de cookie sont utilis\u00e9s, pour quel but, quels sont les destinataires des donn\u00e9es ainsi collect\u00e9es et quels sont les moyens dont vous disposez pour g\u00e9rer ces cookies.   <\/div>\n\t\t\t\t\t<\/div>\n\n\t\t\t\t\t<div class=\"page-head__images-wrapper\">\n\t\t\t\t<div class=\"page-head__image\">\n\t\t\t\t\t<img decoding=\"async\" width=\"550\" height=\"400\" src=\"https:\/\/lfmadrid.net.dev2.tribu-and-co.com\/wp-content\/uploads\/2026\/03\/sasun-bughdaryan-2T4l02ZYj-k-unsplash-550x400.webp\" class=\"page-head__featured-image wp-post-image\" alt=\"\" \/>\t\t\t\t<\/div>\n\t\t\t\t<img \n\t\t\t\t\tclass=\"page-head__decorative-image\" \n\t\t\t\t\tsrc=https:\/\/lfmadrid.net.dev2.tribu-and-co.com\/wp-content\/plugins\/tribu-blocks\/build\/page-head\/svg\/pattern.88da4312.svg\t\t\t\t\talt=\"\"\n\t\t\t\t\/>\n\t\t\t<\/div>\n\t\t\t\t\n\t\t\t\t<\/div>\n<\/div>\n<div style=\"margin-top:var(--wp--preset--spacing--12);margin-bottom:var(--wp--preset--spacing--12);\" class=\"container container--sm alignfull wp-block-tribu-blocks-container\">\n\t\n\n<h2 class=\"wp-block-heading has-fs-h-2-font-size\">Qu\u2019est-ce qu\u2019un cookie ? <\/h2>\n\n\n\n<p>Un cookie est un petit fichier texte stock\u00e9 sur le disque dur du terminal (ordinateur, tablette, smartphone, etc.) d\u2019un internaute lors de la consultation d&#8217;un site internet, d\u2019une publicit\u00e9, de la lecture d&#8217;un email, de l&#8217;installation ou de l&#8217;utilisation d&#8217;un logiciel ou d&#8217;une application mobile et ce, quel que soit le type de terminal utilis\u00e9. Lorsque vous vous connectez \u00e0 un site internet ou que vous naviguez sur une application mobile, un cookie peut \u00eatre transmis \u00e0 votre navigateur par le site ou l\u2019application consult\u00e9(e). Votre navigateur web le conservera pendant une certaine dur\u00e9e, et le renverra au serveur web \u00e0 chaque nouvelle connexion.   <\/p>\n\n\n\n<h2 class=\"wp-block-heading has-fs-h-2-font-size\">Nos engagements<\/h2>\n\n\n\n<p>Le Lyc\u00e9e Fran\u00e7ais de Madrid utilise la solution Tarte au citron ?, pour g\u00e9rer le recueil des consentements ou refus au d\u00e9p\u00f4t ou \u00e0 la lecture des cookies et respecter votre droit au retrait du consentement.<\/p>\n\n\n\n<p>Soucieux de respecter votre vie priv\u00e9e, le Lyc\u00e9e Fran\u00e7ais de Madrid tient \u00e0 vous rassurer : le simple fait de se rendre sur notre site internet et de poursuivre ou non sa navigation ne vaut pas acceptation et n\u2019entra\u00eene pas l\u2019installation de cookies soumis \u00e0 votre consentement pr\u00e9alable. Tant que vous ne les avez pas accept\u00e9s, aucun cookie soumis au consentement pr\u00e9alable ne sera d\u00e9pos\u00e9 ou lu sur votre terminal. Le refus de donner votre consentement ou l\u2019absence de choix n\u2019emp\u00eachent pas l\u2019acc\u00e8s \u00e0 notre site Internet.  <\/p>\n\n\n\n<h2 class=\"wp-block-heading has-fs-h-2-font-size\">Quelle est la dur\u00e9e de mon choix (consentement ou refus) ?<\/h2>\n\n\n\n<p>Votre choix \u00e0 l\u2019installation de cookies est valable 6 mois apr\u00e8s le premier d\u00e9p\u00f4t dans votre terminal. A l\u2019expiration de ce d\u00e9lai, votre choix sera \u00e0 nouveau demand\u00e9. Par ailleurs, vous pouvez \u00e0 tout moment revenir sur votre choix en vous rendant sur la page Gestion des cookies  <em> <\/em>pr\u00e9sente en bas de chaque page de notre site Internet.<\/p>\n\n\n\n<h2 class=\"wp-block-heading has-fs-h-2-font-size\">Quels sont les cookies utilis\u00e9s ? <\/h2>\n\n\n\n<p>Diff\u00e9rents types de cookies sont d\u00e9pos\u00e9s sur le site : <\/p>\n\n\n\n<h3 class=\"wp-block-heading has-fs-h-3-font-size\">Cookies techniques n\u00e9cessaires au bon fonctionnement du site<\/h3>\n\n\n\n<p>Ces cookies sont strictement n\u00e9cessaires au fonctionnement du site et\/ou \u00e0 la fourniture d\u2019un service express\u00e9ment demand\u00e9 par l\u2019utilisateur et repose sur l\u2019int\u00e9r\u00eat l\u00e9gitime du Lyc\u00e9e Fran\u00e7ais de Madrid d\u2019assurer une bonne navigation sur le site. Ils ne sont pas d\u00e9sactivables par d\u00e9faut. Les donn\u00e9es collect\u00e9es par ces cookies sont conserv\u00e9es pour la dur\u00e9e de votre session.  <\/p>\n\n\n\n<figure style=\"margin-top:var(--wp--preset--spacing--3);margin-bottom:var(--wp--preset--spacing--3)\" class=\"wp-block-table\"><table class=\"has-fixed-layout\"><thead><tr><th>Nom du cookie<\/th><th>Fournisseur du cookie<\/th><th>Finalit\u00e9<\/th><th>Dur\u00e9e d&#8217;expiration<\/th><\/tr><\/thead><tbody><tr><td>tarteaucitron<\/td><td>Tarteaucitron<\/td><td>Sauvegarder le choix en mati\u00e8re de consentement ou de refus des cookies<\/td><td>1 an<\/td><\/tr><tr><td>&#8230;<\/td><td>&#8230;<\/td><td>&#8230;<\/td><td>&#8230;<\/td><\/tr><\/tbody><\/table><\/figure>\n\n\n\n<h3 class=\"wp-block-heading has-fs-h-3-font-size\">Autres cookies<\/h3>\n\n\n\n<p>La base juridique pour tous les cookies suivants est votre consentement pr\u00e9alable. Lors de votre premi\u00e8re visite sur le Site, un bandeau vous informe de la pr\u00e9sence de ces cookies et vous invite \u00e0 indiquer votre choix. Ils ne sont d\u00e9pos\u00e9s que si vous les acceptez.  <\/p>\n\n\n\n<h4 class=\"wp-block-heading has-fs-h-4-font-size\">Cookies de mesure d&#8217;audience<\/h4>\n\n\n\n<p>Les cookies de mesure d\u2019audience permettent au Lyc\u00e9e Fran\u00e7ais de Madrid de comprendre la fa\u00e7on dont les visiteurs acc\u00e8dent \u00e0 notre site et d&#8217;obtenir des statistiques relatives \u00e0 leur parcours de navigation afin d\u2019en optimiser l\u2019ergonomie, le contenu, etc.<\/p>\n\n\n\n<p>Les donn\u00e9es statistiques issues des cookies sont conserv\u00e9es pour une dur\u00e9e de [\u2026].<\/p>\n\n\n\n<figure style=\"margin-top:var(--wp--preset--spacing--3);margin-bottom:var(--wp--preset--spacing--3)\" class=\"wp-block-table\"><table class=\"has-fixed-layout\"><thead><tr><th>Nom du cookie<\/th><th>Fournisseur du cookie<\/th><th>Finalit\u00e9<\/th><th>Dur\u00e9e d&#8217;expiration<\/th><\/tr><\/thead><tbody><tr><td>_ga_<\/td><td>Google Analytics<\/td><td>&#8230;<\/td><td>&#8230;<\/td><\/tr><tr><td>_ga_<\/td><td>Google Analytics<\/td><td>&#8230;<\/td><td>&#8230;<\/td><\/tr><tr><td>_ga_<\/td><td>Google Analytics<\/td><td>&#8230;<\/td><td>&#8230;<\/td><\/tr><\/tbody><\/table><\/figure>\n\n\n\n<h2 class=\"wp-block-heading has-fs-h-2-font-size\">A qui sont destin\u00e9es les donn\u00e9es collect\u00e9es par les cookies utilis\u00e9s ?<\/h2>\n\n\n\n<p>Seuls ont acc\u00e8s \u00e0 vos donn\u00e9es personnelles, dans la limite de leurs attributions respectives :<\/p>\n\n\n\n<ul class=\"wp-block-list\">\n<li>Les services habilit\u00e9s du Lyc\u00e9e Fran\u00e7ais de Madrid ;<\/li>\n\n\n\n<li>Les prestataires agissant en qualit\u00e9 de sous-traitant : Tribu ? autre ? <\/li>\n\n\n\n<li>Les tiers agissant en qualit\u00e9 de responsables de traitement conjoints : les plateformes et r\u00e9seaux sociaux pr\u00e9cit\u00e9s (Facebook, Instagram, LinkedIn, YouTube, etc.) ont acc\u00e8s \u00e0 votre historique de navigation sur notre Site lorsque vous l\u2019acceptez par le biais de notre bandeau cookie. Nous vous informons que ces responsables de traitement conjoints sont seuls responsables des \u00e9ventuels transferts et traitements de donn\u00e9es r\u00e9alis\u00e9s au sein et\/ou hors de l\u2019Espace \u00c9conomique Europ\u00e9en par le biais des cookies r\u00e9seaux sociaux. Pour plus d\u2019informations sur les modalit\u00e9s des traitements de donn\u00e9es r\u00e9alis\u00e9s par ces tiers, veuillez-vous reportez-vous \u00e0 leurs Politiques de confidentialit\u00e9.  <\/li>\n<\/ul>\n\n\n\n<h2 class=\"wp-block-heading\">Comment exercer vos droits RGPD ?<\/h2>\n\n\n\n<p>Vous disposez du droit de retirer votre consentement au d\u00e9p\u00f4t et\/ou \u00e0 la lecture des cookies soumis \u00e0 votre consentement pr\u00e9alable \u00e0 tout moment \u00e0 partir de notre outil de gestion des cookies accessible depuis chaque page du site. Conform\u00e9ment \u00e0, et dans les limites des dispositions l\u00e9gales applicables, vous disposez du droit d\u2019acc\u00e9der aux donn\u00e9es vous concernant ou de demander leur effacement. Vous disposez \u00e9galement d&#8217;un droit d\u2019opposition, d\u2019un droit de rectification, d\u2019un droit \u00e0 la limitation du traitement de vos donn\u00e9es, d\u2019un droit \u00e0 la portabilit\u00e9 de vos donn\u00e9es ainsi que du droit de d\u00e9finir des directives relatives au sort de vos donn\u00e9es \u00e0 caract\u00e8re personnel apr\u00e8s votre d\u00e9c\u00e8s (cf. www.cnil.fr pour plus d\u2019informations sur vos droits).  <\/p>\n\n\n\n<p>Pour exercer l\u2019un de vos droits, adressez votre demande \u00e0 : <a href=\"mailto:rgpd@lfmadrid.org\">rgpd@lfmadrid.org<\/a><\/p>\n\n\n\n<p>Toute demande doit pr\u00e9ciser, en objet, le motif de la demande (exercice du droit d\u2019acc\u00e8s, d\u2019opposition, etc.). La demande doit \u00e9galement \u00eatre accompagn\u00e9e de tout \u00e9l\u00e9ment permettant de justifier de l\u2019identit\u00e9 du demandeur et pr\u00e9ciser l\u2019adresse \u00e0 laquelle doit parvenir la r\u00e9ponse. <\/p>\n\n\n\n<p>Le Lyc\u00e9e Fran\u00e7ais de Madrid vous adressera sa r\u00e9ponse dans un d\u00e9lai maximum d\u2019un (1) mois, \u00e0 compter de la date de r\u00e9ception de votre demande. Ce d\u00e9lai peut toutefois \u00eatre prolong\u00e9 de deux (2) mois suppl\u00e9mentaires en raison de la complexit\u00e9 et du nombre de demandes. <\/p>\n\n\n\n<p>Si vous estimez, apr\u00e8s avoir contact\u00e9 le Lyc\u00e9e Fran\u00e7ais de Madrid que vos droits Informatique et Libert\u00e9s ne sont pas respect\u00e9s, vous pouvez adresser une r\u00e9clamation \u00e0 la CNIL.<\/p>\n\n<\/div>\n","protected":false},"excerpt":{"rendered":"","protected":false},"author":1,"featured_media":5335,"parent":0,"menu_order":0,"comment_status":"closed","ping_status":"closed","template":"","meta":{"_acf_changed":false,"footnotes":""},"school_type":[],"class_list":["post-7460","page","type-page","status-publish","has-post-thumbnail","hentry"],"acf":[],"yoast_head":"<!-- This site is optimized with the Yoast SEO plugin v27.4 - https:\/\/yoast.com\/product\/yoast-seo-wordpress\/ -->\n<title>Configuraci\u00f3n de cookies - Lyc\u00e9e Fran\u00e7ais de Madrid<\/title>\n<meta name=\"robots\" content=\"noindex, follow, max-snippet:-1, max-image-preview:large, max-video-preview:-1\" \/>\n<meta property=\"og:locale\" content=\"es_ES\" \/>\n<meta property=\"og:type\" content=\"article\" \/>\n<meta property=\"og:title\" content=\"Configuraci\u00f3n de cookies - Lyc\u00e9e Fran\u00e7ais de Madrid\" \/>\n<meta property=\"og:url\" content=\"https:\/\/lfmadrid.net.dev2.tribu-and-co.com\/es\/configuracion-de-cookies\/\" \/>\n<meta property=\"og:site_name\" content=\"Lyc\u00e9e Fran\u00e7ais de Madrid\" \/>\n<meta property=\"article:modified_time\" content=\"2026-03-30T11:00:59+00:00\" \/>\n<meta property=\"og:image\" content=\"http:\/\/lfmadrid.net.dev2.tribu-and-co.com\/wp-content\/uploads\/2026\/03\/sasun-bughdaryan-2T4l02ZYj-k-unsplash.webp\" \/>\n\t<meta property=\"og:image:width\" content=\"1100\" \/>\n\t<meta property=\"og:image:height\" content=\"576\" \/>\n\t<meta property=\"og:image:type\" content=\"image\/webp\" \/>\n<meta name=\"twitter:card\" content=\"summary_large_image\" \/>\n<meta name=\"twitter:label1\" content=\"Tiempo de lectura\" \/>\n\t<meta name=\"twitter:data1\" content=\"5 minutes\" \/>\n<script type=\"application\/ld+json\" class=\"yoast-schema-graph\">{\"@context\":\"https:\\\/\\\/schema.org\",\"@graph\":[{\"@type\":\"WebPage\",\"@id\":\"https:\\\/\\\/lfmadrid.net.dev2.tribu-and-co.com\\\/es\\\/configuracion-de-cookies\\\/\",\"url\":\"https:\\\/\\\/lfmadrid.net.dev2.tribu-and-co.com\\\/es\\\/configuracion-de-cookies\\\/\",\"name\":\"Configuraci\u00f3n de cookies - Lyc\u00e9e Fran\u00e7ais de Madrid\",\"isPartOf\":{\"@id\":\"http:\\\/\\\/lfmadrid.net.dev2.tribu-and-co.com\\\/es\\\/#website\"},\"primaryImageOfPage\":{\"@id\":\"https:\\\/\\\/lfmadrid.net.dev2.tribu-and-co.com\\\/es\\\/configuracion-de-cookies\\\/#primaryimage\"},\"image\":{\"@id\":\"https:\\\/\\\/lfmadrid.net.dev2.tribu-and-co.com\\\/es\\\/configuracion-de-cookies\\\/#primaryimage\"},\"thumbnailUrl\":\"https:\\\/\\\/lfmadrid.net.dev2.tribu-and-co.com\\\/wp-content\\\/uploads\\\/2026\\\/03\\\/sasun-bughdaryan-2T4l02ZYj-k-unsplash.webp\",\"datePublished\":\"2026-03-02T12:23:28+00:00\",\"dateModified\":\"2026-03-30T11:00:59+00:00\",\"breadcrumb\":{\"@id\":\"https:\\\/\\\/lfmadrid.net.dev2.tribu-and-co.com\\\/es\\\/configuracion-de-cookies\\\/#breadcrumb\"},\"inLanguage\":\"es-ES\",\"potentialAction\":[{\"@type\":\"ReadAction\",\"target\":[\"https:\\\/\\\/lfmadrid.net.dev2.tribu-and-co.com\\\/es\\\/configuracion-de-cookies\\\/\"]}]},{\"@type\":\"ImageObject\",\"inLanguage\":\"es-ES\",\"@id\":\"https:\\\/\\\/lfmadrid.net.dev2.tribu-and-co.com\\\/es\\\/configuracion-de-cookies\\\/#primaryimage\",\"url\":\"https:\\\/\\\/lfmadrid.net.dev2.tribu-and-co.com\\\/wp-content\\\/uploads\\\/2026\\\/03\\\/sasun-bughdaryan-2T4l02ZYj-k-unsplash.webp\",\"contentUrl\":\"https:\\\/\\\/lfmadrid.net.dev2.tribu-and-co.com\\\/wp-content\\\/uploads\\\/2026\\\/03\\\/sasun-bughdaryan-2T4l02ZYj-k-unsplash.webp\",\"width\":1100,\"height\":576},{\"@type\":\"BreadcrumbList\",\"@id\":\"https:\\\/\\\/lfmadrid.net.dev2.tribu-and-co.com\\\/es\\\/configuracion-de-cookies\\\/#breadcrumb\",\"itemListElement\":[{\"@type\":\"ListItem\",\"position\":1,\"name\":\"Inicio\",\"item\":\"http:\\\/\\\/lfmadrid.net.dev2.tribu-and-co.com\\\/es\\\/\"},{\"@type\":\"ListItem\",\"position\":2,\"name\":\"Configuraci\u00f3n de cookies\"}]},{\"@type\":\"WebSite\",\"@id\":\"http:\\\/\\\/lfmadrid.net.dev2.tribu-and-co.com\\\/es\\\/#website\",\"url\":\"http:\\\/\\\/lfmadrid.net.dev2.tribu-and-co.com\\\/es\\\/\",\"name\":\"Lyc\u00e9e Fran\u00e7ais de Madrid\",\"description\":\"\",\"publisher\":{\"@id\":\"http:\\\/\\\/lfmadrid.net.dev2.tribu-and-co.com\\\/es\\\/#organization\"},\"potentialAction\":[{\"@type\":\"SearchAction\",\"target\":{\"@type\":\"EntryPoint\",\"urlTemplate\":\"http:\\\/\\\/lfmadrid.net.dev2.tribu-and-co.com\\\/es\\\/?s={search_term_string}\"},\"query-input\":{\"@type\":\"PropertyValueSpecification\",\"valueRequired\":true,\"valueName\":\"search_term_string\"}}],\"inLanguage\":\"es-ES\"},{\"@type\":\"Organization\",\"@id\":\"http:\\\/\\\/lfmadrid.net.dev2.tribu-and-co.com\\\/es\\\/#organization\",\"name\":\"Lyc\u00e9e Fran\u00e7ais de Madrid\",\"url\":\"http:\\\/\\\/lfmadrid.net.dev2.tribu-and-co.com\\\/es\\\/\",\"logo\":{\"@type\":\"ImageObject\",\"inLanguage\":\"es-ES\",\"@id\":\"http:\\\/\\\/lfmadrid.net.dev2.tribu-and-co.com\\\/es\\\/#\\\/schema\\\/logo\\\/image\\\/\",\"url\":\"http:\\\/\\\/lfmadrid.net.dev2.tribu-and-co.com\\\/wp-content\\\/uploads\\\/2026\\\/01\\\/lfm-logo.svg\",\"contentUrl\":\"http:\\\/\\\/lfmadrid.net.dev2.tribu-and-co.com\\\/wp-content\\\/uploads\\\/2026\\\/01\\\/lfm-logo.svg\",\"width\":154,\"height\":60,\"caption\":\"Lyc\u00e9e Fran\u00e7ais de Madrid\"},\"image\":{\"@id\":\"http:\\\/\\\/lfmadrid.net.dev2.tribu-and-co.com\\\/es\\\/#\\\/schema\\\/logo\\\/image\\\/\"}}]}<\/script>\n<!-- \/ Yoast SEO plugin. -->","yoast_head_json":{"title":"Configuraci\u00f3n de cookies - Lyc\u00e9e Fran\u00e7ais de Madrid","robots":{"index":"noindex","follow":"follow","max-snippet":"max-snippet:-1","max-image-preview":"max-image-preview:large","max-video-preview":"max-video-preview:-1"},"og_locale":"es_ES","og_type":"article","og_title":"Configuraci\u00f3n de cookies - Lyc\u00e9e Fran\u00e7ais de Madrid","og_url":"https:\/\/lfmadrid.net.dev2.tribu-and-co.com\/es\/configuracion-de-cookies\/","og_site_name":"Lyc\u00e9e Fran\u00e7ais de Madrid","article_modified_time":"2026-03-30T11:00:59+00:00","og_image":[{"width":1100,"height":576,"url":"http:\/\/lfmadrid.net.dev2.tribu-and-co.com\/wp-content\/uploads\/2026\/03\/sasun-bughdaryan-2T4l02ZYj-k-unsplash.webp","type":"image\/webp"}],"twitter_card":"summary_large_image","twitter_misc":{"Tiempo de lectura":"5 minutes"},"schema":{"@context":"https:\/\/schema.org","@graph":[{"@type":"WebPage","@id":"https:\/\/lfmadrid.net.dev2.tribu-and-co.com\/es\/configuracion-de-cookies\/","url":"https:\/\/lfmadrid.net.dev2.tribu-and-co.com\/es\/configuracion-de-cookies\/","name":"Configuraci\u00f3n de cookies - Lyc\u00e9e Fran\u00e7ais de Madrid","isPartOf":{"@id":"http:\/\/lfmadrid.net.dev2.tribu-and-co.com\/es\/#website"},"primaryImageOfPage":{"@id":"https:\/\/lfmadrid.net.dev2.tribu-and-co.com\/es\/configuracion-de-cookies\/#primaryimage"},"image":{"@id":"https:\/\/lfmadrid.net.dev2.tribu-and-co.com\/es\/configuracion-de-cookies\/#primaryimage"},"thumbnailUrl":"https:\/\/lfmadrid.net.dev2.tribu-and-co.com\/wp-content\/uploads\/2026\/03\/sasun-bughdaryan-2T4l02ZYj-k-unsplash.webp","datePublished":"2026-03-02T12:23:28+00:00","dateModified":"2026-03-30T11:00:59+00:00","breadcrumb":{"@id":"https:\/\/lfmadrid.net.dev2.tribu-and-co.com\/es\/configuracion-de-cookies\/#breadcrumb"},"inLanguage":"es-ES","potentialAction":[{"@type":"ReadAction","target":["https:\/\/lfmadrid.net.dev2.tribu-and-co.com\/es\/configuracion-de-cookies\/"]}]},{"@type":"ImageObject","inLanguage":"es-ES","@id":"https:\/\/lfmadrid.net.dev2.tribu-and-co.com\/es\/configuracion-de-cookies\/#primaryimage","url":"https:\/\/lfmadrid.net.dev2.tribu-and-co.com\/wp-content\/uploads\/2026\/03\/sasun-bughdaryan-2T4l02ZYj-k-unsplash.webp","contentUrl":"https:\/\/lfmadrid.net.dev2.tribu-and-co.com\/wp-content\/uploads\/2026\/03\/sasun-bughdaryan-2T4l02ZYj-k-unsplash.webp","width":1100,"height":576},{"@type":"BreadcrumbList","@id":"https:\/\/lfmadrid.net.dev2.tribu-and-co.com\/es\/configuracion-de-cookies\/#breadcrumb","itemListElement":[{"@type":"ListItem","position":1,"name":"Inicio","item":"http:\/\/lfmadrid.net.dev2.tribu-and-co.com\/es\/"},{"@type":"ListItem","position":2,"name":"Configuraci\u00f3n de cookies"}]},{"@type":"WebSite","@id":"http:\/\/lfmadrid.net.dev2.tribu-and-co.com\/es\/#website","url":"http:\/\/lfmadrid.net.dev2.tribu-and-co.com\/es\/","name":"Lyc\u00e9e Fran\u00e7ais de Madrid","description":"","publisher":{"@id":"http:\/\/lfmadrid.net.dev2.tribu-and-co.com\/es\/#organization"},"potentialAction":[{"@type":"SearchAction","target":{"@type":"EntryPoint","urlTemplate":"http:\/\/lfmadrid.net.dev2.tribu-and-co.com\/es\/?s={search_term_string}"},"query-input":{"@type":"PropertyValueSpecification","valueRequired":true,"valueName":"search_term_string"}}],"inLanguage":"es-ES"},{"@type":"Organization","@id":"http:\/\/lfmadrid.net.dev2.tribu-and-co.com\/es\/#organization","name":"Lyc\u00e9e Fran\u00e7ais de Madrid","url":"http:\/\/lfmadrid.net.dev2.tribu-and-co.com\/es\/","logo":{"@type":"ImageObject","inLanguage":"es-ES","@id":"http:\/\/lfmadrid.net.dev2.tribu-and-co.com\/es\/#\/schema\/logo\/image\/","url":"http:\/\/lfmadrid.net.dev2.tribu-and-co.com\/wp-content\/uploads\/2026\/01\/lfm-logo.svg","contentUrl":"http:\/\/lfmadrid.net.dev2.tribu-and-co.com\/wp-content\/uploads\/2026\/01\/lfm-logo.svg","width":154,"height":60,"caption":"Lyc\u00e9e Fran\u00e7ais de Madrid"},"image":{"@id":"http:\/\/lfmadrid.net.dev2.tribu-and-co.com\/es\/#\/schema\/logo\/image\/"}}]}},"_links":{"self":[{"href":"https:\/\/lfmadrid.net.dev2.tribu-and-co.com\/es\/wp-json\/wp\/v2\/pages\/7460","targetHints":{"allow":["GET"]}}],"collection":[{"href":"https:\/\/lfmadrid.net.dev2.tribu-and-co.com\/es\/wp-json\/wp\/v2\/pages"}],"about":[{"href":"https:\/\/lfmadrid.net.dev2.tribu-and-co.com\/es\/wp-json\/wp\/v2\/types\/page"}],"author":[{"embeddable":true,"href":"https:\/\/lfmadrid.net.dev2.tribu-and-co.com\/es\/wp-json\/wp\/v2\/users\/1"}],"replies":[{"embeddable":true,"href":"https:\/\/lfmadrid.net.dev2.tribu-and-co.com\/es\/wp-json\/wp\/v2\/comments?post=7460"}],"version-history":[{"count":1,"href":"https:\/\/lfmadrid.net.dev2.tribu-and-co.com\/es\/wp-json\/wp\/v2\/pages\/7460\/revisions"}],"predecessor-version":[{"id":7461,"href":"https:\/\/lfmadrid.net.dev2.tribu-and-co.com\/es\/wp-json\/wp\/v2\/pages\/7460\/revisions\/7461"}],"wp:featuredmedia":[{"embeddable":true,"href":"https:\/\/lfmadrid.net.dev2.tribu-and-co.com\/es\/wp-json\/wp\/v2\/media\/5335"}],"wp:attachment":[{"href":"https:\/\/lfmadrid.net.dev2.tribu-and-co.com\/es\/wp-json\/wp\/v2\/media?parent=7460"}],"wp:term":[{"taxonomy":"school_type","embeddable":true,"href":"https:\/\/lfmadrid.net.dev2.tribu-and-co.com\/es\/wp-json\/wp\/v2\/school_type?post=7460"}],"curies":[{"name":"wp","href":"https:\/\/api.w.org\/{rel}","templated":true}]}}