
{"id":5991,"date":"2026-01-08T17:17:58","date_gmt":"2026-01-08T16:17:58","guid":{"rendered":"http:\/\/lfmadrid.net.dev2.tribu-and-co.com\/la-escuela-infantilen-la-moraleja\/"},"modified":"2026-04-15T17:35:54","modified_gmt":"2026-04-15T15:35:54","slug":"la-escuela-infantilen-la-moraleja","status":"publish","type":"page","link":"https:\/\/lfmadrid.net.dev2.tribu-and-co.com\/es\/infantil\/la-escuela-infantilen-la-moraleja\/","title":{"rendered":"La escuela infantil<br>en La Moraleja"},"content":{"rendered":"<div class=\"container\">\n\t<div class=\"page-head wp-block-tribu-blocks-page-head\">\n\n\t\t<div class=\"page-head__content\">\n\t\t\t\t\t\t\t<h1 class=\"page-head__title has-fs-h-2-font-size fw-700\">La escuela infantil<br>en La Moraleja<\/h1>\n\t\t\t\n\t\t\t\t\t\t\t<div class=\"page-head__subtitle\">Informaci\u00f3n pr\u00e1ctica<\/div>\n\t\t\t\t\t<\/div>\n\n\t\t\t\t\t<div class=\"page-head__images-wrapper\">\n\t\t\t\t<div class=\"page-head__image\">\n\t\t\t\t\t<img decoding=\"async\" width=\"550\" height=\"400\" src=\"https:\/\/lfmadrid.net.dev2.tribu-and-co.com\/wp-content\/uploads\/2026\/03\/IMG_9165-550x400.jpg\" class=\"page-head__featured-image wp-post-image\" alt=\"\" \/>\t\t\t\t<\/div>\n\t\t\t\t<img \n\t\t\t\t\tclass=\"page-head__decorative-image\" \n\t\t\t\t\tsrc=https:\/\/lfmadrid.net.dev2.tribu-and-co.com\/wp-content\/plugins\/tribu-blocks\/build\/page-head\/svg\/pattern.88da4312.svg\t\t\t\t\talt=\"\"\n\t\t\t\t\/>\n\t\t\t<\/div>\n\t\t\t\t\n\t\t\t\t<\/div>\n<\/div>\n\n<div class=\"wp-block-buttons wp-block-buttons--list is-horizontal is-content-justification-center is-layout-flex wp-container-core-buttons-is-layout-6bd4d9d1 wp-block-buttons-is-layout-flex\">\n<div class=\"wp-block-button btn btn--primary custom-button custom-button--default custom-button--primary\"><a class=\"wp-block-button__link wp-element-button\" href=\"http:\/\/lfmadrid.net.dev2.tribu-and-co.com\/es\/infantil\/la-escuela-infantilen-la-moraleja\/\">La Moraleja<\/a><\/div>\n\n\n\n<div class=\"wp-block-button btn btn--secondary\"><a class=\"wp-block-button__link wp-element-button\" href=\"http:\/\/lfmadrid.net.dev2.tribu-and-co.com\/es\/infantil\/la-escuela-infantil-en-conde-de-orgaz\/\">Conde de Orgaz<\/a><\/div>\n<\/div>\n<div class=\"container container--md alignfull wp-block-tribu-blocks-container\">\n\t\n\n<h2 class=\"wp-block-heading has-fs-h-2-font-size\">Una jornada en la escuela infantil en La Moraleja<\/h2>\n\n\n\n<div class=\"wp-block-group is-layout-grid wp-container-core-group-is-layout-b757edec wp-block-group-is-layout-grid\">\n<div class=\"wp-block-group is-layout-constrained wp-block-group-is-layout-constrained\">\n<h3 class=\"wp-block-heading\">\u23f1\ufe0f Horarios de la jornada escolar:<\/h3>\n\n\n\n<p><strong>Lunes, martes, mi\u00e9rcoles y jueves<\/strong><\/p>\n\n\n\n<p>8:30 &#8211; 9:00: guarder\u00eda<\/p>\n\n\n\n<p>9:00 &#8211; 12:30: clase<\/p>\n\n\n\n<p>12:30 &#8211; 14:00*: comida y, a continuaci\u00f3n, siesta o descanso<\/p>\n\n\n\n<p>14:00 &#8211; 15:50: clase<\/p>\n\n\n\n<p><strong>Viernes<\/strong><\/p>\n\n\n\n<p>8:30 &#8211; 9:00: guarder\u00eda<\/p>\n\n\n\n<p>9:00 &#8211; 13:00: clase<\/p>\n<\/div>\n\n\n\n<div class=\"wp-block-group is-layout-constrained wp-block-group-is-layout-constrained\">\n<h3 class=\"wp-block-heading\">\u23f1\ufe0f Acogida fuera del horario escolar (opcional)<\/h3>\n\n\n\n<p><strong>Lunes, martes, mi\u00e9rcoles y jueves<\/strong><\/p>\n\n\n\n<p>8:30 &#8211; 9:00: guarder\u00eda<\/p>\n\n\n\n<p>16:00 &#8211; 17:15: guarder\u00eda, talleres o ayuda con los deberes supervisados por los profesores, o actividades extraescolares (deporte, m\u00fasica, artes pl\u00e1sticas\u2026)<\/p>\n\n\n\n<p><strong>Viernes<\/strong><\/p>\n\n\n\n<p>13:00-16:15 o 13:00-17:15: guarder\u00eda para los alumnos de TPS y guarder\u00eda, talleres o deberes supervisados por los profesores, o actividades extraescolares (deporte, m\u00fasica, artes pl\u00e1sticas\u2026) para los dem\u00e1s cursos<br\/><\/p>\n<\/div>\n<\/div>\n\n<\/div>\n<div class=\"container container--md alignfull wp-block-tribu-blocks-container\">\n\t\n<div style=\"margin-bottom:var(--wp--preset--spacing--9);margin-top:var(--wp--preset--spacing--9);\" class=\"gallery wp-block-tribu-blocks-gallery\">\r\n    <div class=\"gallery-item\"><a href=\"http:\/\/lfmadrid.net.dev2.tribu-and-co.com\/wp-content\/uploads\/2026\/01\/maternelle-1.jpg\" class=\"lightbox\"><div class=\"gallery-item wp-block-tribu-blocks-gallery-item\" data-url=\"http:\/\/lfmadrid.net.dev2.tribu-and-co.com\/wp-content\/uploads\/2026\/01\/maternelle-1.jpg\" data-title=\"maternelle-1\">\r\n\t\t\t<img decoding=\"async\" width=\"300\" height=\"263\" src=\"https:\/\/lfmadrid.net.dev2.tribu-and-co.com\/wp-content\/uploads\/2026\/01\/maternelle-1-300x263.jpg\" class=\"\" alt=\"\" data-fullsize=\"https:\/\/lfmadrid.net.dev2.tribu-and-co.com\/wp-content\/uploads\/2026\/01\/maternelle-1.jpg\" srcset=\"https:\/\/lfmadrid.net.dev2.tribu-and-co.com\/wp-content\/uploads\/2026\/01\/maternelle-1-300x263.jpg 300w, https:\/\/lfmadrid.net.dev2.tribu-and-co.com\/wp-content\/uploads\/2026\/01\/maternelle-1.jpg 345w\" sizes=\"(max-width: 300px) 100vw, 300px\" \/>\t<\/div><\/a><\/div><div class=\"gallery-item\"><a href=\"http:\/\/lfmadrid.net.dev2.tribu-and-co.com\/wp-content\/uploads\/2026\/01\/maternelle-2.jpg\" class=\"lightbox\"><div class=\"gallery-item wp-block-tribu-blocks-gallery-item\" data-url=\"http:\/\/lfmadrid.net.dev2.tribu-and-co.com\/wp-content\/uploads\/2026\/01\/maternelle-2.jpg\" data-title=\"maternelle-2\">\r\n\t\t\t<img decoding=\"async\" width=\"300\" height=\"263\" src=\"https:\/\/lfmadrid.net.dev2.tribu-and-co.com\/wp-content\/uploads\/2026\/01\/maternelle-2-300x263.jpg\" class=\"\" alt=\"\" data-fullsize=\"https:\/\/lfmadrid.net.dev2.tribu-and-co.com\/wp-content\/uploads\/2026\/01\/maternelle-2.jpg\" srcset=\"https:\/\/lfmadrid.net.dev2.tribu-and-co.com\/wp-content\/uploads\/2026\/01\/maternelle-2-300x263.jpg 300w, https:\/\/lfmadrid.net.dev2.tribu-and-co.com\/wp-content\/uploads\/2026\/01\/maternelle-2.jpg 345w\" sizes=\"(max-width: 300px) 100vw, 300px\" \/>\t<\/div><\/a><\/div><div class=\"gallery-item\"><a href=\"http:\/\/lfmadrid.net.dev2.tribu-and-co.com\/wp-content\/uploads\/2026\/03\/Header-2-scaled-1-1024x403.webp\" class=\"lightbox\"><div class=\"gallery-item wp-block-tribu-blocks-gallery-item\" data-url=\"http:\/\/lfmadrid.net.dev2.tribu-and-co.com\/wp-content\/uploads\/2026\/03\/Header-2-scaled-1-1024x403.webp\" data-title=\"Header-2-scaled\">\r\n\t\t\t<img decoding=\"async\" width=\"300\" height=\"118\" src=\"https:\/\/lfmadrid.net.dev2.tribu-and-co.com\/wp-content\/uploads\/2026\/03\/Header-2-scaled-1-300x118.webp\" class=\"\" alt=\"\" data-fullsize=\"https:\/\/lfmadrid.net.dev2.tribu-and-co.com\/wp-content\/uploads\/2026\/03\/Header-2-scaled-1.webp\" srcset=\"https:\/\/lfmadrid.net.dev2.tribu-and-co.com\/wp-content\/uploads\/2026\/03\/Header-2-scaled-1-300x118.webp 300w, https:\/\/lfmadrid.net.dev2.tribu-and-co.com\/wp-content\/uploads\/2026\/03\/Header-2-scaled-1-1024x403.webp 1024w, https:\/\/lfmadrid.net.dev2.tribu-and-co.com\/wp-content\/uploads\/2026\/03\/Header-2-scaled-1-768x302.webp 768w, https:\/\/lfmadrid.net.dev2.tribu-and-co.com\/wp-content\/uploads\/2026\/03\/Header-2-scaled-1-1536x605.webp 1536w, https:\/\/lfmadrid.net.dev2.tribu-and-co.com\/wp-content\/uploads\/2026\/03\/Header-2-scaled-1-2048x806.webp 2048w, https:\/\/lfmadrid.net.dev2.tribu-and-co.com\/wp-content\/uploads\/2026\/03\/Header-2-scaled-1-1320x520.webp 1320w, https:\/\/lfmadrid.net.dev2.tribu-and-co.com\/wp-content\/uploads\/2026\/03\/Header-2-scaled-1-600x236.webp 600w\" sizes=\"(max-width: 300px) 100vw, 300px\" \/>\t<\/div><\/a><\/div><div class=\"gallery-item\"><a href=\"http:\/\/lfmadrid.net.dev2.tribu-and-co.com\/wp-content\/uploads\/2026\/03\/bandeau-foret.002-1500x810-1-1024x553.jpeg\" class=\"lightbox\"><div class=\"gallery-item wp-block-tribu-blocks-gallery-item\" data-url=\"http:\/\/lfmadrid.net.dev2.tribu-and-co.com\/wp-content\/uploads\/2026\/03\/bandeau-foret.002-1500x810-1-1024x553.jpeg\" data-title=\"bandeau-foret.002-1500&#215;810\">\r\n\t\t\t<img decoding=\"async\" width=\"300\" height=\"162\" src=\"https:\/\/lfmadrid.net.dev2.tribu-and-co.com\/wp-content\/uploads\/2026\/03\/bandeau-foret.002-1500x810-1-300x162.jpeg\" class=\"\" alt=\"\" data-fullsize=\"https:\/\/lfmadrid.net.dev2.tribu-and-co.com\/wp-content\/uploads\/2026\/03\/bandeau-foret.002-1500x810-1.jpeg\" srcset=\"https:\/\/lfmadrid.net.dev2.tribu-and-co.com\/wp-content\/uploads\/2026\/03\/bandeau-foret.002-1500x810-1-300x162.jpeg 300w, https:\/\/lfmadrid.net.dev2.tribu-and-co.com\/wp-content\/uploads\/2026\/03\/bandeau-foret.002-1500x810-1-1024x553.jpeg 1024w, https:\/\/lfmadrid.net.dev2.tribu-and-co.com\/wp-content\/uploads\/2026\/03\/bandeau-foret.002-1500x810-1-768x415.jpeg 768w, https:\/\/lfmadrid.net.dev2.tribu-and-co.com\/wp-content\/uploads\/2026\/03\/bandeau-foret.002-1500x810-1-1320x713.jpeg 1320w, https:\/\/lfmadrid.net.dev2.tribu-and-co.com\/wp-content\/uploads\/2026\/03\/bandeau-foret.002-1500x810-1-600x324.jpeg 600w, https:\/\/lfmadrid.net.dev2.tribu-and-co.com\/wp-content\/uploads\/2026\/03\/bandeau-foret.002-1500x810-1.jpeg 1500w\" sizes=\"(max-width: 300px) 100vw, 300px\" \/>\t<\/div><\/a><\/div><\/div>\r\n\n<\/div>\n\n<div class=\"wp-block-group has-tertiaire-1-background-color has-background is-layout-constrained wp-block-group-is-layout-constrained\" style=\"margin-top:var(--wp--preset--spacing--8);margin-bottom:var(--wp--preset--spacing--8);padding-top:var(--wp--preset--spacing--6);padding-bottom:var(--wp--preset--spacing--6)\"><div class=\"container container--md alignfull wp-block-tribu-blocks-container\">\n\t\n\n<h2 class=\"wp-block-heading has-text-align-center has-fs-h-2-font-size without-stripes\" style=\"margin-top:0\">Contactos e informaci\u00f3n \u00fatil<\/h2>\n\n\n\n<div class=\"wp-block-group is-layout-grid wp-container-core-group-is-layout-b757edec wp-block-group-is-layout-grid\">\n<div class=\"wp-block-group is-layout-constrained wp-block-group-is-layout-constrained\">\n<p><strong>Secretar\u00eda de la escuela infantil<\/strong><\/p>\n\n\n\n<p>Asistente de direcci\u00f3n<br\/>Solange PEREZ<br\/><span style=\"text-decoration: underline;\"><a href=\"mailto:lamoraleja@lfmadrid.org\">lamoraleja@lfmadrid.org<\/a><br\/><\/span>Tel. : <a href=\"tel:+34916507019\">+34 91 650 70 19<\/a> <\/p>\n<\/div>\n\n\n\n<div class=\"wp-block-group is-layout-constrained wp-block-group-is-layout-constrained\">\n<p><strong>Vida escolar de la escuela infantil<\/strong><\/p>\n\n\n\n<p><span style=\"text-decoration: underline;\"><a href=\"viescolairelamoraleja@lfmadrid.org\" type=\"link\" id=\"viescolairelamoraleja@lfmadrid.org\">viescolairelamoraleja@lfmadrid.org<br\/><\/a><\/span>Tel. : <a href=\"tel:+34912670386\" type=\"tel\" id=\"tel:+34912670386\">+34 91 267 03 86<\/a> <\/p>\n<\/div>\n\n\n\n<div class=\"wp-block-group is-layout-constrained wp-block-group-is-layout-constrained\">\n<p><strong><strong>ACS, Asociaci\u00f3n cultural y deportiva<\/strong><\/strong><\/p>\n\n\n\n<p>Alexandre ALVERGNAT<br\/><a href=\"mailto:info@acslfm.org\">info@acslfm.org<\/a><br\/>Tel. :<a href=\"tel:+34910119733\"> +34 91 011 97 33<\/a><br\/><a href=\"https:\/\/acslfm.org\" target=\"_blank\" rel=\"noreferrer noopener\">https<\/a><a href=\"https:\/\/acslfm.org\">:\/\/acslfm.org<\/a><\/p>\n<\/div>\n\n\n\n<div class=\"wp-block-group is-layout-constrained wp-block-group-is-layout-constrained\">\n<p><strong><strong><strong><strong>ALI, asociaci\u00f3n de Padres de Alumnos<\/strong><\/strong><\/strong><\/strong><\/p>\n\n\n\n<p><a href=\"mailto:parents.lfmmadrid@gmail.com\"><span style=\"text-decoration: underline;\">parents.lfmmadrid@gmail.com<\/span><\/a><br\/><strong><a href=\"http:\/\/www.ali.scolidaires.org\" target=\"_blank\" rel=\"noreferrer noopener\">www.ali.scolidaires.org<\/a><br\/><\/strong><br\/><\/p>\n<\/div>\n\n\n\n<div class=\"wp-block-group is-layout-constrained wp-block-group-is-layout-constrained\">\n<p><strong><strong><strong>APA, asociaci\u00f3n de Padres de Alumnos encargada del transporte escolar<\/strong><\/strong><\/strong><\/p>\n\n\n\n<p><a href=\"mailto:oficina@apaliceo.com\"><span style=\"text-decoration: underline;\">oficina@apaliceo.com<\/span><\/a><br\/><a href=\"tel:+34618618155\">Tel. : +34 618 618 155<\/a><br\/><strong><a href=\"http:\/\/www.apaliceo.es\" target=\"_blank\" rel=\"noreferrer noopener\">www.apaliceo.es<\/a><br\/><\/strong><\/p>\n<\/div>\n\n\n\n<div class=\"wp-block-group is-layout-constrained wp-block-group-is-layout-constrained\">\n<p><strong><strong><strong><strong><strong>APA La Moraleja, asociaci\u00f3n de Padres de Alumnos de La Moraleja<\/strong><\/strong><\/strong><\/strong><\/strong><\/p>\n\n\n\n<p><a href=\"mailto:parents.lfmmadrid@gmail.com\"><span style=\"text-decoration: underline;\">parents.lfmmadrid@gmail.com<\/span><\/a><br\/><strong><a href=\"https:\/\/www.apasaintexupery.com\/\" target=\"_blank\" rel=\"noreferrer noopener\">www.apasaintexupery.com\/ <\/a><br\/><\/strong> <br\/><\/p>\n<\/div>\n<\/div>\n\n<\/div>\n<\/div>\n","protected":false},"excerpt":{"rendered":"","protected":false},"author":1,"featured_media":7606,"parent":6098,"menu_order":0,"comment_status":"closed","ping_status":"closed","template":"","meta":{"_acf_changed":false,"footnotes":""},"school_type":[],"class_list":["post-5991","page","type-page","status-publish","has-post-thumbnail","hentry"],"acf":[],"yoast_head":"<!-- This site is optimized with the Yoast SEO plugin v27.4 - https:\/\/yoast.com\/product\/yoast-seo-wordpress\/ -->\n<title>La escuela infantilen La Moraleja - Lyc\u00e9e Fran\u00e7ais de Madrid<\/title>\n<meta name=\"robots\" content=\"noindex, follow, max-snippet:-1, max-image-preview:large, max-video-preview:-1\" \/>\n<meta property=\"og:locale\" content=\"es_ES\" \/>\n<meta property=\"og:type\" content=\"article\" \/>\n<meta property=\"og:title\" content=\"La escuela infantilen La Moraleja - Lyc\u00e9e Fran\u00e7ais de Madrid\" \/>\n<meta property=\"og:url\" content=\"https:\/\/lfmadrid.net.dev2.tribu-and-co.com\/es\/infantil\/la-escuela-infantilen-la-moraleja\/\" \/>\n<meta property=\"og:site_name\" content=\"Lyc\u00e9e Fran\u00e7ais de Madrid\" \/>\n<meta property=\"article:modified_time\" content=\"2026-04-15T15:35:54+00:00\" \/>\n<meta property=\"og:image\" content=\"http:\/\/lfmadrid.net.dev2.tribu-and-co.com\/wp-content\/uploads\/2026\/03\/IMG_9165-scaled.jpg\" \/>\n\t<meta property=\"og:image:width\" content=\"2560\" \/>\n\t<meta property=\"og:image:height\" content=\"1707\" \/>\n\t<meta property=\"og:image:type\" content=\"image\/jpeg\" \/>\n<meta name=\"twitter:card\" content=\"summary_large_image\" \/>\n<meta name=\"twitter:label1\" content=\"Tiempo de lectura\" \/>\n\t<meta name=\"twitter:data1\" content=\"1 minute\" \/>\n<script type=\"application\/ld+json\" class=\"yoast-schema-graph\">{\"@context\":\"https:\\\/\\\/schema.org\",\"@graph\":[{\"@type\":\"WebPage\",\"@id\":\"https:\\\/\\\/lfmadrid.net.dev2.tribu-and-co.com\\\/es\\\/infantil\\\/la-escuela-infantilen-la-moraleja\\\/\",\"url\":\"https:\\\/\\\/lfmadrid.net.dev2.tribu-and-co.com\\\/es\\\/infantil\\\/la-escuela-infantilen-la-moraleja\\\/\",\"name\":\"La escuela infantil en La Moraleja - Lyc\u00e9e Fran\u00e7ais de Madrid\",\"isPartOf\":{\"@id\":\"http:\\\/\\\/lfmadrid.net.dev2.tribu-and-co.com\\\/es\\\/#website\"},\"primaryImageOfPage\":{\"@id\":\"https:\\\/\\\/lfmadrid.net.dev2.tribu-and-co.com\\\/es\\\/infantil\\\/la-escuela-infantilen-la-moraleja\\\/#primaryimage\"},\"image\":{\"@id\":\"https:\\\/\\\/lfmadrid.net.dev2.tribu-and-co.com\\\/es\\\/infantil\\\/la-escuela-infantilen-la-moraleja\\\/#primaryimage\"},\"thumbnailUrl\":\"https:\\\/\\\/lfmadrid.net.dev2.tribu-and-co.com\\\/wp-content\\\/uploads\\\/2026\\\/03\\\/IMG_9165-scaled.jpg\",\"datePublished\":\"2026-01-08T16:17:58+00:00\",\"dateModified\":\"2026-04-15T15:35:54+00:00\",\"breadcrumb\":{\"@id\":\"https:\\\/\\\/lfmadrid.net.dev2.tribu-and-co.com\\\/es\\\/infantil\\\/la-escuela-infantilen-la-moraleja\\\/#breadcrumb\"},\"inLanguage\":\"es-ES\",\"potentialAction\":[{\"@type\":\"ReadAction\",\"target\":[\"https:\\\/\\\/lfmadrid.net.dev2.tribu-and-co.com\\\/es\\\/infantil\\\/la-escuela-infantilen-la-moraleja\\\/\"]}]},{\"@type\":\"ImageObject\",\"inLanguage\":\"es-ES\",\"@id\":\"https:\\\/\\\/lfmadrid.net.dev2.tribu-and-co.com\\\/es\\\/infantil\\\/la-escuela-infantilen-la-moraleja\\\/#primaryimage\",\"url\":\"https:\\\/\\\/lfmadrid.net.dev2.tribu-and-co.com\\\/wp-content\\\/uploads\\\/2026\\\/03\\\/IMG_9165-scaled.jpg\",\"contentUrl\":\"https:\\\/\\\/lfmadrid.net.dev2.tribu-and-co.com\\\/wp-content\\\/uploads\\\/2026\\\/03\\\/IMG_9165-scaled.jpg\",\"width\":2560,\"height\":1707},{\"@type\":\"BreadcrumbList\",\"@id\":\"https:\\\/\\\/lfmadrid.net.dev2.tribu-and-co.com\\\/es\\\/infantil\\\/la-escuela-infantilen-la-moraleja\\\/#breadcrumb\",\"itemListElement\":[{\"@type\":\"ListItem\",\"position\":1,\"name\":\"Inicio\",\"item\":\"http:\\\/\\\/lfmadrid.net.dev2.tribu-and-co.com\\\/es\\\/\"},{\"@type\":\"ListItem\",\"position\":2,\"name\":\"Infantil\",\"item\":\"http:\\\/\\\/lfmadrid.net.dev2.tribu-and-co.com\\\/es\\\/infantil\\\/\"},{\"@type\":\"ListItem\",\"position\":3,\"name\":\"La escuela infantilen La Moraleja\"}]},{\"@type\":\"WebSite\",\"@id\":\"http:\\\/\\\/lfmadrid.net.dev2.tribu-and-co.com\\\/es\\\/#website\",\"url\":\"http:\\\/\\\/lfmadrid.net.dev2.tribu-and-co.com\\\/es\\\/\",\"name\":\"Lyc\u00e9e Fran\u00e7ais de Madrid\",\"description\":\"\",\"publisher\":{\"@id\":\"http:\\\/\\\/lfmadrid.net.dev2.tribu-and-co.com\\\/es\\\/#organization\"},\"potentialAction\":[{\"@type\":\"SearchAction\",\"target\":{\"@type\":\"EntryPoint\",\"urlTemplate\":\"http:\\\/\\\/lfmadrid.net.dev2.tribu-and-co.com\\\/es\\\/?s={search_term_string}\"},\"query-input\":{\"@type\":\"PropertyValueSpecification\",\"valueRequired\":true,\"valueName\":\"search_term_string\"}}],\"inLanguage\":\"es-ES\"},{\"@type\":\"Organization\",\"@id\":\"http:\\\/\\\/lfmadrid.net.dev2.tribu-and-co.com\\\/es\\\/#organization\",\"name\":\"Lyc\u00e9e Fran\u00e7ais de Madrid\",\"url\":\"http:\\\/\\\/lfmadrid.net.dev2.tribu-and-co.com\\\/es\\\/\",\"logo\":{\"@type\":\"ImageObject\",\"inLanguage\":\"es-ES\",\"@id\":\"http:\\\/\\\/lfmadrid.net.dev2.tribu-and-co.com\\\/es\\\/#\\\/schema\\\/logo\\\/image\\\/\",\"url\":\"http:\\\/\\\/lfmadrid.net.dev2.tribu-and-co.com\\\/wp-content\\\/uploads\\\/2026\\\/01\\\/lfm-logo.svg\",\"contentUrl\":\"http:\\\/\\\/lfmadrid.net.dev2.tribu-and-co.com\\\/wp-content\\\/uploads\\\/2026\\\/01\\\/lfm-logo.svg\",\"width\":154,\"height\":60,\"caption\":\"Lyc\u00e9e Fran\u00e7ais de Madrid\"},\"image\":{\"@id\":\"http:\\\/\\\/lfmadrid.net.dev2.tribu-and-co.com\\\/es\\\/#\\\/schema\\\/logo\\\/image\\\/\"}}]}<\/script>\n<!-- \/ Yoast SEO plugin. -->","yoast_head_json":{"title":"La escuela infantilen La Moraleja - Lyc\u00e9e Fran\u00e7ais de Madrid","robots":{"index":"noindex","follow":"follow","max-snippet":"max-snippet:-1","max-image-preview":"max-image-preview:large","max-video-preview":"max-video-preview:-1"},"og_locale":"es_ES","og_type":"article","og_title":"La escuela infantilen La Moraleja - Lyc\u00e9e Fran\u00e7ais de Madrid","og_url":"https:\/\/lfmadrid.net.dev2.tribu-and-co.com\/es\/infantil\/la-escuela-infantilen-la-moraleja\/","og_site_name":"Lyc\u00e9e Fran\u00e7ais de Madrid","article_modified_time":"2026-04-15T15:35:54+00:00","og_image":[{"width":2560,"height":1707,"url":"http:\/\/lfmadrid.net.dev2.tribu-and-co.com\/wp-content\/uploads\/2026\/03\/IMG_9165-scaled.jpg","type":"image\/jpeg"}],"twitter_card":"summary_large_image","twitter_misc":{"Tiempo de lectura":"1 minute"},"schema":{"@context":"https:\/\/schema.org","@graph":[{"@type":"WebPage","@id":"https:\/\/lfmadrid.net.dev2.tribu-and-co.com\/es\/infantil\/la-escuela-infantilen-la-moraleja\/","url":"https:\/\/lfmadrid.net.dev2.tribu-and-co.com\/es\/infantil\/la-escuela-infantilen-la-moraleja\/","name":"La escuela infantil en La Moraleja - Lyc\u00e9e Fran\u00e7ais de Madrid","isPartOf":{"@id":"http:\/\/lfmadrid.net.dev2.tribu-and-co.com\/es\/#website"},"primaryImageOfPage":{"@id":"https:\/\/lfmadrid.net.dev2.tribu-and-co.com\/es\/infantil\/la-escuela-infantilen-la-moraleja\/#primaryimage"},"image":{"@id":"https:\/\/lfmadrid.net.dev2.tribu-and-co.com\/es\/infantil\/la-escuela-infantilen-la-moraleja\/#primaryimage"},"thumbnailUrl":"https:\/\/lfmadrid.net.dev2.tribu-and-co.com\/wp-content\/uploads\/2026\/03\/IMG_9165-scaled.jpg","datePublished":"2026-01-08T16:17:58+00:00","dateModified":"2026-04-15T15:35:54+00:00","breadcrumb":{"@id":"https:\/\/lfmadrid.net.dev2.tribu-and-co.com\/es\/infantil\/la-escuela-infantilen-la-moraleja\/#breadcrumb"},"inLanguage":"es-ES","potentialAction":[{"@type":"ReadAction","target":["https:\/\/lfmadrid.net.dev2.tribu-and-co.com\/es\/infantil\/la-escuela-infantilen-la-moraleja\/"]}]},{"@type":"ImageObject","inLanguage":"es-ES","@id":"https:\/\/lfmadrid.net.dev2.tribu-and-co.com\/es\/infantil\/la-escuela-infantilen-la-moraleja\/#primaryimage","url":"https:\/\/lfmadrid.net.dev2.tribu-and-co.com\/wp-content\/uploads\/2026\/03\/IMG_9165-scaled.jpg","contentUrl":"https:\/\/lfmadrid.net.dev2.tribu-and-co.com\/wp-content\/uploads\/2026\/03\/IMG_9165-scaled.jpg","width":2560,"height":1707},{"@type":"BreadcrumbList","@id":"https:\/\/lfmadrid.net.dev2.tribu-and-co.com\/es\/infantil\/la-escuela-infantilen-la-moraleja\/#breadcrumb","itemListElement":[{"@type":"ListItem","position":1,"name":"Inicio","item":"http:\/\/lfmadrid.net.dev2.tribu-and-co.com\/es\/"},{"@type":"ListItem","position":2,"name":"Infantil","item":"http:\/\/lfmadrid.net.dev2.tribu-and-co.com\/es\/infantil\/"},{"@type":"ListItem","position":3,"name":"La escuela infantilen La Moraleja"}]},{"@type":"WebSite","@id":"http:\/\/lfmadrid.net.dev2.tribu-and-co.com\/es\/#website","url":"http:\/\/lfmadrid.net.dev2.tribu-and-co.com\/es\/","name":"Lyc\u00e9e Fran\u00e7ais de Madrid","description":"","publisher":{"@id":"http:\/\/lfmadrid.net.dev2.tribu-and-co.com\/es\/#organization"},"potentialAction":[{"@type":"SearchAction","target":{"@type":"EntryPoint","urlTemplate":"http:\/\/lfmadrid.net.dev2.tribu-and-co.com\/es\/?s={search_term_string}"},"query-input":{"@type":"PropertyValueSpecification","valueRequired":true,"valueName":"search_term_string"}}],"inLanguage":"es-ES"},{"@type":"Organization","@id":"http:\/\/lfmadrid.net.dev2.tribu-and-co.com\/es\/#organization","name":"Lyc\u00e9e Fran\u00e7ais de Madrid","url":"http:\/\/lfmadrid.net.dev2.tribu-and-co.com\/es\/","logo":{"@type":"ImageObject","inLanguage":"es-ES","@id":"http:\/\/lfmadrid.net.dev2.tribu-and-co.com\/es\/#\/schema\/logo\/image\/","url":"http:\/\/lfmadrid.net.dev2.tribu-and-co.com\/wp-content\/uploads\/2026\/01\/lfm-logo.svg","contentUrl":"http:\/\/lfmadrid.net.dev2.tribu-and-co.com\/wp-content\/uploads\/2026\/01\/lfm-logo.svg","width":154,"height":60,"caption":"Lyc\u00e9e Fran\u00e7ais de Madrid"},"image":{"@id":"http:\/\/lfmadrid.net.dev2.tribu-and-co.com\/es\/#\/schema\/logo\/image\/"}}]}},"_links":{"self":[{"href":"https:\/\/lfmadrid.net.dev2.tribu-and-co.com\/es\/wp-json\/wp\/v2\/pages\/5991","targetHints":{"allow":["GET"]}}],"collection":[{"href":"https:\/\/lfmadrid.net.dev2.tribu-and-co.com\/es\/wp-json\/wp\/v2\/pages"}],"about":[{"href":"https:\/\/lfmadrid.net.dev2.tribu-and-co.com\/es\/wp-json\/wp\/v2\/types\/page"}],"author":[{"embeddable":true,"href":"https:\/\/lfmadrid.net.dev2.tribu-and-co.com\/es\/wp-json\/wp\/v2\/users\/1"}],"replies":[{"embeddable":true,"href":"https:\/\/lfmadrid.net.dev2.tribu-and-co.com\/es\/wp-json\/wp\/v2\/comments?post=5991"}],"version-history":[{"count":11,"href":"https:\/\/lfmadrid.net.dev2.tribu-and-co.com\/es\/wp-json\/wp\/v2\/pages\/5991\/revisions"}],"predecessor-version":[{"id":8157,"href":"https:\/\/lfmadrid.net.dev2.tribu-and-co.com\/es\/wp-json\/wp\/v2\/pages\/5991\/revisions\/8157"}],"up":[{"embeddable":true,"href":"https:\/\/lfmadrid.net.dev2.tribu-and-co.com\/es\/wp-json\/wp\/v2\/pages\/6098"}],"wp:featuredmedia":[{"embeddable":true,"href":"https:\/\/lfmadrid.net.dev2.tribu-and-co.com\/es\/wp-json\/wp\/v2\/media\/7606"}],"wp:attachment":[{"href":"https:\/\/lfmadrid.net.dev2.tribu-and-co.com\/es\/wp-json\/wp\/v2\/media?parent=5991"}],"wp:term":[{"taxonomy":"school_type","embeddable":true,"href":"https:\/\/lfmadrid.net.dev2.tribu-and-co.com\/es\/wp-json\/wp\/v2\/school_type?post=5991"}],"curies":[{"name":"wp","href":"https:\/\/api.w.org\/{rel}","templated":true}]}}