
{"id":8085,"date":"2026-01-08T18:01:23","date_gmt":"2026-01-08T17:01:23","guid":{"rendered":"http:\/\/lfmadrid.net.dev2.tribu-and-co.com\/vida-en-el-lfm\/nuestras-mediatecas\/"},"modified":"2026-04-15T12:19:24","modified_gmt":"2026-04-15T10:19:24","slug":"nuestras-mediatecas","status":"publish","type":"page","link":"http:\/\/lfmadrid.net.dev2.tribu-and-co.com\/es\/vida-en-el-lfm\/nuestras-mediatecas\/","title":{"rendered":"Nuestras mediatecas"},"content":{"rendered":"<div class=\"container\">\n\t<div class=\"page-head wp-block-tribu-blocks-page-head\">\n\n\t\t<div class=\"page-head__content\">\n\t\t\t\t\t\t\t<h1 class=\"page-head__title has-fs-h-2-font-size fw-700\">Nuestras mediatecas<\/h1>\n\t\t\t\n\t\t\t\t\t<\/div>\n\n\t\t\t\t\t<div class=\"page-head__images-wrapper\">\n\t\t\t\t<div class=\"page-head__image\">\n\t\t\t\t\t<img decoding=\"async\" width=\"550\" height=\"400\" src=\"http:\/\/lfmadrid.net.dev2.tribu-and-co.com\/wp-content\/uploads\/2026\/02\/mediatheque_moraleja_05-550x400.webp\" class=\"page-head__featured-image wp-post-image\" alt=\"\" \/>\t\t\t\t<\/div>\n\t\t\t\t<img \n\t\t\t\t\tclass=\"page-head__decorative-image\" \n\t\t\t\t\tsrc=http:\/\/lfmadrid.net.dev2.tribu-and-co.com\/wp-content\/plugins\/tribu-blocks\/build\/page-head\/svg\/pattern.88da4312.svg\t\t\t\t\talt=\"\"\n\t\t\t\t\/>\n\t\t\t<\/div>\n\t\t\t\t\n\t\t\t\t<\/div>\n<\/div>\n<div style=\"margin-top:var(--wp--preset--spacing--12);margin-bottom:var(--wp--preset--spacing--8);\" class=\"container container--sm alignfull wp-block-tribu-blocks-container\">\n\t\n\n<div class=\"wp-block-buttons wp-block-buttons--list is-horizontal is-layout-flex wp-block-buttons-is-layout-flex\">\n<div class=\"wp-block-button btn btn--primary\"><a class=\"wp-block-button__link wp-element-button\" href=\"http:\/\/lfmadrid.net.dev2.tribu-and-co.com\/es\/vida-en-el-lfm\/nuestras-mediatecas\/\">La Moraleja<\/a><\/div>\n\n\n\n<div class=\"wp-block-button btn btn--secondary\"><a class=\"wp-block-button__link wp-element-button\" href=\"http:\/\/lfmadrid.net.dev2.tribu-and-co.com\/es\/vida-en-el-lfm\/nuestras-mediatecas-2\/\">Conde de Orgaz<\/a><\/div>\n<\/div>\n\n<\/div>\n<div class=\"container container--sm alignfull wp-block-tribu-blocks-container\">\n\t\n\n<h2 class=\"wp-block-heading has-text-align-center\" style=\"margin-top:var(--wp--preset--spacing--12)\">Las mediatecas del LFM: cultivar la curiosidad, formar a los ciudadanos del ma\u00f1ana<\/h2>\n\n\n\n<p class=\"has-text-align-center\">Verdaderos puntos de encuentro de saber y cultura dentro del centro, las mediatecas del Lyc\u00e9e Fran\u00e7ais de Madrid acompa\u00f1an a cada alumno a lo largo de su escolaridad. Desde la escuela infantil (maternelle) hasta bachillerato (lyc\u00e9e), nuestros espacios est\u00e1n dise\u00f1ados para asentar el h\u00e1bito de la lectura y el gusto por el descubrimiento desde la edad m\u00e1s temprana. <\/p>\n\n<\/div>\n<div style=\"margin-top:var(--wp--preset--spacing--7);margin-bottom:var(--wp--preset--spacing--7);\" class=\"container container--sm alignfull wp-block-tribu-blocks-container\">\n\t\n\n<div class=\"wp-block-group is-layout-constrained wp-block-group-is-layout-constrained\">\n<div class=\"wp-block-columns are-vertically-aligned-center wp-block-columns--55-45 is-layout-flex wp-container-core-columns-is-layout-c5150b4a wp-block-columns-is-layout-flex\">\n<div class=\"wp-block-column is-vertically-aligned-center col-55 is-layout-flow wp-block-column-is-layout-flow\">\n<h3 class=\"wp-block-heading has-text-align-left has-secondary-font-family has-fs-h-3-font-size\" style=\"font-style:normal;font-weight:500\">Un fondo documental de excepci\u00f3n<\/h3>\n\n\n\n<p>Con m\u00e1s de 90.000 referencias, nuestro fondo es el reflejo del LFM: pluriling\u00fce y abierto al mundo. \u00c1lbumes, novelas, documentales, prensa internacional y recursos digitales son seleccionados cuidadosamente para responder a las ganas de aprender de nuestros alumnos, en franc\u00e9s, espa\u00f1ol e ingl\u00e9s. <\/p>\n<\/div>\n\n\n\n<div class=\"wp-block-column is-vertically-aligned-center col-45 is-layout-flow wp-block-column-is-layout-flow\">\n<figure class=\"wp-block-image size-full\"><img decoding=\"async\" width=\"803\" height=\"625\" src=\"http:\/\/lfmadrid.net.dev2.tribu-and-co.com\/wp-content\/uploads\/2026\/02\/mediatheque_second_1.png\" alt=\"\" class=\"wp-image-5057\" srcset=\"http:\/\/lfmadrid.net.dev2.tribu-and-co.com\/wp-content\/uploads\/2026\/02\/mediatheque_second_1.png 803w, http:\/\/lfmadrid.net.dev2.tribu-and-co.com\/wp-content\/uploads\/2026\/02\/mediatheque_second_1-300x233.png 300w, http:\/\/lfmadrid.net.dev2.tribu-and-co.com\/wp-content\/uploads\/2026\/02\/mediatheque_second_1-768x598.png 768w, http:\/\/lfmadrid.net.dev2.tribu-and-co.com\/wp-content\/uploads\/2026\/02\/mediatheque_second_1-600x467.png 600w\" sizes=\"(max-width: 803px) 100vw, 803px\" \/><\/figure>\n<\/div>\n<\/div>\n<\/div>\n\n<\/div>\n<div class=\"container container--sm alignfull wp-block-tribu-blocks-container\">\n\t\n\n<h3 class=\"wp-block-heading has-fs-h-3-font-size\">M\u00e1s que libros: espacios de vida y de proyectos<\/h3>\n\n\n\n<p>Nuestras mediatecas son espacios vibrantes donde la cultura cobra vida. Gracias al compromiso de nuestros profesores documentalistas, son el escenario de numerosos proyectos que ponen en valor la lectura y la escritura, y representan la puerta de entrada hacia la autonom\u00eda y el enriquecimiento cultural: <\/p>\n\n\n\n<div class=\"wp-block-group is-layout-grid wp-container-core-group-is-layout-90d62bee wp-block-group-is-layout-grid\" style=\"margin-top:var(--wp--preset--spacing--4);margin-bottom:var(--wp--preset--spacing--4)\">\n<div class=\"wp-block-group has-blanc-color has-secondaire-1-background-color has-text-color has-background has-link-color wp-elements-4892eee4745c46422e66d3f36f7c1a41 is-layout-constrained wp-container-core-group-is-layout-85257459 wp-block-group-is-layout-constrained\" style=\"border-radius:12px;padding-top:0;padding-right:var(--wp--preset--spacing--5);padding-bottom:var(--wp--preset--spacing--7);padding-left:var(--wp--preset--spacing--5)\">\n<figure class=\"wp-block-image aligncenter size-large is-resized\"><img decoding=\"async\" width=\"61\" height=\"36\" src=\"http:\/\/lfmadrid.net.dev2.tribu-and-co.com\/wp-content\/uploads\/2025\/10\/stripes-top-primary.svg\" alt=\"\" class=\"wp-image-166\" style=\"object-fit:cover;width:60px;height:36px\"\/><\/figure>\n\n\n\n<p class=\"has-text-align-center has-secondary-font-family has-fs-h-5-font-size\"><strong>Encuentros y creaci\u00f3n <\/strong><\/p>\n\n\n\n<p class=\"has-text-align-center\">autores en residencia, jornadas del libro, talleres de escritura, proyecto \u00abUn Mundo de Librer\u00edas\u00bb.<\/p>\n<\/div>\n\n\n\n<div class=\"wp-block-group has-blanc-color has-secondaire-1-background-color has-text-color has-background has-link-color wp-elements-48a1e7d5cd01eb905330b608ae3e2e2f is-layout-constrained wp-container-core-group-is-layout-85257459 wp-block-group-is-layout-constrained\" style=\"border-radius:12px;padding-top:0;padding-right:var(--wp--preset--spacing--5);padding-bottom:var(--wp--preset--spacing--7);padding-left:var(--wp--preset--spacing--5)\">\n<figure class=\"wp-block-image aligncenter size-large is-resized\"><img decoding=\"async\" width=\"61\" height=\"36\" src=\"http:\/\/lfmadrid.net.dev2.tribu-and-co.com\/wp-content\/uploads\/2025\/10\/stripes-top-primary.svg\" alt=\"\" class=\"wp-image-166\" style=\"object-fit:cover;width:60px;height:36px\"\/><\/figure>\n\n\n\n<p class=\"has-text-align-center has-secondary-font-family has-fs-h-5-font-size\"><strong>Oralidad y medios <\/strong><\/p>\n\n\n\n<p class=\"has-text-align-center\">desde la web radio hasta los booktubes, pasando por los concursos de lectura en voz alta y los \u00abPeque\u00f1os campeones de la lectura\u00bb.<\/p>\n<\/div>\n\n\n\n<div class=\"wp-block-group has-blanc-color has-secondaire-1-background-color has-text-color has-background has-link-color wp-elements-bca95283b41cad7b47ec3a1cb0636732 is-layout-constrained wp-container-core-group-is-layout-85257459 wp-block-group-is-layout-constrained\" style=\"border-radius:12px;padding-top:0;padding-right:var(--wp--preset--spacing--5);padding-bottom:var(--wp--preset--spacing--7);padding-left:var(--wp--preset--spacing--5)\">\n<figure class=\"wp-block-image aligncenter size-large is-resized\"><img decoding=\"async\" width=\"61\" height=\"36\" src=\"http:\/\/lfmadrid.net.dev2.tribu-and-co.com\/wp-content\/uploads\/2025\/10\/stripes-top-primary.svg\" alt=\"\" class=\"wp-image-166\" style=\"object-fit:cover;width:60px;height:36px\"\/><\/figure>\n\n\n\n<p class=\"has-text-align-center has-secondary-font-family has-fs-h-5-font-size\"><strong>Pensamiento cr\u00edtico <\/strong><\/p>\n\n\n\n<p class=\"has-text-align-center\">una formaci\u00f3n continua en Alfabetizaci\u00f3n Medi\u00e1tica (\u00c9ducation aux M\u00e9dias et \u00e0 l&#8217;Information, EMI), especialmente durante la Semana de la Prensa.<\/p>\n<\/div>\n<\/div>\n\n<\/div>\n\n<div class=\"wp-block-group is-layout-constrained wp-block-group-is-layout-constrained\" style=\"margin-top:var(--wp--preset--spacing--12);margin-bottom:var(--wp--preset--spacing--12)\"><div class=\"container container--full-width alignfull wp-block-tribu-blocks-container\">\n\t\n\n<h2 class=\"wp-block-heading has-text-align-center undefined with-light-stripes has-fs-h-2-font-size with-dark-stripes\">La Moraleja<\/h2>\n\n<\/div>\n\n\n<div style=\"margin-top:var(--wp--preset--spacing--9);margin-bottom:var(--wp--preset--spacing--9);\" class=\"container container--sm alignfull wp-block-tribu-blocks-container\">\n\t\n\n<div class=\"wp-block-columns are-vertically-aligned-center wp-block-columns--45-55 is-layout-flex wp-container-core-columns-is-layout-b0870b77 wp-block-columns-is-layout-flex\" style=\"margin-top:0;margin-bottom:0\">\n<div class=\"wp-block-column is-vertically-aligned-center col-45 is-layout-flow wp-block-column-is-layout-flow\">\n<figure class=\"wp-block-image size-full\"><img decoding=\"async\" width=\"786\" height=\"834\" src=\"http:\/\/lfmadrid.net.dev2.tribu-and-co.com\/wp-content\/uploads\/2026\/02\/mediatheque_moraleja_2.png\" alt=\"\" class=\"wp-image-5036\" srcset=\"http:\/\/lfmadrid.net.dev2.tribu-and-co.com\/wp-content\/uploads\/2026\/02\/mediatheque_moraleja_2.png 786w, http:\/\/lfmadrid.net.dev2.tribu-and-co.com\/wp-content\/uploads\/2026\/02\/mediatheque_moraleja_2-283x300.png 283w, http:\/\/lfmadrid.net.dev2.tribu-and-co.com\/wp-content\/uploads\/2026\/02\/mediatheque_moraleja_2-768x815.png 768w, http:\/\/lfmadrid.net.dev2.tribu-and-co.com\/wp-content\/uploads\/2026\/02\/mediatheque_moraleja_2-600x637.png 600w\" sizes=\"(max-width: 786px) 100vw, 786px\" \/><\/figure>\n<\/div>\n\n\n\n<div class=\"wp-block-column is-vertically-aligned-center col-55 is-layout-flow wp-block-column-is-layout-flow\">\n<p>La biblioteca del colegio es un espacio abierto a todos los alumnos, desde la escuela infantil (maternelle) hasta 3\u00e8me, lo que representa cerca de 500 ni\u00f1os y adolescentes. Triling\u00fce y con una colecci\u00f3n de m\u00e1s de 15.000 documentos adaptados a cada edad y nivel, es a la vez un lugar de lectura, investigaci\u00f3n y trabajo, as\u00ed como un espacio vivo y acogedor. <\/p>\n\n\n\n<p>A lo largo de todo el a\u00f1o, los alumnos descubren en ella actividades variadas para despertar su curiosidad y fomentar el placer de la lectura. La biblioteca tambi\u00e9n organiza encuentros con autores, ofreciendo as\u00ed a los alumnos una experiencia \u00fanica e inspiradora del mundo del libro. <\/p>\n\n\n\n<p>Situada en el coraz\u00f3n del centro, constituye un punto de encuentro ineludible tanto para los alumnos como para los profesores, favoreciendo el intercambio, el descubrimiento y el aprendizaje compartido.<\/p>\n\n\n\n<div class=\"wp-block-buttons is-layout-flex wp-block-buttons-is-layout-flex\">\n<div class=\"wp-block-button custom-button custom-button--default custom-button--secondary\"><a class=\"wp-block-button__link wp-element-button\" href=\"https:\/\/1349975p.esidoc.fr\/\">Lien Esidoc<\/a><\/div>\n<\/div>\n<\/div>\n<\/div>\n\n<\/div>\n\n\n<div class=\"container container--sm alignfull wp-block-tribu-blocks-container\">\n\t\n<div style=\"margin-top:var(--wp--preset--spacing--6);margin-bottom:var(--wp--preset--spacing--6);\" class=\"gallery wp-block-tribu-blocks-gallery\">\r\n    <div class=\"gallery-item\"><a href=\"http:\/\/lfmadrid.net.dev2.tribu-and-co.com\/wp-content\/uploads\/2026\/02\/mediatheque_moraleja_04-1024x768.webp\" class=\"lightbox\"><div class=\"gallery-item wp-block-tribu-blocks-gallery-item\" data-url=\"http:\/\/lfmadrid.net.dev2.tribu-and-co.com\/wp-content\/uploads\/2026\/02\/mediatheque_moraleja_04-1024x768.webp\" data-title=\"mediatheque_moraleja_04\">\r\n\t\t\t<img decoding=\"async\" width=\"300\" height=\"225\" src=\"http:\/\/lfmadrid.net.dev2.tribu-and-co.com\/wp-content\/uploads\/2026\/02\/mediatheque_moraleja_04-300x225.webp\" class=\"\" alt=\"\" data-fullsize=\"http:\/\/lfmadrid.net.dev2.tribu-and-co.com\/wp-content\/uploads\/2026\/02\/mediatheque_moraleja_04.webp\" srcset=\"http:\/\/lfmadrid.net.dev2.tribu-and-co.com\/wp-content\/uploads\/2026\/02\/mediatheque_moraleja_04-300x225.webp 300w, http:\/\/lfmadrid.net.dev2.tribu-and-co.com\/wp-content\/uploads\/2026\/02\/mediatheque_moraleja_04-1024x768.webp 1024w, http:\/\/lfmadrid.net.dev2.tribu-and-co.com\/wp-content\/uploads\/2026\/02\/mediatheque_moraleja_04-768x576.webp 768w, http:\/\/lfmadrid.net.dev2.tribu-and-co.com\/wp-content\/uploads\/2026\/02\/mediatheque_moraleja_04-600x450.webp 600w, http:\/\/lfmadrid.net.dev2.tribu-and-co.com\/wp-content\/uploads\/2026\/02\/mediatheque_moraleja_04.webp 1100w\" sizes=\"(max-width: 300px) 100vw, 300px\" \/>\t<\/div><\/a><\/div><div class=\"gallery-item\"><a href=\"http:\/\/lfmadrid.net.dev2.tribu-and-co.com\/wp-content\/uploads\/2026\/02\/mediatheque_moraleja_05-1024x768.webp\" class=\"lightbox\"><div class=\"gallery-item wp-block-tribu-blocks-gallery-item\" data-url=\"http:\/\/lfmadrid.net.dev2.tribu-and-co.com\/wp-content\/uploads\/2026\/02\/mediatheque_moraleja_05-1024x768.webp\" data-title=\"mediatheque_moraleja_05\">\r\n\t\t\t<img decoding=\"async\" width=\"300\" height=\"225\" src=\"http:\/\/lfmadrid.net.dev2.tribu-and-co.com\/wp-content\/uploads\/2026\/02\/mediatheque_moraleja_05-300x225.webp\" class=\"\" alt=\"\" data-fullsize=\"http:\/\/lfmadrid.net.dev2.tribu-and-co.com\/wp-content\/uploads\/2026\/02\/mediatheque_moraleja_05.webp\" srcset=\"http:\/\/lfmadrid.net.dev2.tribu-and-co.com\/wp-content\/uploads\/2026\/02\/mediatheque_moraleja_05-300x225.webp 300w, http:\/\/lfmadrid.net.dev2.tribu-and-co.com\/wp-content\/uploads\/2026\/02\/mediatheque_moraleja_05-1024x768.webp 1024w, http:\/\/lfmadrid.net.dev2.tribu-and-co.com\/wp-content\/uploads\/2026\/02\/mediatheque_moraleja_05-768x576.webp 768w, http:\/\/lfmadrid.net.dev2.tribu-and-co.com\/wp-content\/uploads\/2026\/02\/mediatheque_moraleja_05-600x450.webp 600w, http:\/\/lfmadrid.net.dev2.tribu-and-co.com\/wp-content\/uploads\/2026\/02\/mediatheque_moraleja_05.webp 1100w\" sizes=\"(max-width: 300px) 100vw, 300px\" \/>\t<\/div><\/a><\/div><div class=\"gallery-item\"><a href=\"http:\/\/lfmadrid.net.dev2.tribu-and-co.com\/wp-content\/uploads\/2026\/02\/mediatheque_moraleja_03-1024x768.webp\" class=\"lightbox\"><div class=\"gallery-item wp-block-tribu-blocks-gallery-item\" data-url=\"http:\/\/lfmadrid.net.dev2.tribu-and-co.com\/wp-content\/uploads\/2026\/02\/mediatheque_moraleja_03-1024x768.webp\" data-title=\"mediatheque_moraleja_03\">\r\n\t\t\t<img decoding=\"async\" width=\"300\" height=\"225\" src=\"http:\/\/lfmadrid.net.dev2.tribu-and-co.com\/wp-content\/uploads\/2026\/02\/mediatheque_moraleja_03-300x225.webp\" class=\"\" alt=\"\" data-fullsize=\"http:\/\/lfmadrid.net.dev2.tribu-and-co.com\/wp-content\/uploads\/2026\/02\/mediatheque_moraleja_03.webp\" srcset=\"http:\/\/lfmadrid.net.dev2.tribu-and-co.com\/wp-content\/uploads\/2026\/02\/mediatheque_moraleja_03-300x225.webp 300w, http:\/\/lfmadrid.net.dev2.tribu-and-co.com\/wp-content\/uploads\/2026\/02\/mediatheque_moraleja_03-1024x768.webp 1024w, http:\/\/lfmadrid.net.dev2.tribu-and-co.com\/wp-content\/uploads\/2026\/02\/mediatheque_moraleja_03-768x576.webp 768w, http:\/\/lfmadrid.net.dev2.tribu-and-co.com\/wp-content\/uploads\/2026\/02\/mediatheque_moraleja_03-600x450.webp 600w, http:\/\/lfmadrid.net.dev2.tribu-and-co.com\/wp-content\/uploads\/2026\/02\/mediatheque_moraleja_03.webp 1100w\" sizes=\"(max-width: 300px) 100vw, 300px\" \/>\t<\/div><\/a><\/div><\/div>\r\n\n<\/div>\n<\/div>\n","protected":false},"excerpt":{"rendered":"","protected":false},"author":1,"featured_media":4959,"parent":8049,"menu_order":0,"comment_status":"closed","ping_status":"closed","template":"","meta":{"_acf_changed":false,"footnotes":""},"school_type":[],"class_list":["post-8085","page","type-page","status-publish","has-post-thumbnail","hentry"],"acf":[],"yoast_head":"<!-- This site is optimized with the Yoast SEO plugin v27.4 - https:\/\/yoast.com\/product\/yoast-seo-wordpress\/ -->\n<title>Nuestras mediatecas - Lyc\u00e9e Fran\u00e7ais de Madrid<\/title>\n<meta name=\"robots\" content=\"noindex, follow, max-snippet:-1, max-image-preview:large, max-video-preview:-1\" \/>\n<meta property=\"og:locale\" content=\"es_ES\" \/>\n<meta property=\"og:type\" content=\"article\" \/>\n<meta property=\"og:title\" content=\"Nuestras mediatecas - Lyc\u00e9e Fran\u00e7ais de Madrid\" \/>\n<meta property=\"og:url\" content=\"http:\/\/lfmadrid.net.dev2.tribu-and-co.com\/es\/vida-en-el-lfm\/nuestras-mediatecas\/\" \/>\n<meta property=\"og:site_name\" content=\"Lyc\u00e9e Fran\u00e7ais de Madrid\" \/>\n<meta property=\"article:modified_time\" content=\"2026-04-15T10:19:24+00:00\" \/>\n<meta property=\"og:image\" content=\"http:\/\/lfmadrid.net.dev2.tribu-and-co.com\/wp-content\/uploads\/2026\/02\/mediatheque_moraleja_05.webp\" \/>\n\t<meta property=\"og:image:width\" content=\"1100\" \/>\n\t<meta property=\"og:image:height\" content=\"825\" \/>\n\t<meta property=\"og:image:type\" content=\"image\/webp\" \/>\n<meta name=\"twitter:card\" content=\"summary_large_image\" \/>\n<meta name=\"twitter:label1\" content=\"Tiempo de lectura\" \/>\n\t<meta name=\"twitter:data1\" content=\"2 minutes\" \/>\n<script type=\"application\/ld+json\" class=\"yoast-schema-graph\">{\"@context\":\"https:\\\/\\\/schema.org\",\"@graph\":[{\"@type\":\"WebPage\",\"@id\":\"http:\\\/\\\/lfmadrid.net.dev2.tribu-and-co.com\\\/es\\\/vida-en-el-lfm\\\/nuestras-mediatecas\\\/\",\"url\":\"http:\\\/\\\/lfmadrid.net.dev2.tribu-and-co.com\\\/es\\\/vida-en-el-lfm\\\/nuestras-mediatecas\\\/\",\"name\":\"Nuestras mediatecas - Lyc\u00e9e Fran\u00e7ais de Madrid\",\"isPartOf\":{\"@id\":\"http:\\\/\\\/lfmadrid.net.dev2.tribu-and-co.com\\\/es\\\/#website\"},\"primaryImageOfPage\":{\"@id\":\"http:\\\/\\\/lfmadrid.net.dev2.tribu-and-co.com\\\/es\\\/vida-en-el-lfm\\\/nuestras-mediatecas\\\/#primaryimage\"},\"image\":{\"@id\":\"http:\\\/\\\/lfmadrid.net.dev2.tribu-and-co.com\\\/es\\\/vida-en-el-lfm\\\/nuestras-mediatecas\\\/#primaryimage\"},\"thumbnailUrl\":\"http:\\\/\\\/lfmadrid.net.dev2.tribu-and-co.com\\\/wp-content\\\/uploads\\\/2026\\\/02\\\/mediatheque_moraleja_05.webp\",\"datePublished\":\"2026-01-08T17:01:23+00:00\",\"dateModified\":\"2026-04-15T10:19:24+00:00\",\"breadcrumb\":{\"@id\":\"http:\\\/\\\/lfmadrid.net.dev2.tribu-and-co.com\\\/es\\\/vida-en-el-lfm\\\/nuestras-mediatecas\\\/#breadcrumb\"},\"inLanguage\":\"es-ES\",\"potentialAction\":[{\"@type\":\"ReadAction\",\"target\":[\"http:\\\/\\\/lfmadrid.net.dev2.tribu-and-co.com\\\/es\\\/vida-en-el-lfm\\\/nuestras-mediatecas\\\/\"]}]},{\"@type\":\"ImageObject\",\"inLanguage\":\"es-ES\",\"@id\":\"http:\\\/\\\/lfmadrid.net.dev2.tribu-and-co.com\\\/es\\\/vida-en-el-lfm\\\/nuestras-mediatecas\\\/#primaryimage\",\"url\":\"http:\\\/\\\/lfmadrid.net.dev2.tribu-and-co.com\\\/wp-content\\\/uploads\\\/2026\\\/02\\\/mediatheque_moraleja_05.webp\",\"contentUrl\":\"http:\\\/\\\/lfmadrid.net.dev2.tribu-and-co.com\\\/wp-content\\\/uploads\\\/2026\\\/02\\\/mediatheque_moraleja_05.webp\",\"width\":1100,\"height\":825},{\"@type\":\"BreadcrumbList\",\"@id\":\"http:\\\/\\\/lfmadrid.net.dev2.tribu-and-co.com\\\/es\\\/vida-en-el-lfm\\\/nuestras-mediatecas\\\/#breadcrumb\",\"itemListElement\":[{\"@type\":\"ListItem\",\"position\":1,\"name\":\"Inicio\",\"item\":\"http:\\\/\\\/lfmadrid.net.dev2.tribu-and-co.com\\\/es\\\/\"},{\"@type\":\"ListItem\",\"position\":2,\"name\":\"Vida en el LFM\",\"item\":\"http:\\\/\\\/lfmadrid.net.dev2.tribu-and-co.com\\\/es\\\/vida-en-el-lfm\\\/\"},{\"@type\":\"ListItem\",\"position\":3,\"name\":\"Nuestras mediatecas\"}]},{\"@type\":\"WebSite\",\"@id\":\"http:\\\/\\\/lfmadrid.net.dev2.tribu-and-co.com\\\/es\\\/#website\",\"url\":\"http:\\\/\\\/lfmadrid.net.dev2.tribu-and-co.com\\\/es\\\/\",\"name\":\"Lyc\u00e9e Fran\u00e7ais de Madrid\",\"description\":\"\",\"publisher\":{\"@id\":\"http:\\\/\\\/lfmadrid.net.dev2.tribu-and-co.com\\\/es\\\/#organization\"},\"potentialAction\":[{\"@type\":\"SearchAction\",\"target\":{\"@type\":\"EntryPoint\",\"urlTemplate\":\"http:\\\/\\\/lfmadrid.net.dev2.tribu-and-co.com\\\/es\\\/?s={search_term_string}\"},\"query-input\":{\"@type\":\"PropertyValueSpecification\",\"valueRequired\":true,\"valueName\":\"search_term_string\"}}],\"inLanguage\":\"es-ES\"},{\"@type\":\"Organization\",\"@id\":\"http:\\\/\\\/lfmadrid.net.dev2.tribu-and-co.com\\\/es\\\/#organization\",\"name\":\"Lyc\u00e9e Fran\u00e7ais de Madrid\",\"url\":\"http:\\\/\\\/lfmadrid.net.dev2.tribu-and-co.com\\\/es\\\/\",\"logo\":{\"@type\":\"ImageObject\",\"inLanguage\":\"es-ES\",\"@id\":\"http:\\\/\\\/lfmadrid.net.dev2.tribu-and-co.com\\\/es\\\/#\\\/schema\\\/logo\\\/image\\\/\",\"url\":\"http:\\\/\\\/lfmadrid.net.dev2.tribu-and-co.com\\\/wp-content\\\/uploads\\\/2026\\\/01\\\/lfm-logo.svg\",\"contentUrl\":\"http:\\\/\\\/lfmadrid.net.dev2.tribu-and-co.com\\\/wp-content\\\/uploads\\\/2026\\\/01\\\/lfm-logo.svg\",\"width\":154,\"height\":60,\"caption\":\"Lyc\u00e9e Fran\u00e7ais de Madrid\"},\"image\":{\"@id\":\"http:\\\/\\\/lfmadrid.net.dev2.tribu-and-co.com\\\/es\\\/#\\\/schema\\\/logo\\\/image\\\/\"}}]}<\/script>\n<!-- \/ Yoast SEO plugin. -->","yoast_head_json":{"title":"Nuestras mediatecas - Lyc\u00e9e Fran\u00e7ais de Madrid","robots":{"index":"noindex","follow":"follow","max-snippet":"max-snippet:-1","max-image-preview":"max-image-preview:large","max-video-preview":"max-video-preview:-1"},"og_locale":"es_ES","og_type":"article","og_title":"Nuestras mediatecas - Lyc\u00e9e Fran\u00e7ais de Madrid","og_url":"http:\/\/lfmadrid.net.dev2.tribu-and-co.com\/es\/vida-en-el-lfm\/nuestras-mediatecas\/","og_site_name":"Lyc\u00e9e Fran\u00e7ais de Madrid","article_modified_time":"2026-04-15T10:19:24+00:00","og_image":[{"width":1100,"height":825,"url":"http:\/\/lfmadrid.net.dev2.tribu-and-co.com\/wp-content\/uploads\/2026\/02\/mediatheque_moraleja_05.webp","type":"image\/webp"}],"twitter_card":"summary_large_image","twitter_misc":{"Tiempo de lectura":"2 minutes"},"schema":{"@context":"https:\/\/schema.org","@graph":[{"@type":"WebPage","@id":"http:\/\/lfmadrid.net.dev2.tribu-and-co.com\/es\/vida-en-el-lfm\/nuestras-mediatecas\/","url":"http:\/\/lfmadrid.net.dev2.tribu-and-co.com\/es\/vida-en-el-lfm\/nuestras-mediatecas\/","name":"Nuestras mediatecas - Lyc\u00e9e Fran\u00e7ais de Madrid","isPartOf":{"@id":"http:\/\/lfmadrid.net.dev2.tribu-and-co.com\/es\/#website"},"primaryImageOfPage":{"@id":"http:\/\/lfmadrid.net.dev2.tribu-and-co.com\/es\/vida-en-el-lfm\/nuestras-mediatecas\/#primaryimage"},"image":{"@id":"http:\/\/lfmadrid.net.dev2.tribu-and-co.com\/es\/vida-en-el-lfm\/nuestras-mediatecas\/#primaryimage"},"thumbnailUrl":"http:\/\/lfmadrid.net.dev2.tribu-and-co.com\/wp-content\/uploads\/2026\/02\/mediatheque_moraleja_05.webp","datePublished":"2026-01-08T17:01:23+00:00","dateModified":"2026-04-15T10:19:24+00:00","breadcrumb":{"@id":"http:\/\/lfmadrid.net.dev2.tribu-and-co.com\/es\/vida-en-el-lfm\/nuestras-mediatecas\/#breadcrumb"},"inLanguage":"es-ES","potentialAction":[{"@type":"ReadAction","target":["http:\/\/lfmadrid.net.dev2.tribu-and-co.com\/es\/vida-en-el-lfm\/nuestras-mediatecas\/"]}]},{"@type":"ImageObject","inLanguage":"es-ES","@id":"http:\/\/lfmadrid.net.dev2.tribu-and-co.com\/es\/vida-en-el-lfm\/nuestras-mediatecas\/#primaryimage","url":"http:\/\/lfmadrid.net.dev2.tribu-and-co.com\/wp-content\/uploads\/2026\/02\/mediatheque_moraleja_05.webp","contentUrl":"http:\/\/lfmadrid.net.dev2.tribu-and-co.com\/wp-content\/uploads\/2026\/02\/mediatheque_moraleja_05.webp","width":1100,"height":825},{"@type":"BreadcrumbList","@id":"http:\/\/lfmadrid.net.dev2.tribu-and-co.com\/es\/vida-en-el-lfm\/nuestras-mediatecas\/#breadcrumb","itemListElement":[{"@type":"ListItem","position":1,"name":"Inicio","item":"http:\/\/lfmadrid.net.dev2.tribu-and-co.com\/es\/"},{"@type":"ListItem","position":2,"name":"Vida en el LFM","item":"http:\/\/lfmadrid.net.dev2.tribu-and-co.com\/es\/vida-en-el-lfm\/"},{"@type":"ListItem","position":3,"name":"Nuestras mediatecas"}]},{"@type":"WebSite","@id":"http:\/\/lfmadrid.net.dev2.tribu-and-co.com\/es\/#website","url":"http:\/\/lfmadrid.net.dev2.tribu-and-co.com\/es\/","name":"Lyc\u00e9e Fran\u00e7ais de Madrid","description":"","publisher":{"@id":"http:\/\/lfmadrid.net.dev2.tribu-and-co.com\/es\/#organization"},"potentialAction":[{"@type":"SearchAction","target":{"@type":"EntryPoint","urlTemplate":"http:\/\/lfmadrid.net.dev2.tribu-and-co.com\/es\/?s={search_term_string}"},"query-input":{"@type":"PropertyValueSpecification","valueRequired":true,"valueName":"search_term_string"}}],"inLanguage":"es-ES"},{"@type":"Organization","@id":"http:\/\/lfmadrid.net.dev2.tribu-and-co.com\/es\/#organization","name":"Lyc\u00e9e Fran\u00e7ais de Madrid","url":"http:\/\/lfmadrid.net.dev2.tribu-and-co.com\/es\/","logo":{"@type":"ImageObject","inLanguage":"es-ES","@id":"http:\/\/lfmadrid.net.dev2.tribu-and-co.com\/es\/#\/schema\/logo\/image\/","url":"http:\/\/lfmadrid.net.dev2.tribu-and-co.com\/wp-content\/uploads\/2026\/01\/lfm-logo.svg","contentUrl":"http:\/\/lfmadrid.net.dev2.tribu-and-co.com\/wp-content\/uploads\/2026\/01\/lfm-logo.svg","width":154,"height":60,"caption":"Lyc\u00e9e Fran\u00e7ais de Madrid"},"image":{"@id":"http:\/\/lfmadrid.net.dev2.tribu-and-co.com\/es\/#\/schema\/logo\/image\/"}}]}},"_links":{"self":[{"href":"http:\/\/lfmadrid.net.dev2.tribu-and-co.com\/es\/wp-json\/wp\/v2\/pages\/8085","targetHints":{"allow":["GET"]}}],"collection":[{"href":"http:\/\/lfmadrid.net.dev2.tribu-and-co.com\/es\/wp-json\/wp\/v2\/pages"}],"about":[{"href":"http:\/\/lfmadrid.net.dev2.tribu-and-co.com\/es\/wp-json\/wp\/v2\/types\/page"}],"author":[{"embeddable":true,"href":"http:\/\/lfmadrid.net.dev2.tribu-and-co.com\/es\/wp-json\/wp\/v2\/users\/1"}],"replies":[{"embeddable":true,"href":"http:\/\/lfmadrid.net.dev2.tribu-and-co.com\/es\/wp-json\/wp\/v2\/comments?post=8085"}],"version-history":[{"count":4,"href":"http:\/\/lfmadrid.net.dev2.tribu-and-co.com\/es\/wp-json\/wp\/v2\/pages\/8085\/revisions"}],"predecessor-version":[{"id":8106,"href":"http:\/\/lfmadrid.net.dev2.tribu-and-co.com\/es\/wp-json\/wp\/v2\/pages\/8085\/revisions\/8106"}],"up":[{"embeddable":true,"href":"http:\/\/lfmadrid.net.dev2.tribu-and-co.com\/es\/wp-json\/wp\/v2\/pages\/8049"}],"wp:featuredmedia":[{"embeddable":true,"href":"http:\/\/lfmadrid.net.dev2.tribu-and-co.com\/es\/wp-json\/wp\/v2\/media\/4959"}],"wp:attachment":[{"href":"http:\/\/lfmadrid.net.dev2.tribu-and-co.com\/es\/wp-json\/wp\/v2\/media?parent=8085"}],"wp:term":[{"taxonomy":"school_type","embeddable":true,"href":"http:\/\/lfmadrid.net.dev2.tribu-and-co.com\/es\/wp-json\/wp\/v2\/school_type?post=8085"}],"curies":[{"name":"wp","href":"https:\/\/api.w.org\/{rel}","templated":true}]}}