
{"id":8044,"date":"2026-02-09T10:31:58","date_gmt":"2026-02-09T09:31:58","guid":{"rendered":"http:\/\/lfmadrid.net.dev2.tribu-and-co.com\/nuestros-colaboradores-y-sellos-de-calidad\/"},"modified":"2026-04-14T22:51:06","modified_gmt":"2026-04-14T20:51:06","slug":"nuestros-colaboradores-y-sellos-de-calidad","status":"publish","type":"page","link":"http:\/\/lfmadrid.net.dev2.tribu-and-co.com\/es\/nuestros-colaboradores-y-sellos-de-calidad\/","title":{"rendered":"Nuestros colaboradores y sellos de calidad"},"content":{"rendered":"<div class=\"container\">\n\t<div class=\"page-head wp-block-tribu-blocks-page-head\">\n\n\t\t<div class=\"page-head__content\">\n\t\t\t\t\t\t\t<h1 class=\"page-head__title has-fs-h-2-font-size fw-700\">Nuestros colaboradores y sellos de calidad<\/h1>\n\t\t\t\n\t\t\t\t\t<\/div>\n\n\t\t\t<\/div>\n<\/div>\n<div class=\"container container--default wp-block-tribu-blocks-container\">\n\t\n\n<h2 class=\"wp-block-heading\">Colaboraciones institucionales<\/h2>\n\n\n\n<p><a href=\"https:\/\/aefe.gouv.fr\/fr\" target=\"_blank\" rel=\"noreferrer noopener\">Agence pour l\u2019Enseignement Fran\u00e7ais \u00e0 l\u2019\u00c9tranger<br\/><\/a><a href=\"https:\/\/www.diplomatie.gouv.fr\/fr\/\" target=\"_blank\" rel=\"noreferrer noopener\">Minist\u00e8re de l\u2019Europe et des Affaires \u00c9trang\u00e8res<br\/><\/a><a href=\"https:\/\/www.education.gouv.fr\/\" target=\"_blank\" rel=\"noreferrer noopener\">Minist\u00e8re de l\u2019\u00c9ducation nationale, de la Jeunesse et des Sports<br\/><\/a><a href=\"https:\/\/es.diplomatie.gouv.fr\/fr\" target=\"_blank\" rel=\"noreferrer noopener\">Ambassade de France en Espagne<br\/><\/a><a href=\"https:\/\/www.campusfrance.org\/fr\/espaces\/espagne-madrid\" target=\"_blank\" rel=\"noreferrer noopener\">Campus France<br\/><\/a><a href=\"https:\/\/es.diplomatie.gouv.fr\/\" target=\"_blank\" rel=\"noreferrer noopener\">Consulat G\u00e9n\u00e9ral de France \u00e0 Madrid<\/a><br\/><a href=\"https:\/\/www.institutfrancais.es\/madrid\/\" target=\"_blank\" rel=\"noreferrer noopener\">Institut Fran\u00e7ais de Madrid<br\/><\/a><a href=\"https:\/\/french-international-schools.com\/\" target=\"_blank\" rel=\"noreferrer noopener\">French International Schools<br\/><\/a><a href=\"https:\/\/www.educacionfpydeportes.gob.es\/portada.html\" target=\"_blank\" rel=\"noreferrer noopener\">Ministerio de Educaci\u00f3n, Formaci\u00f3n Profesional y Deportes<\/a><\/p>\n\n\n\n<h2 class=\"wp-block-heading\">Otras colaboraciones<\/h2>\n\n\n\n<p><a href=\"https:\/\/www.casadevelazquez.org\/\" target=\"_blank\" rel=\"noreferrer noopener\">Casa de Vel\u00e1zquez<\/a><br\/><a href=\"https:\/\/www.afmadrid.es\/\" target=\"_blank\" rel=\"noreferrer noopener\">Alliance Fran\u00e7aise<br\/><\/a><a href=\"https:\/\/www.lachambre.es\/fr.html\" target=\"_blank\" rel=\"noreferrer noopener\">La Chambre<\/a><\/p>\n\n\n\n<h2 class=\"wp-block-heading\">Sellos de calidad<\/h2>\n\n\n\n<p><a href=\"https:\/\/www.asiba.fr\/\" target=\"_blank\" rel=\"noreferrer noopener\">ASIBA<\/a><br\/><a href=\"https:\/\/aefe.gouv.fr\/fr\/actualites\/premieres-labellisations-efe3d-pour-des-etablissements-francais-de-letranger-en-demarche\" target=\"_blank\" rel=\"noreferrer noopener\">EFE3D<\/a><br\/><a href=\"https:\/\/www.lfmadrid.net\/es\/admision-y-tarifas\/93-evenements\/sport\/3557-jo2024-le-lfm-re%C3%A7oit-le-label-g%C3%A9n%C3%A9ration-2024\" target=\"_blank\" rel=\"noreferrer noopener\">G\u00e9n\u00e9ration 2024<br\/><\/a><a href=\"https:\/\/www.madrid.es\/portales\/munimadrid\/es\/Inicio\/El-Ayuntamiento\/Publicaciones\/Listado-de-Publicaciones\/El-Liceo-Frances-en-el-programa-Educar-hoy-por-un-Madrid-mas-sostenible-\/?vgnextfmt=default&amp;vgnextoid=8e9487d731727810VgnVCM1000001d4a900aRCRD&amp;vgnextchannel=f1aebadb6b997010VgnVCM100000dc0ca8c0RCRD&amp;page=1\" target=\"_blank\" rel=\"noreferrer noopener\">STARS<\/a><br\/><a href=\"https:\/\/www.ucas.com\/\" target=\"_blank\" rel=\"noreferrer noopener\">UCAS<\/a><\/p>\n\n<\/div>\n","protected":false},"excerpt":{"rendered":"","protected":false},"author":1,"featured_media":0,"parent":0,"menu_order":0,"comment_status":"closed","ping_status":"closed","template":"","meta":{"_acf_changed":false,"footnotes":""},"school_type":[],"class_list":["post-8044","page","type-page","status-publish","hentry"],"acf":[],"yoast_head":"<!-- This site is optimized with the Yoast SEO plugin v27.4 - https:\/\/yoast.com\/product\/yoast-seo-wordpress\/ -->\n<title>Nuestros colaboradores y sellos de calidad - Lyc\u00e9e Fran\u00e7ais de Madrid<\/title>\n<meta name=\"robots\" content=\"noindex, follow, max-snippet:-1, max-image-preview:large, max-video-preview:-1\" \/>\n<meta property=\"og:locale\" content=\"es_ES\" \/>\n<meta property=\"og:type\" content=\"article\" \/>\n<meta property=\"og:title\" content=\"Nuestros colaboradores y sellos de calidad - Lyc\u00e9e Fran\u00e7ais de Madrid\" \/>\n<meta property=\"og:url\" content=\"http:\/\/lfmadrid.net.dev2.tribu-and-co.com\/es\/nuestros-colaboradores-y-sellos-de-calidad\/\" \/>\n<meta property=\"og:site_name\" content=\"Lyc\u00e9e Fran\u00e7ais de Madrid\" \/>\n<meta property=\"article:modified_time\" content=\"2026-04-14T20:51:06+00:00\" \/>\n<meta name=\"twitter:card\" content=\"summary_large_image\" \/>\n<script type=\"application\/ld+json\" class=\"yoast-schema-graph\">{\"@context\":\"https:\\\/\\\/schema.org\",\"@graph\":[{\"@type\":\"WebPage\",\"@id\":\"http:\\\/\\\/lfmadrid.net.dev2.tribu-and-co.com\\\/es\\\/nuestros-colaboradores-y-sellos-de-calidad\\\/\",\"url\":\"http:\\\/\\\/lfmadrid.net.dev2.tribu-and-co.com\\\/es\\\/nuestros-colaboradores-y-sellos-de-calidad\\\/\",\"name\":\"Nuestros colaboradores y sellos de calidad - Lyc\u00e9e Fran\u00e7ais de Madrid\",\"isPartOf\":{\"@id\":\"http:\\\/\\\/lfmadrid.net.dev2.tribu-and-co.com\\\/es\\\/#website\"},\"datePublished\":\"2026-02-09T09:31:58+00:00\",\"dateModified\":\"2026-04-14T20:51:06+00:00\",\"breadcrumb\":{\"@id\":\"http:\\\/\\\/lfmadrid.net.dev2.tribu-and-co.com\\\/es\\\/nuestros-colaboradores-y-sellos-de-calidad\\\/#breadcrumb\"},\"inLanguage\":\"es-ES\",\"potentialAction\":[{\"@type\":\"ReadAction\",\"target\":[\"http:\\\/\\\/lfmadrid.net.dev2.tribu-and-co.com\\\/es\\\/nuestros-colaboradores-y-sellos-de-calidad\\\/\"]}]},{\"@type\":\"BreadcrumbList\",\"@id\":\"http:\\\/\\\/lfmadrid.net.dev2.tribu-and-co.com\\\/es\\\/nuestros-colaboradores-y-sellos-de-calidad\\\/#breadcrumb\",\"itemListElement\":[{\"@type\":\"ListItem\",\"position\":1,\"name\":\"Inicio\",\"item\":\"http:\\\/\\\/lfmadrid.net.dev2.tribu-and-co.com\\\/es\\\/\"},{\"@type\":\"ListItem\",\"position\":2,\"name\":\"Nuestros colaboradores y sellos de calidad\"}]},{\"@type\":\"WebSite\",\"@id\":\"http:\\\/\\\/lfmadrid.net.dev2.tribu-and-co.com\\\/es\\\/#website\",\"url\":\"http:\\\/\\\/lfmadrid.net.dev2.tribu-and-co.com\\\/es\\\/\",\"name\":\"Lyc\u00e9e Fran\u00e7ais de Madrid\",\"description\":\"\",\"publisher\":{\"@id\":\"http:\\\/\\\/lfmadrid.net.dev2.tribu-and-co.com\\\/es\\\/#organization\"},\"potentialAction\":[{\"@type\":\"SearchAction\",\"target\":{\"@type\":\"EntryPoint\",\"urlTemplate\":\"http:\\\/\\\/lfmadrid.net.dev2.tribu-and-co.com\\\/es\\\/?s={search_term_string}\"},\"query-input\":{\"@type\":\"PropertyValueSpecification\",\"valueRequired\":true,\"valueName\":\"search_term_string\"}}],\"inLanguage\":\"es-ES\"},{\"@type\":\"Organization\",\"@id\":\"http:\\\/\\\/lfmadrid.net.dev2.tribu-and-co.com\\\/es\\\/#organization\",\"name\":\"Lyc\u00e9e Fran\u00e7ais de Madrid\",\"url\":\"http:\\\/\\\/lfmadrid.net.dev2.tribu-and-co.com\\\/es\\\/\",\"logo\":{\"@type\":\"ImageObject\",\"inLanguage\":\"es-ES\",\"@id\":\"http:\\\/\\\/lfmadrid.net.dev2.tribu-and-co.com\\\/es\\\/#\\\/schema\\\/logo\\\/image\\\/\",\"url\":\"http:\\\/\\\/lfmadrid.net.dev2.tribu-and-co.com\\\/wp-content\\\/uploads\\\/2026\\\/01\\\/lfm-logo.svg\",\"contentUrl\":\"http:\\\/\\\/lfmadrid.net.dev2.tribu-and-co.com\\\/wp-content\\\/uploads\\\/2026\\\/01\\\/lfm-logo.svg\",\"width\":154,\"height\":60,\"caption\":\"Lyc\u00e9e Fran\u00e7ais de Madrid\"},\"image\":{\"@id\":\"http:\\\/\\\/lfmadrid.net.dev2.tribu-and-co.com\\\/es\\\/#\\\/schema\\\/logo\\\/image\\\/\"}}]}<\/script>\n<!-- \/ Yoast SEO plugin. -->","yoast_head_json":{"title":"Nuestros colaboradores y sellos de calidad - Lyc\u00e9e Fran\u00e7ais de Madrid","robots":{"index":"noindex","follow":"follow","max-snippet":"max-snippet:-1","max-image-preview":"max-image-preview:large","max-video-preview":"max-video-preview:-1"},"og_locale":"es_ES","og_type":"article","og_title":"Nuestros colaboradores y sellos de calidad - Lyc\u00e9e Fran\u00e7ais de Madrid","og_url":"http:\/\/lfmadrid.net.dev2.tribu-and-co.com\/es\/nuestros-colaboradores-y-sellos-de-calidad\/","og_site_name":"Lyc\u00e9e Fran\u00e7ais de Madrid","article_modified_time":"2026-04-14T20:51:06+00:00","twitter_card":"summary_large_image","schema":{"@context":"https:\/\/schema.org","@graph":[{"@type":"WebPage","@id":"http:\/\/lfmadrid.net.dev2.tribu-and-co.com\/es\/nuestros-colaboradores-y-sellos-de-calidad\/","url":"http:\/\/lfmadrid.net.dev2.tribu-and-co.com\/es\/nuestros-colaboradores-y-sellos-de-calidad\/","name":"Nuestros colaboradores y sellos de calidad - Lyc\u00e9e Fran\u00e7ais de Madrid","isPartOf":{"@id":"http:\/\/lfmadrid.net.dev2.tribu-and-co.com\/es\/#website"},"datePublished":"2026-02-09T09:31:58+00:00","dateModified":"2026-04-14T20:51:06+00:00","breadcrumb":{"@id":"http:\/\/lfmadrid.net.dev2.tribu-and-co.com\/es\/nuestros-colaboradores-y-sellos-de-calidad\/#breadcrumb"},"inLanguage":"es-ES","potentialAction":[{"@type":"ReadAction","target":["http:\/\/lfmadrid.net.dev2.tribu-and-co.com\/es\/nuestros-colaboradores-y-sellos-de-calidad\/"]}]},{"@type":"BreadcrumbList","@id":"http:\/\/lfmadrid.net.dev2.tribu-and-co.com\/es\/nuestros-colaboradores-y-sellos-de-calidad\/#breadcrumb","itemListElement":[{"@type":"ListItem","position":1,"name":"Inicio","item":"http:\/\/lfmadrid.net.dev2.tribu-and-co.com\/es\/"},{"@type":"ListItem","position":2,"name":"Nuestros colaboradores y sellos de calidad"}]},{"@type":"WebSite","@id":"http:\/\/lfmadrid.net.dev2.tribu-and-co.com\/es\/#website","url":"http:\/\/lfmadrid.net.dev2.tribu-and-co.com\/es\/","name":"Lyc\u00e9e Fran\u00e7ais de Madrid","description":"","publisher":{"@id":"http:\/\/lfmadrid.net.dev2.tribu-and-co.com\/es\/#organization"},"potentialAction":[{"@type":"SearchAction","target":{"@type":"EntryPoint","urlTemplate":"http:\/\/lfmadrid.net.dev2.tribu-and-co.com\/es\/?s={search_term_string}"},"query-input":{"@type":"PropertyValueSpecification","valueRequired":true,"valueName":"search_term_string"}}],"inLanguage":"es-ES"},{"@type":"Organization","@id":"http:\/\/lfmadrid.net.dev2.tribu-and-co.com\/es\/#organization","name":"Lyc\u00e9e Fran\u00e7ais de Madrid","url":"http:\/\/lfmadrid.net.dev2.tribu-and-co.com\/es\/","logo":{"@type":"ImageObject","inLanguage":"es-ES","@id":"http:\/\/lfmadrid.net.dev2.tribu-and-co.com\/es\/#\/schema\/logo\/image\/","url":"http:\/\/lfmadrid.net.dev2.tribu-and-co.com\/wp-content\/uploads\/2026\/01\/lfm-logo.svg","contentUrl":"http:\/\/lfmadrid.net.dev2.tribu-and-co.com\/wp-content\/uploads\/2026\/01\/lfm-logo.svg","width":154,"height":60,"caption":"Lyc\u00e9e Fran\u00e7ais de Madrid"},"image":{"@id":"http:\/\/lfmadrid.net.dev2.tribu-and-co.com\/es\/#\/schema\/logo\/image\/"}}]}},"_links":{"self":[{"href":"http:\/\/lfmadrid.net.dev2.tribu-and-co.com\/es\/wp-json\/wp\/v2\/pages\/8044","targetHints":{"allow":["GET"]}}],"collection":[{"href":"http:\/\/lfmadrid.net.dev2.tribu-and-co.com\/es\/wp-json\/wp\/v2\/pages"}],"about":[{"href":"http:\/\/lfmadrid.net.dev2.tribu-and-co.com\/es\/wp-json\/wp\/v2\/types\/page"}],"author":[{"embeddable":true,"href":"http:\/\/lfmadrid.net.dev2.tribu-and-co.com\/es\/wp-json\/wp\/v2\/users\/1"}],"replies":[{"embeddable":true,"href":"http:\/\/lfmadrid.net.dev2.tribu-and-co.com\/es\/wp-json\/wp\/v2\/comments?post=8044"}],"version-history":[{"count":1,"href":"http:\/\/lfmadrid.net.dev2.tribu-and-co.com\/es\/wp-json\/wp\/v2\/pages\/8044\/revisions"}],"predecessor-version":[{"id":8045,"href":"http:\/\/lfmadrid.net.dev2.tribu-and-co.com\/es\/wp-json\/wp\/v2\/pages\/8044\/revisions\/8045"}],"wp:attachment":[{"href":"http:\/\/lfmadrid.net.dev2.tribu-and-co.com\/es\/wp-json\/wp\/v2\/media?parent=8044"}],"wp:term":[{"taxonomy":"school_type","embeddable":true,"href":"http:\/\/lfmadrid.net.dev2.tribu-and-co.com\/es\/wp-json\/wp\/v2\/school_type?post=8044"}],"curies":[{"name":"wp","href":"https:\/\/api.w.org\/{rel}","templated":true}]}}