
{"id":8017,"date":"2026-03-25T10:59:46","date_gmt":"2026-03-25T09:59:46","guid":{"rendered":"http:\/\/lfmadrid.net.dev2.tribu-and-co.com\/bachillerato\/orientacion-en-el-bachillerato-lycee\/ucas-reino-unido\/"},"modified":"2026-04-14T17:28:40","modified_gmt":"2026-04-14T15:28:40","slug":"ucas-reino-unido","status":"publish","type":"page","link":"http:\/\/lfmadrid.net.dev2.tribu-and-co.com\/es\/bachillerato\/orientacion-en-el-bachillerato-lycee\/ucas-reino-unido\/","title":{"rendered":"UCAS (Reino Unido)"},"content":{"rendered":"<div class=\"container\">\n\t<div class=\"page-head wp-block-tribu-blocks-page-head\">\n\n\t\t<div class=\"page-head__content\">\n\t\t\t\t\t\t\t<h1 class=\"page-head__title has-fs-h-2-font-size fw-700\">UCAS (Reino Unido)<\/h1>\n\t\t\t\n\t\t\t\t\t<\/div>\n\n\t\t\t<\/div>\n<\/div>\n\n<div class=\"wp-block-group is-layout-constrained wp-block-group-is-layout-constrained\" style=\"margin-top:var(--wp--preset--spacing--12);margin-bottom:var(--wp--preset--spacing--12)\"><div class=\"container container--md alignfull wp-block-tribu-blocks-container\">\n\t\n\n<h3 class=\"wp-block-heading\"><strong>Para el Reino Unido<\/strong>: la plataforma <a href=\"https:\/\/www.ucas.com\/\">UCAS<\/a><\/h3>\n\n\n\n<p>\u00ab En el Bachillerato, tenemos el compromiso de acompa\u00f1ar a los alumnos y a sus familias que deseen presentar su candidatura a las universidades brit\u00e1nicas a trav\u00e9s de UCAS (University &amp; Colleges Admission System), el servicio centralizado que gestiona todas las inscripciones en las universidades de Inglaterra, Escocia, Gales e Irlanda del Norte.<br\/><\/p>\n\n\n\n<p>Nuestro centro est\u00e1 reconocido como centro UCAS, lo que permite a los alumnos de Terminale vincular su expediente al Lyc\u00e9e Fran\u00e7ais de Madrid. Esta afiliaci\u00f3n constituye una garant\u00eda de seriedad y seguimiento, y refuerza la confianza que las universidades otorgan a las candidaturas de nuestros alumnos. <br\/><\/p>\n\n\n\n<p>Para orientar a cada alumno de la mejor manera posible, se han puesto en marcha varios dispositivos:<\/p>\n\n\n\n<ul class=\"wp-block-list\">\n<li>Un <strong>dossier informativo est\u00e1 disponible en Pronote<\/strong>, detallando todas las etapas clave del proceso.<\/li>\n\n\n\n<li>Un <strong>Classroom dedicado agrupa todos los recursos<\/strong>, entre ellos el Buzzword, imprescindible para asociar la solicitud de UCAS a nuestro centro.<\/li>\n\n\n\n<li>El equipo de orientaci\u00f3n organiza <strong>conferencias de presentaci\u00f3n<\/strong> todos los a\u00f1os: en mayo para los alumnos de Premi\u00e8re y en septiembre para los de Terminale. Estas sesiones informativas permiten comprender el funcionamiento de la plataforma y anticipar los tr\u00e1mites necesarios. <\/li>\n\n\n\n<li>Se realiza un seguimiento personalizado para que los alumnos puedan construir un expediente s\u00f3lido y cumplir con los plazos de la plataforma.<\/li>\n<\/ul>\n\n<\/div>\n<\/div>\n","protected":false},"excerpt":{"rendered":"","protected":false},"author":3,"featured_media":0,"parent":6331,"menu_order":0,"comment_status":"closed","ping_status":"closed","template":"","meta":{"_acf_changed":false,"footnotes":""},"school_type":[],"class_list":["post-8017","page","type-page","status-publish","hentry"],"acf":[],"yoast_head":"<!-- This site is optimized with the Yoast SEO plugin v27.4 - https:\/\/yoast.com\/product\/yoast-seo-wordpress\/ -->\n<title>UCAS (Reino Unido) - Lyc\u00e9e Fran\u00e7ais de Madrid<\/title>\n<meta name=\"robots\" content=\"noindex, follow, max-snippet:-1, max-image-preview:large, max-video-preview:-1\" \/>\n<meta property=\"og:locale\" content=\"es_ES\" \/>\n<meta property=\"og:type\" content=\"article\" \/>\n<meta property=\"og:title\" content=\"UCAS (Reino Unido) - Lyc\u00e9e Fran\u00e7ais de Madrid\" \/>\n<meta property=\"og:url\" content=\"http:\/\/lfmadrid.net.dev2.tribu-and-co.com\/es\/bachillerato\/orientacion-en-el-bachillerato-lycee\/ucas-reino-unido\/\" \/>\n<meta property=\"og:site_name\" content=\"Lyc\u00e9e Fran\u00e7ais de Madrid\" \/>\n<meta property=\"article:modified_time\" content=\"2026-04-14T15:28:40+00:00\" \/>\n<meta name=\"twitter:card\" content=\"summary_large_image\" \/>\n<meta name=\"twitter:label1\" content=\"Tiempo de lectura\" \/>\n\t<meta name=\"twitter:data1\" content=\"1 minute\" \/>\n<script type=\"application\/ld+json\" class=\"yoast-schema-graph\">{\"@context\":\"https:\\\/\\\/schema.org\",\"@graph\":[{\"@type\":\"WebPage\",\"@id\":\"http:\\\/\\\/lfmadrid.net.dev2.tribu-and-co.com\\\/es\\\/bachillerato\\\/orientacion-en-el-bachillerato-lycee\\\/ucas-reino-unido\\\/\",\"url\":\"http:\\\/\\\/lfmadrid.net.dev2.tribu-and-co.com\\\/es\\\/bachillerato\\\/orientacion-en-el-bachillerato-lycee\\\/ucas-reino-unido\\\/\",\"name\":\"UCAS (Reino Unido) - Lyc\u00e9e Fran\u00e7ais de Madrid\",\"isPartOf\":{\"@id\":\"http:\\\/\\\/lfmadrid.net.dev2.tribu-and-co.com\\\/es\\\/#website\"},\"datePublished\":\"2026-03-25T09:59:46+00:00\",\"dateModified\":\"2026-04-14T15:28:40+00:00\",\"breadcrumb\":{\"@id\":\"http:\\\/\\\/lfmadrid.net.dev2.tribu-and-co.com\\\/es\\\/bachillerato\\\/orientacion-en-el-bachillerato-lycee\\\/ucas-reino-unido\\\/#breadcrumb\"},\"inLanguage\":\"es-ES\",\"potentialAction\":[{\"@type\":\"ReadAction\",\"target\":[\"http:\\\/\\\/lfmadrid.net.dev2.tribu-and-co.com\\\/es\\\/bachillerato\\\/orientacion-en-el-bachillerato-lycee\\\/ucas-reino-unido\\\/\"]}]},{\"@type\":\"BreadcrumbList\",\"@id\":\"http:\\\/\\\/lfmadrid.net.dev2.tribu-and-co.com\\\/es\\\/bachillerato\\\/orientacion-en-el-bachillerato-lycee\\\/ucas-reino-unido\\\/#breadcrumb\",\"itemListElement\":[{\"@type\":\"ListItem\",\"position\":1,\"name\":\"Inicio\",\"item\":\"http:\\\/\\\/lfmadrid.net.dev2.tribu-and-co.com\\\/es\\\/\"},{\"@type\":\"ListItem\",\"position\":2,\"name\":\"Bachillerato\",\"item\":\"http:\\\/\\\/lfmadrid.net.dev2.tribu-and-co.com\\\/es\\\/bachillerato\\\/\"},{\"@type\":\"ListItem\",\"position\":3,\"name\":\"Orientaci\u00f3n en el Bachillerato (Lyc\u00e9e)\",\"item\":\"http:\\\/\\\/lfmadrid.net.dev2.tribu-and-co.com\\\/es\\\/bachillerato\\\/orientacion-en-el-bachillerato-lycee\\\/\"},{\"@type\":\"ListItem\",\"position\":4,\"name\":\"UCAS (Reino Unido)\"}]},{\"@type\":\"WebSite\",\"@id\":\"http:\\\/\\\/lfmadrid.net.dev2.tribu-and-co.com\\\/es\\\/#website\",\"url\":\"http:\\\/\\\/lfmadrid.net.dev2.tribu-and-co.com\\\/es\\\/\",\"name\":\"Lyc\u00e9e Fran\u00e7ais de Madrid\",\"description\":\"\",\"publisher\":{\"@id\":\"http:\\\/\\\/lfmadrid.net.dev2.tribu-and-co.com\\\/es\\\/#organization\"},\"potentialAction\":[{\"@type\":\"SearchAction\",\"target\":{\"@type\":\"EntryPoint\",\"urlTemplate\":\"http:\\\/\\\/lfmadrid.net.dev2.tribu-and-co.com\\\/es\\\/?s={search_term_string}\"},\"query-input\":{\"@type\":\"PropertyValueSpecification\",\"valueRequired\":true,\"valueName\":\"search_term_string\"}}],\"inLanguage\":\"es-ES\"},{\"@type\":\"Organization\",\"@id\":\"http:\\\/\\\/lfmadrid.net.dev2.tribu-and-co.com\\\/es\\\/#organization\",\"name\":\"Lyc\u00e9e Fran\u00e7ais de Madrid\",\"url\":\"http:\\\/\\\/lfmadrid.net.dev2.tribu-and-co.com\\\/es\\\/\",\"logo\":{\"@type\":\"ImageObject\",\"inLanguage\":\"es-ES\",\"@id\":\"http:\\\/\\\/lfmadrid.net.dev2.tribu-and-co.com\\\/es\\\/#\\\/schema\\\/logo\\\/image\\\/\",\"url\":\"http:\\\/\\\/lfmadrid.net.dev2.tribu-and-co.com\\\/wp-content\\\/uploads\\\/2026\\\/01\\\/lfm-logo.svg\",\"contentUrl\":\"http:\\\/\\\/lfmadrid.net.dev2.tribu-and-co.com\\\/wp-content\\\/uploads\\\/2026\\\/01\\\/lfm-logo.svg\",\"width\":154,\"height\":60,\"caption\":\"Lyc\u00e9e Fran\u00e7ais de Madrid\"},\"image\":{\"@id\":\"http:\\\/\\\/lfmadrid.net.dev2.tribu-and-co.com\\\/es\\\/#\\\/schema\\\/logo\\\/image\\\/\"}}]}<\/script>\n<!-- \/ Yoast SEO plugin. -->","yoast_head_json":{"title":"UCAS (Reino Unido) - Lyc\u00e9e Fran\u00e7ais de Madrid","robots":{"index":"noindex","follow":"follow","max-snippet":"max-snippet:-1","max-image-preview":"max-image-preview:large","max-video-preview":"max-video-preview:-1"},"og_locale":"es_ES","og_type":"article","og_title":"UCAS (Reino Unido) - Lyc\u00e9e Fran\u00e7ais de Madrid","og_url":"http:\/\/lfmadrid.net.dev2.tribu-and-co.com\/es\/bachillerato\/orientacion-en-el-bachillerato-lycee\/ucas-reino-unido\/","og_site_name":"Lyc\u00e9e Fran\u00e7ais de Madrid","article_modified_time":"2026-04-14T15:28:40+00:00","twitter_card":"summary_large_image","twitter_misc":{"Tiempo de lectura":"1 minute"},"schema":{"@context":"https:\/\/schema.org","@graph":[{"@type":"WebPage","@id":"http:\/\/lfmadrid.net.dev2.tribu-and-co.com\/es\/bachillerato\/orientacion-en-el-bachillerato-lycee\/ucas-reino-unido\/","url":"http:\/\/lfmadrid.net.dev2.tribu-and-co.com\/es\/bachillerato\/orientacion-en-el-bachillerato-lycee\/ucas-reino-unido\/","name":"UCAS (Reino Unido) - Lyc\u00e9e Fran\u00e7ais de Madrid","isPartOf":{"@id":"http:\/\/lfmadrid.net.dev2.tribu-and-co.com\/es\/#website"},"datePublished":"2026-03-25T09:59:46+00:00","dateModified":"2026-04-14T15:28:40+00:00","breadcrumb":{"@id":"http:\/\/lfmadrid.net.dev2.tribu-and-co.com\/es\/bachillerato\/orientacion-en-el-bachillerato-lycee\/ucas-reino-unido\/#breadcrumb"},"inLanguage":"es-ES","potentialAction":[{"@type":"ReadAction","target":["http:\/\/lfmadrid.net.dev2.tribu-and-co.com\/es\/bachillerato\/orientacion-en-el-bachillerato-lycee\/ucas-reino-unido\/"]}]},{"@type":"BreadcrumbList","@id":"http:\/\/lfmadrid.net.dev2.tribu-and-co.com\/es\/bachillerato\/orientacion-en-el-bachillerato-lycee\/ucas-reino-unido\/#breadcrumb","itemListElement":[{"@type":"ListItem","position":1,"name":"Inicio","item":"http:\/\/lfmadrid.net.dev2.tribu-and-co.com\/es\/"},{"@type":"ListItem","position":2,"name":"Bachillerato","item":"http:\/\/lfmadrid.net.dev2.tribu-and-co.com\/es\/bachillerato\/"},{"@type":"ListItem","position":3,"name":"Orientaci\u00f3n en el Bachillerato (Lyc\u00e9e)","item":"http:\/\/lfmadrid.net.dev2.tribu-and-co.com\/es\/bachillerato\/orientacion-en-el-bachillerato-lycee\/"},{"@type":"ListItem","position":4,"name":"UCAS (Reino Unido)"}]},{"@type":"WebSite","@id":"http:\/\/lfmadrid.net.dev2.tribu-and-co.com\/es\/#website","url":"http:\/\/lfmadrid.net.dev2.tribu-and-co.com\/es\/","name":"Lyc\u00e9e Fran\u00e7ais de Madrid","description":"","publisher":{"@id":"http:\/\/lfmadrid.net.dev2.tribu-and-co.com\/es\/#organization"},"potentialAction":[{"@type":"SearchAction","target":{"@type":"EntryPoint","urlTemplate":"http:\/\/lfmadrid.net.dev2.tribu-and-co.com\/es\/?s={search_term_string}"},"query-input":{"@type":"PropertyValueSpecification","valueRequired":true,"valueName":"search_term_string"}}],"inLanguage":"es-ES"},{"@type":"Organization","@id":"http:\/\/lfmadrid.net.dev2.tribu-and-co.com\/es\/#organization","name":"Lyc\u00e9e Fran\u00e7ais de Madrid","url":"http:\/\/lfmadrid.net.dev2.tribu-and-co.com\/es\/","logo":{"@type":"ImageObject","inLanguage":"es-ES","@id":"http:\/\/lfmadrid.net.dev2.tribu-and-co.com\/es\/#\/schema\/logo\/image\/","url":"http:\/\/lfmadrid.net.dev2.tribu-and-co.com\/wp-content\/uploads\/2026\/01\/lfm-logo.svg","contentUrl":"http:\/\/lfmadrid.net.dev2.tribu-and-co.com\/wp-content\/uploads\/2026\/01\/lfm-logo.svg","width":154,"height":60,"caption":"Lyc\u00e9e Fran\u00e7ais de Madrid"},"image":{"@id":"http:\/\/lfmadrid.net.dev2.tribu-and-co.com\/es\/#\/schema\/logo\/image\/"}}]}},"_links":{"self":[{"href":"http:\/\/lfmadrid.net.dev2.tribu-and-co.com\/es\/wp-json\/wp\/v2\/pages\/8017","targetHints":{"allow":["GET"]}}],"collection":[{"href":"http:\/\/lfmadrid.net.dev2.tribu-and-co.com\/es\/wp-json\/wp\/v2\/pages"}],"about":[{"href":"http:\/\/lfmadrid.net.dev2.tribu-and-co.com\/es\/wp-json\/wp\/v2\/types\/page"}],"author":[{"embeddable":true,"href":"http:\/\/lfmadrid.net.dev2.tribu-and-co.com\/es\/wp-json\/wp\/v2\/users\/3"}],"replies":[{"embeddable":true,"href":"http:\/\/lfmadrid.net.dev2.tribu-and-co.com\/es\/wp-json\/wp\/v2\/comments?post=8017"}],"version-history":[{"count":1,"href":"http:\/\/lfmadrid.net.dev2.tribu-and-co.com\/es\/wp-json\/wp\/v2\/pages\/8017\/revisions"}],"predecessor-version":[{"id":8018,"href":"http:\/\/lfmadrid.net.dev2.tribu-and-co.com\/es\/wp-json\/wp\/v2\/pages\/8017\/revisions\/8018"}],"up":[{"embeddable":true,"href":"http:\/\/lfmadrid.net.dev2.tribu-and-co.com\/es\/wp-json\/wp\/v2\/pages\/6331"}],"wp:attachment":[{"href":"http:\/\/lfmadrid.net.dev2.tribu-and-co.com\/es\/wp-json\/wp\/v2\/media?parent=8017"}],"wp:term":[{"taxonomy":"school_type","embeddable":true,"href":"http:\/\/lfmadrid.net.dev2.tribu-and-co.com\/es\/wp-json\/wp\/v2\/school_type?post=8017"}],"curies":[{"name":"wp","href":"https:\/\/api.w.org\/{rel}","templated":true}]}}