
{"id":8011,"date":"2026-03-25T10:55:33","date_gmt":"2026-03-25T09:55:33","guid":{"rendered":"http:\/\/lfmadrid.net.dev2.tribu-and-co.com\/bachillerato\/orientacion-en-el-bachillerato-lycee\/parcoursup-francia\/"},"modified":"2026-04-14T17:21:58","modified_gmt":"2026-04-14T15:21:58","slug":"parcoursup-francia","status":"publish","type":"page","link":"http:\/\/lfmadrid.net.dev2.tribu-and-co.com\/es\/bachillerato\/orientacion-en-el-bachillerato-lycee\/parcoursup-francia\/","title":{"rendered":"PARCOURSUP (Francia)"},"content":{"rendered":"<div class=\"container\">\n\t<div class=\"page-head wp-block-tribu-blocks-page-head\">\n\n\t\t<div class=\"page-head__content\">\n\t\t\t\t\t\t\t<h1 class=\"page-head__title has-fs-h-2-font-size fw-700\">PARCOURSUP (Francia)<\/h1>\n\t\t\t\n\t\t\t\t\t<\/div>\n\n\t\t\t<\/div>\n<\/div>\n\n<div class=\"wp-block-group is-layout-constrained wp-block-group-is-layout-constrained\" style=\"margin-top:var(--wp--preset--spacing--12);margin-bottom:var(--wp--preset--spacing--12)\"><div class=\"container container--md alignfull wp-block-tribu-blocks-container\">\n\t\n\n<h3 class=\"wp-block-heading\">Los recursos:<br\/><br\/><\/h3>\n\n\n\n<ul class=\"wp-block-list\">\n<li><strong>Buscador<\/strong>: <a href=\"https:\/\/dossier.parcoursup.fr\/Candidat\/carte\" target=\"_blank\" rel=\"noreferrer noopener\">Acceder al buscador<\/a><br\/><br\/><\/li>\n\n\n\n<li>Opendata : <a href=\"https:\/\/beta.suptracker.org\/?tab=page_accueil&amp;type_bac=tous\" target=\"_blank\" rel=\"noreferrer noopener\">Acceder a OpenData<\/a><\/li>\n<\/ul>\n\n\n\n<h3 class=\"wp-block-heading\">Acompa\u00f1amiento a los alumnos y a las familias.<br\/><br\/> <\/h3>\n\n\n\n<p>En el Bachillerato, tenemos el firme compromiso de acompa\u00f1ar a cada alumno y a su familia a lo largo de todo el proceso de Parcoursup. El objetivo es que todos dispongan de informaci\u00f3n clara y de consejos adaptados para construir un proyecto de orientaci\u00f3n s\u00f3lido y meditado. <\/p>\n\n\n\n<p><br\/>Por ello, se llevan a cabo diversas acciones en diferentes momentos del a\u00f1o escolar:<\/p>\n\n\n\n<ul class=\"wp-block-list\">\n<li>Durante la Fer\u00eda de Estudios Superiores en noviembre, se ofrecen talleres dirigidos a las familias para descubrir y utilizar de manera eficaz el buscador de Parcoursup.<\/li>\n\n\n\n<li>En el curso de Terminale, se organizan conferencias con el fin de presentar a los alumnos el funcionamiento de la plataforma, iniciarlos en el uso del buscador y proporcionarles pautas para elaborar una estrategia de solicitud de plazas (v\u0153ux) coherente.<\/li>\n\n\n\n<li>El tutor de cada clase de Terminale realiza un seguimiento individualizado, acompa\u00f1ando a los alumnos en el momento de su inscripci\u00f3n en la plataforma y, posteriormente, en la elecci\u00f3n y jerarquizaci\u00f3n de sus solicitudes (v\u0153ux).<\/li>\n\n\n\n<li>En diciembre, se ofrece una conferencia espec\u00edfica dirigida a las familias para comprender el desarrollo del proceso y sus plazos principales.<\/li>\n\n\n\n<li>Tambi\u00e9n se organizan talleres pr\u00e1cticos dirigidos a los alumnos para ayudarlos a redactar su proyecto motivado (projet de formation motiv\u00e9), una etapa esencial del expediente de Parcoursup.<\/li>\n\n\n\n<li>En el mes de mayo, se organiza una conferencia para que las familias y los alumnos comprendan correctamente c\u00f3mo responder a las propuestas recibidas en la plataforma y puedan anticipar sus decisiones definitivas.<\/li>\n<\/ul>\n\n<\/div>\n<\/div>\n","protected":false},"excerpt":{"rendered":"","protected":false},"author":3,"featured_media":0,"parent":6331,"menu_order":0,"comment_status":"closed","ping_status":"closed","template":"","meta":{"_acf_changed":false,"footnotes":""},"school_type":[],"class_list":["post-8011","page","type-page","status-publish","hentry"],"acf":[],"yoast_head":"<!-- This site is optimized with the Yoast SEO plugin v27.4 - https:\/\/yoast.com\/product\/yoast-seo-wordpress\/ -->\n<title>PARCOURSUP (Francia) - Lyc\u00e9e Fran\u00e7ais de Madrid<\/title>\n<meta name=\"robots\" content=\"noindex, follow, max-snippet:-1, max-image-preview:large, max-video-preview:-1\" \/>\n<meta property=\"og:locale\" content=\"es_ES\" \/>\n<meta property=\"og:type\" content=\"article\" \/>\n<meta property=\"og:title\" content=\"PARCOURSUP (Francia) - Lyc\u00e9e Fran\u00e7ais de Madrid\" \/>\n<meta property=\"og:url\" content=\"http:\/\/lfmadrid.net.dev2.tribu-and-co.com\/es\/bachillerato\/orientacion-en-el-bachillerato-lycee\/parcoursup-francia\/\" \/>\n<meta property=\"og:site_name\" content=\"Lyc\u00e9e Fran\u00e7ais de Madrid\" \/>\n<meta property=\"article:modified_time\" content=\"2026-04-14T15:21:58+00:00\" \/>\n<meta name=\"twitter:card\" content=\"summary_large_image\" \/>\n<meta name=\"twitter:label1\" content=\"Tiempo de lectura\" \/>\n\t<meta name=\"twitter:data1\" content=\"1 minute\" \/>\n<script type=\"application\/ld+json\" class=\"yoast-schema-graph\">{\"@context\":\"https:\\\/\\\/schema.org\",\"@graph\":[{\"@type\":\"WebPage\",\"@id\":\"http:\\\/\\\/lfmadrid.net.dev2.tribu-and-co.com\\\/es\\\/bachillerato\\\/orientacion-en-el-bachillerato-lycee\\\/parcoursup-francia\\\/\",\"url\":\"http:\\\/\\\/lfmadrid.net.dev2.tribu-and-co.com\\\/es\\\/bachillerato\\\/orientacion-en-el-bachillerato-lycee\\\/parcoursup-francia\\\/\",\"name\":\"PARCOURSUP (Francia) - Lyc\u00e9e Fran\u00e7ais de Madrid\",\"isPartOf\":{\"@id\":\"http:\\\/\\\/lfmadrid.net.dev2.tribu-and-co.com\\\/es\\\/#website\"},\"datePublished\":\"2026-03-25T09:55:33+00:00\",\"dateModified\":\"2026-04-14T15:21:58+00:00\",\"breadcrumb\":{\"@id\":\"http:\\\/\\\/lfmadrid.net.dev2.tribu-and-co.com\\\/es\\\/bachillerato\\\/orientacion-en-el-bachillerato-lycee\\\/parcoursup-francia\\\/#breadcrumb\"},\"inLanguage\":\"es-ES\",\"potentialAction\":[{\"@type\":\"ReadAction\",\"target\":[\"http:\\\/\\\/lfmadrid.net.dev2.tribu-and-co.com\\\/es\\\/bachillerato\\\/orientacion-en-el-bachillerato-lycee\\\/parcoursup-francia\\\/\"]}]},{\"@type\":\"BreadcrumbList\",\"@id\":\"http:\\\/\\\/lfmadrid.net.dev2.tribu-and-co.com\\\/es\\\/bachillerato\\\/orientacion-en-el-bachillerato-lycee\\\/parcoursup-francia\\\/#breadcrumb\",\"itemListElement\":[{\"@type\":\"ListItem\",\"position\":1,\"name\":\"Inicio\",\"item\":\"http:\\\/\\\/lfmadrid.net.dev2.tribu-and-co.com\\\/es\\\/\"},{\"@type\":\"ListItem\",\"position\":2,\"name\":\"Bachillerato\",\"item\":\"http:\\\/\\\/lfmadrid.net.dev2.tribu-and-co.com\\\/es\\\/bachillerato\\\/\"},{\"@type\":\"ListItem\",\"position\":3,\"name\":\"Orientaci\u00f3n en el Bachillerato (Lyc\u00e9e)\",\"item\":\"http:\\\/\\\/lfmadrid.net.dev2.tribu-and-co.com\\\/es\\\/bachillerato\\\/orientacion-en-el-bachillerato-lycee\\\/\"},{\"@type\":\"ListItem\",\"position\":4,\"name\":\"PARCOURSUP (Francia)\"}]},{\"@type\":\"WebSite\",\"@id\":\"http:\\\/\\\/lfmadrid.net.dev2.tribu-and-co.com\\\/es\\\/#website\",\"url\":\"http:\\\/\\\/lfmadrid.net.dev2.tribu-and-co.com\\\/es\\\/\",\"name\":\"Lyc\u00e9e Fran\u00e7ais de Madrid\",\"description\":\"\",\"publisher\":{\"@id\":\"http:\\\/\\\/lfmadrid.net.dev2.tribu-and-co.com\\\/es\\\/#organization\"},\"potentialAction\":[{\"@type\":\"SearchAction\",\"target\":{\"@type\":\"EntryPoint\",\"urlTemplate\":\"http:\\\/\\\/lfmadrid.net.dev2.tribu-and-co.com\\\/es\\\/?s={search_term_string}\"},\"query-input\":{\"@type\":\"PropertyValueSpecification\",\"valueRequired\":true,\"valueName\":\"search_term_string\"}}],\"inLanguage\":\"es-ES\"},{\"@type\":\"Organization\",\"@id\":\"http:\\\/\\\/lfmadrid.net.dev2.tribu-and-co.com\\\/es\\\/#organization\",\"name\":\"Lyc\u00e9e Fran\u00e7ais de Madrid\",\"url\":\"http:\\\/\\\/lfmadrid.net.dev2.tribu-and-co.com\\\/es\\\/\",\"logo\":{\"@type\":\"ImageObject\",\"inLanguage\":\"es-ES\",\"@id\":\"http:\\\/\\\/lfmadrid.net.dev2.tribu-and-co.com\\\/es\\\/#\\\/schema\\\/logo\\\/image\\\/\",\"url\":\"http:\\\/\\\/lfmadrid.net.dev2.tribu-and-co.com\\\/wp-content\\\/uploads\\\/2026\\\/01\\\/lfm-logo.svg\",\"contentUrl\":\"http:\\\/\\\/lfmadrid.net.dev2.tribu-and-co.com\\\/wp-content\\\/uploads\\\/2026\\\/01\\\/lfm-logo.svg\",\"width\":154,\"height\":60,\"caption\":\"Lyc\u00e9e Fran\u00e7ais de Madrid\"},\"image\":{\"@id\":\"http:\\\/\\\/lfmadrid.net.dev2.tribu-and-co.com\\\/es\\\/#\\\/schema\\\/logo\\\/image\\\/\"}}]}<\/script>\n<!-- \/ Yoast SEO plugin. -->","yoast_head_json":{"title":"PARCOURSUP (Francia) - Lyc\u00e9e Fran\u00e7ais de Madrid","robots":{"index":"noindex","follow":"follow","max-snippet":"max-snippet:-1","max-image-preview":"max-image-preview:large","max-video-preview":"max-video-preview:-1"},"og_locale":"es_ES","og_type":"article","og_title":"PARCOURSUP (Francia) - Lyc\u00e9e Fran\u00e7ais de Madrid","og_url":"http:\/\/lfmadrid.net.dev2.tribu-and-co.com\/es\/bachillerato\/orientacion-en-el-bachillerato-lycee\/parcoursup-francia\/","og_site_name":"Lyc\u00e9e Fran\u00e7ais de Madrid","article_modified_time":"2026-04-14T15:21:58+00:00","twitter_card":"summary_large_image","twitter_misc":{"Tiempo de lectura":"1 minute"},"schema":{"@context":"https:\/\/schema.org","@graph":[{"@type":"WebPage","@id":"http:\/\/lfmadrid.net.dev2.tribu-and-co.com\/es\/bachillerato\/orientacion-en-el-bachillerato-lycee\/parcoursup-francia\/","url":"http:\/\/lfmadrid.net.dev2.tribu-and-co.com\/es\/bachillerato\/orientacion-en-el-bachillerato-lycee\/parcoursup-francia\/","name":"PARCOURSUP (Francia) - Lyc\u00e9e Fran\u00e7ais de Madrid","isPartOf":{"@id":"http:\/\/lfmadrid.net.dev2.tribu-and-co.com\/es\/#website"},"datePublished":"2026-03-25T09:55:33+00:00","dateModified":"2026-04-14T15:21:58+00:00","breadcrumb":{"@id":"http:\/\/lfmadrid.net.dev2.tribu-and-co.com\/es\/bachillerato\/orientacion-en-el-bachillerato-lycee\/parcoursup-francia\/#breadcrumb"},"inLanguage":"es-ES","potentialAction":[{"@type":"ReadAction","target":["http:\/\/lfmadrid.net.dev2.tribu-and-co.com\/es\/bachillerato\/orientacion-en-el-bachillerato-lycee\/parcoursup-francia\/"]}]},{"@type":"BreadcrumbList","@id":"http:\/\/lfmadrid.net.dev2.tribu-and-co.com\/es\/bachillerato\/orientacion-en-el-bachillerato-lycee\/parcoursup-francia\/#breadcrumb","itemListElement":[{"@type":"ListItem","position":1,"name":"Inicio","item":"http:\/\/lfmadrid.net.dev2.tribu-and-co.com\/es\/"},{"@type":"ListItem","position":2,"name":"Bachillerato","item":"http:\/\/lfmadrid.net.dev2.tribu-and-co.com\/es\/bachillerato\/"},{"@type":"ListItem","position":3,"name":"Orientaci\u00f3n en el Bachillerato (Lyc\u00e9e)","item":"http:\/\/lfmadrid.net.dev2.tribu-and-co.com\/es\/bachillerato\/orientacion-en-el-bachillerato-lycee\/"},{"@type":"ListItem","position":4,"name":"PARCOURSUP (Francia)"}]},{"@type":"WebSite","@id":"http:\/\/lfmadrid.net.dev2.tribu-and-co.com\/es\/#website","url":"http:\/\/lfmadrid.net.dev2.tribu-and-co.com\/es\/","name":"Lyc\u00e9e Fran\u00e7ais de Madrid","description":"","publisher":{"@id":"http:\/\/lfmadrid.net.dev2.tribu-and-co.com\/es\/#organization"},"potentialAction":[{"@type":"SearchAction","target":{"@type":"EntryPoint","urlTemplate":"http:\/\/lfmadrid.net.dev2.tribu-and-co.com\/es\/?s={search_term_string}"},"query-input":{"@type":"PropertyValueSpecification","valueRequired":true,"valueName":"search_term_string"}}],"inLanguage":"es-ES"},{"@type":"Organization","@id":"http:\/\/lfmadrid.net.dev2.tribu-and-co.com\/es\/#organization","name":"Lyc\u00e9e Fran\u00e7ais de Madrid","url":"http:\/\/lfmadrid.net.dev2.tribu-and-co.com\/es\/","logo":{"@type":"ImageObject","inLanguage":"es-ES","@id":"http:\/\/lfmadrid.net.dev2.tribu-and-co.com\/es\/#\/schema\/logo\/image\/","url":"http:\/\/lfmadrid.net.dev2.tribu-and-co.com\/wp-content\/uploads\/2026\/01\/lfm-logo.svg","contentUrl":"http:\/\/lfmadrid.net.dev2.tribu-and-co.com\/wp-content\/uploads\/2026\/01\/lfm-logo.svg","width":154,"height":60,"caption":"Lyc\u00e9e Fran\u00e7ais de Madrid"},"image":{"@id":"http:\/\/lfmadrid.net.dev2.tribu-and-co.com\/es\/#\/schema\/logo\/image\/"}}]}},"_links":{"self":[{"href":"http:\/\/lfmadrid.net.dev2.tribu-and-co.com\/es\/wp-json\/wp\/v2\/pages\/8011","targetHints":{"allow":["GET"]}}],"collection":[{"href":"http:\/\/lfmadrid.net.dev2.tribu-and-co.com\/es\/wp-json\/wp\/v2\/pages"}],"about":[{"href":"http:\/\/lfmadrid.net.dev2.tribu-and-co.com\/es\/wp-json\/wp\/v2\/types\/page"}],"author":[{"embeddable":true,"href":"http:\/\/lfmadrid.net.dev2.tribu-and-co.com\/es\/wp-json\/wp\/v2\/users\/3"}],"replies":[{"embeddable":true,"href":"http:\/\/lfmadrid.net.dev2.tribu-and-co.com\/es\/wp-json\/wp\/v2\/comments?post=8011"}],"version-history":[{"count":1,"href":"http:\/\/lfmadrid.net.dev2.tribu-and-co.com\/es\/wp-json\/wp\/v2\/pages\/8011\/revisions"}],"predecessor-version":[{"id":8012,"href":"http:\/\/lfmadrid.net.dev2.tribu-and-co.com\/es\/wp-json\/wp\/v2\/pages\/8011\/revisions\/8012"}],"up":[{"embeddable":true,"href":"http:\/\/lfmadrid.net.dev2.tribu-and-co.com\/es\/wp-json\/wp\/v2\/pages\/6331"}],"wp:attachment":[{"href":"http:\/\/lfmadrid.net.dev2.tribu-and-co.com\/es\/wp-json\/wp\/v2\/media?parent=8011"}],"wp:term":[{"taxonomy":"school_type","embeddable":true,"href":"http:\/\/lfmadrid.net.dev2.tribu-and-co.com\/es\/wp-json\/wp\/v2\/school_type?post=8011"}],"curies":[{"name":"wp","href":"https:\/\/api.w.org\/{rel}","templated":true}]}}