
{"id":7619,"date":"2026-01-08T17:59:17","date_gmt":"2026-01-08T16:59:17","guid":{"rendered":"http:\/\/lfmadrid.net.dev2.tribu-and-co.com\/comedor\/"},"modified":"2026-04-14T23:00:30","modified_gmt":"2026-04-14T21:00:30","slug":"comedor","status":"publish","type":"page","link":"http:\/\/lfmadrid.net.dev2.tribu-and-co.com\/es\/vida-en-el-lfm\/comedor\/","title":{"rendered":"Comedor"},"content":{"rendered":"\n<div class=\"container container--md\">\n\t<div class=\"hero-block wp-block-tribu-blocks-hero-block\">\n\t\t\t\t\t<h1 class=\"hero-block__title fw-700\">Comedor<\/h1>\n\t\t\n\t\t\n\t\t\t\t\t<div class=\"hero-block__featured-image-wrapper\">\n\t\t\t\t<img decoding=\"async\" width=\"300\" height=\"269\" src=\"http:\/\/lfmadrid.net.dev2.tribu-and-co.com\/wp-content\/uploads\/2026\/03\/restauration-300x269.webp\" class=\"hero-block__featured-image\" alt=\"\" srcset=\"http:\/\/lfmadrid.net.dev2.tribu-and-co.com\/wp-content\/uploads\/2026\/03\/restauration-300x269.webp 300w, http:\/\/lfmadrid.net.dev2.tribu-and-co.com\/wp-content\/uploads\/2026\/03\/restauration-600x538.webp 600w, http:\/\/lfmadrid.net.dev2.tribu-and-co.com\/wp-content\/uploads\/2026\/03\/restauration.webp 635w\" sizes=\"(max-width: 300px) 100vw, 300px\" \/>\t\t\t<\/div>\n\t\t\t\t\n\t\t\t<\/div>\n<\/div>\n<div class=\"container container--md alignfull wp-block-tribu-blocks-container\">\n\t\n\n<h2 class=\"wp-block-heading has-fs-h-2-font-size\">Une cuisine de qualit\u00e9, durable et \u00e9ducative<\/h2>\n\n\n\n<p>Au Lyc\u00e9e Fran\u00e7ais de Madrid, le moment du repas est bien plus qu&#8217;une pause d\u00e9jeuner : c&#8217;est un temps de partage, d&#8217;\u00e9ducation au go\u00fbt et de bien-\u00eatre. Depuis la rentr\u00e9e 2022, nous faisons confiance \u00e0 Sodexo, s\u00e9lectionn\u00e9 apr\u00e8s appel d&#8217;offres, pour relever ce d\u00e9fi quotidien en pr\u00e9parant pr\u00e8s de 3 000 repas chaque jour. Tous les repas, de la maternelle \u00e0 la terminale, sont confectionn\u00e9s dans les cuisines du LFM.  <\/p>\n\n\n\n<h2 class=\"wp-block-heading has-fs-h-2-font-size\">Une \u00e9quipe engag\u00e9e et une cuisine de proximit\u00e9<\/h2>\n\n\n\n<p>Sous la direction du chef de centre Michel Lahurnagaray et de la cheffe de production Nieves de Ibar Fuentes, une \u00e9quipe de pr\u00e8s de 87 professionnels s&#8217;active chaque jour sur nos deux campus (Conde de Orgaz et La Moraleja).<br\/>Une \u00e9quipe de nutritionnistes prend soin des \u00e9l\u00e8ves allergiques en leur proposant des menus adapt\u00e9s \u00e0 leurs besoins sp\u00e9cifiques.<\/p>\n\n\n\n<h2 class=\"wp-block-heading has-fs-h-2-font-size\">Un engagement fort pour le d\u00e9veloppement durable (E3D)<\/h2>\n\n\n\n<p>Partenaire actif de notre d\u00e9marche E3D, le service de restauration s&#8217;engage concr\u00e8tement pour l&#8217;environnement :<\/p>\n\n\n\n<ul class=\"wp-block-list\">\n<li><strong>Approvisionnement responsable<\/strong> : priorit\u00e9 aux produits frais, locaux et de saison, avec l&#8217;introduction r\u00e9guli\u00e8re de produits issus de l&#8217;agriculture biologique (pain, l\u00e9gumes secs, l\u00e9gumes verts, pommes de terre\u2026).<\/li>\n\n\n\n<li><strong>R\u00e9duction des d\u00e9chets<\/strong> : sensibilisation des fournisseurs pour limiter les emballages, tri s\u00e9lectif rigoureux et compostage.<\/li>\n<\/ul>\n\n\n\n<p>Cette politique ambitieuse vient d&#8217;\u00eatre salu\u00e9e officiellement : le LFM a obtenu la <strong>certification \u00ab Cantine \u00c9co-responsable \u00bb<\/strong> d\u00e9livr\u00e9e par <strong>Bureau Veritas<\/strong>. Ce label r\u00e9compense le travail conjoint men\u00e9 par le LFM et Sodexo et nous engage \u00e0 poursuivre nos progr\u00e8s en mati\u00e8re de durabilit\u00e9. <\/p>\n\n\n\n<h2 class=\"wp-block-heading has-fs-h-2-font-size\">Une gouvernance partag\u00e9e : la commission restauration<\/h2>\n\n\n\n<p>Parce que bien manger est l&#8217;affaire de tous, les menus et les grandes orientations sont d\u00e9cid\u00e9s lors d&#8217;une Commission Restauration mensuelle.<br\/>Cet espace de dialogue r\u00e9unit toute la communaut\u00e9 scolaire : parents, \u00e9l\u00e8ves, LFM, ainsi que l&#8217;\u00e9quipe de cuisine et une nutritionniste. Ensemble, ils \u00e9laborent une offre \u00e9quilibr\u00e9e qui concilie les crit\u00e8res exigeants du LFM, les capacit\u00e9s de production et les attentes des \u00e9l\u00e8ves. <\/p>\n\n\n\n<h2 class=\"wp-block-heading has-fs-h-2-font-size\">Une offre adapt\u00e9e \u00e0 chaque \u00e2ge<\/h2>\n\n\n\n<p>De la Toute Petite Section \u00e0 la Terminale, le service de restauration \u00e9volue pour accompagner la croissance et l&#8217;autonomie de vos enfants.<\/p>\n\n\n\n<h3 class=\"wp-block-heading\">\u00c0 l&#8217;\u00e9cole maternelle : \u00e9veil et bienveillance<\/h3>\n\n\n\n<p>Le d\u00e9jeuner est un moment d&#8217;apprentissage et de douceur.<\/p>\n\n\n\n<ul class=\"wp-block-list\">\n<li><strong>Pour les plus petits (TPS)<\/strong> : des menus sp\u00e9cifiques avec des textures adapt\u00e9es (pur\u00e9es) et petits morceaux sont propos\u00e9s.<\/li>\n\n\n\n<li><strong>Un encadrement personnalis\u00e9<\/strong> : chaque groupe est suivi par une monitrice attitr\u00e9e. Elle conna\u00eet les particularit\u00e9s de chaque enfant, assure un suivi individuel et cr\u00e9e un lien de confiance. <\/li>\n\n\n\n<li><strong>\u00c9ducation au go\u00fbt<\/strong> : les projets p\u00e9dagogiques autour de la d\u00e9couverte des saveurs sont r\u00e9guli\u00e8rement organis\u00e9s pour \u00e9veiller les papilles.<\/li>\n<\/ul>\n\n\n\n<h3 class=\"wp-block-heading\">\u00c0 l&#8217;\u00e9cole \u00e9l\u00e9mentaire : \u00e9quilibre et d\u00e9couverte<\/h3>\n\n\n\n<p>Les \u00e9l\u00e8ves profitent de menus vari\u00e9s con\u00e7us pour leur fournir l&#8217;\u00e9nergie n\u00e9cessaire \u00e0 leur journ\u00e9e, tout en poursuivant leur \u00e9ducation nutritionnelle dans un cadre convivial.<br\/><br\/>Pour accompagner en douceur cette transition, les \u00e9l\u00e8ves de CP d\u00e9jeunent par classe, sous le regard bienveillant d&#8217;une monitrice d\u00e9di\u00e9e.<br\/><br\/>\u00c0 partir du CE1, les enfants franchissent une \u00e9tape vers l&#8217;autonomie en acc\u00e9dant au syst\u00e8me de self-service.<\/p>\n\n\n\n<h3 class=\"wp-block-heading\">Au coll\u00e8ge : vers l&#8217;autonomie<\/h3>\n\n\n\n<p>Les coll\u00e9giens acc\u00e8dent \u00e0 une offre \u00e9largie. Ils b\u00e9n\u00e9ficient de plus de choix dans les composantes du menu, les incitant \u00e0 construire eux-m\u00eames un plateau \u00e9quilibr\u00e9 selon leurs go\u00fbts. <\/p>\n\n\n\n<h3 class=\"wp-block-heading\">Au lyc\u00e9e : flexibilit\u00e9 et libert\u00e9<\/h3>\n\n\n\n<p>Pour s&#8217;adapter au rythme et aux envies des lyc\u00e9ens, le service se diversifie. En plus de la restauration classique, une caf\u00e9t\u00e9ria est \u00e0 leur disposition. Elle propose :  <\/p>\n\n\n\n<ul class=\"wp-block-list\">\n<li>Le menu et plat du jour<\/li>\n\n\n\n<li>Des options de restauration rapide de qualit\u00e9 \u00e0 emporter (snacking sain, sandwichs, salades, bowl \u00e0 composer\u2026).<\/li>\n<\/ul>\n\n\n<div class=\"container container--default wp-block-tribu-blocks-container\">\n\t<\/div>\n\n\n\n<div class=\"wp-block-group has-blanc-color has-primaire-1-background-color has-text-color has-background has-link-color wp-elements-1a489aa9068274a4ff9d81bfefe7724a is-layout-constrained wp-container-core-group-is-layout-85257459 wp-block-group-is-layout-constrained\" style=\"border-radius:12px;padding-top:0;padding-right:var(--wp--preset--spacing--5);padding-bottom:var(--wp--preset--spacing--7);padding-left:var(--wp--preset--spacing--5)\">\n<figure class=\"wp-block-image aligncenter size-large is-resized\"><img decoding=\"async\" width=\"61\" height=\"36\" src=\"http:\/\/lfmadrid.net.dev2.tribu-and-co.com\/wp-content\/uploads\/2025\/10\/stripes-top-secondary.svg\" alt=\"\" class=\"wp-image-163\" style=\"object-fit:cover;width:60px;height:36px\"\/><\/figure>\n\n\n\n<h2 class=\"wp-block-heading has-text-align-center has-blanc-color has-text-color has-link-color has-fs-h-3-font-size wp-elements-e2396d80208e16ad4870fba661da2ee2\" style=\"font-style:normal;font-weight:500\">Consultez le menu quotidien servi dans les r\u00e9fectoires avec l&#8217;application SoMeal<\/h2>\n\n\n\n<div class=\"wp-block-buttons is-content-justification-center is-layout-flex wp-container-core-buttons-is-layout-a89b3969 wp-block-buttons-is-layout-flex\">\n<div class=\"wp-block-button custom-button custom-button--default custom-button--white\"><a class=\"wp-block-button__link wp-element-button\" href=\"https:\/\/someal.app\/home\" target=\"_blank\" rel=\"noreferrer noopener\">Cliquez ici pour acc\u00e9der \u00e0 l&#8217;application<\/a><\/div>\n<\/div>\n<\/div>\n\n<\/div>\n","protected":false},"excerpt":{"rendered":"","protected":false},"author":1,"featured_media":0,"parent":8049,"menu_order":0,"comment_status":"closed","ping_status":"closed","template":"","meta":{"_acf_changed":false,"footnotes":""},"school_type":[],"class_list":["post-7619","page","type-page","status-publish","hentry"],"acf":[],"yoast_head":"<!-- This site is optimized with the Yoast SEO plugin v27.4 - https:\/\/yoast.com\/product\/yoast-seo-wordpress\/ -->\n<title>Comedor - Lyc\u00e9e Fran\u00e7ais de Madrid<\/title>\n<meta name=\"robots\" content=\"noindex, follow, max-snippet:-1, max-image-preview:large, max-video-preview:-1\" \/>\n<meta property=\"og:locale\" content=\"es_ES\" \/>\n<meta property=\"og:type\" content=\"article\" \/>\n<meta property=\"og:title\" content=\"Comedor - Lyc\u00e9e Fran\u00e7ais de Madrid\" \/>\n<meta property=\"og:url\" content=\"http:\/\/lfmadrid.net.dev2.tribu-and-co.com\/es\/vida-en-el-lfm\/comedor\/\" \/>\n<meta property=\"og:site_name\" content=\"Lyc\u00e9e Fran\u00e7ais de Madrid\" \/>\n<meta property=\"article:modified_time\" content=\"2026-04-14T21:00:30+00:00\" \/>\n<meta property=\"og:image\" content=\"http:\/\/lfmadrid.net.dev2.tribu-and-co.com\/wp-content\/uploads\/2025\/10\/stripes-top-secondary.svg\" \/>\n<meta name=\"twitter:card\" content=\"summary_large_image\" \/>\n<meta name=\"twitter:label1\" content=\"Tiempo de lectura\" \/>\n\t<meta name=\"twitter:data1\" content=\"3 minutes\" \/>\n<script type=\"application\/ld+json\" class=\"yoast-schema-graph\">{\"@context\":\"https:\\\/\\\/schema.org\",\"@graph\":[{\"@type\":\"WebPage\",\"@id\":\"http:\\\/\\\/lfmadrid.net.dev2.tribu-and-co.com\\\/es\\\/vida-en-el-lfm\\\/comedor\\\/\",\"url\":\"http:\\\/\\\/lfmadrid.net.dev2.tribu-and-co.com\\\/es\\\/vida-en-el-lfm\\\/comedor\\\/\",\"name\":\"Comedor - Lyc\u00e9e Fran\u00e7ais de Madrid\",\"isPartOf\":{\"@id\":\"http:\\\/\\\/lfmadrid.net.dev2.tribu-and-co.com\\\/es\\\/#website\"},\"primaryImageOfPage\":{\"@id\":\"http:\\\/\\\/lfmadrid.net.dev2.tribu-and-co.com\\\/es\\\/vida-en-el-lfm\\\/comedor\\\/#primaryimage\"},\"image\":{\"@id\":\"http:\\\/\\\/lfmadrid.net.dev2.tribu-and-co.com\\\/es\\\/vida-en-el-lfm\\\/comedor\\\/#primaryimage\"},\"thumbnailUrl\":\"http:\\\/\\\/lfmadrid.net.dev2.tribu-and-co.com\\\/wp-content\\\/uploads\\\/2025\\\/10\\\/stripes-top-secondary.svg\",\"datePublished\":\"2026-01-08T16:59:17+00:00\",\"dateModified\":\"2026-04-14T21:00:30+00:00\",\"breadcrumb\":{\"@id\":\"http:\\\/\\\/lfmadrid.net.dev2.tribu-and-co.com\\\/es\\\/vida-en-el-lfm\\\/comedor\\\/#breadcrumb\"},\"inLanguage\":\"es-ES\",\"potentialAction\":[{\"@type\":\"ReadAction\",\"target\":[\"http:\\\/\\\/lfmadrid.net.dev2.tribu-and-co.com\\\/es\\\/vida-en-el-lfm\\\/comedor\\\/\"]}]},{\"@type\":\"ImageObject\",\"inLanguage\":\"es-ES\",\"@id\":\"http:\\\/\\\/lfmadrid.net.dev2.tribu-and-co.com\\\/es\\\/vida-en-el-lfm\\\/comedor\\\/#primaryimage\",\"url\":\"http:\\\/\\\/lfmadrid.net.dev2.tribu-and-co.com\\\/wp-content\\\/uploads\\\/2025\\\/10\\\/stripes-top-secondary.svg\",\"contentUrl\":\"http:\\\/\\\/lfmadrid.net.dev2.tribu-and-co.com\\\/wp-content\\\/uploads\\\/2025\\\/10\\\/stripes-top-secondary.svg\"},{\"@type\":\"BreadcrumbList\",\"@id\":\"http:\\\/\\\/lfmadrid.net.dev2.tribu-and-co.com\\\/es\\\/vida-en-el-lfm\\\/comedor\\\/#breadcrumb\",\"itemListElement\":[{\"@type\":\"ListItem\",\"position\":1,\"name\":\"Inicio\",\"item\":\"http:\\\/\\\/lfmadrid.net.dev2.tribu-and-co.com\\\/es\\\/\"},{\"@type\":\"ListItem\",\"position\":2,\"name\":\"Vida en el LFM\",\"item\":\"http:\\\/\\\/lfmadrid.net.dev2.tribu-and-co.com\\\/es\\\/vida-en-el-lfm\\\/\"},{\"@type\":\"ListItem\",\"position\":3,\"name\":\"Comedor\"}]},{\"@type\":\"WebSite\",\"@id\":\"http:\\\/\\\/lfmadrid.net.dev2.tribu-and-co.com\\\/es\\\/#website\",\"url\":\"http:\\\/\\\/lfmadrid.net.dev2.tribu-and-co.com\\\/es\\\/\",\"name\":\"Lyc\u00e9e Fran\u00e7ais de Madrid\",\"description\":\"\",\"publisher\":{\"@id\":\"http:\\\/\\\/lfmadrid.net.dev2.tribu-and-co.com\\\/es\\\/#organization\"},\"potentialAction\":[{\"@type\":\"SearchAction\",\"target\":{\"@type\":\"EntryPoint\",\"urlTemplate\":\"http:\\\/\\\/lfmadrid.net.dev2.tribu-and-co.com\\\/es\\\/?s={search_term_string}\"},\"query-input\":{\"@type\":\"PropertyValueSpecification\",\"valueRequired\":true,\"valueName\":\"search_term_string\"}}],\"inLanguage\":\"es-ES\"},{\"@type\":\"Organization\",\"@id\":\"http:\\\/\\\/lfmadrid.net.dev2.tribu-and-co.com\\\/es\\\/#organization\",\"name\":\"Lyc\u00e9e Fran\u00e7ais de Madrid\",\"url\":\"http:\\\/\\\/lfmadrid.net.dev2.tribu-and-co.com\\\/es\\\/\",\"logo\":{\"@type\":\"ImageObject\",\"inLanguage\":\"es-ES\",\"@id\":\"http:\\\/\\\/lfmadrid.net.dev2.tribu-and-co.com\\\/es\\\/#\\\/schema\\\/logo\\\/image\\\/\",\"url\":\"http:\\\/\\\/lfmadrid.net.dev2.tribu-and-co.com\\\/wp-content\\\/uploads\\\/2026\\\/01\\\/lfm-logo.svg\",\"contentUrl\":\"http:\\\/\\\/lfmadrid.net.dev2.tribu-and-co.com\\\/wp-content\\\/uploads\\\/2026\\\/01\\\/lfm-logo.svg\",\"width\":154,\"height\":60,\"caption\":\"Lyc\u00e9e Fran\u00e7ais de Madrid\"},\"image\":{\"@id\":\"http:\\\/\\\/lfmadrid.net.dev2.tribu-and-co.com\\\/es\\\/#\\\/schema\\\/logo\\\/image\\\/\"}}]}<\/script>\n<!-- \/ Yoast SEO plugin. -->","yoast_head_json":{"title":"Comedor - Lyc\u00e9e Fran\u00e7ais de Madrid","robots":{"index":"noindex","follow":"follow","max-snippet":"max-snippet:-1","max-image-preview":"max-image-preview:large","max-video-preview":"max-video-preview:-1"},"og_locale":"es_ES","og_type":"article","og_title":"Comedor - Lyc\u00e9e Fran\u00e7ais de Madrid","og_url":"http:\/\/lfmadrid.net.dev2.tribu-and-co.com\/es\/vida-en-el-lfm\/comedor\/","og_site_name":"Lyc\u00e9e Fran\u00e7ais de Madrid","article_modified_time":"2026-04-14T21:00:30+00:00","og_image":[{"url":"http:\/\/lfmadrid.net.dev2.tribu-and-co.com\/wp-content\/uploads\/2025\/10\/stripes-top-secondary.svg","type":"","width":"","height":""}],"twitter_card":"summary_large_image","twitter_misc":{"Tiempo de lectura":"3 minutes"},"schema":{"@context":"https:\/\/schema.org","@graph":[{"@type":"WebPage","@id":"http:\/\/lfmadrid.net.dev2.tribu-and-co.com\/es\/vida-en-el-lfm\/comedor\/","url":"http:\/\/lfmadrid.net.dev2.tribu-and-co.com\/es\/vida-en-el-lfm\/comedor\/","name":"Comedor - Lyc\u00e9e Fran\u00e7ais de Madrid","isPartOf":{"@id":"http:\/\/lfmadrid.net.dev2.tribu-and-co.com\/es\/#website"},"primaryImageOfPage":{"@id":"http:\/\/lfmadrid.net.dev2.tribu-and-co.com\/es\/vida-en-el-lfm\/comedor\/#primaryimage"},"image":{"@id":"http:\/\/lfmadrid.net.dev2.tribu-and-co.com\/es\/vida-en-el-lfm\/comedor\/#primaryimage"},"thumbnailUrl":"http:\/\/lfmadrid.net.dev2.tribu-and-co.com\/wp-content\/uploads\/2025\/10\/stripes-top-secondary.svg","datePublished":"2026-01-08T16:59:17+00:00","dateModified":"2026-04-14T21:00:30+00:00","breadcrumb":{"@id":"http:\/\/lfmadrid.net.dev2.tribu-and-co.com\/es\/vida-en-el-lfm\/comedor\/#breadcrumb"},"inLanguage":"es-ES","potentialAction":[{"@type":"ReadAction","target":["http:\/\/lfmadrid.net.dev2.tribu-and-co.com\/es\/vida-en-el-lfm\/comedor\/"]}]},{"@type":"ImageObject","inLanguage":"es-ES","@id":"http:\/\/lfmadrid.net.dev2.tribu-and-co.com\/es\/vida-en-el-lfm\/comedor\/#primaryimage","url":"http:\/\/lfmadrid.net.dev2.tribu-and-co.com\/wp-content\/uploads\/2025\/10\/stripes-top-secondary.svg","contentUrl":"http:\/\/lfmadrid.net.dev2.tribu-and-co.com\/wp-content\/uploads\/2025\/10\/stripes-top-secondary.svg"},{"@type":"BreadcrumbList","@id":"http:\/\/lfmadrid.net.dev2.tribu-and-co.com\/es\/vida-en-el-lfm\/comedor\/#breadcrumb","itemListElement":[{"@type":"ListItem","position":1,"name":"Inicio","item":"http:\/\/lfmadrid.net.dev2.tribu-and-co.com\/es\/"},{"@type":"ListItem","position":2,"name":"Vida en el LFM","item":"http:\/\/lfmadrid.net.dev2.tribu-and-co.com\/es\/vida-en-el-lfm\/"},{"@type":"ListItem","position":3,"name":"Comedor"}]},{"@type":"WebSite","@id":"http:\/\/lfmadrid.net.dev2.tribu-and-co.com\/es\/#website","url":"http:\/\/lfmadrid.net.dev2.tribu-and-co.com\/es\/","name":"Lyc\u00e9e Fran\u00e7ais de Madrid","description":"","publisher":{"@id":"http:\/\/lfmadrid.net.dev2.tribu-and-co.com\/es\/#organization"},"potentialAction":[{"@type":"SearchAction","target":{"@type":"EntryPoint","urlTemplate":"http:\/\/lfmadrid.net.dev2.tribu-and-co.com\/es\/?s={search_term_string}"},"query-input":{"@type":"PropertyValueSpecification","valueRequired":true,"valueName":"search_term_string"}}],"inLanguage":"es-ES"},{"@type":"Organization","@id":"http:\/\/lfmadrid.net.dev2.tribu-and-co.com\/es\/#organization","name":"Lyc\u00e9e Fran\u00e7ais de Madrid","url":"http:\/\/lfmadrid.net.dev2.tribu-and-co.com\/es\/","logo":{"@type":"ImageObject","inLanguage":"es-ES","@id":"http:\/\/lfmadrid.net.dev2.tribu-and-co.com\/es\/#\/schema\/logo\/image\/","url":"http:\/\/lfmadrid.net.dev2.tribu-and-co.com\/wp-content\/uploads\/2026\/01\/lfm-logo.svg","contentUrl":"http:\/\/lfmadrid.net.dev2.tribu-and-co.com\/wp-content\/uploads\/2026\/01\/lfm-logo.svg","width":154,"height":60,"caption":"Lyc\u00e9e Fran\u00e7ais de Madrid"},"image":{"@id":"http:\/\/lfmadrid.net.dev2.tribu-and-co.com\/es\/#\/schema\/logo\/image\/"}}]}},"_links":{"self":[{"href":"http:\/\/lfmadrid.net.dev2.tribu-and-co.com\/es\/wp-json\/wp\/v2\/pages\/7619","targetHints":{"allow":["GET"]}}],"collection":[{"href":"http:\/\/lfmadrid.net.dev2.tribu-and-co.com\/es\/wp-json\/wp\/v2\/pages"}],"about":[{"href":"http:\/\/lfmadrid.net.dev2.tribu-and-co.com\/es\/wp-json\/wp\/v2\/types\/page"}],"author":[{"embeddable":true,"href":"http:\/\/lfmadrid.net.dev2.tribu-and-co.com\/es\/wp-json\/wp\/v2\/users\/1"}],"replies":[{"embeddable":true,"href":"http:\/\/lfmadrid.net.dev2.tribu-and-co.com\/es\/wp-json\/wp\/v2\/comments?post=7619"}],"version-history":[{"count":1,"href":"http:\/\/lfmadrid.net.dev2.tribu-and-co.com\/es\/wp-json\/wp\/v2\/pages\/7619\/revisions"}],"predecessor-version":[{"id":7620,"href":"http:\/\/lfmadrid.net.dev2.tribu-and-co.com\/es\/wp-json\/wp\/v2\/pages\/7619\/revisions\/7620"}],"up":[{"embeddable":true,"href":"http:\/\/lfmadrid.net.dev2.tribu-and-co.com\/es\/wp-json\/wp\/v2\/pages\/8049"}],"wp:attachment":[{"href":"http:\/\/lfmadrid.net.dev2.tribu-and-co.com\/es\/wp-json\/wp\/v2\/media?parent=7619"}],"wp:term":[{"taxonomy":"school_type","embeddable":true,"href":"http:\/\/lfmadrid.net.dev2.tribu-and-co.com\/es\/wp-json\/wp\/v2\/school_type?post=7619"}],"curies":[{"name":"wp","href":"https:\/\/api.w.org\/{rel}","templated":true}]}}