
{"id":7559,"date":"2026-03-03T12:58:34","date_gmt":"2026-03-03T11:58:34","guid":{"rendered":"http:\/\/lfmadrid.net.dev2.tribu-and-co.com\/escuela-inclusiva\/"},"modified":"2026-04-15T11:55:21","modified_gmt":"2026-04-15T09:55:21","slug":"escuela-inclusiva","status":"publish","type":"page","link":"http:\/\/lfmadrid.net.dev2.tribu-and-co.com\/es\/escuela-inclusiva\/","title":{"rendered":"Escuela inclusiva"},"content":{"rendered":"<div class=\"container\">\n\t<div class=\"page-head wp-block-tribu-blocks-page-head\">\n\n\t\t<div class=\"page-head__content\">\n\t\t\t\t\t\t\t<h1 class=\"page-head__title has-fs-h-2-font-size fw-700\">Escuela inclusiva<\/h1>\n\t\t\t\n\t\t\t\t\t<\/div>\n\n\t\t\t<\/div>\n<\/div>\n<div style=\"margin-top:var(--wp--preset--spacing--7);margin-bottom:var(--wp--preset--spacing--7);\" class=\"container container--md alignfull wp-block-tribu-blocks-container\">\n\t\n\n<div class=\"wp-block-group has-blanc-color has-primaire-1-background-color has-text-color has-background has-link-color wp-elements-1b9c1839f7174e7627fe65ebd9c887bf is-layout-constrained wp-container-core-group-is-layout-deb340ff wp-block-group-is-layout-constrained\" style=\"border-width:1px;border-radius:16px;padding-top:var(--wp--preset--spacing--11);padding-right:var(--wp--preset--spacing--7);padding-bottom:var(--wp--preset--spacing--11);padding-left:var(--wp--preset--spacing--7)\">\n<div class=\"wp-block-columns are-vertically-aligned-center wp-block-columns--45-55 is-layout-flex wp-container-core-columns-is-layout-e787baa5 wp-block-columns-is-layout-flex\">\n<div class=\"wp-block-column is-vertically-aligned-center col-45 is-layout-flow wp-block-column-is-layout-flow\">\n<figure class=\"wp-block-image size-full\"><img decoding=\"async\" width=\"1140\" height=\"1140\" src=\"http:\/\/lfmadrid.net.dev2.tribu-and-co.com\/wp-content\/uploads\/2026\/03\/Inclusion-1.png\" alt=\"\" class=\"wp-image-7242\" srcset=\"http:\/\/lfmadrid.net.dev2.tribu-and-co.com\/wp-content\/uploads\/2026\/03\/Inclusion-1.png 1140w, http:\/\/lfmadrid.net.dev2.tribu-and-co.com\/wp-content\/uploads\/2026\/03\/Inclusion-1-300x300.png 300w, http:\/\/lfmadrid.net.dev2.tribu-and-co.com\/wp-content\/uploads\/2026\/03\/Inclusion-1-1024x1024.png 1024w, http:\/\/lfmadrid.net.dev2.tribu-and-co.com\/wp-content\/uploads\/2026\/03\/Inclusion-1-150x150.png 150w, http:\/\/lfmadrid.net.dev2.tribu-and-co.com\/wp-content\/uploads\/2026\/03\/Inclusion-1-768x768.png 768w, http:\/\/lfmadrid.net.dev2.tribu-and-co.com\/wp-content\/uploads\/2026\/03\/Inclusion-1-316x316.png 316w, http:\/\/lfmadrid.net.dev2.tribu-and-co.com\/wp-content\/uploads\/2026\/03\/Inclusion-1-600x600.png 600w, http:\/\/lfmadrid.net.dev2.tribu-and-co.com\/wp-content\/uploads\/2026\/03\/Inclusion-1-100x100.png 100w\" sizes=\"(max-width: 1140px) 100vw, 1140px\" \/><\/figure>\n<\/div>\n\n\n\n<div class=\"wp-block-column is-vertically-aligned-center col-55 is-layout-flow wp-block-column-is-layout-flow\">\n<p><em><em>\u00abLa AEFE sit\u00faa en el centro de sus prioridades la ambici\u00f3n de una escuela inclusiva, donde cada alumno gane confianza, se desarrolle y potencie sus talentos gracias al apoyo y acompa\u00f1amiento afectuosos que necesita para tener \u00e9xito. Esta visi\u00f3n se fundamenta en los valores del proyecto educativo franc\u00e9s: la diversidad de culturas y las singularidades nos enriquecen profundamente y elevan a toda la comunidad.<\/em><\/em><\/p>\n\n\n\n<p><em>Perseguir el objetivo de una inclusi\u00f3n aut\u00e9ntica es formar ciudadanos informados, abiertos y comprometidos, fundadores de un mundo que transforma cada diferencia en una fuerza compartida\u00bb.<\/em><\/p>\n\n\n\n<p><br\/>Fr\u00e9d\u00e9rique Rauscher, referente de inclusi\u00f3n de la AEFE<\/p>\n<\/div>\n<\/div>\n<\/div>\n\n<\/div>\n<div class=\"container container--default wp-block-tribu-blocks-container\">\n\t\n\n<p>Los centros de la red EFE (Ense\u00f1anza Francesa en el Extranjero) son centros generalistas. A diferencia de los centros en Francia, la mayor\u00eda de los liceos franceses en el extranjero no cuentan con dispositivos de acogida espec\u00edficos, como las clases ULIS (Unidad Localizada para la Inclusi\u00f3n Escolar) o centros m\u00e9dico-educativos. Aunque se les anima firmemente a acoger a alumnos con discapacidad, tambi\u00e9n tienen sus l\u00edmites.<br\/>Se recomienda encarecidamente entablar un di\u00e1logo claro y franco con la direcci\u00f3n del centro y el equipo educativo para encontrar la soluci\u00f3n m\u00e1s adecuada a la situaci\u00f3n de su hijo\/a.  <\/p>\n\n\n\n<p>T<strong>odas las adaptaciones est\u00e1n sujetas a las posibilidades internas del centro<\/strong>. Escolarizar a un alumno con dificultades de aprendizaje en un centro biling\u00fce o multiling\u00fce requiere compromiso y disponibilidad por parte de las familias.<\/p>\n\n<\/div>\n<div class=\"container container--md alignfull wp-block-tribu-blocks-container\">\n\t\n\n<p>La inclusi\u00f3n forma parte integrante del proyecto educativo del Lyc\u00e9e Fran\u00e7ais de Madrid y su personal se esfuerza cada d\u00eda para que sea m\u00e1s visible y operativa.<\/p>\n\n\n\n<div class=\"wp-block-group is-layout-constrained wp-container-core-group-is-layout-12243e0f wp-block-group-is-layout-constrained\"><div style=\"margin-right:0;margin-left:0;\" class=\"tabs wp-block-tribu-blocks-tabs\">\r\n\t<div class=\"tabs__tabs-list\">\r\n\t\t\t\t\t\t\t<button id=\"tab-button-1\" class=\"tabs__tab-title active\" role=\"tab\" aria-selected=\"true\" aria-controls=\"tab-panel-1\">\t\t\t\r\n\t\t\t\t\t\t<strong>La Arquitectura<\/strong>\t\t\t\t\t<\/button>\r\n\t\t\t\t\t\t\t<button id=\"tab-button-2\" class=\"tabs__tab-title\" role=\"tab\" aria-selected=\"false\" aria-controls=\"tab-panel-2\">\t\t\t\r\n\t\t\t\t\t\t<strong>Un servicio de comedor adaptado<\/strong>\t\t\t\t\t<\/button>\r\n\t\t\t\t\t\t\t<button id=\"tab-button-3\" class=\"tabs__tab-title\" role=\"tab\" aria-selected=\"false\" aria-controls=\"tab-panel-3\">\t\t\t\r\n\t\t\t\t\t\t<strong>Personal comprometido<\/strong>\t\t\t\t\t<\/button>\r\n\t\t\t\t\t\t\t<button id=\"tab-button-4\" class=\"tabs__tab-title\" role=\"tab\" aria-selected=\"false\" aria-controls=\"tab-panel-4\">\t\t\t\r\n\t\t\t\t\t\t<strong>Atenci\u00f3n a alumnos con Necesidades Educativas Especiales<\/strong>\t\t\t\t\t<\/button>\r\n\t\t\t<\/div>\r\n\t<div class=\"tabs__tab-panel\">\r\n\t\t\t\t\t\t<div class=\"tab tab--active\" role=\"tabpanel\" aria-labelledby=\"tab-button-1\" id=\"tab-panel-1\">\r\n\t\t\t\t\t\t\t\t\t\t\t<div class=\"tab__content wp-block-tribu-blocks-tab\">\n<p>El LFM adapta continuamente sus infraestructuras para garantizar la m\u00e1xima autonom\u00eda a cada alumno.<\/p>\n<p><strong>Accesibilidad universa<\/strong>l: nuestros centros est\u00e1n equipados con r<strong>ampas de acceso<\/strong>, <strong>ascensores<\/strong> y <strong>montacargas<\/strong> que permiten una circulaci\u00f3n fluida. Tambi\u00e9n disponemos de aseos adaptados en los diferentes edificios. <\/p>\n<p><strong>Espacios de aprendizaje modulable<\/strong>s: algunas aulas cuentan con adaptaciones espec\u00edficas y <strong>mobiliario ergon\u00f3mico<\/strong> para responder a las necesidades sensoriales o motrices de los alumnos.<\/p>\n<p><strong>Estructuras a escala humana<\/strong>: la organizaci\u00f3n de nuestros campus en diferentes polos \u2014infantil (maternelle), primaria (\u00e9l\u00e9mentaire, con clases de 1\u00ba de primaria independientes en Conde de Orgaz) y secundaria\u2014 permite acoger a cada grupo de edad en un entorno seguro y adaptado a su ritmo de desarrollo.<\/p>\n<figure class=\"wp-block-image aligncenter size-full\"><img decoding=\"async\" width=\"827\" height=\"808\" src=\"http:\/\/lfmadrid.net.dev2.tribu-and-co.com\/wp-content\/uploads\/2026\/04\/Ebep-.webp\" alt=\"\" class=\"wp-image-7961\" style=\"aspect-ratio:1.316279545687097;object-fit:contain\" srcset=\"http:\/\/lfmadrid.net.dev2.tribu-and-co.com\/wp-content\/uploads\/2026\/04\/Ebep-.webp 827w, http:\/\/lfmadrid.net.dev2.tribu-and-co.com\/wp-content\/uploads\/2026\/04\/Ebep--300x293.webp 300w, http:\/\/lfmadrid.net.dev2.tribu-and-co.com\/wp-content\/uploads\/2026\/04\/Ebep--768x750.webp 768w, http:\/\/lfmadrid.net.dev2.tribu-and-co.com\/wp-content\/uploads\/2026\/04\/Ebep--600x586.webp 600w\" sizes=\"(max-width: 827px) 100vw, 827px\" \/><\/figure>\n<\/p><\/div>\n\t\t\t\t\t\t\t\t\t<\/div>\r\n\t\t\t\t\t\t\t<div class=\"tab\" role=\"tabpanel\" aria-labelledby=\"tab-button-2\" id=\"tab-panel-2\">\r\n\t\t\t\t\t\t\t\t\t\t\t<div class=\"tab__content wp-block-tribu-blocks-tab\">\n<ul class=\"wp-block-list\">\n<li><strong>El PAI (Proyecto de Acogida Individualizado)<\/strong>: este dispositivo, coordinado con el servicio de salud y el servicio de restauraci\u00f3n, permite definir las adaptaciones necesarias (dietas espec\u00edficas, protocolos de cuidados) para que cada ni\u00f1o pueda comer con tranquilidad con sus compa\u00f1eros, bajo la supervisi\u00f3n de nuestros equipos.<\/li>\n<li>Cerca de 90 profesionales de restauraci\u00f3n trabajan a diario en nuestros dos campus (Conde de Orgaz y La Moraleja). Un equipo de nutricionistas atiende a los alumnos con alergias proponi\u00e9ndoles men\u00fas adaptados a sus necesidades espec\u00edficas. <\/li>\n<\/ul><\/div>\n\t\t\t\t\t\t\t\t\t<\/div>\r\n\t\t\t\t\t\t\t<div class=\"tab\" role=\"tabpanel\" aria-labelledby=\"tab-button-3\" id=\"tab-panel-3\">\r\n\t\t\t\t\t\t\t\t\t\t\t<div class=\"tab__content wp-block-tribu-blocks-tab\">\n<p>La escuela inclusiva en el LFM se basa en la sinergia de profesionales comprometidos. Esta pluridisciplinariedad permite proponer itinerarios de escolarizaci\u00f3n personalizados: <\/p>\n<p><strong>Direcci\u00f3n<\/strong>: la direcci\u00f3n y los CPE (Consejeros Principales de Educaci\u00f3n) garantizan la implementaci\u00f3n de los itinerarios.<\/p>\n<p><strong>Equipo pedag\u00f3gico<\/strong>: los docentes y el profesor referente de \u00abInclusi\u00f3n\u00bb adaptan la ense\u00f1anza d\u00eda a d\u00eda.<\/p>\n<p><strong>Servicio de salud escolar<\/strong>: m\u00e9dico, psic\u00f3logos escolares y enfermeros para un seguimiento global del bienestar del alumno.<\/p>\n<p><strong>Orientaci\u00f3n y acompa\u00f1amiento<\/strong>: los PRIO (Personal de Recursos para la Informaci\u00f3n y la Orientaci\u00f3n) para construir el futuro.<\/p>\n<p><strong>Vida escolar y d\u00eda a d\u00eda<\/strong>: personal de vida escolar, voluntarios del servicio c\u00edvico y bibliotecarios, que velan por la inclusi\u00f3n en todos los espacios del centro.<\/p>\n<p>Todos estos equipos trabajan en contacto constante con las familias.<\/p>\n<\/p><\/div>\n\t\t\t\t\t\t\t\t\t<\/div>\r\n\t\t\t\t\t\t\t<div class=\"tab\" role=\"tabpanel\" aria-labelledby=\"tab-button-4\" id=\"tab-panel-4\">\r\n\t\t\t\t\t\t\t\t\t\t\t<div class=\"tab__content wp-block-tribu-blocks-tab\">\n<p>Se denominan Necesidades Educativas Especiales (NEE) a aquellas necesidades vinculadas a una situaci\u00f3n particular que impacta en la relaci\u00f3n con la escuela y el aprendizaje. Esta denominaci\u00f3n no se reserva \u00fanicamente a alumnos con discapacidad; tambi\u00e9n concierne a alumnos con dificultades escolares, alumnos al\u00f3fonos, alumnos con altas capacidades, o aquellos con trastornos espec\u00edficos del lenguaje y del aprendizaje, as\u00ed como patolog\u00edas motrices, sensoriales u org\u00e1nicas (discapacidad auditiva, visual, diabetes, etc.). <\/p>\n<p><strong>M\u00e1s informaci\u00f3n (enlace pr\u00f3ximamente disponible)<\/strong><\/p>\n<\/p><\/div>\n\t\t\t\t\t\t\t\t\t<\/div>\r\n\t\t\t\t<\/div>\r\n<\/div><\/div>\n\n<\/div>\n","protected":false},"excerpt":{"rendered":"","protected":false},"author":3,"featured_media":0,"parent":0,"menu_order":0,"comment_status":"closed","ping_status":"closed","template":"","meta":{"_acf_changed":false,"footnotes":""},"school_type":[],"class_list":["post-7559","page","type-page","status-publish","hentry"],"acf":[],"yoast_head":"<!-- This site is optimized with the Yoast SEO plugin v27.4 - https:\/\/yoast.com\/product\/yoast-seo-wordpress\/ -->\n<title>Escuela inclusiva - Lyc\u00e9e Fran\u00e7ais de Madrid<\/title>\n<meta name=\"robots\" content=\"noindex, follow, max-snippet:-1, max-image-preview:large, max-video-preview:-1\" \/>\n<meta property=\"og:locale\" content=\"es_ES\" \/>\n<meta property=\"og:type\" content=\"article\" \/>\n<meta property=\"og:title\" content=\"Escuela inclusiva - Lyc\u00e9e Fran\u00e7ais de Madrid\" \/>\n<meta property=\"og:url\" content=\"http:\/\/lfmadrid.net.dev2.tribu-and-co.com\/es\/escuela-inclusiva\/\" \/>\n<meta property=\"og:site_name\" content=\"Lyc\u00e9e Fran\u00e7ais de Madrid\" \/>\n<meta property=\"article:modified_time\" content=\"2026-04-15T09:55:21+00:00\" \/>\n<meta property=\"og:image\" content=\"http:\/\/lfmadrid.net.dev2.tribu-and-co.com\/wp-content\/uploads\/2026\/03\/Inclusion-1.png\" \/>\n\t<meta property=\"og:image:width\" content=\"1140\" \/>\n\t<meta property=\"og:image:height\" content=\"1140\" \/>\n\t<meta property=\"og:image:type\" content=\"image\/png\" \/>\n<meta name=\"twitter:card\" content=\"summary_large_image\" \/>\n<meta name=\"twitter:label1\" content=\"Tiempo de lectura\" \/>\n\t<meta name=\"twitter:data1\" content=\"4 minutes\" \/>\n<script type=\"application\/ld+json\" class=\"yoast-schema-graph\">{\"@context\":\"https:\\\/\\\/schema.org\",\"@graph\":[{\"@type\":\"WebPage\",\"@id\":\"http:\\\/\\\/lfmadrid.net.dev2.tribu-and-co.com\\\/es\\\/escuela-inclusiva\\\/\",\"url\":\"http:\\\/\\\/lfmadrid.net.dev2.tribu-and-co.com\\\/es\\\/escuela-inclusiva\\\/\",\"name\":\"Escuela inclusiva - Lyc\u00e9e Fran\u00e7ais de Madrid\",\"isPartOf\":{\"@id\":\"http:\\\/\\\/lfmadrid.net.dev2.tribu-and-co.com\\\/es\\\/#website\"},\"primaryImageOfPage\":{\"@id\":\"http:\\\/\\\/lfmadrid.net.dev2.tribu-and-co.com\\\/es\\\/escuela-inclusiva\\\/#primaryimage\"},\"image\":{\"@id\":\"http:\\\/\\\/lfmadrid.net.dev2.tribu-and-co.com\\\/es\\\/escuela-inclusiva\\\/#primaryimage\"},\"thumbnailUrl\":\"http:\\\/\\\/lfmadrid.net.dev2.tribu-and-co.com\\\/wp-content\\\/uploads\\\/2026\\\/03\\\/Inclusion-1.png\",\"datePublished\":\"2026-03-03T11:58:34+00:00\",\"dateModified\":\"2026-04-15T09:55:21+00:00\",\"breadcrumb\":{\"@id\":\"http:\\\/\\\/lfmadrid.net.dev2.tribu-and-co.com\\\/es\\\/escuela-inclusiva\\\/#breadcrumb\"},\"inLanguage\":\"es-ES\",\"potentialAction\":[{\"@type\":\"ReadAction\",\"target\":[\"http:\\\/\\\/lfmadrid.net.dev2.tribu-and-co.com\\\/es\\\/escuela-inclusiva\\\/\"]}]},{\"@type\":\"ImageObject\",\"inLanguage\":\"es-ES\",\"@id\":\"http:\\\/\\\/lfmadrid.net.dev2.tribu-and-co.com\\\/es\\\/escuela-inclusiva\\\/#primaryimage\",\"url\":\"http:\\\/\\\/lfmadrid.net.dev2.tribu-and-co.com\\\/wp-content\\\/uploads\\\/2026\\\/03\\\/Inclusion-1.png\",\"contentUrl\":\"http:\\\/\\\/lfmadrid.net.dev2.tribu-and-co.com\\\/wp-content\\\/uploads\\\/2026\\\/03\\\/Inclusion-1.png\"},{\"@type\":\"BreadcrumbList\",\"@id\":\"http:\\\/\\\/lfmadrid.net.dev2.tribu-and-co.com\\\/es\\\/escuela-inclusiva\\\/#breadcrumb\",\"itemListElement\":[{\"@type\":\"ListItem\",\"position\":1,\"name\":\"Inicio\",\"item\":\"http:\\\/\\\/lfmadrid.net.dev2.tribu-and-co.com\\\/es\\\/\"},{\"@type\":\"ListItem\",\"position\":2,\"name\":\"Escuela inclusiva\"}]},{\"@type\":\"WebSite\",\"@id\":\"http:\\\/\\\/lfmadrid.net.dev2.tribu-and-co.com\\\/es\\\/#website\",\"url\":\"http:\\\/\\\/lfmadrid.net.dev2.tribu-and-co.com\\\/es\\\/\",\"name\":\"Lyc\u00e9e Fran\u00e7ais de Madrid\",\"description\":\"\",\"publisher\":{\"@id\":\"http:\\\/\\\/lfmadrid.net.dev2.tribu-and-co.com\\\/es\\\/#organization\"},\"potentialAction\":[{\"@type\":\"SearchAction\",\"target\":{\"@type\":\"EntryPoint\",\"urlTemplate\":\"http:\\\/\\\/lfmadrid.net.dev2.tribu-and-co.com\\\/es\\\/?s={search_term_string}\"},\"query-input\":{\"@type\":\"PropertyValueSpecification\",\"valueRequired\":true,\"valueName\":\"search_term_string\"}}],\"inLanguage\":\"es-ES\"},{\"@type\":\"Organization\",\"@id\":\"http:\\\/\\\/lfmadrid.net.dev2.tribu-and-co.com\\\/es\\\/#organization\",\"name\":\"Lyc\u00e9e Fran\u00e7ais de Madrid\",\"url\":\"http:\\\/\\\/lfmadrid.net.dev2.tribu-and-co.com\\\/es\\\/\",\"logo\":{\"@type\":\"ImageObject\",\"inLanguage\":\"es-ES\",\"@id\":\"http:\\\/\\\/lfmadrid.net.dev2.tribu-and-co.com\\\/es\\\/#\\\/schema\\\/logo\\\/image\\\/\",\"url\":\"http:\\\/\\\/lfmadrid.net.dev2.tribu-and-co.com\\\/wp-content\\\/uploads\\\/2026\\\/01\\\/lfm-logo.svg\",\"contentUrl\":\"http:\\\/\\\/lfmadrid.net.dev2.tribu-and-co.com\\\/wp-content\\\/uploads\\\/2026\\\/01\\\/lfm-logo.svg\",\"width\":154,\"height\":60,\"caption\":\"Lyc\u00e9e Fran\u00e7ais de Madrid\"},\"image\":{\"@id\":\"http:\\\/\\\/lfmadrid.net.dev2.tribu-and-co.com\\\/es\\\/#\\\/schema\\\/logo\\\/image\\\/\"}}]}<\/script>\n<!-- \/ Yoast SEO plugin. -->","yoast_head_json":{"title":"Escuela inclusiva - Lyc\u00e9e Fran\u00e7ais de Madrid","robots":{"index":"noindex","follow":"follow","max-snippet":"max-snippet:-1","max-image-preview":"max-image-preview:large","max-video-preview":"max-video-preview:-1"},"og_locale":"es_ES","og_type":"article","og_title":"Escuela inclusiva - Lyc\u00e9e Fran\u00e7ais de Madrid","og_url":"http:\/\/lfmadrid.net.dev2.tribu-and-co.com\/es\/escuela-inclusiva\/","og_site_name":"Lyc\u00e9e Fran\u00e7ais de Madrid","article_modified_time":"2026-04-15T09:55:21+00:00","og_image":[{"width":1140,"height":1140,"url":"http:\/\/lfmadrid.net.dev2.tribu-and-co.com\/wp-content\/uploads\/2026\/03\/Inclusion-1.png","type":"image\/png"}],"twitter_card":"summary_large_image","twitter_misc":{"Tiempo de lectura":"4 minutes"},"schema":{"@context":"https:\/\/schema.org","@graph":[{"@type":"WebPage","@id":"http:\/\/lfmadrid.net.dev2.tribu-and-co.com\/es\/escuela-inclusiva\/","url":"http:\/\/lfmadrid.net.dev2.tribu-and-co.com\/es\/escuela-inclusiva\/","name":"Escuela inclusiva - Lyc\u00e9e Fran\u00e7ais de Madrid","isPartOf":{"@id":"http:\/\/lfmadrid.net.dev2.tribu-and-co.com\/es\/#website"},"primaryImageOfPage":{"@id":"http:\/\/lfmadrid.net.dev2.tribu-and-co.com\/es\/escuela-inclusiva\/#primaryimage"},"image":{"@id":"http:\/\/lfmadrid.net.dev2.tribu-and-co.com\/es\/escuela-inclusiva\/#primaryimage"},"thumbnailUrl":"http:\/\/lfmadrid.net.dev2.tribu-and-co.com\/wp-content\/uploads\/2026\/03\/Inclusion-1.png","datePublished":"2026-03-03T11:58:34+00:00","dateModified":"2026-04-15T09:55:21+00:00","breadcrumb":{"@id":"http:\/\/lfmadrid.net.dev2.tribu-and-co.com\/es\/escuela-inclusiva\/#breadcrumb"},"inLanguage":"es-ES","potentialAction":[{"@type":"ReadAction","target":["http:\/\/lfmadrid.net.dev2.tribu-and-co.com\/es\/escuela-inclusiva\/"]}]},{"@type":"ImageObject","inLanguage":"es-ES","@id":"http:\/\/lfmadrid.net.dev2.tribu-and-co.com\/es\/escuela-inclusiva\/#primaryimage","url":"http:\/\/lfmadrid.net.dev2.tribu-and-co.com\/wp-content\/uploads\/2026\/03\/Inclusion-1.png","contentUrl":"http:\/\/lfmadrid.net.dev2.tribu-and-co.com\/wp-content\/uploads\/2026\/03\/Inclusion-1.png"},{"@type":"BreadcrumbList","@id":"http:\/\/lfmadrid.net.dev2.tribu-and-co.com\/es\/escuela-inclusiva\/#breadcrumb","itemListElement":[{"@type":"ListItem","position":1,"name":"Inicio","item":"http:\/\/lfmadrid.net.dev2.tribu-and-co.com\/es\/"},{"@type":"ListItem","position":2,"name":"Escuela inclusiva"}]},{"@type":"WebSite","@id":"http:\/\/lfmadrid.net.dev2.tribu-and-co.com\/es\/#website","url":"http:\/\/lfmadrid.net.dev2.tribu-and-co.com\/es\/","name":"Lyc\u00e9e Fran\u00e7ais de Madrid","description":"","publisher":{"@id":"http:\/\/lfmadrid.net.dev2.tribu-and-co.com\/es\/#organization"},"potentialAction":[{"@type":"SearchAction","target":{"@type":"EntryPoint","urlTemplate":"http:\/\/lfmadrid.net.dev2.tribu-and-co.com\/es\/?s={search_term_string}"},"query-input":{"@type":"PropertyValueSpecification","valueRequired":true,"valueName":"search_term_string"}}],"inLanguage":"es-ES"},{"@type":"Organization","@id":"http:\/\/lfmadrid.net.dev2.tribu-and-co.com\/es\/#organization","name":"Lyc\u00e9e Fran\u00e7ais de Madrid","url":"http:\/\/lfmadrid.net.dev2.tribu-and-co.com\/es\/","logo":{"@type":"ImageObject","inLanguage":"es-ES","@id":"http:\/\/lfmadrid.net.dev2.tribu-and-co.com\/es\/#\/schema\/logo\/image\/","url":"http:\/\/lfmadrid.net.dev2.tribu-and-co.com\/wp-content\/uploads\/2026\/01\/lfm-logo.svg","contentUrl":"http:\/\/lfmadrid.net.dev2.tribu-and-co.com\/wp-content\/uploads\/2026\/01\/lfm-logo.svg","width":154,"height":60,"caption":"Lyc\u00e9e Fran\u00e7ais de Madrid"},"image":{"@id":"http:\/\/lfmadrid.net.dev2.tribu-and-co.com\/es\/#\/schema\/logo\/image\/"}}]}},"_links":{"self":[{"href":"http:\/\/lfmadrid.net.dev2.tribu-and-co.com\/es\/wp-json\/wp\/v2\/pages\/7559","targetHints":{"allow":["GET"]}}],"collection":[{"href":"http:\/\/lfmadrid.net.dev2.tribu-and-co.com\/es\/wp-json\/wp\/v2\/pages"}],"about":[{"href":"http:\/\/lfmadrid.net.dev2.tribu-and-co.com\/es\/wp-json\/wp\/v2\/types\/page"}],"author":[{"embeddable":true,"href":"http:\/\/lfmadrid.net.dev2.tribu-and-co.com\/es\/wp-json\/wp\/v2\/users\/3"}],"replies":[{"embeddable":true,"href":"http:\/\/lfmadrid.net.dev2.tribu-and-co.com\/es\/wp-json\/wp\/v2\/comments?post=7559"}],"version-history":[{"count":6,"href":"http:\/\/lfmadrid.net.dev2.tribu-and-co.com\/es\/wp-json\/wp\/v2\/pages\/7559\/revisions"}],"predecessor-version":[{"id":8082,"href":"http:\/\/lfmadrid.net.dev2.tribu-and-co.com\/es\/wp-json\/wp\/v2\/pages\/7559\/revisions\/8082"}],"wp:attachment":[{"href":"http:\/\/lfmadrid.net.dev2.tribu-and-co.com\/es\/wp-json\/wp\/v2\/media?parent=7559"}],"wp:term":[{"taxonomy":"school_type","embeddable":true,"href":"http:\/\/lfmadrid.net.dev2.tribu-and-co.com\/es\/wp-json\/wp\/v2\/school_type?post=7559"}],"curies":[{"name":"wp","href":"https:\/\/api.w.org\/{rel}","templated":true}]}}