
{"id":6350,"date":"2026-01-08T17:56:11","date_gmt":"2026-01-08T16:56:11","guid":{"rendered":"https:\/\/lfmadrid.net.dev2.tribu-and-co.com\/proceso-de-admision\/"},"modified":"2026-04-14T11:42:04","modified_gmt":"2026-04-14T09:42:04","slug":"proceso-de-admision","status":"publish","type":"page","link":"https:\/\/lfmadrid.net.dev2.tribu-and-co.com\/es\/proceso-de-admision\/","title":{"rendered":"Proceso de admisi\u00f3n"},"content":{"rendered":"\n<div class=\"container container--md\">\n\t<div class=\"hero-block wp-block-tribu-blocks-hero-block\">\n\t\t\t\t\t<h1 class=\"hero-block__title fw-700\">Proceso de admisi\u00f3n<\/h1>\n\t\t\n\t\t\t\t\t<div class=\"hero-block__subtitle\">Usted desea matricular a su hijo en el Liceo Franc\u00e9s de Madrid,<br>le invitamos a leer el siguiente protocolo antes de acceder a la plataforma<\/div>\n\t\t\n\t\t\t\t\t<div class=\"hero-block__featured-image-wrapper\">\n\t\t\t\t<img decoding=\"async\" width=\"300\" height=\"300\" src=\"https:\/\/lfmadrid.net.dev2.tribu-and-co.com\/wp-content\/uploads\/2026\/03\/Inscriptions-300x300.webp\" class=\"hero-block__featured-image\" alt=\"\" role=\"presentation\" srcset=\"https:\/\/lfmadrid.net.dev2.tribu-and-co.com\/wp-content\/uploads\/2026\/03\/Inscriptions-300x300.webp 300w, https:\/\/lfmadrid.net.dev2.tribu-and-co.com\/wp-content\/uploads\/2026\/03\/Inscriptions-1024x1024.webp 1024w, https:\/\/lfmadrid.net.dev2.tribu-and-co.com\/wp-content\/uploads\/2026\/03\/Inscriptions-150x150.webp 150w, https:\/\/lfmadrid.net.dev2.tribu-and-co.com\/wp-content\/uploads\/2026\/03\/Inscriptions-768x768.webp 768w, https:\/\/lfmadrid.net.dev2.tribu-and-co.com\/wp-content\/uploads\/2026\/03\/Inscriptions-316x316.webp 316w, https:\/\/lfmadrid.net.dev2.tribu-and-co.com\/wp-content\/uploads\/2026\/03\/Inscriptions-600x600.webp 600w, https:\/\/lfmadrid.net.dev2.tribu-and-co.com\/wp-content\/uploads\/2026\/03\/Inscriptions-100x100.webp 100w, https:\/\/lfmadrid.net.dev2.tribu-and-co.com\/wp-content\/uploads\/2026\/03\/Inscriptions.webp 1140w\" sizes=\"(max-width: 300px) 100vw, 300px\" \/>\t\t\t<\/div>\n\t\t\t\t\n\t\t\t<\/div>\n<\/div>\n<div class=\"container container--md alignfull wp-block-tribu-blocks-container\">\n\t\n\n<h2 class=\"wp-block-heading has-fs-h-2-font-size\"><strong>Presentaci\u00f3n<\/strong><\/h2>\n\n\n\n<p>Usted desea matricular a su hijo en el Liceo Franc\u00e9s de Madrid,<br\/>le informamos de que contamos con dos campus:<\/p>\n\n\n\n<ul class=\"wp-block-list\">\n<li>Conde de Orgaz: Plaza del Liceo, 1 \u2013 28043 Madrid<\/li>\n\n\n\n<li>La Moraleja: Camino Ancho, 85 \u2013 28109 Alcobendas<\/li>\n<\/ul>\n\n\n\n<p>Cualquiera que sea el campus elegido, el proceso de inscripci\u00f3n se tiene que hacer en la misma plataforma en l\u00ednea.<\/p>\n\n\n\n<p>Los padres o el representante legal del alumno deben cumplir con todos los requisitos de la matr\u00edcula. La matr\u00edcula es firme s\u00f3lo cuando el Liceo Franc\u00e9s de Madrid as\u00ed lo notifica. La asignaci\u00f3n a un nivel o a una clase viene determinada por la evaluaci\u00f3n del alumno y por los procedimientos reglamentarios de orientaci\u00f3n vigentes en el Liceo Franc\u00e9s de Madrid.  <\/p>\n\n\n\n<p>La solicitud de admisi\u00f3n en el Liceo Franc\u00e9s de Madrid, implica el respeto hacia los principios en vigor de los establecimientos franceses en el extranjero, ya sea de orden pedag\u00f3gico, ling\u00fc\u00edstico o cultural. En el \u00e1mbito pedag\u00f3gico, la normativa oficial propia de la reglamentaci\u00f3n francesa y bilateral prevalece sobre cualquier otra. <\/p>\n\n\n\n<p><strong>La formalizaci\u00f3n de la matr\u00edcula implica la adhesi\u00f3n al reglamento interno por parte del alumno y de su representante legal as\u00ed como al reglamento financiero.<\/strong><\/p>\n\n\n\n<p>La admisi\u00f3n en el Liceo Franc\u00e9s de Madrid conlleva estar al corriente del abono de los gastos de primera matr\u00edcula que no est\u00e1n sujetos a devoluci\u00f3n en ning\u00fan caso.<\/p>\n\n<\/div>\n<div class=\"container container--default wp-block-tribu-blocks-container\">\n\t\n\n<div class=\"wp-block-group has-primaire-1-color has-tertiaire-1-background-color has-text-color has-background has-link-color wp-elements-85938915811008b1b69fef05933f2f05 is-layout-constrained wp-container-core-group-is-layout-9597dc02 wp-block-group-is-layout-constrained\" style=\"border-radius:16px;padding-top:var(--wp--preset--spacing--10);padding-right:var(--wp--preset--spacing--10);padding-bottom:var(--wp--preset--spacing--10);padding-left:var(--wp--preset--spacing--10)\">\n<h2 class=\"wp-block-heading has-text-align-left has-secondary-font-family has-fs-h-2-font-size\" style=\"font-style:normal;font-weight:500\">Requisitos<\/h2>\n\n\n\n<h3 class=\"wp-block-heading\">Requisitos para solicitar una matr\u00edcula:<\/h3>\n\n\n\n<ul class=\"wp-block-list\">\n<li><strong>Que su hijo\/a no est\u00e9 ya escolarizado en el Liceo Franc\u00e9s de Madrid (este procedimiento es solo para los futuros nuevos alumnos)<\/strong><\/li>\n\n\n\n<li><strong>Que el a\u00f1o de nacimiento de su hijo\/a sea el 2023 o anterior a 2023.<\/strong><\/li>\n\n\n\n<li><strong>Para TPS (Tr\u00e8s Petite Section): su hijo\/a puede comenzar el curso una vez haya cumplido los 2 a\u00f1os (a\u00f1o de nacimiento 2024).<\/strong><\/li>\n<\/ul>\n\n\n\n<p>OBSERVACI\u00d3N: este procedimiento es para las matr\u00edculas de cualquier nivel de Infantil, Primaria y Secundaria.<\/p>\n<\/div>\n\n<\/div>\n<div class=\"container container--md alignfull wp-block-tribu-blocks-container\">\n\t\n\n<h2 class=\"wp-block-heading has-fs-h-2-font-size\"><strong>Etapas<\/strong><\/h2>\n\n\n\n<h3 class=\"wp-block-heading\"><strong>Procedimiento a seguir para que la solicitud de matr\u00edcula se tramite correctamente:<\/strong><\/h3>\n\n\n\n<p>El procedimiento de matr\u00edcula se realizar\u00e1 como sigue:<\/p>\n\n\n\n<h3 class=\"wp-block-heading\">0- Acceso al portal en l\u00ednea del Liceo Franc\u00e9s de Madrid<\/h3>\n\n\n\n<p>Si es su primer acceso, tendr\u00e1 que empezar creando su cuenta pinchando sobre \u00ab Cr\u00e9er un compte \u00bb.<\/p>\n\n\n\n<p>Importante: Si es padre de un alumno ya escolarizado en el LFM, no cree una cuenta nueva, utilice su cuenta actual (si ha olvidado su clave, pinche sobre \u00ab Mot de passe oubli\u00e9 \u00bb).<\/p>\n\n\n\n<h3 class=\"wp-block-heading\">1\u2013 Entrada de datos<\/h3>\n\n\n\n<p>La entrada de datos se hace en 6 etapas. No es necesario introducir todos los datos en una primera conexi\u00f3n. Al contrario, aconsejamos no apresurarse con el fin de introducir todos los datos correctamente. En todo momento pueden ustedes introducir o modificar sus datos siempre que la solicitud no haya sido enviada.    <\/p>\n\n\n\n<p>En la etapa 2, tendr\u00e1 que rellenar los datos de escolaridad actual de su hijo (consulte la tabla situada en el anexo al final de este documento para encontrar la correspondencia entre los a\u00f1os de nacimiento y el nivel de clase del sistema franc\u00e9s).<\/p>\n\n\n\n<p>En la etapa 3, tendr\u00e1 que precisar el campus elegido para la solicitud de matr\u00edcula (Conde de Orgaz o La Moraleja).<\/p>\n\n\n\n<p>ATENCI\u00d3N: la inscripci\u00f3n de su hijo(a) s\u00f3lo es posible en uno de los dos campus propuestos. Por favor, presenten un expediente solo en el campus escogido por ustedes, o en Conde de Orgaz o en La Moraleja. <\/p>\n\n\n\n<p>En la etapa 4, habr\u00e1 que entrar los datos de todos los responsables legales de su hijo (responsable1 y responsable2). Las solicitudes de matr\u00edcula que no cumplan con este requisito no podr\u00e1n ser atendidas. <\/p>\n\n\n\n<p>En la etapa 5, tendr\u00e1 que subir los documentos necesarios para la validaci\u00f3n de la admisi\u00f3n al LFM.<\/p>\n\n\n\n<h3 class=\"wp-block-heading\">2- Env\u00edo del expediente<\/h3>\n\n\n\n<p>Cuando se completa la introducci\u00f3n de datos en la etapa 6, pinchando sobre \u00abCONFIRMAR\u00bb se le pedir\u00e1 firmar electr\u00f3nicamente el expediente. Una vez firmado por los 2 responsables, recibiremos autom\u00e1ticamente su solicitud. Se termina el proceso de solicitud de matr\u00edcula. Recibir\u00e1n un e-mail de confirmaci\u00f3n con el n\u00famero de expediente.   <strong>(Recuerde que es indispensable comprobar todos los datos antes de enviar el expediente, una vez enviado ya no se podr\u00e1 modificar.)<\/strong><\/p>\n\n\n\n<h3 class=\"wp-block-heading\">3- Esperar la respuesta del Liceo Franc\u00e9s de Madrid por e-mail.<\/h3>\n\n\n\n<h3 class=\"wp-block-heading\">4- Pago de la matr\u00edcula en los plazos indicados.<\/h3>\n\n<\/div>\n\n<div class=\"wp-block-group has-tertiaire-1-background-color has-background is-layout-constrained wp-block-group-is-layout-constrained\" style=\"padding-top:var(--wp--preset--spacing--6);padding-bottom:var(--wp--preset--spacing--6)\">\n<h2 class=\"wp-block-heading has-text-align-center has-fs-h-2-font-size\"><strong>Documentos a consultar<\/strong><\/h2>\n\n\n\n<div class=\"wp-block-columns is-layout-flex wp-container-core-columns-is-layout-28f84493 wp-block-columns-is-layout-flex\">\n<div class=\"wp-block-column is-layout-flow wp-block-column-is-layout-flow\">\n<div class=\"wp-block-group is-layout-constrained wp-block-group-is-layout-constrained\">\n<div class=\"wp-block-buttons is-vertical is-layout-flex wp-container-core-buttons-is-layout-2b67d942 wp-block-buttons-is-layout-flex\">\n<div class=\"wp-block-button has-custom-width wp-block-button__width-100 custom-button custom-button--default custom-button--primary custom-button--download custom-button--external-link\"><a class=\"wp-block-button__link wp-element-button\" href=\"https:\/\/lfmadrid.net.dev2.tribu-and-co.com\/wp-content\/uploads\/2026\/03\/Reglamento-interior_LFM.pdf\" target=\"_blank\" rel=\"noreferrer noopener\"><strong>Reglamento interno<\/strong><\/a><\/div>\n\n\n\n<div class=\"wp-block-button has-custom-width wp-block-button__width-100 custom-button custom-button--default custom-button--primary custom-button--download custom-button--external-link\"><a class=\"wp-block-button__link wp-element-button\" href=\"https:\/\/lfmadrid.net.dev2.tribu-and-co.com\/es\/tarifas-y-servicios\/\" target=\"_blank\" rel=\"noreferrer noopener\"><strong>Tarifas<\/strong><\/a><\/div>\n<\/div>\n<\/div>\n<\/div>\n\n\n\n<div class=\"wp-block-column is-layout-flow wp-block-column-is-layout-flow\">\n<div class=\"wp-block-group is-layout-constrained wp-block-group-is-layout-constrained\">\n<div class=\"wp-block-buttons is-vertical is-layout-flex wp-container-core-buttons-is-layout-2b67d942 wp-block-buttons-is-layout-flex\">\n<div class=\"wp-block-button has-custom-width wp-block-button__width-100 custom-button custom-button--default custom-button--primary custom-button--download custom-button--external-link\"><a class=\"wp-block-button__link wp-element-button\" href=\"https:\/\/lfmadrid.net.dev2.tribu-and-co.com\/wp-content\/uploads\/2026\/03\/Reglamento-financiero-LFM.pdf\" target=\"_blank\" rel=\"noreferrer noopener\"><strong>Reglamento financiero<\/strong><\/a><\/div>\n\n\n\n<div class=\"wp-block-button has-custom-width wp-block-button__width-100 custom-button custom-button--default custom-button--primary custom-button--download custom-button--external-link\"><a class=\"wp-block-button__link wp-element-button\" href=\"https:\/\/lfmadrid.net.dev2.tribu-and-co.com\/wp-content\/uploads\/2026\/03\/Tableau-indicatif-age-classe-scaled.png\" target=\"_blank\" rel=\"noreferrer noopener\"><strong>Tabla indicativa de la correspondencia entre los a\u00f1os de nacimiento y el nivel de clase del sistema franc\u00e9s<\/strong><\/a><\/div>\n<\/div>\n<\/div>\n<\/div>\n<\/div>\n<\/div>\n<div class=\"container container--md alignfull wp-block-tribu-blocks-container\">\n\t\n\n<h2 class=\"wp-block-heading has-fs-h-2-font-size\"><strong>Ayuda<\/strong><\/h2>\n\n\n\n<p>En caso de problema t\u00e9cnico durante el procedimiento, pueden escribir a <span style=\"text-decoration: underline;\"><strong><a href=\"mailto:assistance@lfmadrid.org\" target=\"_blank\" rel=\"noreferrer noopener\">assistance@lfmadrid.org.<\/a><\/strong><\/span> Rogamos pongan como asunto \u00ab Matr\u00edculas 2026\/2027 \u00bb o \u00ab Matr\u00edculas 2025\/2026 \u00bb y darnos cuantos m\u00e1s detalles sobre el problema encontrado. Le contestaremos lo antes posible.  <\/p>\n\n\n\n<p><em>Los datos personales rese\u00f1ados se incorporar\u00e1n a un fichero de datos del que es responsable el Titular del centro Lyc\u00e9e Fran\u00e7ais de Madrid (LFM) y que tiene por objeto la adecuada organizaci\u00f3n y prestaci\u00f3n de las distintas actividades que son desarrolladas por este Colegio. Asimismo, consiente que los datos relativos a nombre, apellidos, clase, y direcci\u00f3n de correo puedan facilitarse a las entidades vinculadas a este centro. Igualmente garantiza la veracidad de los datos personales facilitados y se compromete a facilitar cualquier actualizaci\u00f3n de los mismos. De conformidad con el REGLAMENTO GENERAL DE PROTECCION DE DATOS y Ley Org\u00e1nica de PROTECCION DE DATOS. Usted tiene reconocido y podr\u00e1 ejercitar gratuitamente los derechos de acceso, cancelaci\u00f3n y rectificaci\u00f3n contactando con el propio Colegio.    <\/em><\/p>\n\n\n\n<div style=\"height:100px\" aria-hidden=\"true\" class=\"wp-block-spacer\"><\/div>\n\n<\/div>\n<div class=\"container container--md alignfull wp-block-tribu-blocks-container\">\n\t\n\n<div class=\"wp-block-group wp-block-group--decoration-secondary has-blanc-color has-primaire-1-background-color has-text-color has-background has-link-color wp-elements-ded7e877d5cd3710160e6a54fb3d1b5d is-layout-constrained wp-container-core-group-is-layout-5499a724 wp-block-group-is-layout-constrained\" style=\"border-radius:16px;padding-top:var(--wp--preset--spacing--4);padding-right:var(--wp--preset--spacing--3);padding-bottom:var(--wp--preset--spacing--4);padding-left:var(--wp--preset--spacing--3)\">\n<div class=\"wp-block-buttons is-vertical is-layout-flex wp-container-core-buttons-is-layout-2b67d942 wp-block-buttons-is-layout-flex\">\n<div class=\"wp-block-button has-custom-width wp-block-button__width-100 custom-button custom-button--default custom-button--outline-white\"><a class=\"wp-block-button__link wp-element-button\" href=\"https:\/\/lfmadrid.family-administration.skolengo.net\/connexion?panel=welcome\" target=\"_blank\" rel=\"noreferrer noopener\">Acceso al portal en l\u00ednea<\/a><\/div>\n<\/div>\n<\/div>\n\n<\/div>\n\n<div class=\"wp-block-group bg-image--stripes is-layout-constrained wp-block-group-is-layout-constrained\" style=\"margin-top:var(--wp--preset--spacing--6);margin-bottom:var(--wp--preset--spacing--6)\"><div class=\"container container--sm alignfull wp-block-tribu-blocks-container\">\n\t\n\n<div class=\"wp-block-group has-blanc-background-color has-background is-layout-constrained wp-container-core-group-is-layout-68b3035f wp-block-group-is-layout-constrained\" style=\"padding-top:var(--wp--preset--spacing--4);padding-bottom:var(--wp--preset--spacing--4)\">\n<p class=\"has-text-align-center has-secondaire-1-color has-text-color has-link-color has-secondary-font-family has-fs-h-5-font-size wp-elements-7703fcf9cad0f0b3bfc87345f3f6736f\">\u00bfAlguna pregunta? \u00bfNecesitas informaci\u00f3n? <\/p>\n\n\n\n<p class=\"has-text-align-center has-secondary-font-family has-fs-h-3-font-size\" style=\"margin-top:var(--wp--preset--spacing--2);margin-bottom:var(--wp--preset--spacing--2);font-style:normal;font-weight:500\">Contactar con el Liceo Franc\u00e9s de Madrid<\/p>\n\n\n\n<div class=\"wp-block-buttons is-content-justification-center is-layout-flex wp-container-core-buttons-is-layout-b4cf56ae wp-block-buttons-is-layout-flex\" style=\"margin-top:var(--wp--preset--spacing--3)\">\n<div class=\"wp-block-button custom-button custom-button--default custom-button--primary\"><a class=\"wp-block-button__link has-text-align-center wp-element-button\" href=\"https:\/\/lfmadrid.net.dev2.tribu-and-co.com\/es\/contactanos\/\" target=\"_blank\" rel=\"noreferrer noopener\">Solicitud de contacto<\/a><\/div>\n<\/div>\n<\/div>\n\n<\/div>\n<\/div>\n","protected":false},"excerpt":{"rendered":"<p>Documentos a consultar<\/p>\n","protected":false},"author":1,"featured_media":0,"parent":0,"menu_order":0,"comment_status":"closed","ping_status":"closed","template":"","meta":{"_acf_changed":false,"footnotes":""},"school_type":[],"class_list":["post-6350","page","type-page","status-publish","hentry"],"acf":[],"yoast_head":"<!-- This site is optimized with the Yoast SEO plugin v27.4 - https:\/\/yoast.com\/product\/yoast-seo-wordpress\/ -->\n<title>Proceso de admisi\u00f3n - Lyc\u00e9e Fran\u00e7ais de Madrid<\/title>\n<meta name=\"robots\" content=\"noindex, follow, max-snippet:-1, max-image-preview:large, max-video-preview:-1\" \/>\n<meta property=\"og:locale\" content=\"es_ES\" \/>\n<meta property=\"og:type\" content=\"article\" \/>\n<meta property=\"og:title\" content=\"Proceso de admisi\u00f3n - Lyc\u00e9e Fran\u00e7ais de Madrid\" \/>\n<meta property=\"og:description\" content=\"Documentos a consultar\" \/>\n<meta property=\"og:url\" content=\"https:\/\/lfmadrid.net.dev2.tribu-and-co.com\/es\/proceso-de-admision\/\" \/>\n<meta property=\"og:site_name\" content=\"Lyc\u00e9e Fran\u00e7ais de Madrid\" \/>\n<meta property=\"article:modified_time\" content=\"2026-04-14T09:42:04+00:00\" \/>\n<meta name=\"twitter:card\" content=\"summary_large_image\" \/>\n<meta name=\"twitter:label1\" content=\"Tiempo de lectura\" \/>\n\t<meta name=\"twitter:data1\" content=\"5 minutes\" \/>\n<script type=\"application\/ld+json\" class=\"yoast-schema-graph\">{\"@context\":\"https:\\\/\\\/schema.org\",\"@graph\":[{\"@type\":\"WebPage\",\"@id\":\"https:\\\/\\\/lfmadrid.net.dev2.tribu-and-co.com\\\/es\\\/proceso-de-admision\\\/\",\"url\":\"https:\\\/\\\/lfmadrid.net.dev2.tribu-and-co.com\\\/es\\\/proceso-de-admision\\\/\",\"name\":\"Proceso de admisi\u00f3n - Lyc\u00e9e Fran\u00e7ais de Madrid\",\"isPartOf\":{\"@id\":\"https:\\\/\\\/lfmadrid.net.dev2.tribu-and-co.com\\\/es\\\/#website\"},\"datePublished\":\"2026-01-08T16:56:11+00:00\",\"dateModified\":\"2026-04-14T09:42:04+00:00\",\"breadcrumb\":{\"@id\":\"https:\\\/\\\/lfmadrid.net.dev2.tribu-and-co.com\\\/es\\\/proceso-de-admision\\\/#breadcrumb\"},\"inLanguage\":\"es-ES\",\"potentialAction\":[{\"@type\":\"ReadAction\",\"target\":[\"https:\\\/\\\/lfmadrid.net.dev2.tribu-and-co.com\\\/es\\\/proceso-de-admision\\\/\"]}]},{\"@type\":\"BreadcrumbList\",\"@id\":\"https:\\\/\\\/lfmadrid.net.dev2.tribu-and-co.com\\\/es\\\/proceso-de-admision\\\/#breadcrumb\",\"itemListElement\":[{\"@type\":\"ListItem\",\"position\":1,\"name\":\"Inicio\",\"item\":\"https:\\\/\\\/lfmadrid.net.dev2.tribu-and-co.com\\\/es\\\/\"},{\"@type\":\"ListItem\",\"position\":2,\"name\":\"Proceso de admisi\u00f3n\"}]},{\"@type\":\"WebSite\",\"@id\":\"https:\\\/\\\/lfmadrid.net.dev2.tribu-and-co.com\\\/es\\\/#website\",\"url\":\"https:\\\/\\\/lfmadrid.net.dev2.tribu-and-co.com\\\/es\\\/\",\"name\":\"Lyc\u00e9e Fran\u00e7ais de Madrid\",\"description\":\"\",\"publisher\":{\"@id\":\"https:\\\/\\\/lfmadrid.net.dev2.tribu-and-co.com\\\/es\\\/#organization\"},\"potentialAction\":[{\"@type\":\"SearchAction\",\"target\":{\"@type\":\"EntryPoint\",\"urlTemplate\":\"https:\\\/\\\/lfmadrid.net.dev2.tribu-and-co.com\\\/es\\\/?s={search_term_string}\"},\"query-input\":{\"@type\":\"PropertyValueSpecification\",\"valueRequired\":true,\"valueName\":\"search_term_string\"}}],\"inLanguage\":\"es-ES\"},{\"@type\":\"Organization\",\"@id\":\"https:\\\/\\\/lfmadrid.net.dev2.tribu-and-co.com\\\/es\\\/#organization\",\"name\":\"Lyc\u00e9e Fran\u00e7ais de Madrid\",\"url\":\"https:\\\/\\\/lfmadrid.net.dev2.tribu-and-co.com\\\/es\\\/\",\"logo\":{\"@type\":\"ImageObject\",\"inLanguage\":\"es-ES\",\"@id\":\"https:\\\/\\\/lfmadrid.net.dev2.tribu-and-co.com\\\/es\\\/#\\\/schema\\\/logo\\\/image\\\/\",\"url\":\"https:\\\/\\\/lfmadrid.net.dev2.tribu-and-co.com\\\/wp-content\\\/uploads\\\/2026\\\/01\\\/lfm-logo.svg\",\"contentUrl\":\"https:\\\/\\\/lfmadrid.net.dev2.tribu-and-co.com\\\/wp-content\\\/uploads\\\/2026\\\/01\\\/lfm-logo.svg\",\"width\":154,\"height\":60,\"caption\":\"Lyc\u00e9e Fran\u00e7ais de Madrid\"},\"image\":{\"@id\":\"https:\\\/\\\/lfmadrid.net.dev2.tribu-and-co.com\\\/es\\\/#\\\/schema\\\/logo\\\/image\\\/\"}}]}<\/script>\n<!-- \/ Yoast SEO plugin. -->","yoast_head_json":{"title":"Proceso de admisi\u00f3n - Lyc\u00e9e Fran\u00e7ais de Madrid","robots":{"index":"noindex","follow":"follow","max-snippet":"max-snippet:-1","max-image-preview":"max-image-preview:large","max-video-preview":"max-video-preview:-1"},"og_locale":"es_ES","og_type":"article","og_title":"Proceso de admisi\u00f3n - Lyc\u00e9e Fran\u00e7ais de Madrid","og_description":"Documentos a consultar","og_url":"https:\/\/lfmadrid.net.dev2.tribu-and-co.com\/es\/proceso-de-admision\/","og_site_name":"Lyc\u00e9e Fran\u00e7ais de Madrid","article_modified_time":"2026-04-14T09:42:04+00:00","twitter_card":"summary_large_image","twitter_misc":{"Tiempo de lectura":"5 minutes"},"schema":{"@context":"https:\/\/schema.org","@graph":[{"@type":"WebPage","@id":"https:\/\/lfmadrid.net.dev2.tribu-and-co.com\/es\/proceso-de-admision\/","url":"https:\/\/lfmadrid.net.dev2.tribu-and-co.com\/es\/proceso-de-admision\/","name":"Proceso de admisi\u00f3n - Lyc\u00e9e Fran\u00e7ais de Madrid","isPartOf":{"@id":"https:\/\/lfmadrid.net.dev2.tribu-and-co.com\/es\/#website"},"datePublished":"2026-01-08T16:56:11+00:00","dateModified":"2026-04-14T09:42:04+00:00","breadcrumb":{"@id":"https:\/\/lfmadrid.net.dev2.tribu-and-co.com\/es\/proceso-de-admision\/#breadcrumb"},"inLanguage":"es-ES","potentialAction":[{"@type":"ReadAction","target":["https:\/\/lfmadrid.net.dev2.tribu-and-co.com\/es\/proceso-de-admision\/"]}]},{"@type":"BreadcrumbList","@id":"https:\/\/lfmadrid.net.dev2.tribu-and-co.com\/es\/proceso-de-admision\/#breadcrumb","itemListElement":[{"@type":"ListItem","position":1,"name":"Inicio","item":"https:\/\/lfmadrid.net.dev2.tribu-and-co.com\/es\/"},{"@type":"ListItem","position":2,"name":"Proceso de admisi\u00f3n"}]},{"@type":"WebSite","@id":"https:\/\/lfmadrid.net.dev2.tribu-and-co.com\/es\/#website","url":"https:\/\/lfmadrid.net.dev2.tribu-and-co.com\/es\/","name":"Lyc\u00e9e Fran\u00e7ais de Madrid","description":"","publisher":{"@id":"https:\/\/lfmadrid.net.dev2.tribu-and-co.com\/es\/#organization"},"potentialAction":[{"@type":"SearchAction","target":{"@type":"EntryPoint","urlTemplate":"https:\/\/lfmadrid.net.dev2.tribu-and-co.com\/es\/?s={search_term_string}"},"query-input":{"@type":"PropertyValueSpecification","valueRequired":true,"valueName":"search_term_string"}}],"inLanguage":"es-ES"},{"@type":"Organization","@id":"https:\/\/lfmadrid.net.dev2.tribu-and-co.com\/es\/#organization","name":"Lyc\u00e9e Fran\u00e7ais de Madrid","url":"https:\/\/lfmadrid.net.dev2.tribu-and-co.com\/es\/","logo":{"@type":"ImageObject","inLanguage":"es-ES","@id":"https:\/\/lfmadrid.net.dev2.tribu-and-co.com\/es\/#\/schema\/logo\/image\/","url":"https:\/\/lfmadrid.net.dev2.tribu-and-co.com\/wp-content\/uploads\/2026\/01\/lfm-logo.svg","contentUrl":"https:\/\/lfmadrid.net.dev2.tribu-and-co.com\/wp-content\/uploads\/2026\/01\/lfm-logo.svg","width":154,"height":60,"caption":"Lyc\u00e9e Fran\u00e7ais de Madrid"},"image":{"@id":"https:\/\/lfmadrid.net.dev2.tribu-and-co.com\/es\/#\/schema\/logo\/image\/"}}]}},"_links":{"self":[{"href":"https:\/\/lfmadrid.net.dev2.tribu-and-co.com\/es\/wp-json\/wp\/v2\/pages\/6350","targetHints":{"allow":["GET"]}}],"collection":[{"href":"https:\/\/lfmadrid.net.dev2.tribu-and-co.com\/es\/wp-json\/wp\/v2\/pages"}],"about":[{"href":"https:\/\/lfmadrid.net.dev2.tribu-and-co.com\/es\/wp-json\/wp\/v2\/types\/page"}],"author":[{"embeddable":true,"href":"https:\/\/lfmadrid.net.dev2.tribu-and-co.com\/es\/wp-json\/wp\/v2\/users\/1"}],"replies":[{"embeddable":true,"href":"https:\/\/lfmadrid.net.dev2.tribu-and-co.com\/es\/wp-json\/wp\/v2\/comments?post=6350"}],"version-history":[{"count":9,"href":"https:\/\/lfmadrid.net.dev2.tribu-and-co.com\/es\/wp-json\/wp\/v2\/pages\/6350\/revisions"}],"predecessor-version":[{"id":7903,"href":"https:\/\/lfmadrid.net.dev2.tribu-and-co.com\/es\/wp-json\/wp\/v2\/pages\/6350\/revisions\/7903"}],"wp:attachment":[{"href":"https:\/\/lfmadrid.net.dev2.tribu-and-co.com\/es\/wp-json\/wp\/v2\/media?parent=6350"}],"wp:term":[{"taxonomy":"school_type","embeddable":true,"href":"https:\/\/lfmadrid.net.dev2.tribu-and-co.com\/es\/wp-json\/wp\/v2\/school_type?post=6350"}],"curies":[{"name":"wp","href":"https:\/\/api.w.org\/{rel}","templated":true}]}}