
{"id":6079,"date":"2026-01-20T14:44:59","date_gmt":"2026-01-20T13:44:59","guid":{"rendered":"http:\/\/lfmadrid.net.dev2.tribu-and-co.com\/10-razones-para-inscribir-a-su-hijo-a-en-el-lfm\/"},"modified":"2026-04-14T11:28:04","modified_gmt":"2026-04-14T09:28:04","slug":"10-razones-para-inscribir-a-su-hijo-a-en-el-lfm","status":"publish","type":"page","link":"http:\/\/lfmadrid.net.dev2.tribu-and-co.com\/es\/10-razones-para-inscribir-a-su-hijo-a-en-el-lfm\/","title":{"rendered":"<strong>10 razones para inscribir a su hijo\/a en el LFM<\/strong>"},"content":{"rendered":"\n<div class=\"container container--md\">\n\t<div class=\"hero-block wp-block-tribu-blocks-hero-block\">\n\t\t\t\t\t<h1 class=\"hero-block__title fw-700\"><strong>10 razones para inscribir a su hijo\/a en el LFM<\/strong><\/h1>\n\t\t\n\t\t\n\t\t\t\t\t<div class=\"hero-block__featured-image-wrapper\">\n\t\t\t\t<img decoding=\"async\" width=\"280\" height=\"263\" src=\"http:\/\/lfmadrid.net.dev2.tribu-and-co.com\/wp-content\/uploads\/2025\/12\/Group-39890.png\" class=\"hero-block__featured-image\" alt=\"\" \/>\t\t\t<\/div>\n\t\t\t\t\n\t\t\t<\/div>\n<\/div>\n<div class=\"container container--md alignfull wp-block-tribu-blocks-container\">\n\t\n\n<div class=\"wp-block-group is-layout-constrained wp-container-core-group-is-layout-19e250f3 wp-block-group-is-layout-constrained\">\n<details class=\"wp-block-details has-tertiaire-1-background-color has-background is-layout-flow wp-block-details-is-layout-flow\" style=\"border-bottom-color:var(--wp--preset--color--primaire-4);border-bottom-width:1px;padding-top:var(--wp--preset--spacing--3);padding-right:var(--wp--preset--spacing--3);padding-bottom:var(--wp--preset--spacing--3);padding-left:var(--wp--preset--spacing--3);font-style:normal;font-weight:700\"><summary><strong><strong>Una ense\u00f1anza de excelencia reconocida internacionalmente<\/strong><\/strong><\/summary>\n<p style=\"font-style:normal;font-weight:400\">El LFM imparte una ense\u00f1anza rigurosa acorde con los programas de la Educaci\u00f3n Nacional francesa y obtiene excelentes <a href=\"http:\/\/lfmadrid.net.dev2.tribu-and-co.com\/es\/nuestros-resultados-en-los-examenes\/\">resultados en los ex\u00e1menes<\/a>. El Baccalaur\u00e9at permite el acceso a las mejores universidades en Francia, Espa\u00f1a y el resto del mundo. Un acompa\u00f1amiento personalizado ayuda a cada alumno a construir un proyecto ambicioso y coherente.  <\/p>\n<\/details>\n\n\n\n<details class=\"wp-block-details has-tertiaire-1-background-color has-background is-layout-flow wp-block-details-is-layout-flow\" style=\"border-bottom-color:var(--wp--preset--color--primaire-4);border-bottom-width:1px;padding-top:var(--wp--preset--spacing--3);padding-right:var(--wp--preset--spacing--3);padding-bottom:var(--wp--preset--spacing--3);padding-left:var(--wp--preset--spacing--3);font-style:normal;font-weight:700\"><summary><strong>Una instituci\u00f3n prestigiosa y un referente en Madrid desde hace casi un siglo y medio<\/strong><\/summary>\n<p style=\"font-style:normal;font-weight:400\">Avalado por sus 140 a\u00f1os de historia, el Liceo Franc\u00e9s de Madrid es una instituci\u00f3n prestigiosa y un referente educativo imprescindible en la capital espa\u00f1ola. Ha formado a numerosas personalidades influyentes en diversos \u00e1mbitos, lo que da fe de la calidad y del impacto duradero de su formaci\u00f3n. <\/p>\n<\/details>\n\n\n\n<details class=\"wp-block-details has-tertiaire-1-background-color has-background is-layout-flow wp-block-details-is-layout-flow\" style=\"border-bottom-color:var(--wp--preset--color--primaire-4);border-bottom-width:1px;padding-top:var(--wp--preset--spacing--3);padding-right:var(--wp--preset--spacing--3);padding-bottom:var(--wp--preset--spacing--3);padding-left:var(--wp--preset--spacing--3);font-style:normal;font-weight:700\"><summary><strong>Instalaciones modernas y de calidad repartidas en dos campus<\/strong><\/summary>\n<p style=\"font-style:normal;font-weight:400\">Ubicado en dos campus, el LFM cuenta con equipamientos modernos adaptados a todos los niveles escolares. Laboratorios, mediatecas, gimnasio, pistas deportivas, aulas de arte, teatro y zonas verdes ofrecen un entorno estimulante, propicio para el aprendizaje, el desarrollo personal y una rica vida extraescolar. <\/p>\n<\/details>\n\n\n\n<details class=\"wp-block-details has-tertiaire-1-background-color has-background is-layout-flow wp-block-details-is-layout-flow\" style=\"border-bottom-color:var(--wp--preset--color--primaire-4);border-bottom-width:1px;padding-top:var(--wp--preset--spacing--3);padding-right:var(--wp--preset--spacing--3);padding-bottom:var(--wp--preset--spacing--3);padding-left:var(--wp--preset--spacing--3);font-style:normal;font-weight:700\"><summary><strong>Una formaci\u00f3n realmente triling\u00fce\u2026 \u00a1e incluso cuadriling\u00fce!<\/strong><\/summary>\n<p style=\"font-style:normal;font-weight:400\">Desde la educaci\u00f3n infantil, los alumnos reciben una ense\u00f1anza profunda de franc\u00e9s, espa\u00f1ol e ingl\u00e9s, con itinerarios reforzados: secciones internacionales, europeas y el BFI (Baccalaur\u00e9at Fran\u00e7ais International). A partir de secundaria, pueden a\u00f1adir una cuarta lengua extranjera, como alem\u00e1n o italiano, construyendo as\u00ed un perfil cuadriling\u00fce, activo valioso para su futuro internacional. <\/p>\n<\/details>\n\n\n\n<details class=\"wp-block-details has-tertiaire-1-background-color has-background is-layout-flow wp-block-details-is-layout-flow\" style=\"border-bottom-color:var(--wp--preset--color--primaire-4);border-bottom-width:1px;padding-top:var(--wp--preset--spacing--3);padding-right:var(--wp--preset--spacing--3);padding-bottom:var(--wp--preset--spacing--3);padding-left:var(--wp--preset--spacing--3);font-style:normal;font-weight:700\"><summary><strong>Un centro multicultural y abierto al mundo<\/strong><\/summary>\n<p style=\"font-style:normal;font-weight:400\">Con m\u00e1s de 70 nacionalidades representadas, el LFM es un lugar de encuentro y di\u00e1logo entre culturas. Esta diversidad nutre el d\u00eda a d\u00eda escolar, fomenta la apertura de mente, la curiosidad y el respeto a las diferencias, preparando a los alumnos para desenvolverse en un mundo globalizado y plural. <\/p>\n<\/details>\n\n\n\n<details class=\"wp-block-details has-tertiaire-1-background-color has-background is-layout-flow wp-block-details-is-layout-flow\" style=\"border-bottom-color:var(--wp--preset--color--primaire-4);border-bottom-width:1px;padding-top:var(--wp--preset--spacing--3);padding-right:var(--wp--preset--spacing--3);padding-bottom:var(--wp--preset--spacing--3);padding-left:var(--wp--preset--spacing--3);font-style:normal;font-weight:700\"><summary><strong><strong>Un acompa\u00f1amiento integral del alumno, desde infantil hasta el bachillerato<\/strong><\/strong><\/summary>\n<p style=\"font-style:normal;font-weight:400\">El LFM vela por el desarrollo pleno de cada ni\u00f1o en todas sus dimensiones: intelectual, emocional, social y f\u00edsica. Gracias a un seguimiento atento, itinerarios diferenciados y un entorno que combina exigencia y bienestar, el centro garantiza el \u00e9xito acad\u00e9mico cultivando la confianza en uno mismo. <\/p>\n<\/details>\n\n\n\n<details class=\"wp-block-details has-tertiaire-1-background-color has-background is-layout-flow wp-block-details-is-layout-flow\" style=\"border-bottom-color:var(--wp--preset--color--primaire-4);border-bottom-width:1px;padding-top:var(--wp--preset--spacing--3);padding-right:var(--wp--preset--spacing--3);padding-bottom:var(--wp--preset--spacing--3);padding-left:var(--wp--preset--spacing--3);font-style:normal;font-weight:700\"><summary><strong><strong><strong>Un equipo educativo experimentado y comprometido<\/strong><\/strong><\/strong><\/summary>\n<p style=\"font-style:normal;font-weight:400\">Los docentes y el personal educativo cuentan con un plan de formaci\u00f3n continua anual muy completo, vinculado a las prioridades de la Educaci\u00f3n Nacional francesa y a los retos de la ense\u00f1anza internacional, lo que les permite evolucionar en sus pr\u00e1cticas y responder a las necesidades pedag\u00f3gicas y humanas de los alumnos.<br\/><\/p>\n<\/details>\n\n\n\n<details class=\"wp-block-details has-tertiaire-1-background-color has-background is-layout-flow wp-block-details-is-layout-flow\" style=\"border-bottom-color:var(--wp--preset--color--primaire-4);border-bottom-width:1px;padding-top:var(--wp--preset--spacing--3);padding-right:var(--wp--preset--spacing--3);padding-bottom:var(--wp--preset--spacing--3);padding-left:var(--wp--preset--spacing--3);font-style:normal;font-weight:700\"><summary><strong><strong><strong><strong>Valores humanistas y un s\u00f3lido compromiso ciudadano<\/strong><\/strong><\/strong><\/strong><\/summary>\n<p style=\"font-style:normal;font-weight:400\">El LFM fomenta en sus alumnos el pensamiento cr\u00edtico y aut\u00f3nomo, claves para una ciudadan\u00eda responsable. Fiel a los valores de laicidad, humanismo y respeto a la diversidad, el centro promueve la tolerancia. A trav\u00e9s de proyectos concretos, los alumnos se conciencian sobre los grandes retos contempor\u00e1neos: desarrollo sostenible, inclusi\u00f3n, igualdad y memoria hist\u00f3rica.  <\/p>\n<\/details>\n\n\n\n<details class=\"wp-block-details has-tertiaire-1-background-color has-background is-layout-flow wp-block-details-is-layout-flow\" style=\"border-bottom-color:var(--wp--preset--color--primaire-4);border-bottom-width:1px;padding-top:var(--wp--preset--spacing--3);padding-right:var(--wp--preset--spacing--3);padding-bottom:var(--wp--preset--spacing--3);padding-left:var(--wp--preset--spacing--3);font-style:normal;font-weight:700\"><summary><strong><strong><strong><strong><strong>Una relaci\u00f3n estrecha y constructiva con las familias<\/strong><\/strong><\/strong><\/strong><\/strong><\/summary>\n<p style=\"font-style:normal;font-weight:400\">El LFM mantiene un di\u00e1logo constante y transparente con los padres, considerados actores esenciales del \u00e9xito escolar. Reuniones, entrevistas y herramientas de comunicaci\u00f3n digital: todo est\u00e1 dise\u00f1ado para establecer una colaboraci\u00f3n de confianza basada en la escucha, el respeto mutuo y el inter\u00e9s com\u00fan por el alumno. <\/p>\n<\/details>\n\n\n\n<details class=\"wp-block-details has-tertiaire-1-background-color has-background is-layout-flow wp-block-details-is-layout-flow\" style=\"border-bottom-color:var(--wp--preset--color--primaire-4);border-bottom-width:1px;padding-top:var(--wp--preset--spacing--3);padding-right:var(--wp--preset--spacing--3);padding-bottom:var(--wp--preset--spacing--3);padding-left:var(--wp--preset--spacing--3);font-style:normal;font-weight:700\"><summary><strong><strong><strong><strong><strong><strong>Un lugar destacado para la cultura, las artes y el deporte<\/strong><\/strong><\/strong><\/strong><\/strong><\/strong><\/summary>\n<p style=\"font-style:normal;font-weight:400\">M\u00fasica, teatro, artes pl\u00e1sticas, coros, orquestas, actividades deportivas, competiciones o clubes: la amplia oferta escolar y extraescolar participa activamente en el desarrollo de los alumnos, estimulando su creatividad, su esp\u00edritu de equipo y su compromiso.<br\/><\/p>\n<\/details>\n<\/div>\n\n<\/div>\n","protected":false},"excerpt":{"rendered":"","protected":false},"author":1,"featured_media":1865,"parent":0,"menu_order":0,"comment_status":"closed","ping_status":"closed","template":"","meta":{"_acf_changed":false,"footnotes":""},"school_type":[],"class_list":["post-6079","page","type-page","status-publish","has-post-thumbnail","hentry"],"acf":[],"yoast_head":"<!-- This site is optimized with the Yoast SEO plugin v27.4 - https:\/\/yoast.com\/product\/yoast-seo-wordpress\/ -->\n<title>10 razones para inscribir a su hijo\/a en el LFM - Lyc\u00e9e Fran\u00e7ais de Madrid<\/title>\n<meta name=\"robots\" content=\"noindex, follow, max-snippet:-1, max-image-preview:large, max-video-preview:-1\" \/>\n<meta property=\"og:locale\" content=\"es_ES\" \/>\n<meta property=\"og:type\" content=\"article\" \/>\n<meta property=\"og:title\" content=\"10 razones para inscribir a su hijo\/a en el LFM - Lyc\u00e9e Fran\u00e7ais de Madrid\" \/>\n<meta property=\"og:url\" content=\"http:\/\/lfmadrid.net.dev2.tribu-and-co.com\/es\/10-razones-para-inscribir-a-su-hijo-a-en-el-lfm\/\" \/>\n<meta property=\"og:site_name\" content=\"Lyc\u00e9e Fran\u00e7ais de Madrid\" \/>\n<meta property=\"article:modified_time\" content=\"2026-04-14T09:28:04+00:00\" \/>\n<meta property=\"og:image\" content=\"http:\/\/lfmadrid.net.dev2.tribu-and-co.com\/wp-content\/uploads\/2026\/01\/lfm-ecole.jpg\" \/>\n\t<meta property=\"og:image:width\" content=\"551\" \/>\n\t<meta property=\"og:image:height\" content=\"400\" \/>\n\t<meta property=\"og:image:type\" content=\"image\/jpeg\" \/>\n<meta name=\"twitter:card\" content=\"summary_large_image\" \/>\n<meta name=\"twitter:label1\" content=\"Tiempo de lectura\" \/>\n\t<meta name=\"twitter:data1\" content=\"3 minutes\" \/>\n<script type=\"application\/ld+json\" class=\"yoast-schema-graph\">{\"@context\":\"https:\\\/\\\/schema.org\",\"@graph\":[{\"@type\":\"WebPage\",\"@id\":\"http:\\\/\\\/lfmadrid.net.dev2.tribu-and-co.com\\\/es\\\/10-razones-para-inscribir-a-su-hijo-a-en-el-lfm\\\/\",\"url\":\"http:\\\/\\\/lfmadrid.net.dev2.tribu-and-co.com\\\/es\\\/10-razones-para-inscribir-a-su-hijo-a-en-el-lfm\\\/\",\"name\":\"10 razones para inscribir a su hijo\\\/a en el LFM - Lyc\u00e9e Fran\u00e7ais de Madrid\",\"isPartOf\":{\"@id\":\"http:\\\/\\\/lfmadrid.net.dev2.tribu-and-co.com\\\/es\\\/#website\"},\"primaryImageOfPage\":{\"@id\":\"http:\\\/\\\/lfmadrid.net.dev2.tribu-and-co.com\\\/es\\\/10-razones-para-inscribir-a-su-hijo-a-en-el-lfm\\\/#primaryimage\"},\"image\":{\"@id\":\"http:\\\/\\\/lfmadrid.net.dev2.tribu-and-co.com\\\/es\\\/10-razones-para-inscribir-a-su-hijo-a-en-el-lfm\\\/#primaryimage\"},\"thumbnailUrl\":\"http:\\\/\\\/lfmadrid.net.dev2.tribu-and-co.com\\\/wp-content\\\/uploads\\\/2026\\\/01\\\/lfm-ecole.jpg\",\"datePublished\":\"2026-01-20T13:44:59+00:00\",\"dateModified\":\"2026-04-14T09:28:04+00:00\",\"breadcrumb\":{\"@id\":\"http:\\\/\\\/lfmadrid.net.dev2.tribu-and-co.com\\\/es\\\/10-razones-para-inscribir-a-su-hijo-a-en-el-lfm\\\/#breadcrumb\"},\"inLanguage\":\"es-ES\",\"potentialAction\":[{\"@type\":\"ReadAction\",\"target\":[\"http:\\\/\\\/lfmadrid.net.dev2.tribu-and-co.com\\\/es\\\/10-razones-para-inscribir-a-su-hijo-a-en-el-lfm\\\/\"]}]},{\"@type\":\"ImageObject\",\"inLanguage\":\"es-ES\",\"@id\":\"http:\\\/\\\/lfmadrid.net.dev2.tribu-and-co.com\\\/es\\\/10-razones-para-inscribir-a-su-hijo-a-en-el-lfm\\\/#primaryimage\",\"url\":\"http:\\\/\\\/lfmadrid.net.dev2.tribu-and-co.com\\\/wp-content\\\/uploads\\\/2026\\\/01\\\/lfm-ecole.jpg\",\"contentUrl\":\"http:\\\/\\\/lfmadrid.net.dev2.tribu-and-co.com\\\/wp-content\\\/uploads\\\/2026\\\/01\\\/lfm-ecole.jpg\",\"width\":551,\"height\":400},{\"@type\":\"BreadcrumbList\",\"@id\":\"http:\\\/\\\/lfmadrid.net.dev2.tribu-and-co.com\\\/es\\\/10-razones-para-inscribir-a-su-hijo-a-en-el-lfm\\\/#breadcrumb\",\"itemListElement\":[{\"@type\":\"ListItem\",\"position\":1,\"name\":\"Inicio\",\"item\":\"http:\\\/\\\/lfmadrid.net.dev2.tribu-and-co.com\\\/es\\\/\"},{\"@type\":\"ListItem\",\"position\":2,\"name\":\"10 razones para inscribir a su hijo\\\/a en el LFM\"}]},{\"@type\":\"WebSite\",\"@id\":\"http:\\\/\\\/lfmadrid.net.dev2.tribu-and-co.com\\\/es\\\/#website\",\"url\":\"http:\\\/\\\/lfmadrid.net.dev2.tribu-and-co.com\\\/es\\\/\",\"name\":\"Lyc\u00e9e Fran\u00e7ais de Madrid\",\"description\":\"\",\"publisher\":{\"@id\":\"http:\\\/\\\/lfmadrid.net.dev2.tribu-and-co.com\\\/es\\\/#organization\"},\"potentialAction\":[{\"@type\":\"SearchAction\",\"target\":{\"@type\":\"EntryPoint\",\"urlTemplate\":\"http:\\\/\\\/lfmadrid.net.dev2.tribu-and-co.com\\\/es\\\/?s={search_term_string}\"},\"query-input\":{\"@type\":\"PropertyValueSpecification\",\"valueRequired\":true,\"valueName\":\"search_term_string\"}}],\"inLanguage\":\"es-ES\"},{\"@type\":\"Organization\",\"@id\":\"http:\\\/\\\/lfmadrid.net.dev2.tribu-and-co.com\\\/es\\\/#organization\",\"name\":\"Lyc\u00e9e Fran\u00e7ais de Madrid\",\"url\":\"http:\\\/\\\/lfmadrid.net.dev2.tribu-and-co.com\\\/es\\\/\",\"logo\":{\"@type\":\"ImageObject\",\"inLanguage\":\"es-ES\",\"@id\":\"http:\\\/\\\/lfmadrid.net.dev2.tribu-and-co.com\\\/es\\\/#\\\/schema\\\/logo\\\/image\\\/\",\"url\":\"http:\\\/\\\/lfmadrid.net.dev2.tribu-and-co.com\\\/wp-content\\\/uploads\\\/2026\\\/01\\\/lfm-logo.svg\",\"contentUrl\":\"http:\\\/\\\/lfmadrid.net.dev2.tribu-and-co.com\\\/wp-content\\\/uploads\\\/2026\\\/01\\\/lfm-logo.svg\",\"width\":154,\"height\":60,\"caption\":\"Lyc\u00e9e Fran\u00e7ais de Madrid\"},\"image\":{\"@id\":\"http:\\\/\\\/lfmadrid.net.dev2.tribu-and-co.com\\\/es\\\/#\\\/schema\\\/logo\\\/image\\\/\"}}]}<\/script>\n<!-- \/ Yoast SEO plugin. -->","yoast_head_json":{"title":"10 razones para inscribir a su hijo\/a en el LFM - Lyc\u00e9e Fran\u00e7ais de Madrid","robots":{"index":"noindex","follow":"follow","max-snippet":"max-snippet:-1","max-image-preview":"max-image-preview:large","max-video-preview":"max-video-preview:-1"},"og_locale":"es_ES","og_type":"article","og_title":"10 razones para inscribir a su hijo\/a en el LFM - Lyc\u00e9e Fran\u00e7ais de Madrid","og_url":"http:\/\/lfmadrid.net.dev2.tribu-and-co.com\/es\/10-razones-para-inscribir-a-su-hijo-a-en-el-lfm\/","og_site_name":"Lyc\u00e9e Fran\u00e7ais de Madrid","article_modified_time":"2026-04-14T09:28:04+00:00","og_image":[{"width":551,"height":400,"url":"http:\/\/lfmadrid.net.dev2.tribu-and-co.com\/wp-content\/uploads\/2026\/01\/lfm-ecole.jpg","type":"image\/jpeg"}],"twitter_card":"summary_large_image","twitter_misc":{"Tiempo de lectura":"3 minutes"},"schema":{"@context":"https:\/\/schema.org","@graph":[{"@type":"WebPage","@id":"http:\/\/lfmadrid.net.dev2.tribu-and-co.com\/es\/10-razones-para-inscribir-a-su-hijo-a-en-el-lfm\/","url":"http:\/\/lfmadrid.net.dev2.tribu-and-co.com\/es\/10-razones-para-inscribir-a-su-hijo-a-en-el-lfm\/","name":"10 razones para inscribir a su hijo\/a en el LFM - Lyc\u00e9e Fran\u00e7ais de Madrid","isPartOf":{"@id":"http:\/\/lfmadrid.net.dev2.tribu-and-co.com\/es\/#website"},"primaryImageOfPage":{"@id":"http:\/\/lfmadrid.net.dev2.tribu-and-co.com\/es\/10-razones-para-inscribir-a-su-hijo-a-en-el-lfm\/#primaryimage"},"image":{"@id":"http:\/\/lfmadrid.net.dev2.tribu-and-co.com\/es\/10-razones-para-inscribir-a-su-hijo-a-en-el-lfm\/#primaryimage"},"thumbnailUrl":"http:\/\/lfmadrid.net.dev2.tribu-and-co.com\/wp-content\/uploads\/2026\/01\/lfm-ecole.jpg","datePublished":"2026-01-20T13:44:59+00:00","dateModified":"2026-04-14T09:28:04+00:00","breadcrumb":{"@id":"http:\/\/lfmadrid.net.dev2.tribu-and-co.com\/es\/10-razones-para-inscribir-a-su-hijo-a-en-el-lfm\/#breadcrumb"},"inLanguage":"es-ES","potentialAction":[{"@type":"ReadAction","target":["http:\/\/lfmadrid.net.dev2.tribu-and-co.com\/es\/10-razones-para-inscribir-a-su-hijo-a-en-el-lfm\/"]}]},{"@type":"ImageObject","inLanguage":"es-ES","@id":"http:\/\/lfmadrid.net.dev2.tribu-and-co.com\/es\/10-razones-para-inscribir-a-su-hijo-a-en-el-lfm\/#primaryimage","url":"http:\/\/lfmadrid.net.dev2.tribu-and-co.com\/wp-content\/uploads\/2026\/01\/lfm-ecole.jpg","contentUrl":"http:\/\/lfmadrid.net.dev2.tribu-and-co.com\/wp-content\/uploads\/2026\/01\/lfm-ecole.jpg","width":551,"height":400},{"@type":"BreadcrumbList","@id":"http:\/\/lfmadrid.net.dev2.tribu-and-co.com\/es\/10-razones-para-inscribir-a-su-hijo-a-en-el-lfm\/#breadcrumb","itemListElement":[{"@type":"ListItem","position":1,"name":"Inicio","item":"http:\/\/lfmadrid.net.dev2.tribu-and-co.com\/es\/"},{"@type":"ListItem","position":2,"name":"10 razones para inscribir a su hijo\/a en el LFM"}]},{"@type":"WebSite","@id":"http:\/\/lfmadrid.net.dev2.tribu-and-co.com\/es\/#website","url":"http:\/\/lfmadrid.net.dev2.tribu-and-co.com\/es\/","name":"Lyc\u00e9e Fran\u00e7ais de Madrid","description":"","publisher":{"@id":"http:\/\/lfmadrid.net.dev2.tribu-and-co.com\/es\/#organization"},"potentialAction":[{"@type":"SearchAction","target":{"@type":"EntryPoint","urlTemplate":"http:\/\/lfmadrid.net.dev2.tribu-and-co.com\/es\/?s={search_term_string}"},"query-input":{"@type":"PropertyValueSpecification","valueRequired":true,"valueName":"search_term_string"}}],"inLanguage":"es-ES"},{"@type":"Organization","@id":"http:\/\/lfmadrid.net.dev2.tribu-and-co.com\/es\/#organization","name":"Lyc\u00e9e Fran\u00e7ais de Madrid","url":"http:\/\/lfmadrid.net.dev2.tribu-and-co.com\/es\/","logo":{"@type":"ImageObject","inLanguage":"es-ES","@id":"http:\/\/lfmadrid.net.dev2.tribu-and-co.com\/es\/#\/schema\/logo\/image\/","url":"http:\/\/lfmadrid.net.dev2.tribu-and-co.com\/wp-content\/uploads\/2026\/01\/lfm-logo.svg","contentUrl":"http:\/\/lfmadrid.net.dev2.tribu-and-co.com\/wp-content\/uploads\/2026\/01\/lfm-logo.svg","width":154,"height":60,"caption":"Lyc\u00e9e Fran\u00e7ais de Madrid"},"image":{"@id":"http:\/\/lfmadrid.net.dev2.tribu-and-co.com\/es\/#\/schema\/logo\/image\/"}}]}},"_links":{"self":[{"href":"http:\/\/lfmadrid.net.dev2.tribu-and-co.com\/es\/wp-json\/wp\/v2\/pages\/6079","targetHints":{"allow":["GET"]}}],"collection":[{"href":"http:\/\/lfmadrid.net.dev2.tribu-and-co.com\/es\/wp-json\/wp\/v2\/pages"}],"about":[{"href":"http:\/\/lfmadrid.net.dev2.tribu-and-co.com\/es\/wp-json\/wp\/v2\/types\/page"}],"author":[{"embeddable":true,"href":"http:\/\/lfmadrid.net.dev2.tribu-and-co.com\/es\/wp-json\/wp\/v2\/users\/1"}],"replies":[{"embeddable":true,"href":"http:\/\/lfmadrid.net.dev2.tribu-and-co.com\/es\/wp-json\/wp\/v2\/comments?post=6079"}],"version-history":[{"count":7,"href":"http:\/\/lfmadrid.net.dev2.tribu-and-co.com\/es\/wp-json\/wp\/v2\/pages\/6079\/revisions"}],"predecessor-version":[{"id":7886,"href":"http:\/\/lfmadrid.net.dev2.tribu-and-co.com\/es\/wp-json\/wp\/v2\/pages\/6079\/revisions\/7886"}],"wp:featuredmedia":[{"embeddable":true,"href":"http:\/\/lfmadrid.net.dev2.tribu-and-co.com\/es\/wp-json\/wp\/v2\/media\/1865"}],"wp:attachment":[{"href":"http:\/\/lfmadrid.net.dev2.tribu-and-co.com\/es\/wp-json\/wp\/v2\/media?parent=6079"}],"wp:term":[{"taxonomy":"school_type","embeddable":true,"href":"http:\/\/lfmadrid.net.dev2.tribu-and-co.com\/es\/wp-json\/wp\/v2\/school_type?post=6079"}],"curies":[{"name":"wp","href":"https:\/\/api.w.org\/{rel}","templated":true}]}}