
{"id":6004,"date":"2026-01-08T17:29:36","date_gmt":"2026-01-08T16:29:36","guid":{"rendered":"https:\/\/lfmadrid.net.dev2.tribu-and-co.com\/secundaria-eso\/"},"modified":"2026-04-21T11:24:09","modified_gmt":"2026-04-21T09:24:09","slug":"secundaria-eso","status":"publish","type":"page","link":"https:\/\/lfmadrid.net.dev2.tribu-and-co.com\/es\/secundaria-eso\/","title":{"rendered":"Secundaria (ESO)"},"content":{"rendered":"<div class=\"container\">\n\t<div class=\"page-head wp-block-tribu-blocks-page-head\">\n\n\t\t<div class=\"page-head__content\">\n\t\t\t\t\t\t\t<h1 class=\"page-head__title has-fs-h-2-font-size fw-700\">Secundaria (ESO)<\/h1>\n\t\t\t\n\t\t\t\t\t\t\t<div class=\"page-head__subtitle\">La etapa de coll\u00e8ge marca un hito esencial en la escolaridad de nuestros alumnos: el ingreso en la ense\u00f1anza secundaria.<br><br>En el Lyc\u00e9e Fran\u00e7ais de Madrid, acompa\u00f1amos a cada uno de ellos en esta importante transici\u00f3n, ofreci\u00e9ndoles un entorno que combina exigencia, atenci\u00f3n personalizada y apertura al mundo.<br><\/div>\n\t\t\t\t\t<\/div>\n\n\t\t\t\t\t<div class=\"page-head__images-wrapper\">\n\t\t\t\t<div class=\"page-head__image\">\n\t\t\t\t\t<img decoding=\"async\" width=\"550\" height=\"399\" src=\"https:\/\/lfmadrid.net.dev2.tribu-and-co.com\/wp-content\/uploads\/2026\/01\/college-header.jpg\" class=\"page-head__featured-image wp-post-image\" alt=\"\" srcset=\"https:\/\/lfmadrid.net.dev2.tribu-and-co.com\/wp-content\/uploads\/2026\/01\/college-header.jpg 551w, https:\/\/lfmadrid.net.dev2.tribu-and-co.com\/wp-content\/uploads\/2026\/01\/college-header-300x218.jpg 300w\" sizes=\"(max-width: 550px) 100vw, 550px\" \/>\t\t\t\t<\/div>\n\t\t\t\t<img \n\t\t\t\t\tclass=\"page-head__decorative-image\" \n\t\t\t\t\tsrc=http:\/\/lfmadrid.net.dev2.tribu-and-co.com\/wp-content\/plugins\/tribu-blocks\/build\/page-head\/svg\/pattern.88da4312.svg\t\t\t\t\talt=\"\"\n\t\t\t\t\/>\n\t\t\t<\/div>\n\t\t\t\t\n\t\t\t\t<\/div>\n<\/div>\n\n\n\n<div class=\"wp-block-group is-layout-constrained wp-block-group-is-layout-constrained\" style=\"margin-top:var(--wp--preset--spacing--12);margin-bottom:var(--wp--preset--spacing--12)\"><div style=\"margin-top:var(--wp--preset--spacing--7);margin-bottom:var(--wp--preset--spacing--7);\" class=\"container container--md alignfull wp-block-tribu-blocks-container\">\n\t\n\n<div class=\"wp-block-group has-blanc-color has-primaire-1-background-color has-text-color has-background has-link-color wp-elements-2288e498312fbb9b96e612359d452a72 is-layout-constrained wp-container-core-group-is-layout-3131ec1f wp-block-group-is-layout-constrained\" style=\"border-radius:16px;padding-top:var(--wp--preset--spacing--10);padding-right:var(--wp--preset--spacing--11);padding-bottom:var(--wp--preset--spacing--10);padding-left:var(--wp--preset--spacing--11)\">\n<h2 class=\"wp-block-heading has-text-align-center has-secondary-font-family has-fs-h-2-font-size\" style=\"font-style:normal;font-weight:500\"><strong>6\u00e8me (6.\u00ba de Primaria\/1.\u00ba ESO)<\/strong>: consolidar y adaptarse<\/h2>\n\n\n\n<div class=\"wp-block-columns are-vertically-aligned-center wp-block-columns--55-45 is-layout-flex wp-container-core-columns-is-layout-c5150b4a wp-block-columns-is-layout-flex\">\n<div class=\"wp-block-column is-vertically-aligned-center col-55 is-layout-flow wp-block-column-is-layout-flow\">\n<h3 class=\"wp-block-heading has-fs-h-6-font-size\"><strong>El a\u00f1o de sixi\u00e8me, \u00faltimo del ciclo 3, es un a\u00f1o de transici\u00f3n.<\/strong><\/h3>\n\n\n\n<p>Todo est\u00e1 dispuesto para facilitar la acogida de los nuevos alumnos de secundaria y ayudarlos a adaptarse a la vida y organizaci\u00f3n del centro.<\/p>\n\n\n\n<p><\/p>\n\n\n\n<p><\/p>\n\n\n\n<p><strong>Nuestras prioridades:<\/strong><\/p>\n\n\n\n<ul class=\"wp-block-list\">\n<li>consolidar los conocimientos fundamentales de la escuela primaria.<\/li>\n\n\n\n<li>iniciar a los alumnos en las nuevas disciplinas y m\u00e9todos de trabajo.<\/li>\n\n\n\n<li>desarrollar su autonom\u00eda y confianza.<\/li>\n<\/ul>\n\n\n\n<p><\/p>\n\n\n\n<p>Cada alumno recibe el apoyo necesario para afrontar con serenidad esta nueva etapa de su recorrido escolar.<\/p>\n<\/div>\n\n\n\n<div class=\"wp-block-column is-vertically-aligned-center col-45 is-layout-flow wp-block-column-is-layout-flow\">\n<figure class=\"wp-block-image size-full\"><img decoding=\"async\" width=\"535\" height=\"417\" src=\"https:\/\/lfmadrid.net.dev2.tribu-and-co.com\/wp-content\/uploads\/2026\/01\/sixieme.webp\" alt=\"\" class=\"wp-image-2819\" srcset=\"https:\/\/lfmadrid.net.dev2.tribu-and-co.com\/wp-content\/uploads\/2026\/01\/sixieme.webp 535w, https:\/\/lfmadrid.net.dev2.tribu-and-co.com\/wp-content\/uploads\/2026\/01\/sixieme-300x234.webp 300w\" sizes=\"(max-width: 535px) 100vw, 535px\" \/><\/figure>\n<\/div>\n<\/div>\n<\/div>\n\n\n\n<div class=\"wp-block-group has-primaire-1-color has-blanc-background-color has-text-color has-background has-link-color wp-elements-e490f7542f49644a70e710d78b198097 is-layout-constrained wp-container-core-group-is-layout-a09bff94 wp-block-group-is-layout-constrained\" style=\"border-radius:16px;margin-top:var(--wp--preset--spacing--4);padding-top:var(--wp--preset--spacing--10);padding-right:var(--wp--preset--spacing--11);padding-bottom:0;padding-left:var(--wp--preset--spacing--11)\">\n<h2 class=\"wp-block-heading has-text-align-center has-secondary-font-family has-fs-h-2-font-size\" style=\"font-style:normal;font-weight:500\"><strong>De 5\u00e8me a 3\u00e8me<\/strong>: profundizar y proyectarse<\/h2>\n\n\n\n<div class=\"wp-block-columns are-vertically-aligned-center wp-block-columns--55-45 is-layout-flex wp-container-core-columns-is-layout-c5150b4a wp-block-columns-is-layout-flex\">\n<div class=\"wp-block-column is-vertically-aligned-center col-55 is-layout-flow wp-block-column-is-layout-flow\" style=\"flex-basis:40%\">\n<div class=\"wp-block-group is-layout-constrained wp-block-group-is-layout-constrained\">\n<p>Las clases de cinqui\u00e8me, quatri\u00e8me y troisi\u00e8me (ciclo 4) se centran en la profundizaci\u00f3n de los conocimientos y la construcci\u00f3n del proyecto personal.<\/p>\n\n\n\n<p><strong>El uso educativo de las herramientas digitales ocupa un lugar relevante<\/strong>: fomenta la autonom\u00eda, la individualizaci\u00f3n del aprendizaje y la apertura a nuevas formas de saber.<\/p>\n\n\n\n<p>Nuestros alumnos <strong>desarrollan sus competencias en todas las disciplinas<\/strong>, descubriendo <strong>nuevos campos de aprendizaje<\/strong> a trav\u00e9s de diferentes itinerarios educativos:<br><\/p>\n<\/div>\n<\/div>\n\n\n\n<div class=\"wp-block-column is-vertically-aligned-center col-45 is-layout-flow wp-block-column-is-layout-flow\" style=\"flex-basis:60%\">\n<div class=\"wp-block-group is-nowrap is-layout-flex wp-container-core-group-is-layout-6c531013 wp-block-group-is-layout-flex\"><div style=\"margin-top:var(--wp--preset--spacing--3);margin-bottom:var(--wp--preset--spacing--3);\" class=\"container container--md alignfull wp-block-tribu-blocks-container\">\n\t\n\n<div class=\"wp-block-group has-tertiaire-1-background-color has-background is-layout-constrained wp-container-core-group-is-layout-2bbc03ef wp-block-group-is-layout-constrained\" style=\"border-radius:16px;padding-top:var(--wp--preset--spacing--5);padding-right:var(--wp--preset--spacing--5);padding-bottom:var(--wp--preset--spacing--5);padding-left:var(--wp--preset--spacing--5)\">\n<div class=\"wp-block-group is-layout-grid wp-container-core-group-is-layout-cdb28de3 wp-block-group-is-layout-grid\">\n<div class=\"wp-block-group is-nowrap is-layout-flex wp-container-core-group-is-layout-8acbb40a wp-block-group-is-layout-flex\">\n<figure class=\"wp-block-image size-large is-resized\"><img decoding=\"async\" width=\"42\" height=\"44\" src=\"https:\/\/lfmadrid.net.dev2.tribu-and-co.com\/wp-content\/uploads\/2025\/12\/suivi-personnalise.svg\" alt=\"\" class=\"wp-image-1029\" style=\"width:36px\"\/><\/figure>\n\n\n\n<p class=\"has-secondary-font-family has-fs-h-5-font-size\">El itinerario ciudadano<\/p>\n<\/div>\n\n\n\n<div class=\"wp-block-group is-nowrap is-layout-flex wp-container-core-group-is-layout-8acbb40a wp-block-group-is-layout-flex\">\n<figure class=\"wp-block-image size-large is-resized\"><img decoding=\"async\" width=\"46\" height=\"56\" src=\"https:\/\/lfmadrid.net.dev2.tribu-and-co.com\/wp-content\/uploads\/2025\/12\/pen-book-icon.svg\" alt=\"\" class=\"wp-image-1209\" style=\"width:36px\"\/><\/figure>\n\n\n\n<p class=\"has-secondary-font-family has-fs-h-5-font-size\">El itinerario de educaci\u00f3n art\u00edstica y cultural<\/p>\n<\/div>\n\n\n\n<div class=\"wp-block-group is-nowrap is-layout-flex wp-container-core-group-is-layout-8acbb40a wp-block-group-is-layout-flex\">\n<figure class=\"wp-block-image size-large is-resized\"><img decoding=\"async\" width=\"46\" height=\"40\" src=\"https:\/\/lfmadrid.net.dev2.tribu-and-co.com\/wp-content\/uploads\/2025\/10\/picto_equipements_sportifs.svg\" alt=\"\" class=\"wp-image-252\" style=\"width:36px\"\/><\/figure>\n\n\n\n<p class=\"has-secondary-font-family has-fs-h-5-font-size\">El itinerario educativo de salud<\/p>\n<\/div>\n\n\n\n<div class=\"wp-block-group is-nowrap is-layout-flex wp-container-core-group-is-layout-8acbb40a wp-block-group-is-layout-flex\">\n<figure class=\"wp-block-image size-large is-resized\"><img decoding=\"async\" width=\"73\" height=\"73\" src=\"https:\/\/lfmadrid.net.dev2.tribu-and-co.com\/wp-content\/uploads\/2026\/01\/avenir-orientation-1.svg\" alt=\"\" class=\"wp-image-2861\" style=\"width:36px\"\/><\/figure>\n\n\n\n<p class=\"has-secondary-font-family has-fs-h-5-font-size\">El itinerario &#8220;Avenir&#8221; (Futuro), que los orienta en su futura trayectoria acad\u00e9mica y profesional.<\/p>\n<\/div>\n<\/div>\n<\/div>\n\n<\/div>\n<\/div>\n<\/div>\n<\/div>\n\n\n\n<h3 class=\"wp-block-heading has-fs-h-5-font-size\"><br><\/h3>\n<\/div>\n\n<\/div>\n<\/div>\n\n\n\n<div class=\"wp-block-group is-layout-constrained wp-block-group-is-layout-constrained\" style=\"margin-top:var(--wp--preset--spacing--12);margin-bottom:var(--wp--preset--spacing--12)\">\n<h2 class=\"wp-block-heading has-text-align-center has-secondaire-1-color has-text-color has-link-color has-secondary-font-family has-fs-h-2-font-size without-stripes wp-elements-983c22c9221dfbfb5cf79683e2587133\" style=\"font-style:normal;font-weight:500\"><strong>Un recorrido pluriling\u00fce<\/strong><\/h2>\n\n\n<div class=\"container container--sm alignfull wp-block-tribu-blocks-container\">\n\t\n\n<h3 class=\"wp-block-heading has-text-align-center has-fs-h-5-font-size\"><strong>En el Lyc\u00e9e Fran\u00e7ais de Madrid, los idiomas est\u00e1n en el coraz\u00f3n del proyecto educativo.<\/strong><\/h3>\n\n\n\n<p><br><strong>Fomentamos en nuestros alumnos la curiosidad ling\u00fc\u00edstica y cultural<\/strong> desde la secundaria, en un entorno verdaderamente pluriling\u00fce.<\/p>\n\n\n\n<div class=\"wp-block-columns is-layout-flex wp-container-core-columns-is-layout-95cf7256 wp-block-columns-is-layout-flex\" style=\"margin-top:var(--wp--preset--spacing--4);margin-bottom:var(--wp--preset--spacing--4)\">\n<div class=\"wp-block-column is-layout-flow wp-block-column-is-layout-flow\">\n<div class=\"wp-block-group has-blanc-color has-primaire-1-background-color has-text-color has-background has-link-color wp-elements-a54be3b0ea6b6547c5ca0a82c706fa33 is-layout-constrained wp-container-core-group-is-layout-85257459 wp-block-group-is-layout-constrained\" style=\"border-radius:12px;padding-top:0;padding-right:var(--wp--preset--spacing--5);padding-bottom:var(--wp--preset--spacing--7);padding-left:var(--wp--preset--spacing--5)\">\n<figure class=\"wp-block-image aligncenter size-large is-resized\"><img decoding=\"async\" width=\"61\" height=\"36\" src=\"https:\/\/lfmadrid.net.dev2.tribu-and-co.com\/wp-content\/uploads\/2025\/10\/stripes-top-secondary.svg\" alt=\"\" class=\"wp-image-163\" style=\"object-fit:cover;width:60px;height:36px\"\/><\/figure>\n\n\n\n<h3 class=\"wp-block-heading has-text-align-center has-blanc-color has-text-color has-link-color has-fs-h-3-font-size wp-elements-7cb49135f28feed392a8592a0edd7ec1\" style=\"font-style:normal;font-weight:500\">En 5\u00e8me<\/h3>\n\n\n\n<p class=\"has-text-align-center\">ELCE* Ingl\u00e9s o Lat\u00edn<\/p>\n<\/div>\n<\/div>\n\n\n\n<div class=\"wp-block-column is-layout-flow wp-block-column-is-layout-flow\">\n<div class=\"wp-block-group has-blanc-color has-secondaire-1-background-color has-text-color has-background has-link-color wp-elements-59b03383b77a0f947446fc425af3502f is-layout-constrained wp-container-core-group-is-layout-85257459 wp-block-group-is-layout-constrained\" style=\"border-radius:12px;padding-top:0;padding-right:var(--wp--preset--spacing--5);padding-bottom:var(--wp--preset--spacing--7);padding-left:var(--wp--preset--spacing--5)\">\n<figure class=\"wp-block-image aligncenter size-large is-resized\"><img decoding=\"async\" width=\"61\" height=\"36\" src=\"https:\/\/lfmadrid.net.dev2.tribu-and-co.com\/wp-content\/uploads\/2025\/10\/stripes-top-primary.svg\" alt=\"\" class=\"wp-image-166\" style=\"object-fit:cover;width:60px;height:36px\"\/><\/figure>\n\n\n\n<h3 class=\"wp-block-heading has-text-align-center has-blanc-color has-text-color has-link-color has-fs-h-3-font-size wp-elements-28519d6ac518c256a79aa9976a9a6130\" style=\"font-style:normal;font-weight:500\">En 4\u00e8me y 3\u00e8me<\/h3>\n\n\n\n<p class=\"has-text-align-center\">Alem\u00e1n, Italiano, Lat\u00edn o la continuaci\u00f3n de ELCE* Ingl\u00e9s<\/p>\n<\/div>\n<\/div>\n<\/div>\n\n\n\n<p>Estas ense\u00f1anzas favorecen la apertura cultural y el dominio de varios idiomas, competencias valiosas en un mundo en constante movimiento y una verdadera ventaja para el \u00e9xito futuro de nuestros alumnos.<\/p>\n\n\n\n<p><em>*ELCE: Ense\u00f1anza de la Lengua y de la Cultura Europea.<\/em><\/p>\n\n<\/div>\n<\/div>\n\n\n<div style=\"margin-top:var(--wp--preset--spacing--7);margin-bottom:var(--wp--preset--spacing--7);\" class=\"container container--md alignfull wp-block-tribu-blocks-container\">\n\t\n\n<div class=\"wp-block-group has-primaire-1-color has-tertiaire-1-background-color has-text-color has-background has-link-color wp-elements-dc247ef6dd96bcc1c8d8f12dbb737d5e is-layout-constrained wp-container-core-group-is-layout-9597dc02 wp-block-group-is-layout-constrained\" style=\"border-radius:16px;padding-top:var(--wp--preset--spacing--10);padding-right:var(--wp--preset--spacing--10);padding-bottom:var(--wp--preset--spacing--10);padding-left:var(--wp--preset--spacing--10)\">\n<h2 class=\"wp-block-heading has-text-align-center has-secondary-font-family has-fs-h-2-font-size\" style=\"font-style:normal;font-weight:500\">La vida escolar<\/h2>\n\n\n\n<div class=\"wp-block-columns are-vertically-aligned-center wp-block-columns--55-45 is-layout-flex wp-container-core-columns-is-layout-c5150b4a wp-block-columns-is-layout-flex\">\n<div class=\"wp-block-column is-vertically-aligned-center col-55 is-layout-flow wp-block-column-is-layout-flow\">\n<p>El servicio de Vida Escolar es una caracter\u00edstica propia del sistema educativo franc\u00e9s y no tiene equivalente en otros sistemas europeos. En el LFM, la ESO (coll\u00e8ge) y el Bachillerato (lyc\u00e9e) cuentan con espacios de vida escolar diferenciados. <\/p>\n\n\n\n<p><\/p>\n\n\n\n<div class=\"wp-block-buttons is-layout-flex wp-block-buttons-is-layout-flex\">\n<div class=\"wp-block-button bgc-primary tc-white custom-button custom-button--default custom-button--primary\"><a class=\"wp-block-button__link wp-element-button\" href=\"]]&amp;gt;\" target=\"_blank\" rel=\"noreferrer noopener\">Leer m\u00e1s<\/a><\/div>\n<\/div>\n<\/div>\n\n\n\n<div class=\"wp-block-column is-vertically-aligned-center col-45 is-layout-flow wp-block-column-is-layout-flow\">\n<figure class=\"wp-block-image size-full\"><img decoding=\"async\" width=\"1100\" height=\"495\" src=\"https:\/\/lfmadrid.net.dev2.tribu-and-co.com\/wp-content\/uploads\/2026\/02\/Non-au-harcelement2.webp\" alt=\"\" class=\"wp-image-5238\" srcset=\"https:\/\/lfmadrid.net.dev2.tribu-and-co.com\/wp-content\/uploads\/2026\/02\/Non-au-harcelement2.webp 1100w, https:\/\/lfmadrid.net.dev2.tribu-and-co.com\/wp-content\/uploads\/2026\/02\/Non-au-harcelement2-300x135.webp 300w, https:\/\/lfmadrid.net.dev2.tribu-and-co.com\/wp-content\/uploads\/2026\/02\/Non-au-harcelement2-1024x461.webp 1024w, https:\/\/lfmadrid.net.dev2.tribu-and-co.com\/wp-content\/uploads\/2026\/02\/Non-au-harcelement2-768x346.webp 768w, https:\/\/lfmadrid.net.dev2.tribu-and-co.com\/wp-content\/uploads\/2026\/02\/Non-au-harcelement2-600x270.webp 600w\" sizes=\"(max-width: 1100px) 100vw, 1100px\" \/><\/figure>\n<\/div>\n<\/div>\n<\/div>\n\n<\/div>\n\n\n\n<p><\/p>\n","protected":false},"excerpt":{"rendered":"<p>Un recorrido pluriling\u00fce<\/p>\n","protected":false},"author":1,"featured_media":2306,"parent":0,"menu_order":0,"comment_status":"closed","ping_status":"closed","template":"","meta":{"_acf_changed":false,"footnotes":""},"school_type":[64],"class_list":["post-6004","page","type-page","status-publish","has-post-thumbnail","hentry"],"acf":[],"yoast_head":"<!-- This site is optimized with the Yoast SEO plugin v27.4 - https:\/\/yoast.com\/product\/yoast-seo-wordpress\/ -->\n<title>Secundaria (ESO) - Lyc\u00e9e Fran\u00e7ais de Madrid<\/title>\n<meta name=\"robots\" content=\"noindex, follow, max-snippet:-1, max-image-preview:large, max-video-preview:-1\" \/>\n<meta property=\"og:locale\" content=\"es_ES\" \/>\n<meta property=\"og:type\" content=\"article\" \/>\n<meta property=\"og:title\" content=\"Secundaria (ESO) - Lyc\u00e9e Fran\u00e7ais de Madrid\" \/>\n<meta property=\"og:description\" content=\"Un recorrido pluriling\u00fce\" \/>\n<meta property=\"og:url\" content=\"https:\/\/lfmadrid.net.dev2.tribu-and-co.com\/es\/secundaria-eso\/\" \/>\n<meta property=\"og:site_name\" content=\"Lyc\u00e9e Fran\u00e7ais de Madrid\" \/>\n<meta property=\"article:modified_time\" content=\"2026-04-21T09:24:09+00:00\" \/>\n<meta property=\"og:image\" content=\"https:\/\/lfmadrid.net.dev2.tribu-and-co.com\/wp-content\/uploads\/2026\/01\/college-header.jpg\" \/>\n\t<meta property=\"og:image:width\" content=\"551\" \/>\n\t<meta property=\"og:image:height\" content=\"400\" \/>\n\t<meta property=\"og:image:type\" content=\"image\/jpeg\" \/>\n<meta name=\"twitter:card\" content=\"summary_large_image\" \/>\n<meta name=\"twitter:label1\" content=\"Tiempo de lectura\" \/>\n\t<meta name=\"twitter:data1\" content=\"4 minutes\" \/>\n<script type=\"application\/ld+json\" class=\"yoast-schema-graph\">{\"@context\":\"https:\\\/\\\/schema.org\",\"@graph\":[{\"@type\":\"WebPage\",\"@id\":\"https:\\\/\\\/lfmadrid.net.dev2.tribu-and-co.com\\\/es\\\/secundaria-eso\\\/\",\"url\":\"https:\\\/\\\/lfmadrid.net.dev2.tribu-and-co.com\\\/es\\\/secundaria-eso\\\/\",\"name\":\"Secundaria (ESO) - Lyc\u00e9e Fran\u00e7ais de Madrid\",\"isPartOf\":{\"@id\":\"https:\\\/\\\/lfmadrid.net.dev2.tribu-and-co.com\\\/es\\\/#website\"},\"primaryImageOfPage\":{\"@id\":\"https:\\\/\\\/lfmadrid.net.dev2.tribu-and-co.com\\\/es\\\/secundaria-eso\\\/#primaryimage\"},\"image\":{\"@id\":\"https:\\\/\\\/lfmadrid.net.dev2.tribu-and-co.com\\\/es\\\/secundaria-eso\\\/#primaryimage\"},\"thumbnailUrl\":\"https:\\\/\\\/lfmadrid.net.dev2.tribu-and-co.com\\\/wp-content\\\/uploads\\\/2026\\\/01\\\/college-header.jpg\",\"datePublished\":\"2026-01-08T16:29:36+00:00\",\"dateModified\":\"2026-04-21T09:24:09+00:00\",\"breadcrumb\":{\"@id\":\"https:\\\/\\\/lfmadrid.net.dev2.tribu-and-co.com\\\/es\\\/secundaria-eso\\\/#breadcrumb\"},\"inLanguage\":\"es-ES\",\"potentialAction\":[{\"@type\":\"ReadAction\",\"target\":[\"https:\\\/\\\/lfmadrid.net.dev2.tribu-and-co.com\\\/es\\\/secundaria-eso\\\/\"]}]},{\"@type\":\"ImageObject\",\"inLanguage\":\"es-ES\",\"@id\":\"https:\\\/\\\/lfmadrid.net.dev2.tribu-and-co.com\\\/es\\\/secundaria-eso\\\/#primaryimage\",\"url\":\"https:\\\/\\\/lfmadrid.net.dev2.tribu-and-co.com\\\/wp-content\\\/uploads\\\/2026\\\/01\\\/college-header.jpg\",\"contentUrl\":\"https:\\\/\\\/lfmadrid.net.dev2.tribu-and-co.com\\\/wp-content\\\/uploads\\\/2026\\\/01\\\/college-header.jpg\",\"width\":551,\"height\":400},{\"@type\":\"BreadcrumbList\",\"@id\":\"https:\\\/\\\/lfmadrid.net.dev2.tribu-and-co.com\\\/es\\\/secundaria-eso\\\/#breadcrumb\",\"itemListElement\":[{\"@type\":\"ListItem\",\"position\":1,\"name\":\"Inicio\",\"item\":\"https:\\\/\\\/lfmadrid.net.dev2.tribu-and-co.com\\\/es\\\/\"},{\"@type\":\"ListItem\",\"position\":2,\"name\":\"Secundaria (ESO)\"}]},{\"@type\":\"WebSite\",\"@id\":\"https:\\\/\\\/lfmadrid.net.dev2.tribu-and-co.com\\\/es\\\/#website\",\"url\":\"https:\\\/\\\/lfmadrid.net.dev2.tribu-and-co.com\\\/es\\\/\",\"name\":\"Lyc\u00e9e Fran\u00e7ais de Madrid\",\"description\":\"\",\"publisher\":{\"@id\":\"https:\\\/\\\/lfmadrid.net.dev2.tribu-and-co.com\\\/es\\\/#organization\"},\"potentialAction\":[{\"@type\":\"SearchAction\",\"target\":{\"@type\":\"EntryPoint\",\"urlTemplate\":\"https:\\\/\\\/lfmadrid.net.dev2.tribu-and-co.com\\\/es\\\/?s={search_term_string}\"},\"query-input\":{\"@type\":\"PropertyValueSpecification\",\"valueRequired\":true,\"valueName\":\"search_term_string\"}}],\"inLanguage\":\"es-ES\"},{\"@type\":\"Organization\",\"@id\":\"https:\\\/\\\/lfmadrid.net.dev2.tribu-and-co.com\\\/es\\\/#organization\",\"name\":\"Lyc\u00e9e Fran\u00e7ais de Madrid\",\"url\":\"https:\\\/\\\/lfmadrid.net.dev2.tribu-and-co.com\\\/es\\\/\",\"logo\":{\"@type\":\"ImageObject\",\"inLanguage\":\"es-ES\",\"@id\":\"https:\\\/\\\/lfmadrid.net.dev2.tribu-and-co.com\\\/es\\\/#\\\/schema\\\/logo\\\/image\\\/\",\"url\":\"https:\\\/\\\/lfmadrid.net.dev2.tribu-and-co.com\\\/wp-content\\\/uploads\\\/2026\\\/01\\\/lfm-logo.svg\",\"contentUrl\":\"https:\\\/\\\/lfmadrid.net.dev2.tribu-and-co.com\\\/wp-content\\\/uploads\\\/2026\\\/01\\\/lfm-logo.svg\",\"width\":154,\"height\":60,\"caption\":\"Lyc\u00e9e Fran\u00e7ais de Madrid\"},\"image\":{\"@id\":\"https:\\\/\\\/lfmadrid.net.dev2.tribu-and-co.com\\\/es\\\/#\\\/schema\\\/logo\\\/image\\\/\"}}]}<\/script>\n<!-- \/ Yoast SEO plugin. -->","yoast_head_json":{"title":"Secundaria (ESO) - Lyc\u00e9e Fran\u00e7ais de Madrid","robots":{"index":"noindex","follow":"follow","max-snippet":"max-snippet:-1","max-image-preview":"max-image-preview:large","max-video-preview":"max-video-preview:-1"},"og_locale":"es_ES","og_type":"article","og_title":"Secundaria (ESO) - Lyc\u00e9e Fran\u00e7ais de Madrid","og_description":"Un recorrido pluriling\u00fce","og_url":"https:\/\/lfmadrid.net.dev2.tribu-and-co.com\/es\/secundaria-eso\/","og_site_name":"Lyc\u00e9e Fran\u00e7ais de Madrid","article_modified_time":"2026-04-21T09:24:09+00:00","og_image":[{"width":551,"height":400,"url":"https:\/\/lfmadrid.net.dev2.tribu-and-co.com\/wp-content\/uploads\/2026\/01\/college-header.jpg","type":"image\/jpeg"}],"twitter_card":"summary_large_image","twitter_misc":{"Tiempo de lectura":"4 minutes"},"schema":{"@context":"https:\/\/schema.org","@graph":[{"@type":"WebPage","@id":"https:\/\/lfmadrid.net.dev2.tribu-and-co.com\/es\/secundaria-eso\/","url":"https:\/\/lfmadrid.net.dev2.tribu-and-co.com\/es\/secundaria-eso\/","name":"Secundaria (ESO) - Lyc\u00e9e Fran\u00e7ais de Madrid","isPartOf":{"@id":"https:\/\/lfmadrid.net.dev2.tribu-and-co.com\/es\/#website"},"primaryImageOfPage":{"@id":"https:\/\/lfmadrid.net.dev2.tribu-and-co.com\/es\/secundaria-eso\/#primaryimage"},"image":{"@id":"https:\/\/lfmadrid.net.dev2.tribu-and-co.com\/es\/secundaria-eso\/#primaryimage"},"thumbnailUrl":"https:\/\/lfmadrid.net.dev2.tribu-and-co.com\/wp-content\/uploads\/2026\/01\/college-header.jpg","datePublished":"2026-01-08T16:29:36+00:00","dateModified":"2026-04-21T09:24:09+00:00","breadcrumb":{"@id":"https:\/\/lfmadrid.net.dev2.tribu-and-co.com\/es\/secundaria-eso\/#breadcrumb"},"inLanguage":"es-ES","potentialAction":[{"@type":"ReadAction","target":["https:\/\/lfmadrid.net.dev2.tribu-and-co.com\/es\/secundaria-eso\/"]}]},{"@type":"ImageObject","inLanguage":"es-ES","@id":"https:\/\/lfmadrid.net.dev2.tribu-and-co.com\/es\/secundaria-eso\/#primaryimage","url":"https:\/\/lfmadrid.net.dev2.tribu-and-co.com\/wp-content\/uploads\/2026\/01\/college-header.jpg","contentUrl":"https:\/\/lfmadrid.net.dev2.tribu-and-co.com\/wp-content\/uploads\/2026\/01\/college-header.jpg","width":551,"height":400},{"@type":"BreadcrumbList","@id":"https:\/\/lfmadrid.net.dev2.tribu-and-co.com\/es\/secundaria-eso\/#breadcrumb","itemListElement":[{"@type":"ListItem","position":1,"name":"Inicio","item":"https:\/\/lfmadrid.net.dev2.tribu-and-co.com\/es\/"},{"@type":"ListItem","position":2,"name":"Secundaria (ESO)"}]},{"@type":"WebSite","@id":"https:\/\/lfmadrid.net.dev2.tribu-and-co.com\/es\/#website","url":"https:\/\/lfmadrid.net.dev2.tribu-and-co.com\/es\/","name":"Lyc\u00e9e Fran\u00e7ais de Madrid","description":"","publisher":{"@id":"https:\/\/lfmadrid.net.dev2.tribu-and-co.com\/es\/#organization"},"potentialAction":[{"@type":"SearchAction","target":{"@type":"EntryPoint","urlTemplate":"https:\/\/lfmadrid.net.dev2.tribu-and-co.com\/es\/?s={search_term_string}"},"query-input":{"@type":"PropertyValueSpecification","valueRequired":true,"valueName":"search_term_string"}}],"inLanguage":"es-ES"},{"@type":"Organization","@id":"https:\/\/lfmadrid.net.dev2.tribu-and-co.com\/es\/#organization","name":"Lyc\u00e9e Fran\u00e7ais de Madrid","url":"https:\/\/lfmadrid.net.dev2.tribu-and-co.com\/es\/","logo":{"@type":"ImageObject","inLanguage":"es-ES","@id":"https:\/\/lfmadrid.net.dev2.tribu-and-co.com\/es\/#\/schema\/logo\/image\/","url":"https:\/\/lfmadrid.net.dev2.tribu-and-co.com\/wp-content\/uploads\/2026\/01\/lfm-logo.svg","contentUrl":"https:\/\/lfmadrid.net.dev2.tribu-and-co.com\/wp-content\/uploads\/2026\/01\/lfm-logo.svg","width":154,"height":60,"caption":"Lyc\u00e9e Fran\u00e7ais de Madrid"},"image":{"@id":"https:\/\/lfmadrid.net.dev2.tribu-and-co.com\/es\/#\/schema\/logo\/image\/"}}]}},"_links":{"self":[{"href":"https:\/\/lfmadrid.net.dev2.tribu-and-co.com\/es\/wp-json\/wp\/v2\/pages\/6004","targetHints":{"allow":["GET"]}}],"collection":[{"href":"https:\/\/lfmadrid.net.dev2.tribu-and-co.com\/es\/wp-json\/wp\/v2\/pages"}],"about":[{"href":"https:\/\/lfmadrid.net.dev2.tribu-and-co.com\/es\/wp-json\/wp\/v2\/types\/page"}],"author":[{"embeddable":true,"href":"https:\/\/lfmadrid.net.dev2.tribu-and-co.com\/es\/wp-json\/wp\/v2\/users\/1"}],"replies":[{"embeddable":true,"href":"https:\/\/lfmadrid.net.dev2.tribu-and-co.com\/es\/wp-json\/wp\/v2\/comments?post=6004"}],"version-history":[{"count":15,"href":"https:\/\/lfmadrid.net.dev2.tribu-and-co.com\/es\/wp-json\/wp\/v2\/pages\/6004\/revisions"}],"predecessor-version":[{"id":8400,"href":"https:\/\/lfmadrid.net.dev2.tribu-and-co.com\/es\/wp-json\/wp\/v2\/pages\/6004\/revisions\/8400"}],"wp:featuredmedia":[{"embeddable":true,"href":"https:\/\/lfmadrid.net.dev2.tribu-and-co.com\/es\/wp-json\/wp\/v2\/media\/2306"}],"wp:attachment":[{"href":"https:\/\/lfmadrid.net.dev2.tribu-and-co.com\/es\/wp-json\/wp\/v2\/media?parent=6004"}],"wp:term":[{"taxonomy":"school_type","embeddable":true,"href":"https:\/\/lfmadrid.net.dev2.tribu-and-co.com\/es\/wp-json\/wp\/v2\/school_type?post=6004"}],"curies":[{"name":"wp","href":"https:\/\/api.w.org\/{rel}","templated":true}]}}