
{"id":5999,"date":"2026-01-08T17:23:10","date_gmt":"2026-01-08T16:23:10","guid":{"rendered":"http:\/\/lfmadrid.net.dev2.tribu-and-co.com\/primaria\/"},"modified":"2026-04-15T12:07:36","modified_gmt":"2026-04-15T10:07:36","slug":"primaria","status":"publish","type":"page","link":"http:\/\/lfmadrid.net.dev2.tribu-and-co.com\/es\/primaria\/","title":{"rendered":"Primaria"},"content":{"rendered":"<div class=\"container\">\n\t<div class=\"page-head wp-block-tribu-blocks-page-head\">\n\n\t\t<div class=\"page-head__content\">\n\t\t\t\t\t\t\t<h1 class=\"page-head__title has-fs-h-2-font-size fw-700\">Primaria<\/h1>\n\t\t\t\n\t\t\t\t\t\t\t<div class=\"page-head__subtitle\">La escuela primaria del Liceo Franc\u00e9s de Madrid<\/div>\n\t\t\t\t\t<\/div>\n\n\t\t\t\t\t<div class=\"page-head__images-wrapper\">\n\t\t\t\t<div class=\"page-head__image\">\n\t\t\t\t\t<img decoding=\"async\" width=\"550\" height=\"400\" src=\"http:\/\/lfmadrid.net.dev2.tribu-and-co.com\/wp-content\/uploads\/2026\/02\/Conde-elementaire2-550x400.webp\" class=\"page-head__featured-image wp-post-image\" alt=\"\" \/>\t\t\t\t<\/div>\n\t\t\t\t<img \n\t\t\t\t\tclass=\"page-head__decorative-image\" \n\t\t\t\t\tsrc=http:\/\/lfmadrid.net.dev2.tribu-and-co.com\/wp-content\/plugins\/tribu-blocks\/build\/page-head\/svg\/pattern.88da4312.svg\t\t\t\t\talt=\"\"\n\t\t\t\t\/>\n\t\t\t<\/div>\n\t\t\t\t\n\t\t\t\t<\/div>\n<\/div>\n<div style=\"margin-top:var(--wp--preset--spacing--9);margin-bottom:var(--wp--preset--spacing--9);\" class=\"container container--sm alignfull wp-block-tribu-blocks-container\">\n\t\n\n<div class=\"wp-block-columns are-vertically-aligned-center wp-block-columns--55-45 is-layout-flex wp-container-core-columns-is-layout-b0870b77 wp-block-columns-is-layout-flex\" style=\"margin-top:0;margin-bottom:0\">\n<div class=\"wp-block-column is-vertically-aligned-center col-55 is-layout-flow wp-block-column-is-layout-flow\">\n<h2 class=\"wp-block-heading has-text-align-left has-fs-h-2-font-size without-stripes\">Un entorno estructurado para aprender y crecer<\/h2>\n\n\n\n<p>En la escuela primaria, los alumnos adquieren los <strong>fundamentos esenciales de su aprendizaje<\/strong> en un entorno estructurado, progresivo y acogedor. Esta etapa clave de la escolaridad tiene como objetivo consolidar los conocimientos fundamentales, al tiempo que desarrolla la curiosidad, el placer de aprender y el desarrollo personal de cada ni\u00f1o. <\/p>\n\n\n\n<p>El colegio valora la diversidad de aptitudes y talentos. Junto al razonamiento y la reflexi\u00f3n intelectual, se fomenta el sentido de la observaci\u00f3n, el esp\u00edritu de experimentaci\u00f3n, la sensibilidad art\u00edstica, las capacidades motrices y la imaginaci\u00f3n creativa. <\/p>\n<\/div>\n\n\n\n<div class=\"wp-block-column is-vertically-aligned-center col-45 is-layout-flow wp-block-column-is-layout-flow\">\n<figure class=\"wp-block-image size-full\"><img decoding=\"async\" width=\"840\" height=\"593\" src=\"http:\/\/lfmadrid.net.dev2.tribu-and-co.com\/wp-content\/uploads\/2026\/02\/elementaire_06.png\" alt=\"\" class=\"wp-image-5163\" srcset=\"http:\/\/lfmadrid.net.dev2.tribu-and-co.com\/wp-content\/uploads\/2026\/02\/elementaire_06.png 840w, http:\/\/lfmadrid.net.dev2.tribu-and-co.com\/wp-content\/uploads\/2026\/02\/elementaire_06-300x212.png 300w, http:\/\/lfmadrid.net.dev2.tribu-and-co.com\/wp-content\/uploads\/2026\/02\/elementaire_06-768x542.png 768w, http:\/\/lfmadrid.net.dev2.tribu-and-co.com\/wp-content\/uploads\/2026\/02\/elementaire_06-600x424.png 600w\" sizes=\"(max-width: 840px) 100vw, 840px\" \/><\/figure>\n<\/div>\n<\/div>\n\n<\/div>\n<div style=\"margin-top:var(--wp--preset--spacing--7);margin-bottom:var(--wp--preset--spacing--7);\" class=\"container container--sm alignfull wp-block-tribu-blocks-container\">\n\t\n\n<div class=\"wp-block-group has-primaire-1-color has-tertiaire-1-background-color has-text-color has-background has-link-color wp-elements-f30cb3d4cb07fbde8b9150787576c259 is-layout-constrained wp-container-core-group-is-layout-3131ec1f wp-block-group-is-layout-constrained\" style=\"border-radius:16px;padding-top:var(--wp--preset--spacing--10);padding-right:var(--wp--preset--spacing--11);padding-bottom:var(--wp--preset--spacing--10);padding-left:var(--wp--preset--spacing--11)\">\n<h2 class=\"wp-block-heading has-fs-h-2-font-size\">Ense\u00f1anzas ricas y equilibradas<\/h2>\n\n\n\n<p>Los programas nacionales franceses definen los conocimientos y competencias que se deben alcanzar e indican los objetivos anuales para organizar la progresi\u00f3n del aprendizaje en cada \u00e1rea:<\/p>\n\n\n\n<ul class=\"wp-block-list\">\n<li><strong>El dominio del lenguaje y de las lenguas francesa, espa\u00f1ola e inglesa<\/strong>: expresi\u00f3n oral, lectura, escritura, literatura y estudio de la lengua (gram\u00e1tica, ortograf\u00eda, vocabulario y conjugaci\u00f3n);<\/li>\n\n\n\n<li><strong>Educaci\u00f3n humana<\/strong>: convivencia, historia y geograf\u00eda;<\/li>\n\n\n\n<li><strong>Educaci\u00f3n cient\u00edfica<\/strong>: matem\u00e1ticas, ciencias experimentales, tecnolog\u00eda e inform\u00e1tica;<\/li>\n\n\n\n<li><strong>Educaci\u00f3n f\u00edsica y deportiva<\/strong>;<\/li>\n\n\n\n<li><strong>Educaci\u00f3n art\u00edstica<\/strong>: educaci\u00f3n musical y artes visuales;<\/li>\n\n\n\n<li><strong>Educaci\u00f3n c\u00edvica y convivencia<\/strong>.<\/li>\n<\/ul>\n\n\n\n<p>La ense\u00f1anza es impartida por <strong>maestros de primaria franceses<\/strong> (professeurs des \u00e9coles), acompa\u00f1ados por <strong>profesores nativos en espa\u00f1ol y en ingl\u00e9s<\/strong>, garantizando un aprendizaje ling\u00fc\u00edstico de calidad.<\/p>\n<\/div>\n\n<\/div>\n<div style=\"margin-top:var(--wp--preset--spacing--9);margin-bottom:var(--wp--preset--spacing--9);\" class=\"container container--sm alignfull wp-block-tribu-blocks-container\">\n\t\n\n<div class=\"wp-block-columns are-vertically-aligned-center wp-block-columns--55-45 is-layout-flex wp-container-core-columns-is-layout-b0870b77 wp-block-columns-is-layout-flex\" style=\"margin-top:0;margin-bottom:0\">\n<div class=\"wp-block-column is-vertically-aligned-center col-55 is-layout-flow wp-block-column-is-layout-flow\">\n<h2 class=\"wp-block-heading has-fs-h-2-font-size\">Los niveles de la escuela primaria<\/h2>\n\n\n\n<p>La escuela primaria acoge a ni\u00f1os <strong>a partir de los 6 a\u00f1os<\/strong> y comprende cinco niveles:<\/p>\n\n\n\n<ul class=\"wp-block-list\">\n<li><strong>CP (6 a\u00f1os)<\/strong> \u2013 Cours pr\u00e9paratoire (1.\u00ba de Primaria)<\/li>\n\n\n\n<li><strong>CE1 (7 a\u00f1os)<\/strong> \u2013 Cours \u00e9l\u00e9mentaire 1re ann\u00e9e (2.\u00ba de Primaria)<\/li>\n\n\n\n<li><strong>CE2 (8 a\u00f1os)<\/strong> \u2013 Cours \u00e9l\u00e9mentaire 2e ann\u00e9e (3.er de Primaria)<\/li>\n\n\n\n<li><strong>CM1 (9 a\u00f1os)<\/strong> \u2013 Cours moyen 1re ann\u00e9e (4.\u00ba de Primaria)<\/li>\n\n\n\n<li><strong>CM2 (10 a\u00f1os)<\/strong> \u2013 Cours moyen 2e ann\u00e9e (5.\u00ba de Primaria)<\/li>\n<\/ul>\n<\/div>\n\n\n\n<div class=\"wp-block-column is-vertically-aligned-center col-45 is-layout-flow wp-block-column-is-layout-flow\">\n<figure class=\"wp-block-image size-full\"><img decoding=\"async\" width=\"536\" height=\"419\" src=\"http:\/\/lfmadrid.net.dev2.tribu-and-co.com\/wp-content\/uploads\/2026\/02\/elementaire_07.png\" alt=\"\" class=\"wp-image-5177\" srcset=\"http:\/\/lfmadrid.net.dev2.tribu-and-co.com\/wp-content\/uploads\/2026\/02\/elementaire_07.png 536w, http:\/\/lfmadrid.net.dev2.tribu-and-co.com\/wp-content\/uploads\/2026\/02\/elementaire_07-300x235.png 300w\" sizes=\"(max-width: 536px) 100vw, 536px\" \/><\/figure>\n<\/div>\n<\/div>\n\n<\/div>\n<div style=\"margin-top:var(--wp--preset--spacing--7);margin-bottom:var(--wp--preset--spacing--7);\" class=\"container container--md alignfull wp-block-tribu-blocks-container\">\n\t\n\n<div class=\"wp-block-group has-blanc-color has-primaire-1-background-color has-text-color has-background has-link-color wp-elements-4f1597d8a749ceadcb0f2a0c69647d27 is-layout-constrained wp-container-core-group-is-layout-deb340ff wp-block-group-is-layout-constrained\" style=\"border-width:1px;border-radius:16px;padding-top:var(--wp--preset--spacing--11);padding-right:var(--wp--preset--spacing--7);padding-bottom:var(--wp--preset--spacing--11);padding-left:var(--wp--preset--spacing--7)\">\n<div class=\"wp-block-columns are-vertically-aligned-center wp-block-columns--45-55 is-layout-flex wp-container-core-columns-is-layout-e787baa5 wp-block-columns-is-layout-flex\">\n<div class=\"wp-block-column is-vertically-aligned-center col-45 is-layout-flow wp-block-column-is-layout-flow\">\n<figure class=\"wp-block-image size-full\"><img decoding=\"async\" width=\"1101\" height=\"702\" src=\"http:\/\/lfmadrid.net.dev2.tribu-and-co.com\/wp-content\/uploads\/2026\/03\/Reussite-sco.webp\" alt=\"\" class=\"wp-image-6925\" srcset=\"http:\/\/lfmadrid.net.dev2.tribu-and-co.com\/wp-content\/uploads\/2026\/03\/Reussite-sco.webp 1101w, http:\/\/lfmadrid.net.dev2.tribu-and-co.com\/wp-content\/uploads\/2026\/03\/Reussite-sco-300x191.webp 300w, http:\/\/lfmadrid.net.dev2.tribu-and-co.com\/wp-content\/uploads\/2026\/03\/Reussite-sco-1024x653.webp 1024w, http:\/\/lfmadrid.net.dev2.tribu-and-co.com\/wp-content\/uploads\/2026\/03\/Reussite-sco-768x490.webp 768w, http:\/\/lfmadrid.net.dev2.tribu-and-co.com\/wp-content\/uploads\/2026\/03\/Reussite-sco-600x383.webp 600w\" sizes=\"(max-width: 1101px) 100vw, 1101px\" \/><\/figure>\n<\/div>\n\n\n\n<div class=\"wp-block-column is-vertically-aligned-center col-55 is-layout-flow wp-block-column-is-layout-flow\">\n<h2 class=\"wp-block-heading has-fs-h-2-font-size\">Acompa\u00f1ar a cada alumno hacia el \u00e9xito<\/h2>\n\n\n\n<p>Los equipos pedag\u00f3gicos prestan especial atenci\u00f3n al <strong>acompa\u00f1amiento de todos los alumnos<\/strong>, ofreciendo apoyo personalizado cuando es necesario para favorecer el \u00e9xito escolar de cada uno.<\/p>\n\n\n\n<p>Las <strong>evaluaciones peri\u00f3dicas<\/strong> permiten seguir los logros de los alumnos y validar progresivamente el dominio de la base com\u00fan de conocimientos y competencias. Las familias est\u00e1n informadas a trav\u00e9s del <strong>bolet\u00edn escolar electr\u00f3nico<\/strong> (livret scolaire), una herramienta esencial de di\u00e1logo y seguimiento. <\/p>\n\n\n\n<p>Se organizan reuniones informativas al inicio del curso y a lo largo del a\u00f1o, bajo diferentes modalidades, con el fin de reforzar el v\u00ednculo entre la escuela y las familias.<\/p>\n<\/div>\n<\/div>\n<\/div>\n\n<\/div>\n<div style=\"margin-top:var(--wp--preset--spacing--9);margin-bottom:var(--wp--preset--spacing--9);\" class=\"container container--sm alignfull wp-block-tribu-blocks-container\">\n\t\n\n<h2 class=\"wp-block-heading has-fs-h-2-font-size\">Proyectos pedag\u00f3gicos para aprender de otra manera<\/h2>\n\n\n\n<div class=\"wp-block-columns are-vertically-aligned-center wp-block-columns--55-45 is-layout-flex wp-container-core-columns-is-layout-b0870b77 wp-block-columns-is-layout-flex\" style=\"margin-top:0;margin-bottom:0\">\n<div class=\"wp-block-column is-vertically-aligned-center col-55 is-layout-flow wp-block-column-is-layout-flow\">\n<p>A lo largo del a\u00f1o, los alumnos participan en numerosos <strong>proyectos pedag\u00f3gicos<\/strong>:<\/p>\n\n\n\n<ul class=\"wp-block-list\">\n<li>Retos matem\u00e1ticos y cient\u00edficos<\/li>\n\n\n\n<li>Concursos y proyectos en torno a la lengua francesa y la lectura<\/li>\n\n\n\n<li>Inmersi\u00f3n en las culturas hispanohablante y anglosajona (proyectos biling\u00fces, tradiciones&#8230;)<\/li>\n\n\n\n<li>Encuentros con autores de literatura infantil y juvenil, artistas e ilustradores&#8230;<\/li>\n\n\n\n<li>Participaci\u00f3n en eventos solidarios<\/li>\n\n\n\n<li>Torneos deportivos<\/li>\n\n\n\n<li>Salidas pedag\u00f3gicas<\/li>\n\n\n\n<li>Estancias tem\u00e1ticas (viajes escolares)<\/li>\n<\/ul>\n\n\n\n<p>Estos proyectos contribuyen a dar sentido al aprendizaje y a <strong>hacer del colegio un lugar de apertura, descubrimiento y construcci\u00f3n colectiva<\/strong>.<\/p>\n<\/div>\n\n\n\n<div class=\"wp-block-column is-vertically-aligned-center col-45 is-layout-flow wp-block-column-is-layout-flow\">\n<figure class=\"wp-block-image size-full\"><img decoding=\"async\" width=\"786\" height=\"834\" src=\"http:\/\/lfmadrid.net.dev2.tribu-and-co.com\/wp-content\/uploads\/2026\/02\/Frame-9.png\" alt=\"\" class=\"wp-image-5173\" srcset=\"http:\/\/lfmadrid.net.dev2.tribu-and-co.com\/wp-content\/uploads\/2026\/02\/Frame-9.png 786w, http:\/\/lfmadrid.net.dev2.tribu-and-co.com\/wp-content\/uploads\/2026\/02\/Frame-9-283x300.png 283w, http:\/\/lfmadrid.net.dev2.tribu-and-co.com\/wp-content\/uploads\/2026\/02\/Frame-9-768x815.png 768w, http:\/\/lfmadrid.net.dev2.tribu-and-co.com\/wp-content\/uploads\/2026\/02\/Frame-9-600x637.png 600w\" sizes=\"(max-width: 786px) 100vw, 786px\" \/><\/figure>\n<\/div>\n<\/div>\n\n<\/div>\n<div class=\"container container--sm alignfull wp-block-tribu-blocks-container\">\n\t<\/div>\n","protected":false},"excerpt":{"rendered":"","protected":false},"author":1,"featured_media":5130,"parent":0,"menu_order":0,"comment_status":"closed","ping_status":"closed","template":"","meta":{"_acf_changed":false,"footnotes":""},"school_type":[64,63],"class_list":["post-5999","page","type-page","status-publish","has-post-thumbnail","hentry"],"acf":[],"yoast_head":"<!-- This site is optimized with the Yoast SEO plugin v27.4 - https:\/\/yoast.com\/product\/yoast-seo-wordpress\/ -->\n<title>Primaria - Lyc\u00e9e Fran\u00e7ais de Madrid<\/title>\n<meta name=\"robots\" content=\"noindex, follow, max-snippet:-1, max-image-preview:large, max-video-preview:-1\" \/>\n<meta property=\"og:locale\" content=\"es_ES\" \/>\n<meta property=\"og:type\" content=\"article\" \/>\n<meta property=\"og:title\" content=\"Primaria - Lyc\u00e9e Fran\u00e7ais de Madrid\" \/>\n<meta property=\"og:url\" content=\"http:\/\/lfmadrid.net.dev2.tribu-and-co.com\/es\/primaria\/\" \/>\n<meta property=\"og:site_name\" content=\"Lyc\u00e9e Fran\u00e7ais de Madrid\" \/>\n<meta property=\"article:modified_time\" content=\"2026-04-15T10:07:36+00:00\" \/>\n<meta property=\"og:image\" content=\"http:\/\/lfmadrid.net.dev2.tribu-and-co.com\/wp-content\/uploads\/2026\/02\/Conde-elementaire2.webp\" \/>\n\t<meta property=\"og:image:width\" content=\"1100\" \/>\n\t<meta property=\"og:image:height\" content=\"733\" \/>\n\t<meta property=\"og:image:type\" content=\"image\/webp\" \/>\n<meta name=\"twitter:card\" content=\"summary_large_image\" \/>\n<meta name=\"twitter:label1\" content=\"Tiempo de lectura\" \/>\n\t<meta name=\"twitter:data1\" content=\"3 minutes\" \/>\n<script type=\"application\/ld+json\" class=\"yoast-schema-graph\">{\"@context\":\"https:\\\/\\\/schema.org\",\"@graph\":[{\"@type\":\"WebPage\",\"@id\":\"http:\\\/\\\/lfmadrid.net.dev2.tribu-and-co.com\\\/es\\\/primaria\\\/\",\"url\":\"http:\\\/\\\/lfmadrid.net.dev2.tribu-and-co.com\\\/es\\\/primaria\\\/\",\"name\":\"Primaria - Lyc\u00e9e Fran\u00e7ais de Madrid\",\"isPartOf\":{\"@id\":\"http:\\\/\\\/lfmadrid.net.dev2.tribu-and-co.com\\\/es\\\/#website\"},\"primaryImageOfPage\":{\"@id\":\"http:\\\/\\\/lfmadrid.net.dev2.tribu-and-co.com\\\/es\\\/primaria\\\/#primaryimage\"},\"image\":{\"@id\":\"http:\\\/\\\/lfmadrid.net.dev2.tribu-and-co.com\\\/es\\\/primaria\\\/#primaryimage\"},\"thumbnailUrl\":\"http:\\\/\\\/lfmadrid.net.dev2.tribu-and-co.com\\\/wp-content\\\/uploads\\\/2026\\\/02\\\/Conde-elementaire2.webp\",\"datePublished\":\"2026-01-08T16:23:10+00:00\",\"dateModified\":\"2026-04-15T10:07:36+00:00\",\"breadcrumb\":{\"@id\":\"http:\\\/\\\/lfmadrid.net.dev2.tribu-and-co.com\\\/es\\\/primaria\\\/#breadcrumb\"},\"inLanguage\":\"es-ES\",\"potentialAction\":[{\"@type\":\"ReadAction\",\"target\":[\"http:\\\/\\\/lfmadrid.net.dev2.tribu-and-co.com\\\/es\\\/primaria\\\/\"]}]},{\"@type\":\"ImageObject\",\"inLanguage\":\"es-ES\",\"@id\":\"http:\\\/\\\/lfmadrid.net.dev2.tribu-and-co.com\\\/es\\\/primaria\\\/#primaryimage\",\"url\":\"http:\\\/\\\/lfmadrid.net.dev2.tribu-and-co.com\\\/wp-content\\\/uploads\\\/2026\\\/02\\\/Conde-elementaire2.webp\",\"contentUrl\":\"http:\\\/\\\/lfmadrid.net.dev2.tribu-and-co.com\\\/wp-content\\\/uploads\\\/2026\\\/02\\\/Conde-elementaire2.webp\",\"width\":1100,\"height\":733},{\"@type\":\"BreadcrumbList\",\"@id\":\"http:\\\/\\\/lfmadrid.net.dev2.tribu-and-co.com\\\/es\\\/primaria\\\/#breadcrumb\",\"itemListElement\":[{\"@type\":\"ListItem\",\"position\":1,\"name\":\"Inicio\",\"item\":\"http:\\\/\\\/lfmadrid.net.dev2.tribu-and-co.com\\\/es\\\/\"},{\"@type\":\"ListItem\",\"position\":2,\"name\":\"Primaria\"}]},{\"@type\":\"WebSite\",\"@id\":\"http:\\\/\\\/lfmadrid.net.dev2.tribu-and-co.com\\\/es\\\/#website\",\"url\":\"http:\\\/\\\/lfmadrid.net.dev2.tribu-and-co.com\\\/es\\\/\",\"name\":\"Lyc\u00e9e Fran\u00e7ais de Madrid\",\"description\":\"\",\"publisher\":{\"@id\":\"http:\\\/\\\/lfmadrid.net.dev2.tribu-and-co.com\\\/es\\\/#organization\"},\"potentialAction\":[{\"@type\":\"SearchAction\",\"target\":{\"@type\":\"EntryPoint\",\"urlTemplate\":\"http:\\\/\\\/lfmadrid.net.dev2.tribu-and-co.com\\\/es\\\/?s={search_term_string}\"},\"query-input\":{\"@type\":\"PropertyValueSpecification\",\"valueRequired\":true,\"valueName\":\"search_term_string\"}}],\"inLanguage\":\"es-ES\"},{\"@type\":\"Organization\",\"@id\":\"http:\\\/\\\/lfmadrid.net.dev2.tribu-and-co.com\\\/es\\\/#organization\",\"name\":\"Lyc\u00e9e Fran\u00e7ais de Madrid\",\"url\":\"http:\\\/\\\/lfmadrid.net.dev2.tribu-and-co.com\\\/es\\\/\",\"logo\":{\"@type\":\"ImageObject\",\"inLanguage\":\"es-ES\",\"@id\":\"http:\\\/\\\/lfmadrid.net.dev2.tribu-and-co.com\\\/es\\\/#\\\/schema\\\/logo\\\/image\\\/\",\"url\":\"http:\\\/\\\/lfmadrid.net.dev2.tribu-and-co.com\\\/wp-content\\\/uploads\\\/2026\\\/01\\\/lfm-logo.svg\",\"contentUrl\":\"http:\\\/\\\/lfmadrid.net.dev2.tribu-and-co.com\\\/wp-content\\\/uploads\\\/2026\\\/01\\\/lfm-logo.svg\",\"width\":154,\"height\":60,\"caption\":\"Lyc\u00e9e Fran\u00e7ais de Madrid\"},\"image\":{\"@id\":\"http:\\\/\\\/lfmadrid.net.dev2.tribu-and-co.com\\\/es\\\/#\\\/schema\\\/logo\\\/image\\\/\"}}]}<\/script>\n<!-- \/ Yoast SEO plugin. -->","yoast_head_json":{"title":"Primaria - Lyc\u00e9e Fran\u00e7ais de Madrid","robots":{"index":"noindex","follow":"follow","max-snippet":"max-snippet:-1","max-image-preview":"max-image-preview:large","max-video-preview":"max-video-preview:-1"},"og_locale":"es_ES","og_type":"article","og_title":"Primaria - Lyc\u00e9e Fran\u00e7ais de Madrid","og_url":"http:\/\/lfmadrid.net.dev2.tribu-and-co.com\/es\/primaria\/","og_site_name":"Lyc\u00e9e Fran\u00e7ais de Madrid","article_modified_time":"2026-04-15T10:07:36+00:00","og_image":[{"width":1100,"height":733,"url":"http:\/\/lfmadrid.net.dev2.tribu-and-co.com\/wp-content\/uploads\/2026\/02\/Conde-elementaire2.webp","type":"image\/webp"}],"twitter_card":"summary_large_image","twitter_misc":{"Tiempo de lectura":"3 minutes"},"schema":{"@context":"https:\/\/schema.org","@graph":[{"@type":"WebPage","@id":"http:\/\/lfmadrid.net.dev2.tribu-and-co.com\/es\/primaria\/","url":"http:\/\/lfmadrid.net.dev2.tribu-and-co.com\/es\/primaria\/","name":"Primaria - Lyc\u00e9e Fran\u00e7ais de Madrid","isPartOf":{"@id":"http:\/\/lfmadrid.net.dev2.tribu-and-co.com\/es\/#website"},"primaryImageOfPage":{"@id":"http:\/\/lfmadrid.net.dev2.tribu-and-co.com\/es\/primaria\/#primaryimage"},"image":{"@id":"http:\/\/lfmadrid.net.dev2.tribu-and-co.com\/es\/primaria\/#primaryimage"},"thumbnailUrl":"http:\/\/lfmadrid.net.dev2.tribu-and-co.com\/wp-content\/uploads\/2026\/02\/Conde-elementaire2.webp","datePublished":"2026-01-08T16:23:10+00:00","dateModified":"2026-04-15T10:07:36+00:00","breadcrumb":{"@id":"http:\/\/lfmadrid.net.dev2.tribu-and-co.com\/es\/primaria\/#breadcrumb"},"inLanguage":"es-ES","potentialAction":[{"@type":"ReadAction","target":["http:\/\/lfmadrid.net.dev2.tribu-and-co.com\/es\/primaria\/"]}]},{"@type":"ImageObject","inLanguage":"es-ES","@id":"http:\/\/lfmadrid.net.dev2.tribu-and-co.com\/es\/primaria\/#primaryimage","url":"http:\/\/lfmadrid.net.dev2.tribu-and-co.com\/wp-content\/uploads\/2026\/02\/Conde-elementaire2.webp","contentUrl":"http:\/\/lfmadrid.net.dev2.tribu-and-co.com\/wp-content\/uploads\/2026\/02\/Conde-elementaire2.webp","width":1100,"height":733},{"@type":"BreadcrumbList","@id":"http:\/\/lfmadrid.net.dev2.tribu-and-co.com\/es\/primaria\/#breadcrumb","itemListElement":[{"@type":"ListItem","position":1,"name":"Inicio","item":"http:\/\/lfmadrid.net.dev2.tribu-and-co.com\/es\/"},{"@type":"ListItem","position":2,"name":"Primaria"}]},{"@type":"WebSite","@id":"http:\/\/lfmadrid.net.dev2.tribu-and-co.com\/es\/#website","url":"http:\/\/lfmadrid.net.dev2.tribu-and-co.com\/es\/","name":"Lyc\u00e9e Fran\u00e7ais de Madrid","description":"","publisher":{"@id":"http:\/\/lfmadrid.net.dev2.tribu-and-co.com\/es\/#organization"},"potentialAction":[{"@type":"SearchAction","target":{"@type":"EntryPoint","urlTemplate":"http:\/\/lfmadrid.net.dev2.tribu-and-co.com\/es\/?s={search_term_string}"},"query-input":{"@type":"PropertyValueSpecification","valueRequired":true,"valueName":"search_term_string"}}],"inLanguage":"es-ES"},{"@type":"Organization","@id":"http:\/\/lfmadrid.net.dev2.tribu-and-co.com\/es\/#organization","name":"Lyc\u00e9e Fran\u00e7ais de Madrid","url":"http:\/\/lfmadrid.net.dev2.tribu-and-co.com\/es\/","logo":{"@type":"ImageObject","inLanguage":"es-ES","@id":"http:\/\/lfmadrid.net.dev2.tribu-and-co.com\/es\/#\/schema\/logo\/image\/","url":"http:\/\/lfmadrid.net.dev2.tribu-and-co.com\/wp-content\/uploads\/2026\/01\/lfm-logo.svg","contentUrl":"http:\/\/lfmadrid.net.dev2.tribu-and-co.com\/wp-content\/uploads\/2026\/01\/lfm-logo.svg","width":154,"height":60,"caption":"Lyc\u00e9e Fran\u00e7ais de Madrid"},"image":{"@id":"http:\/\/lfmadrid.net.dev2.tribu-and-co.com\/es\/#\/schema\/logo\/image\/"}}]}},"_links":{"self":[{"href":"http:\/\/lfmadrid.net.dev2.tribu-and-co.com\/es\/wp-json\/wp\/v2\/pages\/5999","targetHints":{"allow":["GET"]}}],"collection":[{"href":"http:\/\/lfmadrid.net.dev2.tribu-and-co.com\/es\/wp-json\/wp\/v2\/pages"}],"about":[{"href":"http:\/\/lfmadrid.net.dev2.tribu-and-co.com\/es\/wp-json\/wp\/v2\/types\/page"}],"author":[{"embeddable":true,"href":"http:\/\/lfmadrid.net.dev2.tribu-and-co.com\/es\/wp-json\/wp\/v2\/users\/1"}],"replies":[{"embeddable":true,"href":"http:\/\/lfmadrid.net.dev2.tribu-and-co.com\/es\/wp-json\/wp\/v2\/comments?post=5999"}],"version-history":[{"count":4,"href":"http:\/\/lfmadrid.net.dev2.tribu-and-co.com\/es\/wp-json\/wp\/v2\/pages\/5999\/revisions"}],"predecessor-version":[{"id":8091,"href":"http:\/\/lfmadrid.net.dev2.tribu-and-co.com\/es\/wp-json\/wp\/v2\/pages\/5999\/revisions\/8091"}],"wp:featuredmedia":[{"embeddable":true,"href":"http:\/\/lfmadrid.net.dev2.tribu-and-co.com\/es\/wp-json\/wp\/v2\/media\/5130"}],"wp:attachment":[{"href":"http:\/\/lfmadrid.net.dev2.tribu-and-co.com\/es\/wp-json\/wp\/v2\/media?parent=5999"}],"wp:term":[{"taxonomy":"school_type","embeddable":true,"href":"http:\/\/lfmadrid.net.dev2.tribu-and-co.com\/es\/wp-json\/wp\/v2\/school_type?post=5999"}],"curies":[{"name":"wp","href":"https:\/\/api.w.org\/{rel}","templated":true}]}}