
{"id":5985,"date":"2026-01-08T17:12:02","date_gmt":"2026-01-08T16:12:02","guid":{"rendered":"http:\/\/lfmadrid.net.dev2.tribu-and-co.com\/la-escuela-infantil-en-conde-de-orgaz\/"},"modified":"2026-04-19T15:56:44","modified_gmt":"2026-04-19T13:56:44","slug":"la-escuela-infantil-en-conde-de-orgaz","status":"publish","type":"page","link":"http:\/\/lfmadrid.net.dev2.tribu-and-co.com\/es\/infantil\/la-escuela-infantil-en-conde-de-orgaz\/","title":{"rendered":"La escuela infantil <br>en Conde de Orgaz"},"content":{"rendered":"<div class=\"container\">\n\t<div class=\"page-head wp-block-tribu-blocks-page-head\">\n\n\t\t<div class=\"page-head__content\">\n\t\t\t\t\t\t\t<h1 class=\"page-head__title has-fs-h-2-font-size fw-700\">La escuela infantil <br>en Conde de Orgaz<\/h1>\n\t\t\t\n\t\t\t\t\t\t\t<div class=\"page-head__subtitle\">Informaci\u00f3n pr\u00e1ctica y horarios<\/div>\n\t\t\t\t\t<\/div>\n\n\t\t\t\t\t<div class=\"page-head__images-wrapper\">\n\t\t\t\t<div class=\"page-head__image\">\n\t\t\t\t\t<img decoding=\"async\" width=\"550\" height=\"400\" src=\"http:\/\/lfmadrid.net.dev2.tribu-and-co.com\/wp-content\/uploads\/2026\/03\/hall-maternelle-550x400.png\" class=\"page-head__featured-image wp-post-image\" alt=\"\" \/>\t\t\t\t<\/div>\n\t\t\t\t<img \n\t\t\t\t\tclass=\"page-head__decorative-image\" \n\t\t\t\t\tsrc=http:\/\/lfmadrid.net.dev2.tribu-and-co.com\/wp-content\/plugins\/tribu-blocks\/build\/page-head\/svg\/pattern.88da4312.svg\t\t\t\t\talt=\"\"\n\t\t\t\t\/>\n\t\t\t<\/div>\n\t\t\t\t\n\t\t\t\t<\/div>\n<\/div>\n\n<div class=\"wp-block-buttons wp-block-buttons--list is-horizontal is-content-justification-center is-layout-flex wp-container-core-buttons-is-layout-6bd4d9d1 wp-block-buttons-is-layout-flex\">\n<div class=\"wp-block-button btn btn--secondary\"><a class=\"wp-block-button__link wp-element-button\" href=\"http:\/\/lfmadrid.net.dev2.tribu-and-co.com\/es\/infantil\/la-escuela-infantilen-la-moraleja\/\">La Moraleja<\/a><\/div>\n\n\n\n<div class=\"wp-block-button btn btn--primary custom-button custom-button--default custom-button--primary\"><a class=\"wp-block-button__link wp-element-button\" href=\"http:\/\/lfmadrid.net.dev2.tribu-and-co.com\/es\/infantil\/la-escuela-infantil-en-conde-de-orgaz\/\">Conde de Orgaz<\/a><\/div>\n<\/div>\n<div style=\"margin-top:var(--wp--preset--spacing--8);margin-bottom:var(--wp--preset--spacing--8);\" class=\"container container--md alignfull wp-block-tribu-blocks-container\">\n\t\n\n<h2 class=\"wp-block-heading has-secondary-font-family has-fs-h-2-font-size\">Una jornada en la escuela infantil en Conde de Orgaz<\/h2>\n\n\n\n<div class=\"wp-block-group is-layout-grid wp-container-core-group-is-layout-b757edec wp-block-group-is-layout-grid\">\n<div class=\"wp-block-group is-layout-constrained wp-block-group-is-layout-constrained\">\n<h3 class=\"wp-block-heading\">\u23f1\ufe0f Horarios de la jornada escolar:<\/h3>\n\n\n\n<p><strong>Lunes, martes, jueves y viernes<\/strong><\/p>\n\n\n\n<p>9:00 &#8211; 12:15\/12:30*: clase<\/p>\n\n\n\n<p>12:15\/12:30 &#8211; 14:00*: comida y, a continuaci\u00f3n, siesta o descanso<\/p>\n\n\n\n<p>14:00 &#8211; 16:00: clase<\/p>\n\n\n\n<p><strong>Mi\u00e9rcoles<\/strong><\/p>\n\n\n\n<p>9:00 &#8211; 13:00: clase<\/p>\n\n\n\n<p>*El horario exacto depende del nivel de clase.<\/p>\n<\/div>\n\n\n\n<div class=\"wp-block-group is-layout-constrained wp-block-group-is-layout-constrained\">\n<h3 class=\"wp-block-heading\">\u23f1\ufe0f Acogida fuera del horario escolar (opcional)<\/h3>\n\n\n\n<p><strong>Lunes, martes, jueves y viernes<\/strong><\/p>\n\n\n\n<p>8:30 &#8211; 9:00: guarder\u00eda<\/p>\n\n\n\n<p>16:00 &#8211; 17:00: guarder\u00eda o actividades extraescolares (deporte, m\u00fasica, artes pl\u00e1sticas\u2026)<\/p>\n\n\n\n<p><strong>Mi\u00e9rcoles<\/strong><\/p>\n\n\n\n<p>13:00 &#8211; 16:00 o 13:00 &#8211; 17:00: guarder\u00eda para los alumnos de TPS; y guarder\u00eda o actividades extraescolares (deporte, m\u00fasica, artes pl\u00e1sticas\u2026) para los dem\u00e1s niveles.<br\/><\/p>\n<\/div>\n<\/div>\n\n<\/div>\n\n<div class=\"wp-block-group is-layout-constrained wp-block-group-is-layout-constrained\" style=\"margin-top:var(--wp--preset--spacing--4);margin-bottom:0\">\n<figure class=\"wp-block-image alignfull size-large has-custom-border is-style-rounded\"><img decoding=\"async\" width=\"1024\" height=\"310\" src=\"http:\/\/lfmadrid.net.dev2.tribu-and-co.com\/wp-content\/uploads\/2026\/01\/maternelle-3-full-width-1024x310.jpg\" alt=\"\" class=\"wp-image-2281\" style=\"border-top-left-radius:8px;border-top-right-radius:8px;border-bottom-left-radius:8px;border-bottom-right-radius:8px\" srcset=\"http:\/\/lfmadrid.net.dev2.tribu-and-co.com\/wp-content\/uploads\/2026\/01\/maternelle-3-full-width-1024x310.jpg 1024w, http:\/\/lfmadrid.net.dev2.tribu-and-co.com\/wp-content\/uploads\/2026\/01\/maternelle-3-full-width-300x91.jpg 300w, http:\/\/lfmadrid.net.dev2.tribu-and-co.com\/wp-content\/uploads\/2026\/01\/maternelle-3-full-width-768x233.jpg 768w, http:\/\/lfmadrid.net.dev2.tribu-and-co.com\/wp-content\/uploads\/2026\/01\/maternelle-3-full-width-600x182.jpg 600w, http:\/\/lfmadrid.net.dev2.tribu-and-co.com\/wp-content\/uploads\/2026\/01\/maternelle-3-full-width.jpg 1320w\" sizes=\"(max-width: 1024px) 100vw, 1024px\" \/><\/figure>\n<\/div>\n\n<div class=\"wp-block-group has-tertiaire-1-background-color has-background is-layout-constrained wp-block-group-is-layout-constrained\" style=\"margin-top:0;margin-bottom:var(--wp--preset--spacing--8);padding-top:var(--wp--preset--spacing--6);padding-bottom:var(--wp--preset--spacing--6)\"><div class=\"container container--md alignfull wp-block-tribu-blocks-container\">\n\t\n\n<h2 class=\"wp-block-heading has-text-align-center has-fs-h-2-font-size without-stripes\" style=\"margin-top:0\"><strong>Contacts et informations utiles<\/strong><\/h2>\n\n\n\n<div class=\"wp-block-group is-layout-grid wp-container-core-group-is-layout-988b637e wp-block-group-is-layout-grid\">\n<div class=\"wp-block-group is-layout-constrained wp-block-group-is-layout-constrained\">\n<p><strong>Secretar\u00eda de la escuela infantil<\/strong><\/p>\n\n\n\n<p>Asistente de direcci\u00f3n<br\/>Maud BERNIER<br\/><a href=\"mailto:maternelle@lfmadrid.org\"><span style=\"text-decoration: underline;\">maternelle@lfmadrid.org<\/span><br\/><\/a>Tel. : <a href=\"tel:+34913884369\">+34 91 388 43 69<\/a> <\/p>\n<\/div>\n\n\n\n<div class=\"wp-block-group is-layout-constrained wp-block-group-is-layout-constrained\">\n<p><strong>Vida escolar<\/strong><\/p>\n\n\n\n<p>Adjunta de educaci\u00f3n<br\/>Marie BOUTAN<br\/><span style=\"text-decoration: underline;\"><a href=\"mailto:vsmaternelle@lfmadrid.org\" target=\"_blank\" rel=\"noreferrer noopener\">vsmaternelle@lfmadrid.org<\/a><br\/><\/span>Tel. : <a href=\"tel:+34910616806\">+34 91 061 68 06<\/a> <\/p>\n<\/div>\n\n\n\n<div class=\"wp-block-group is-layout-constrained wp-block-group-is-layout-constrained\"><\/div>\n<\/div>\n\n\n\n<div style=\"height:60px\" aria-hidden=\"true\" class=\"wp-block-spacer\"><\/div>\n\n\n\n<div class=\"wp-block-group is-layout-grid wp-container-core-group-is-layout-988b637e wp-block-group-is-layout-grid\">\n<div class=\"wp-block-group is-layout-constrained wp-block-group-is-layout-constrained\">\n<p><strong><strong>ACS, Asociaci\u00f3n cultural y de deportes<\/strong><\/strong><\/p>\n\n\n\n<p>Alexandre ALVERGNAT<br\/><a href=\"mailto:info@acslfm.org\"><span style=\"text-decoration: underline;\">info@acslfm.org<\/span><\/a><br\/><a href=\"tel:+34910119733\">Tel. : +34 91 011 97 33<br\/><\/a><a href=\"https:\/\/acslfm.org\" target=\"_blank\" rel=\"noreferrer noopener\"><strong>https<\/strong><\/a><a href=\"https:\/\/acslfm.org\"><strong>:\/\/acslfm.org<\/strong><\/a><\/p>\n<\/div>\n\n\n\n<div class=\"wp-block-group is-layout-constrained wp-block-group-is-layout-constrained\">\n<p><strong><strong><strong><strong>ALI, asociaci\u00f3n de Padres de Alumnos<\/strong><\/strong><\/strong><\/strong><\/p>\n\n\n\n<p><a href=\"mailto:parents.lfmmadrid@gmail.com\"><span style=\"text-decoration: underline;\">parents.lfmmadrid@gmail.com<\/span><\/a><br\/><strong><a href=\"http:\/\/www.ali.scolidaires.org\" target=\"_blank\" rel=\"noreferrer noopener\">www.ali.scolidaires.org<\/a><br\/><\/strong><br\/><\/p>\n<\/div>\n\n\n\n<div class=\"wp-block-group is-layout-constrained wp-block-group-is-layout-constrained\">\n<p><strong><strong><strong>APA, ALI, asociaci\u00f3n de Padres de Alumnos encargada del transporte escolar<\/strong><\/strong><\/strong><\/p>\n\n\n\n<p><a href=\"mailto:oficina@apaliceo.com\"><span style=\"text-decoration: underline;\">oficina@apaliceo.com<\/span><\/a><br\/><a href=\"tel:+34618618155\">Tel. : +34 618 618 155<\/a><br\/><strong><a href=\"http:\/\/www.apaliceo.es\" target=\"_blank\" rel=\"noreferrer noopener\">www.apaliceo.es<\/a><br\/><\/strong><\/p>\n<\/div>\n<\/div>\n\n<\/div>\n<\/div>\n","protected":false},"excerpt":{"rendered":"","protected":false},"author":1,"featured_media":7640,"parent":6098,"menu_order":0,"comment_status":"closed","ping_status":"closed","template":"","meta":{"_acf_changed":false,"footnotes":""},"school_type":[],"class_list":["post-5985","page","type-page","status-publish","has-post-thumbnail","hentry"],"acf":[],"yoast_head":"<!-- This site is optimized with the Yoast SEO plugin v27.4 - https:\/\/yoast.com\/product\/yoast-seo-wordpress\/ -->\n<title>La escuela infantil en Conde de Orgaz - Lyc\u00e9e Fran\u00e7ais de Madrid<\/title>\n<meta name=\"robots\" content=\"noindex, follow, max-snippet:-1, max-image-preview:large, max-video-preview:-1\" \/>\n<meta property=\"og:locale\" content=\"es_ES\" \/>\n<meta property=\"og:type\" content=\"article\" \/>\n<meta property=\"og:title\" content=\"La escuela infantil en Conde de Orgaz - Lyc\u00e9e Fran\u00e7ais de Madrid\" \/>\n<meta property=\"og:url\" content=\"http:\/\/lfmadrid.net.dev2.tribu-and-co.com\/es\/infantil\/la-escuela-infantil-en-conde-de-orgaz\/\" \/>\n<meta property=\"og:site_name\" content=\"Lyc\u00e9e Fran\u00e7ais de Madrid\" \/>\n<meta property=\"article:modified_time\" content=\"2026-04-19T13:56:44+00:00\" \/>\n<meta property=\"og:image\" content=\"http:\/\/lfmadrid.net.dev2.tribu-and-co.com\/wp-content\/uploads\/2026\/03\/hall-maternelle.png\" \/>\n\t<meta property=\"og:image:width\" content=\"800\" \/>\n\t<meta property=\"og:image:height\" content=\"498\" \/>\n\t<meta property=\"og:image:type\" content=\"image\/png\" \/>\n<meta name=\"twitter:card\" content=\"summary_large_image\" \/>\n<meta name=\"twitter:label1\" content=\"Tiempo de lectura\" \/>\n\t<meta name=\"twitter:data1\" content=\"1 minute\" \/>\n<script type=\"application\/ld+json\" class=\"yoast-schema-graph\">{\"@context\":\"https:\\\/\\\/schema.org\",\"@graph\":[{\"@type\":\"WebPage\",\"@id\":\"http:\\\/\\\/lfmadrid.net.dev2.tribu-and-co.com\\\/es\\\/infantil\\\/la-escuela-infantil-en-conde-de-orgaz\\\/\",\"url\":\"http:\\\/\\\/lfmadrid.net.dev2.tribu-and-co.com\\\/es\\\/infantil\\\/la-escuela-infantil-en-conde-de-orgaz\\\/\",\"name\":\"La escuela infantil en Conde de Orgaz - Lyc\u00e9e Fran\u00e7ais de Madrid\",\"isPartOf\":{\"@id\":\"http:\\\/\\\/lfmadrid.net.dev2.tribu-and-co.com\\\/es\\\/#website\"},\"primaryImageOfPage\":{\"@id\":\"http:\\\/\\\/lfmadrid.net.dev2.tribu-and-co.com\\\/es\\\/infantil\\\/la-escuela-infantil-en-conde-de-orgaz\\\/#primaryimage\"},\"image\":{\"@id\":\"http:\\\/\\\/lfmadrid.net.dev2.tribu-and-co.com\\\/es\\\/infantil\\\/la-escuela-infantil-en-conde-de-orgaz\\\/#primaryimage\"},\"thumbnailUrl\":\"http:\\\/\\\/lfmadrid.net.dev2.tribu-and-co.com\\\/wp-content\\\/uploads\\\/2026\\\/03\\\/hall-maternelle.png\",\"datePublished\":\"2026-01-08T16:12:02+00:00\",\"dateModified\":\"2026-04-19T13:56:44+00:00\",\"breadcrumb\":{\"@id\":\"http:\\\/\\\/lfmadrid.net.dev2.tribu-and-co.com\\\/es\\\/infantil\\\/la-escuela-infantil-en-conde-de-orgaz\\\/#breadcrumb\"},\"inLanguage\":\"es-ES\",\"potentialAction\":[{\"@type\":\"ReadAction\",\"target\":[\"http:\\\/\\\/lfmadrid.net.dev2.tribu-and-co.com\\\/es\\\/infantil\\\/la-escuela-infantil-en-conde-de-orgaz\\\/\"]}]},{\"@type\":\"ImageObject\",\"inLanguage\":\"es-ES\",\"@id\":\"http:\\\/\\\/lfmadrid.net.dev2.tribu-and-co.com\\\/es\\\/infantil\\\/la-escuela-infantil-en-conde-de-orgaz\\\/#primaryimage\",\"url\":\"http:\\\/\\\/lfmadrid.net.dev2.tribu-and-co.com\\\/wp-content\\\/uploads\\\/2026\\\/03\\\/hall-maternelle.png\",\"contentUrl\":\"http:\\\/\\\/lfmadrid.net.dev2.tribu-and-co.com\\\/wp-content\\\/uploads\\\/2026\\\/03\\\/hall-maternelle.png\",\"width\":800,\"height\":498},{\"@type\":\"BreadcrumbList\",\"@id\":\"http:\\\/\\\/lfmadrid.net.dev2.tribu-and-co.com\\\/es\\\/infantil\\\/la-escuela-infantil-en-conde-de-orgaz\\\/#breadcrumb\",\"itemListElement\":[{\"@type\":\"ListItem\",\"position\":1,\"name\":\"Inicio\",\"item\":\"http:\\\/\\\/lfmadrid.net.dev2.tribu-and-co.com\\\/es\\\/\"},{\"@type\":\"ListItem\",\"position\":2,\"name\":\"Infantil\",\"item\":\"http:\\\/\\\/lfmadrid.net.dev2.tribu-and-co.com\\\/es\\\/infantil\\\/\"},{\"@type\":\"ListItem\",\"position\":3,\"name\":\"La escuela infantil en Conde de Orgaz\"}]},{\"@type\":\"WebSite\",\"@id\":\"http:\\\/\\\/lfmadrid.net.dev2.tribu-and-co.com\\\/es\\\/#website\",\"url\":\"http:\\\/\\\/lfmadrid.net.dev2.tribu-and-co.com\\\/es\\\/\",\"name\":\"Lyc\u00e9e Fran\u00e7ais de Madrid\",\"description\":\"\",\"publisher\":{\"@id\":\"http:\\\/\\\/lfmadrid.net.dev2.tribu-and-co.com\\\/es\\\/#organization\"},\"potentialAction\":[{\"@type\":\"SearchAction\",\"target\":{\"@type\":\"EntryPoint\",\"urlTemplate\":\"http:\\\/\\\/lfmadrid.net.dev2.tribu-and-co.com\\\/es\\\/?s={search_term_string}\"},\"query-input\":{\"@type\":\"PropertyValueSpecification\",\"valueRequired\":true,\"valueName\":\"search_term_string\"}}],\"inLanguage\":\"es-ES\"},{\"@type\":\"Organization\",\"@id\":\"http:\\\/\\\/lfmadrid.net.dev2.tribu-and-co.com\\\/es\\\/#organization\",\"name\":\"Lyc\u00e9e Fran\u00e7ais de Madrid\",\"url\":\"http:\\\/\\\/lfmadrid.net.dev2.tribu-and-co.com\\\/es\\\/\",\"logo\":{\"@type\":\"ImageObject\",\"inLanguage\":\"es-ES\",\"@id\":\"http:\\\/\\\/lfmadrid.net.dev2.tribu-and-co.com\\\/es\\\/#\\\/schema\\\/logo\\\/image\\\/\",\"url\":\"http:\\\/\\\/lfmadrid.net.dev2.tribu-and-co.com\\\/wp-content\\\/uploads\\\/2026\\\/01\\\/lfm-logo.svg\",\"contentUrl\":\"http:\\\/\\\/lfmadrid.net.dev2.tribu-and-co.com\\\/wp-content\\\/uploads\\\/2026\\\/01\\\/lfm-logo.svg\",\"width\":154,\"height\":60,\"caption\":\"Lyc\u00e9e Fran\u00e7ais de Madrid\"},\"image\":{\"@id\":\"http:\\\/\\\/lfmadrid.net.dev2.tribu-and-co.com\\\/es\\\/#\\\/schema\\\/logo\\\/image\\\/\"}}]}<\/script>\n<!-- \/ Yoast SEO plugin. -->","yoast_head_json":{"title":"La escuela infantil en Conde de Orgaz - Lyc\u00e9e Fran\u00e7ais de Madrid","robots":{"index":"noindex","follow":"follow","max-snippet":"max-snippet:-1","max-image-preview":"max-image-preview:large","max-video-preview":"max-video-preview:-1"},"og_locale":"es_ES","og_type":"article","og_title":"La escuela infantil en Conde de Orgaz - Lyc\u00e9e Fran\u00e7ais de Madrid","og_url":"http:\/\/lfmadrid.net.dev2.tribu-and-co.com\/es\/infantil\/la-escuela-infantil-en-conde-de-orgaz\/","og_site_name":"Lyc\u00e9e Fran\u00e7ais de Madrid","article_modified_time":"2026-04-19T13:56:44+00:00","og_image":[{"width":800,"height":498,"url":"http:\/\/lfmadrid.net.dev2.tribu-and-co.com\/wp-content\/uploads\/2026\/03\/hall-maternelle.png","type":"image\/png"}],"twitter_card":"summary_large_image","twitter_misc":{"Tiempo de lectura":"1 minute"},"schema":{"@context":"https:\/\/schema.org","@graph":[{"@type":"WebPage","@id":"http:\/\/lfmadrid.net.dev2.tribu-and-co.com\/es\/infantil\/la-escuela-infantil-en-conde-de-orgaz\/","url":"http:\/\/lfmadrid.net.dev2.tribu-and-co.com\/es\/infantil\/la-escuela-infantil-en-conde-de-orgaz\/","name":"La escuela infantil en Conde de Orgaz - Lyc\u00e9e Fran\u00e7ais de Madrid","isPartOf":{"@id":"http:\/\/lfmadrid.net.dev2.tribu-and-co.com\/es\/#website"},"primaryImageOfPage":{"@id":"http:\/\/lfmadrid.net.dev2.tribu-and-co.com\/es\/infantil\/la-escuela-infantil-en-conde-de-orgaz\/#primaryimage"},"image":{"@id":"http:\/\/lfmadrid.net.dev2.tribu-and-co.com\/es\/infantil\/la-escuela-infantil-en-conde-de-orgaz\/#primaryimage"},"thumbnailUrl":"http:\/\/lfmadrid.net.dev2.tribu-and-co.com\/wp-content\/uploads\/2026\/03\/hall-maternelle.png","datePublished":"2026-01-08T16:12:02+00:00","dateModified":"2026-04-19T13:56:44+00:00","breadcrumb":{"@id":"http:\/\/lfmadrid.net.dev2.tribu-and-co.com\/es\/infantil\/la-escuela-infantil-en-conde-de-orgaz\/#breadcrumb"},"inLanguage":"es-ES","potentialAction":[{"@type":"ReadAction","target":["http:\/\/lfmadrid.net.dev2.tribu-and-co.com\/es\/infantil\/la-escuela-infantil-en-conde-de-orgaz\/"]}]},{"@type":"ImageObject","inLanguage":"es-ES","@id":"http:\/\/lfmadrid.net.dev2.tribu-and-co.com\/es\/infantil\/la-escuela-infantil-en-conde-de-orgaz\/#primaryimage","url":"http:\/\/lfmadrid.net.dev2.tribu-and-co.com\/wp-content\/uploads\/2026\/03\/hall-maternelle.png","contentUrl":"http:\/\/lfmadrid.net.dev2.tribu-and-co.com\/wp-content\/uploads\/2026\/03\/hall-maternelle.png","width":800,"height":498},{"@type":"BreadcrumbList","@id":"http:\/\/lfmadrid.net.dev2.tribu-and-co.com\/es\/infantil\/la-escuela-infantil-en-conde-de-orgaz\/#breadcrumb","itemListElement":[{"@type":"ListItem","position":1,"name":"Inicio","item":"http:\/\/lfmadrid.net.dev2.tribu-and-co.com\/es\/"},{"@type":"ListItem","position":2,"name":"Infantil","item":"http:\/\/lfmadrid.net.dev2.tribu-and-co.com\/es\/infantil\/"},{"@type":"ListItem","position":3,"name":"La escuela infantil en Conde de Orgaz"}]},{"@type":"WebSite","@id":"http:\/\/lfmadrid.net.dev2.tribu-and-co.com\/es\/#website","url":"http:\/\/lfmadrid.net.dev2.tribu-and-co.com\/es\/","name":"Lyc\u00e9e Fran\u00e7ais de Madrid","description":"","publisher":{"@id":"http:\/\/lfmadrid.net.dev2.tribu-and-co.com\/es\/#organization"},"potentialAction":[{"@type":"SearchAction","target":{"@type":"EntryPoint","urlTemplate":"http:\/\/lfmadrid.net.dev2.tribu-and-co.com\/es\/?s={search_term_string}"},"query-input":{"@type":"PropertyValueSpecification","valueRequired":true,"valueName":"search_term_string"}}],"inLanguage":"es-ES"},{"@type":"Organization","@id":"http:\/\/lfmadrid.net.dev2.tribu-and-co.com\/es\/#organization","name":"Lyc\u00e9e Fran\u00e7ais de Madrid","url":"http:\/\/lfmadrid.net.dev2.tribu-and-co.com\/es\/","logo":{"@type":"ImageObject","inLanguage":"es-ES","@id":"http:\/\/lfmadrid.net.dev2.tribu-and-co.com\/es\/#\/schema\/logo\/image\/","url":"http:\/\/lfmadrid.net.dev2.tribu-and-co.com\/wp-content\/uploads\/2026\/01\/lfm-logo.svg","contentUrl":"http:\/\/lfmadrid.net.dev2.tribu-and-co.com\/wp-content\/uploads\/2026\/01\/lfm-logo.svg","width":154,"height":60,"caption":"Lyc\u00e9e Fran\u00e7ais de Madrid"},"image":{"@id":"http:\/\/lfmadrid.net.dev2.tribu-and-co.com\/es\/#\/schema\/logo\/image\/"}}]}},"_links":{"self":[{"href":"http:\/\/lfmadrid.net.dev2.tribu-and-co.com\/es\/wp-json\/wp\/v2\/pages\/5985","targetHints":{"allow":["GET"]}}],"collection":[{"href":"http:\/\/lfmadrid.net.dev2.tribu-and-co.com\/es\/wp-json\/wp\/v2\/pages"}],"about":[{"href":"http:\/\/lfmadrid.net.dev2.tribu-and-co.com\/es\/wp-json\/wp\/v2\/types\/page"}],"author":[{"embeddable":true,"href":"http:\/\/lfmadrid.net.dev2.tribu-and-co.com\/es\/wp-json\/wp\/v2\/users\/1"}],"replies":[{"embeddable":true,"href":"http:\/\/lfmadrid.net.dev2.tribu-and-co.com\/es\/wp-json\/wp\/v2\/comments?post=5985"}],"version-history":[{"count":16,"href":"http:\/\/lfmadrid.net.dev2.tribu-and-co.com\/es\/wp-json\/wp\/v2\/pages\/5985\/revisions"}],"predecessor-version":[{"id":8331,"href":"http:\/\/lfmadrid.net.dev2.tribu-and-co.com\/es\/wp-json\/wp\/v2\/pages\/5985\/revisions\/8331"}],"up":[{"embeddable":true,"href":"http:\/\/lfmadrid.net.dev2.tribu-and-co.com\/es\/wp-json\/wp\/v2\/pages\/6098"}],"wp:featuredmedia":[{"embeddable":true,"href":"http:\/\/lfmadrid.net.dev2.tribu-and-co.com\/es\/wp-json\/wp\/v2\/media\/7640"}],"wp:attachment":[{"href":"http:\/\/lfmadrid.net.dev2.tribu-and-co.com\/es\/wp-json\/wp\/v2\/media?parent=5985"}],"wp:term":[{"taxonomy":"school_type","embeddable":true,"href":"http:\/\/lfmadrid.net.dev2.tribu-and-co.com\/es\/wp-json\/wp\/v2\/school_type?post=5985"}],"curies":[{"name":"wp","href":"https:\/\/api.w.org\/{rel}","templated":true}]}}