
{"id":5968,"date":"2026-01-08T16:44:08","date_gmt":"2026-01-08T15:44:08","guid":{"rendered":"http:\/\/lfmadrid.net.dev2.tribu-and-co.com\/nuestros-resultados-en-los-examenes\/"},"modified":"2026-04-19T15:55:59","modified_gmt":"2026-04-19T13:55:59","slug":"nuestros-resultados-en-los-examenes","status":"publish","type":"page","link":"http:\/\/lfmadrid.net.dev2.tribu-and-co.com\/es\/nuestros-resultados-en-los-examenes\/","title":{"rendered":"Nuestros resultados en los ex\u00e1menes <br>"},"content":{"rendered":"\n<div class=\"container container--md\">\n\t<div class=\"hero-block wp-block-tribu-blocks-hero-block\">\n\t\t\t\t\t<h1 class=\"hero-block__title fw-700\">Nuestros resultados en los ex\u00e1menes <br><\/h1>\n\t\t\n\t\t\t\t\t<div class=\"hero-block__subtitle\">Descubra los resultados de nuestros alumnos en los ex\u00e1menes 2024-2025<\/div>\n\t\t\n\t\t\t\t\t<div class=\"hero-block__featured-image-wrapper\">\n\t\t\t\t<img decoding=\"async\" width=\"300\" height=\"215\" src=\"http:\/\/lfmadrid.net.dev2.tribu-and-co.com\/wp-content\/uploads\/2026\/01\/resultats-3-300x215.png\" class=\"hero-block__featured-image\" alt=\"\" srcset=\"http:\/\/lfmadrid.net.dev2.tribu-and-co.com\/wp-content\/uploads\/2026\/01\/resultats-3-300x215.png 300w, http:\/\/lfmadrid.net.dev2.tribu-and-co.com\/wp-content\/uploads\/2026\/01\/resultats-3-600x431.png 600w, http:\/\/lfmadrid.net.dev2.tribu-and-co.com\/wp-content\/uploads\/2026\/01\/resultats-3.png 639w\" sizes=\"(max-width: 300px) 100vw, 300px\" \/>\t\t\t<\/div>\n\t\t\t\t\n\t\t\t<\/div>\n<\/div>\n<div class=\"container container--default wp-block-tribu-blocks-container\">\n\t\n<div style=\"margin-top:var(--wp--preset--spacing--7);margin-bottom:var(--wp--preset--spacing--7);\" class=\"container container--md alignfull wp-block-tribu-blocks-container\">\n\t\n<div style=\"margin-top:var(--wp--preset--spacing--9);margin-bottom:var(--wp--preset--spacing--9);\" class=\"container container--sm alignfull wp-block-tribu-blocks-container\">\n\t\n\n<div class=\"wp-block-columns are-vertically-aligned-top wp-block-columns--45-55 is-layout-flex wp-container-core-columns-is-layout-b0870b77 wp-block-columns-is-layout-flex\" style=\"margin-top:0;margin-bottom:0\">\n<div class=\"wp-block-column is-vertically-aligned-top col-45 is-layout-flow wp-block-column-is-layout-flow\">\n<figure class=\"wp-block-image size-full\"><img decoding=\"async\" width=\"1140\" height=\"1140\" src=\"http:\/\/lfmadrid.net.dev2.tribu-and-co.com\/wp-content\/uploads\/2026\/03\/Graduation.png\" alt=\"\" class=\"wp-image-7573\" srcset=\"http:\/\/lfmadrid.net.dev2.tribu-and-co.com\/wp-content\/uploads\/2026\/03\/Graduation.png 1140w, http:\/\/lfmadrid.net.dev2.tribu-and-co.com\/wp-content\/uploads\/2026\/03\/Graduation-300x300.png 300w, http:\/\/lfmadrid.net.dev2.tribu-and-co.com\/wp-content\/uploads\/2026\/03\/Graduation-1024x1024.png 1024w, http:\/\/lfmadrid.net.dev2.tribu-and-co.com\/wp-content\/uploads\/2026\/03\/Graduation-150x150.png 150w, http:\/\/lfmadrid.net.dev2.tribu-and-co.com\/wp-content\/uploads\/2026\/03\/Graduation-768x768.png 768w, http:\/\/lfmadrid.net.dev2.tribu-and-co.com\/wp-content\/uploads\/2026\/03\/Graduation-316x316.png 316w, http:\/\/lfmadrid.net.dev2.tribu-and-co.com\/wp-content\/uploads\/2026\/03\/Graduation-600x600.png 600w, http:\/\/lfmadrid.net.dev2.tribu-and-co.com\/wp-content\/uploads\/2026\/03\/Graduation-100x100.png 100w\" sizes=\"(max-width: 1140px) 100vw, 1140px\" \/><\/figure>\n<\/div>\n\n\n\n<div class=\"wp-block-column is-vertically-aligned-top col-55 is-layout-flow wp-block-column-is-layout-flow\">\n<h2 class=\"wp-block-heading has-fs-h-2-font-size\">Dipl\u00f4me National du Brevet<\/h2>\n\n\n\n<p>Un a\u00f1o m\u00e1s, los resultados de nuestros alumnos de 3\u00ba de la ESO (3\u00e8me) son extraordinarios: <\/p>\n\n\n\n<ul class=\"wp-block-list\">\n<li>El <strong>99,7%<\/strong> aprob\u00f3 el DNB. <\/li>\n\n\n\n<li>El <strong>96,36%<\/strong> obtuvo menci\u00f3n, de los cuales el 63,66% obtuvo la menci\u00f3n &#8220;Muy Bien&#8221; (Tr\u00e8s Bien).<\/li>\n<\/ul>\n\n\n\n<h2 class=\"wp-block-heading has-fs-h-2-font-size\">Baccalaur\u00e9at<\/h2>\n\n\n\n<p>En 2\u00ba de Bachillerato (Terminale) los resultados tambi\u00e9n son excelentes:<\/p>\n\n\n\n<ul class=\"wp-block-list\">\n<li>99,7% de aprobados<br\/>de los cuales el <strong>93%<\/strong> con menci\u00f3n y el 46,6% con menci\u00f3n &#8220;Muy Bien&#8221; (Tr\u00e8s Bien).<\/li>\n<\/ul>\n\n\n\n<p><\/p>\n\n\n\n<p><\/p>\n\n\n\n<p><\/p>\n\n\n\n<p>Descubra a continuaci\u00f3n los resultados de nuestros alumnos en el Baccalaur\u00e9at y en el Dipl\u00f4me National du Brevet desde 2020: <\/p>\n\n\n\n<div class=\"wp-block-buttons is-layout-flex wp-block-buttons-is-layout-flex\">\n<div class=\"wp-block-button custom-button custom-button--default custom-button--primary\"><a class=\"wp-block-button__link wp-element-button\" href=\"http:\/\/lfmadrid.net.dev2.tribu-and-co.com\/wp-content\/uploads\/2026\/01\/Resultats-examens-2025.pdf\" target=\"_blank\" rel=\"noreferrer noopener\">Resultados de los ex\u00e1menes desde 2020<\/a><\/div>\n<\/div>\n<\/div>\n<\/div>\n\n<\/div>\n\n<\/div>\n\n<\/div>\n","protected":false},"excerpt":{"rendered":"","protected":false},"author":1,"featured_media":0,"parent":0,"menu_order":0,"comment_status":"closed","ping_status":"closed","template":"","meta":{"_acf_changed":false,"footnotes":""},"school_type":[],"class_list":["post-5968","page","type-page","status-publish","hentry"],"acf":[],"yoast_head":"<!-- This site is optimized with the Yoast SEO plugin v27.4 - https:\/\/yoast.com\/product\/yoast-seo-wordpress\/ -->\n<title>Nuestros resultados en los ex\u00e1menes  - Lyc\u00e9e Fran\u00e7ais de Madrid<\/title>\n<meta name=\"robots\" content=\"noindex, follow, max-snippet:-1, max-image-preview:large, max-video-preview:-1\" \/>\n<meta property=\"og:locale\" content=\"es_ES\" \/>\n<meta property=\"og:type\" content=\"article\" \/>\n<meta property=\"og:title\" content=\"Nuestros resultados en los ex\u00e1menes  - Lyc\u00e9e Fran\u00e7ais de Madrid\" \/>\n<meta property=\"og:url\" content=\"http:\/\/lfmadrid.net.dev2.tribu-and-co.com\/es\/nuestros-resultados-en-los-examenes\/\" \/>\n<meta property=\"og:site_name\" content=\"Lyc\u00e9e Fran\u00e7ais de Madrid\" \/>\n<meta property=\"article:modified_time\" content=\"2026-04-19T13:55:59+00:00\" \/>\n<meta property=\"og:image\" content=\"http:\/\/lfmadrid.net.dev2.tribu-and-co.com\/wp-content\/uploads\/2026\/03\/Graduation.png\" \/>\n<meta name=\"twitter:card\" content=\"summary_large_image\" \/>\n<meta name=\"twitter:label1\" content=\"Tiempo de lectura\" \/>\n\t<meta name=\"twitter:data1\" content=\"1 minute\" \/>\n<script type=\"application\/ld+json\" class=\"yoast-schema-graph\">{\"@context\":\"https:\\\/\\\/schema.org\",\"@graph\":[{\"@type\":\"WebPage\",\"@id\":\"http:\\\/\\\/lfmadrid.net.dev2.tribu-and-co.com\\\/es\\\/nuestros-resultados-en-los-examenes\\\/\",\"url\":\"http:\\\/\\\/lfmadrid.net.dev2.tribu-and-co.com\\\/es\\\/nuestros-resultados-en-los-examenes\\\/\",\"name\":\"Nuestros resultados en los ex\u00e1menes - Lyc\u00e9e Fran\u00e7ais de Madrid\",\"isPartOf\":{\"@id\":\"http:\\\/\\\/lfmadrid.net.dev2.tribu-and-co.com\\\/es\\\/#website\"},\"primaryImageOfPage\":{\"@id\":\"http:\\\/\\\/lfmadrid.net.dev2.tribu-and-co.com\\\/es\\\/nuestros-resultados-en-los-examenes\\\/#primaryimage\"},\"image\":{\"@id\":\"http:\\\/\\\/lfmadrid.net.dev2.tribu-and-co.com\\\/es\\\/nuestros-resultados-en-los-examenes\\\/#primaryimage\"},\"thumbnailUrl\":\"http:\\\/\\\/lfmadrid.net.dev2.tribu-and-co.com\\\/wp-content\\\/uploads\\\/2026\\\/03\\\/Graduation.png\",\"datePublished\":\"2026-01-08T15:44:08+00:00\",\"dateModified\":\"2026-04-19T13:55:59+00:00\",\"breadcrumb\":{\"@id\":\"http:\\\/\\\/lfmadrid.net.dev2.tribu-and-co.com\\\/es\\\/nuestros-resultados-en-los-examenes\\\/#breadcrumb\"},\"inLanguage\":\"es-ES\",\"potentialAction\":[{\"@type\":\"ReadAction\",\"target\":[\"http:\\\/\\\/lfmadrid.net.dev2.tribu-and-co.com\\\/es\\\/nuestros-resultados-en-los-examenes\\\/\"]}]},{\"@type\":\"ImageObject\",\"inLanguage\":\"es-ES\",\"@id\":\"http:\\\/\\\/lfmadrid.net.dev2.tribu-and-co.com\\\/es\\\/nuestros-resultados-en-los-examenes\\\/#primaryimage\",\"url\":\"http:\\\/\\\/lfmadrid.net.dev2.tribu-and-co.com\\\/wp-content\\\/uploads\\\/2026\\\/03\\\/Graduation.png\",\"contentUrl\":\"http:\\\/\\\/lfmadrid.net.dev2.tribu-and-co.com\\\/wp-content\\\/uploads\\\/2026\\\/03\\\/Graduation.png\"},{\"@type\":\"BreadcrumbList\",\"@id\":\"http:\\\/\\\/lfmadrid.net.dev2.tribu-and-co.com\\\/es\\\/nuestros-resultados-en-los-examenes\\\/#breadcrumb\",\"itemListElement\":[{\"@type\":\"ListItem\",\"position\":1,\"name\":\"Inicio\",\"item\":\"http:\\\/\\\/lfmadrid.net.dev2.tribu-and-co.com\\\/es\\\/\"},{\"@type\":\"ListItem\",\"position\":2,\"name\":\"Nuestros resultados en los ex\u00e1menes\"}]},{\"@type\":\"WebSite\",\"@id\":\"http:\\\/\\\/lfmadrid.net.dev2.tribu-and-co.com\\\/es\\\/#website\",\"url\":\"http:\\\/\\\/lfmadrid.net.dev2.tribu-and-co.com\\\/es\\\/\",\"name\":\"Lyc\u00e9e Fran\u00e7ais de Madrid\",\"description\":\"\",\"publisher\":{\"@id\":\"http:\\\/\\\/lfmadrid.net.dev2.tribu-and-co.com\\\/es\\\/#organization\"},\"potentialAction\":[{\"@type\":\"SearchAction\",\"target\":{\"@type\":\"EntryPoint\",\"urlTemplate\":\"http:\\\/\\\/lfmadrid.net.dev2.tribu-and-co.com\\\/es\\\/?s={search_term_string}\"},\"query-input\":{\"@type\":\"PropertyValueSpecification\",\"valueRequired\":true,\"valueName\":\"search_term_string\"}}],\"inLanguage\":\"es-ES\"},{\"@type\":\"Organization\",\"@id\":\"http:\\\/\\\/lfmadrid.net.dev2.tribu-and-co.com\\\/es\\\/#organization\",\"name\":\"Lyc\u00e9e Fran\u00e7ais de Madrid\",\"url\":\"http:\\\/\\\/lfmadrid.net.dev2.tribu-and-co.com\\\/es\\\/\",\"logo\":{\"@type\":\"ImageObject\",\"inLanguage\":\"es-ES\",\"@id\":\"http:\\\/\\\/lfmadrid.net.dev2.tribu-and-co.com\\\/es\\\/#\\\/schema\\\/logo\\\/image\\\/\",\"url\":\"http:\\\/\\\/lfmadrid.net.dev2.tribu-and-co.com\\\/wp-content\\\/uploads\\\/2026\\\/01\\\/lfm-logo.svg\",\"contentUrl\":\"http:\\\/\\\/lfmadrid.net.dev2.tribu-and-co.com\\\/wp-content\\\/uploads\\\/2026\\\/01\\\/lfm-logo.svg\",\"width\":154,\"height\":60,\"caption\":\"Lyc\u00e9e Fran\u00e7ais de Madrid\"},\"image\":{\"@id\":\"http:\\\/\\\/lfmadrid.net.dev2.tribu-and-co.com\\\/es\\\/#\\\/schema\\\/logo\\\/image\\\/\"}}]}<\/script>\n<!-- \/ Yoast SEO plugin. -->","yoast_head_json":{"title":"Nuestros resultados en los ex\u00e1menes  - Lyc\u00e9e Fran\u00e7ais de Madrid","robots":{"index":"noindex","follow":"follow","max-snippet":"max-snippet:-1","max-image-preview":"max-image-preview:large","max-video-preview":"max-video-preview:-1"},"og_locale":"es_ES","og_type":"article","og_title":"Nuestros resultados en los ex\u00e1menes  - Lyc\u00e9e Fran\u00e7ais de Madrid","og_url":"http:\/\/lfmadrid.net.dev2.tribu-and-co.com\/es\/nuestros-resultados-en-los-examenes\/","og_site_name":"Lyc\u00e9e Fran\u00e7ais de Madrid","article_modified_time":"2026-04-19T13:55:59+00:00","og_image":[{"url":"http:\/\/lfmadrid.net.dev2.tribu-and-co.com\/wp-content\/uploads\/2026\/03\/Graduation.png","type":"","width":"","height":""}],"twitter_card":"summary_large_image","twitter_misc":{"Tiempo de lectura":"1 minute"},"schema":{"@context":"https:\/\/schema.org","@graph":[{"@type":"WebPage","@id":"http:\/\/lfmadrid.net.dev2.tribu-and-co.com\/es\/nuestros-resultados-en-los-examenes\/","url":"http:\/\/lfmadrid.net.dev2.tribu-and-co.com\/es\/nuestros-resultados-en-los-examenes\/","name":"Nuestros resultados en los ex\u00e1menes - Lyc\u00e9e Fran\u00e7ais de Madrid","isPartOf":{"@id":"http:\/\/lfmadrid.net.dev2.tribu-and-co.com\/es\/#website"},"primaryImageOfPage":{"@id":"http:\/\/lfmadrid.net.dev2.tribu-and-co.com\/es\/nuestros-resultados-en-los-examenes\/#primaryimage"},"image":{"@id":"http:\/\/lfmadrid.net.dev2.tribu-and-co.com\/es\/nuestros-resultados-en-los-examenes\/#primaryimage"},"thumbnailUrl":"http:\/\/lfmadrid.net.dev2.tribu-and-co.com\/wp-content\/uploads\/2026\/03\/Graduation.png","datePublished":"2026-01-08T15:44:08+00:00","dateModified":"2026-04-19T13:55:59+00:00","breadcrumb":{"@id":"http:\/\/lfmadrid.net.dev2.tribu-and-co.com\/es\/nuestros-resultados-en-los-examenes\/#breadcrumb"},"inLanguage":"es-ES","potentialAction":[{"@type":"ReadAction","target":["http:\/\/lfmadrid.net.dev2.tribu-and-co.com\/es\/nuestros-resultados-en-los-examenes\/"]}]},{"@type":"ImageObject","inLanguage":"es-ES","@id":"http:\/\/lfmadrid.net.dev2.tribu-and-co.com\/es\/nuestros-resultados-en-los-examenes\/#primaryimage","url":"http:\/\/lfmadrid.net.dev2.tribu-and-co.com\/wp-content\/uploads\/2026\/03\/Graduation.png","contentUrl":"http:\/\/lfmadrid.net.dev2.tribu-and-co.com\/wp-content\/uploads\/2026\/03\/Graduation.png"},{"@type":"BreadcrumbList","@id":"http:\/\/lfmadrid.net.dev2.tribu-and-co.com\/es\/nuestros-resultados-en-los-examenes\/#breadcrumb","itemListElement":[{"@type":"ListItem","position":1,"name":"Inicio","item":"http:\/\/lfmadrid.net.dev2.tribu-and-co.com\/es\/"},{"@type":"ListItem","position":2,"name":"Nuestros resultados en los ex\u00e1menes"}]},{"@type":"WebSite","@id":"http:\/\/lfmadrid.net.dev2.tribu-and-co.com\/es\/#website","url":"http:\/\/lfmadrid.net.dev2.tribu-and-co.com\/es\/","name":"Lyc\u00e9e Fran\u00e7ais de Madrid","description":"","publisher":{"@id":"http:\/\/lfmadrid.net.dev2.tribu-and-co.com\/es\/#organization"},"potentialAction":[{"@type":"SearchAction","target":{"@type":"EntryPoint","urlTemplate":"http:\/\/lfmadrid.net.dev2.tribu-and-co.com\/es\/?s={search_term_string}"},"query-input":{"@type":"PropertyValueSpecification","valueRequired":true,"valueName":"search_term_string"}}],"inLanguage":"es-ES"},{"@type":"Organization","@id":"http:\/\/lfmadrid.net.dev2.tribu-and-co.com\/es\/#organization","name":"Lyc\u00e9e Fran\u00e7ais de Madrid","url":"http:\/\/lfmadrid.net.dev2.tribu-and-co.com\/es\/","logo":{"@type":"ImageObject","inLanguage":"es-ES","@id":"http:\/\/lfmadrid.net.dev2.tribu-and-co.com\/es\/#\/schema\/logo\/image\/","url":"http:\/\/lfmadrid.net.dev2.tribu-and-co.com\/wp-content\/uploads\/2026\/01\/lfm-logo.svg","contentUrl":"http:\/\/lfmadrid.net.dev2.tribu-and-co.com\/wp-content\/uploads\/2026\/01\/lfm-logo.svg","width":154,"height":60,"caption":"Lyc\u00e9e Fran\u00e7ais de Madrid"},"image":{"@id":"http:\/\/lfmadrid.net.dev2.tribu-and-co.com\/es\/#\/schema\/logo\/image\/"}}]}},"_links":{"self":[{"href":"http:\/\/lfmadrid.net.dev2.tribu-and-co.com\/es\/wp-json\/wp\/v2\/pages\/5968","targetHints":{"allow":["GET"]}}],"collection":[{"href":"http:\/\/lfmadrid.net.dev2.tribu-and-co.com\/es\/wp-json\/wp\/v2\/pages"}],"about":[{"href":"http:\/\/lfmadrid.net.dev2.tribu-and-co.com\/es\/wp-json\/wp\/v2\/types\/page"}],"author":[{"embeddable":true,"href":"http:\/\/lfmadrid.net.dev2.tribu-and-co.com\/es\/wp-json\/wp\/v2\/users\/1"}],"replies":[{"embeddable":true,"href":"http:\/\/lfmadrid.net.dev2.tribu-and-co.com\/es\/wp-json\/wp\/v2\/comments?post=5968"}],"version-history":[{"count":21,"href":"http:\/\/lfmadrid.net.dev2.tribu-and-co.com\/es\/wp-json\/wp\/v2\/pages\/5968\/revisions"}],"predecessor-version":[{"id":8328,"href":"http:\/\/lfmadrid.net.dev2.tribu-and-co.com\/es\/wp-json\/wp\/v2\/pages\/5968\/revisions\/8328"}],"wp:attachment":[{"href":"http:\/\/lfmadrid.net.dev2.tribu-and-co.com\/es\/wp-json\/wp\/v2\/media?parent=5968"}],"wp:term":[{"taxonomy":"school_type","embeddable":true,"href":"http:\/\/lfmadrid.net.dev2.tribu-and-co.com\/es\/wp-json\/wp\/v2\/school_type?post=5968"}],"curies":[{"name":"wp","href":"https:\/\/api.w.org\/{rel}","templated":true}]}}