
{"id":5903,"date":"2026-01-08T16:43:30","date_gmt":"2026-01-08T15:43:30","guid":{"rendered":"http:\/\/lfmadrid.net.dev2.tribu-and-co.com\/nuestro-proyecto-educativo\/"},"modified":"2026-04-19T15:50:40","modified_gmt":"2026-04-19T13:50:40","slug":"nuestro-proyecto-educativo","status":"publish","type":"page","link":"http:\/\/lfmadrid.net.dev2.tribu-and-co.com\/es\/nuestro-proyecto-educativo\/","title":{"rendered":"Nuestro proyecto educativo"},"content":{"rendered":"\n<h1 class=\"wp-block-heading has-text-align-center has-fs-h-1-font-size\">Nuestro proyecto educativo<\/h1>\n<div class=\"container container--full-width alignfull wp-block-tribu-blocks-container\">\n\t\n<div style=\"margin-top:var(--wp--preset--spacing--7);margin-bottom:var(--wp--preset--spacing--7);\" class=\"container container--lg alignfull wp-block-tribu-blocks-container\">\n\t\n\n<div class=\"wp-block-group has-blanc-color has-primaire-1-background-color has-text-color has-background has-link-color wp-elements-c5b0a24fd8673656789abc692a6cfeb0 is-layout-constrained wp-container-core-group-is-layout-4b35720e wp-block-group-is-layout-constrained\" style=\"border-width:1px;border-radius:16px;padding-top:var(--wp--preset--spacing--11);padding-right:var(--wp--preset--spacing--10);padding-bottom:var(--wp--preset--spacing--11);padding-left:var(--wp--preset--spacing--10)\">\n<div class=\"wp-block-columns are-vertically-aligned-center wp-block-columns--45-55 is-layout-flex wp-container-core-columns-is-layout-e787baa5 wp-block-columns-is-layout-flex\">\n<div class=\"wp-block-column is-vertically-aligned-center col-45 is-layout-flow wp-block-column-is-layout-flow\">\n<figure class=\"wp-block-image size-full\"><img decoding=\"async\" width=\"1140\" height=\"1368\" src=\"http:\/\/lfmadrid.net.dev2.tribu-and-co.com\/wp-content\/uploads\/2026\/01\/Projet.webp\" alt=\"\" class=\"wp-image-1779\" srcset=\"http:\/\/lfmadrid.net.dev2.tribu-and-co.com\/wp-content\/uploads\/2026\/01\/Projet.webp 1140w, http:\/\/lfmadrid.net.dev2.tribu-and-co.com\/wp-content\/uploads\/2026\/01\/Projet-250x300.webp 250w, http:\/\/lfmadrid.net.dev2.tribu-and-co.com\/wp-content\/uploads\/2026\/01\/Projet-853x1024.webp 853w, http:\/\/lfmadrid.net.dev2.tribu-and-co.com\/wp-content\/uploads\/2026\/01\/Projet-768x922.webp 768w, http:\/\/lfmadrid.net.dev2.tribu-and-co.com\/wp-content\/uploads\/2026\/01\/Projet-600x720.webp 600w\" sizes=\"(max-width: 1140px) 100vw, 1140px\" \/><\/figure>\n<\/div>\n\n\n\n<div class=\"wp-block-column is-vertically-aligned-center col-55 is-layout-flow wp-block-column-is-layout-flow\">\n<h2 class=\"wp-block-heading has-fs-h-2-font-size\">El Proyecto del Centro 2025-2030: <strong>\u00c9xito Acad\u00e9mico, Desarollo Sostenible y Apertura Internacional<\/strong><\/h2>\n\n\n\n<p>El Liceo franc\u00e9s de Madrid ofrece a sus alumnos un entorno acad\u00e9mico estructurado y estimulante, propicio para su crecimiento personal y el logro de sus objetivos. El centro se distingue por la calidad y el rigor de su ense\u00f1anza, basada en una pedagog\u00eda activa que favorece el pensamiento cr\u00edtico, la autonom\u00eda y la implicaci\u00f3n de cada uno en su aprendizaje. Este rigor acad\u00e9mico unido a un acompa\u00f1amiento personalizado, prepara de manera eficaz a los alumnos para su futuro profesional posbachillerato.  <\/p>\n\n\n\n<p><br\/>En el centro del proyecto educativo, el multiling\u00fcismo permite a los alumnos desarrollar s\u00f3lidas competencias ling\u00fc\u00edsticas, a la vez que crea una apertura a la diversidad cultural. Esta dimensi\u00f3n internacional se ve reforzada por intercambios y colaboraciones con otros centros de todo el mundo, garantizando una continuidad educativa m\u00e1s all\u00e1 de las fronteras. <\/p>\n\n\n\n<div class=\"wp-block-group is-layout-constrained wp-block-group-is-layout-constrained\">\n<div class=\"wp-block-buttons without-stripes is-vertical is-content-justification-left is-layout-flex wp-container-core-buttons-is-layout-51232f1a wp-block-buttons-is-layout-flex\">\n<div class=\"wp-block-button has-custom-width wp-block-button__width-100 custom-button custom-button--default custom-button--primary custom-button--download\"><a class=\"wp-block-button__link wp-element-button\" href=\"http:\/\/lfmadrid.net.dev2.tribu-and-co.com\/wp-content\/uploads\/2026\/03\/Proyecto-del-centro-2025-2030-Liceo-Frances-de-Madrid.pdf\" target=\"_blank\" rel=\"noreferrer noopener\">Leer el Proyecto del Centro (PDF)<\/a><\/div>\n<\/div>\n<\/div>\n<\/div>\n<\/div>\n<\/div>\n\n<\/div>\n\n<\/div>\n<div class=\"container container--default wp-block-tribu-blocks-container\">\n\t\n<div style=\"margin-top:var(--wp--preset--spacing--9);margin-bottom:var(--wp--preset--spacing--9);\" class=\"container container--sm alignfull wp-block-tribu-blocks-container\">\n\t\n\n<div class=\"wp-block-columns are-vertically-aligned-center wp-block-columns--45-55 is-layout-flex wp-container-core-columns-is-layout-b0870b77 wp-block-columns-is-layout-flex\" style=\"margin-top:0;margin-bottom:0\">\n<div class=\"wp-block-column is-vertically-aligned-center col-45 is-layout-flow wp-block-column-is-layout-flow\">\n<figure class=\"wp-block-image size-full\"><img decoding=\"async\" width=\"1140\" height=\"1481\" src=\"http:\/\/lfmadrid.net.dev2.tribu-and-co.com\/wp-content\/uploads\/2026\/01\/Projet-axe1-2.webp\" alt=\"\" class=\"wp-image-1826\" srcset=\"http:\/\/lfmadrid.net.dev2.tribu-and-co.com\/wp-content\/uploads\/2026\/01\/Projet-axe1-2.webp 1140w, http:\/\/lfmadrid.net.dev2.tribu-and-co.com\/wp-content\/uploads\/2026\/01\/Projet-axe1-2-231x300.webp 231w, http:\/\/lfmadrid.net.dev2.tribu-and-co.com\/wp-content\/uploads\/2026\/01\/Projet-axe1-2-788x1024.webp 788w, http:\/\/lfmadrid.net.dev2.tribu-and-co.com\/wp-content\/uploads\/2026\/01\/Projet-axe1-2-768x998.webp 768w, http:\/\/lfmadrid.net.dev2.tribu-and-co.com\/wp-content\/uploads\/2026\/01\/Projet-axe1-2-600x779.webp 600w\" sizes=\"(max-width: 1140px) 100vw, 1140px\" \/><\/figure>\n<\/div>\n\n\n\n<div class=\"wp-block-column is-vertically-aligned-center col-55 is-layout-flow wp-block-column-is-layout-flow\">\n<h2 class=\"wp-block-heading has-fs-h-2-font-size\">Eje 1: <strong>un liceo que ayuda a triunfar a sus alumnos<\/strong><\/h2>\n\n\n\n<p>El Liceo reafirma su ambici\u00f3n de garantizar a cada uno de sus alumnos una escolaridad exigente, inclusiva y solidaria. La acogida de los nuevos alumnos, la transici\u00f3n entre ciclos y el fortalecimiento de los v\u00ednculos entre grados permiten una integraci\u00f3n fluida y gradual. Se implementa un acompa\u00f1amiento personalizado para abordar la diversidad de perfiles, mediante programas adaptados a estudiantes con dificultades, necesidades educativas especiales y trayectorias de excelencia. El desarrollo del pensamiento cr\u00edtico, la promoci\u00f3n del aprendizaje basado en proyectos, as\u00ed como el uso racional de herramientas digitales e inteligencia artificial impulsan esta din\u00e1mica. Hay que destacar que las oportunidades ofrecidas a los alumnos y la formaci\u00f3n continua del personal completan esta iniciativa para que todos alcancen una meta ambiciosa.    <\/p>\n\n\n\n<div class=\"wp-block-buttons is-layout-flex wp-block-buttons-is-layout-flex\">\n<div class=\"wp-block-button has-custom-width wp-block-button__width-75 custom-button custom-button--default custom-button--download\"><a class=\"wp-block-button__link wp-element-button\" href=\"http:\/\/lfmadrid.net.dev2.tribu-and-co.com\/wp-content\/uploads\/2026\/03\/Proyecto-del-centro-2025-2030-Liceo-Frances-de-Madrid-eje1.pdf\" style=\"padding-top:var(--wp--preset--spacing--2);padding-right:var(--wp--preset--spacing--2);padding-bottom:var(--wp--preset--spacing--2);padding-left:var(--wp--preset--spacing--2)\" target=\"_blank\" rel=\"noreferrer noopener\">Leer el eje 1 en su totalidad<\/a><\/div>\n<\/div>\n<\/div>\n<\/div>\n\n<\/div>\n\n\n<div style=\"margin-top:var(--wp--preset--spacing--9);margin-bottom:var(--wp--preset--spacing--9);\" class=\"container container--sm alignfull wp-block-tribu-blocks-container\">\n\t\n\n<div class=\"wp-block-columns are-vertically-aligned-center wp-block-columns--55-45 is-layout-flex wp-container-core-columns-is-layout-b0870b77 wp-block-columns-is-layout-flex\" style=\"margin-top:0;margin-bottom:0\">\n<div class=\"wp-block-column is-vertically-aligned-center col-55 is-layout-flow wp-block-column-is-layout-flow\">\n<h2 class=\"wp-block-heading has-fs-h-2-font-size\">Eje 2: <strong>itinerarios escolares diversificados abiertos hacia las opciones internacionales<\/strong><\/h2>\n\n\n\n<p>El liceo ofrece itinerarios escolares variados y con una amplia apertura internacional, basados en una oferta ling\u00fc\u00edstica y cultural rica que pone en valor el multiling\u00fcismo y el franc\u00e9s como lengua de cultura. Los programas espec\u00edficos (secciones europeas, secci\u00f3n internacional ELCE, BFI), los intercambios y proyectos internacionales, as\u00ed como la obtenci\u00f3n de certificaciones, refuerzan esta apertura. Se imparte una formaci\u00f3n human\u00edstica, coherente e interdisciplinar, desde las primeras etapas de la escolaridad. El acompa\u00f1amiento en los itinerarios especializados, la orientaci\u00f3n hacia la ense\u00f1anza superior en Francia, en Espa\u00f1a o en otro pa\u00eds, y las colaboraciones profesionales permiten a cada alumno construir un proyecto de futuro ambicioso y personalizado.   <\/p>\n\n\n\n<div class=\"wp-block-buttons is-layout-flex wp-block-buttons-is-layout-flex\">\n<div class=\"wp-block-button has-custom-width wp-block-button__width-75 custom-button custom-button--default custom-button--download\"><a class=\"wp-block-button__link wp-element-button\" href=\"http:\/\/lfmadrid.net.dev2.tribu-and-co.com\/wp-content\/uploads\/2026\/03\/Proyecto-del-centro-2025-2030-Liceo-Frances-de-Madrid-eje2.pdf\" style=\"padding-top:var(--wp--preset--spacing--2);padding-right:var(--wp--preset--spacing--2);padding-bottom:var(--wp--preset--spacing--2);padding-left:var(--wp--preset--spacing--2)\" target=\"_blank\" rel=\"noreferrer noopener\">Leer el eje 2 en su totalidad<\/a><\/div>\n<\/div>\n<\/div>\n\n\n\n<div class=\"wp-block-column is-vertically-aligned-center col-45 is-layout-flow wp-block-column-is-layout-flow\">\n<figure class=\"wp-block-image size-full\"><img decoding=\"async\" width=\"1000\" height=\"1241\" src=\"http:\/\/lfmadrid.net.dev2.tribu-and-co.com\/wp-content\/uploads\/2026\/01\/Projet-axe2.webp\" alt=\"\" class=\"wp-image-1770\" srcset=\"http:\/\/lfmadrid.net.dev2.tribu-and-co.com\/wp-content\/uploads\/2026\/01\/Projet-axe2.webp 1000w, http:\/\/lfmadrid.net.dev2.tribu-and-co.com\/wp-content\/uploads\/2026\/01\/Projet-axe2-242x300.webp 242w, http:\/\/lfmadrid.net.dev2.tribu-and-co.com\/wp-content\/uploads\/2026\/01\/Projet-axe2-825x1024.webp 825w, http:\/\/lfmadrid.net.dev2.tribu-and-co.com\/wp-content\/uploads\/2026\/01\/Projet-axe2-768x953.webp 768w, http:\/\/lfmadrid.net.dev2.tribu-and-co.com\/wp-content\/uploads\/2026\/01\/Projet-axe2-600x745.webp 600w\" sizes=\"(max-width: 1000px) 100vw, 1000px\" \/><\/figure>\n<\/div>\n<\/div>\n\n<\/div>\n\n\n<div style=\"margin-top:var(--wp--preset--spacing--9);margin-bottom:var(--wp--preset--spacing--9);\" class=\"container container--sm alignfull wp-block-tribu-blocks-container\">\n\t\n\n<div class=\"wp-block-columns are-vertically-aligned-center wp-block-columns--45-55 is-layout-flex wp-container-core-columns-is-layout-b0870b77 wp-block-columns-is-layout-flex\" style=\"margin-top:0;margin-bottom:0\">\n<div class=\"wp-block-column is-vertically-aligned-center col-45 is-layout-flow wp-block-column-is-layout-flow\">\n<figure class=\"wp-block-image size-full\"><img decoding=\"async\" width=\"1140\" height=\"784\" src=\"http:\/\/lfmadrid.net.dev2.tribu-and-co.com\/wp-content\/uploads\/2026\/01\/Projet-axe3.webp\" alt=\"\" class=\"wp-image-1773\" srcset=\"http:\/\/lfmadrid.net.dev2.tribu-and-co.com\/wp-content\/uploads\/2026\/01\/Projet-axe3.webp 1140w, http:\/\/lfmadrid.net.dev2.tribu-and-co.com\/wp-content\/uploads\/2026\/01\/Projet-axe3-300x206.webp 300w, http:\/\/lfmadrid.net.dev2.tribu-and-co.com\/wp-content\/uploads\/2026\/01\/Projet-axe3-1024x704.webp 1024w, http:\/\/lfmadrid.net.dev2.tribu-and-co.com\/wp-content\/uploads\/2026\/01\/Projet-axe3-768x528.webp 768w, http:\/\/lfmadrid.net.dev2.tribu-and-co.com\/wp-content\/uploads\/2026\/01\/Projet-axe3-600x413.webp 600w\" sizes=\"(max-width: 1140px) 100vw, 1140px\" \/><\/figure>\n<\/div>\n\n\n\n<div class=\"wp-block-column is-vertically-aligned-center col-55 is-layout-flow wp-block-column-is-layout-flow\">\n<h2 class=\"wp-block-heading has-fs-h-2-font-size\">Eje 3: <strong>trabajar, estudiar: crecer en el LFM<\/strong><\/h2>\n\n\n\n<p>El liceo ofrece un entorno de convivencia propicio al crecimiento de todos, basado en el respeto de las normas comunes, una vida escolar activa y un clima sereno. El sentimiento de pertenencia se ve reforzado por eventos que ayudan a la unificaci\u00f3n, el reconocimiento de los logros colectivos y la participaci\u00f3n de los alumnos en la vida del centro. La calidad de vida en el centro reside tambi\u00e9n en sus espacios adaptados, el acompa\u00f1amiento diario de los equipos educativos y la atenci\u00f3n prestada a la seguridad y al bienestar. La enfermer\u00eda, junto con profesionales externos, desempe\u00f1a un papel fundamental en la prevenci\u00f3n y apoyo. Por \u00faltimo, una comunicaci\u00f3n fluida y abierta con las familias y los colaboradores contribuye a fortalecer la cohesi\u00f3n y el atractivo del LFM    <\/p>\n\n\n\n<div class=\"wp-block-buttons is-layout-flex wp-block-buttons-is-layout-flex\">\n<div class=\"wp-block-button has-custom-width wp-block-button__width-75 custom-button custom-button--default custom-button--download\"><a class=\"wp-block-button__link wp-element-button\" href=\"http:\/\/lfmadrid.net.dev2.tribu-and-co.com\/wp-content\/uploads\/2026\/03\/Proyecto-del-centro-2025-2030-Liceo-Frances-de-Madrid-eje3.pdf\" style=\"padding-top:var(--wp--preset--spacing--2);padding-right:var(--wp--preset--spacing--2);padding-bottom:var(--wp--preset--spacing--2);padding-left:var(--wp--preset--spacing--2)\" target=\"_blank\" rel=\"noreferrer noopener\">Leer el eje 3 en su totalidad<\/a><\/div>\n<\/div>\n<\/div>\n<\/div>\n\n<\/div>\n\n\n<div style=\"margin-top:var(--wp--preset--spacing--9);margin-bottom:var(--wp--preset--spacing--9);\" class=\"container container--sm alignfull wp-block-tribu-blocks-container\">\n\t\n\n<div class=\"wp-block-columns are-vertically-aligned-center wp-block-columns--55-45 is-layout-flex wp-container-core-columns-is-layout-b0870b77 wp-block-columns-is-layout-flex\" style=\"margin-top:0;margin-bottom:0\">\n<div class=\"wp-block-column is-vertically-aligned-center col-55 is-layout-flow wp-block-column-is-layout-flow\">\n<h2 class=\"wp-block-heading has-fs-h-2-font-size\">Eje 4: <strong>un liceo comprometido que mira hacia al futuro<\/strong><\/h2>\n\n\n\n<p>El liceo reafirma su compromiso por un futuro responsable, integrando plenamente los principios de desarrollo sostenible y de la ciudadan\u00eda en su cultura educativa. Las mejoras del campus, los proyectos educativos para el desarrollo sostenible y las acciones concretas para reducir la huella ecol\u00f3gica, reflejan un deseo colectivo de actuar. Impulsado por valores republicanos y humanistas, el centro fomenta entre sus alumnos el compromiso, la solidaridad y la responsabilidad mediante un programa de educaci\u00f3n c\u00edvica, debates, iniciativas contra la discriminaci\u00f3n y la participaci\u00f3n activa en la vida democr\u00e1tica del liceo.  <\/p>\n\n\n\n<div class=\"wp-block-buttons is-layout-flex wp-block-buttons-is-layout-flex\">\n<div class=\"wp-block-button has-custom-width wp-block-button__width-75 custom-button custom-button--default custom-button--download\"><a class=\"wp-block-button__link wp-element-button\" href=\"http:\/\/lfmadrid.net.dev2.tribu-and-co.com\/wp-content\/uploads\/2026\/01\/Projet-etablissement-Axe-4.pdf\" style=\"padding-top:var(--wp--preset--spacing--2);padding-right:var(--wp--preset--spacing--2);padding-bottom:var(--wp--preset--spacing--2);padding-left:var(--wp--preset--spacing--2)\" target=\"_blank\" rel=\"noreferrer noopener\">Leer el eje 4 en su totalidad<\/a><\/div>\n<\/div>\n<\/div>\n\n\n\n<div class=\"wp-block-column is-vertically-aligned-center col-45 is-layout-flow wp-block-column-is-layout-flow\">\n<figure class=\"wp-block-image size-full\"><img decoding=\"async\" width=\"800\" height=\"845\" src=\"http:\/\/lfmadrid.net.dev2.tribu-and-co.com\/wp-content\/uploads\/2025\/12\/accueil_01.png\" alt=\"\" class=\"wp-image-1011\" srcset=\"http:\/\/lfmadrid.net.dev2.tribu-and-co.com\/wp-content\/uploads\/2025\/12\/accueil_01.png 800w, http:\/\/lfmadrid.net.dev2.tribu-and-co.com\/wp-content\/uploads\/2025\/12\/accueil_01-284x300.png 284w, http:\/\/lfmadrid.net.dev2.tribu-and-co.com\/wp-content\/uploads\/2025\/12\/accueil_01-768x811.png 768w, http:\/\/lfmadrid.net.dev2.tribu-and-co.com\/wp-content\/uploads\/2025\/12\/accueil_01-600x634.png 600w\" sizes=\"(max-width: 800px) 100vw, 800px\" \/><\/figure>\n<\/div>\n<\/div>\n\n<\/div>\n\n<\/div>\n","protected":false},"excerpt":{"rendered":"<p>Nuestro proyecto educativo<\/p>\n","protected":false},"author":1,"featured_media":0,"parent":0,"menu_order":0,"comment_status":"closed","ping_status":"closed","template":"","meta":{"_acf_changed":false,"footnotes":""},"school_type":[],"class_list":["post-5903","page","type-page","status-publish","hentry"],"acf":[],"yoast_head":"<!-- This site is optimized with the Yoast SEO plugin v27.4 - https:\/\/yoast.com\/product\/yoast-seo-wordpress\/ -->\n<title>Nuestro proyecto educativo - Lyc\u00e9e Fran\u00e7ais de Madrid<\/title>\n<meta name=\"robots\" content=\"noindex, follow, max-snippet:-1, max-image-preview:large, max-video-preview:-1\" \/>\n<meta property=\"og:locale\" content=\"es_ES\" \/>\n<meta property=\"og:type\" content=\"article\" \/>\n<meta property=\"og:title\" content=\"Nuestro proyecto educativo - Lyc\u00e9e Fran\u00e7ais de Madrid\" \/>\n<meta property=\"og:description\" content=\"Nuestro proyecto educativo\" \/>\n<meta property=\"og:url\" content=\"http:\/\/lfmadrid.net.dev2.tribu-and-co.com\/es\/nuestro-proyecto-educativo\/\" \/>\n<meta property=\"og:site_name\" content=\"Lyc\u00e9e Fran\u00e7ais de Madrid\" \/>\n<meta property=\"article:modified_time\" content=\"2026-04-19T13:50:40+00:00\" \/>\n<meta property=\"og:image\" content=\"http:\/\/lfmadrid.net.dev2.tribu-and-co.com\/wp-content\/uploads\/2026\/01\/Projet.webp\" \/>\n\t<meta property=\"og:image:width\" content=\"1140\" \/>\n\t<meta property=\"og:image:height\" content=\"1368\" \/>\n\t<meta property=\"og:image:type\" content=\"image\/webp\" \/>\n<meta name=\"twitter:card\" content=\"summary_large_image\" \/>\n<meta name=\"twitter:label1\" content=\"Tiempo de lectura\" \/>\n\t<meta name=\"twitter:data1\" content=\"4 minutes\" \/>\n<script type=\"application\/ld+json\" class=\"yoast-schema-graph\">{\"@context\":\"https:\\\/\\\/schema.org\",\"@graph\":[{\"@type\":\"WebPage\",\"@id\":\"http:\\\/\\\/lfmadrid.net.dev2.tribu-and-co.com\\\/es\\\/nuestro-proyecto-educativo\\\/\",\"url\":\"http:\\\/\\\/lfmadrid.net.dev2.tribu-and-co.com\\\/es\\\/nuestro-proyecto-educativo\\\/\",\"name\":\"Nuestro proyecto educativo - Lyc\u00e9e Fran\u00e7ais de Madrid\",\"isPartOf\":{\"@id\":\"http:\\\/\\\/lfmadrid.net.dev2.tribu-and-co.com\\\/es\\\/#website\"},\"primaryImageOfPage\":{\"@id\":\"http:\\\/\\\/lfmadrid.net.dev2.tribu-and-co.com\\\/es\\\/nuestro-proyecto-educativo\\\/#primaryimage\"},\"image\":{\"@id\":\"http:\\\/\\\/lfmadrid.net.dev2.tribu-and-co.com\\\/es\\\/nuestro-proyecto-educativo\\\/#primaryimage\"},\"thumbnailUrl\":\"http:\\\/\\\/lfmadrid.net.dev2.tribu-and-co.com\\\/wp-content\\\/uploads\\\/2026\\\/01\\\/Projet.webp\",\"datePublished\":\"2026-01-08T15:43:30+00:00\",\"dateModified\":\"2026-04-19T13:50:40+00:00\",\"breadcrumb\":{\"@id\":\"http:\\\/\\\/lfmadrid.net.dev2.tribu-and-co.com\\\/es\\\/nuestro-proyecto-educativo\\\/#breadcrumb\"},\"inLanguage\":\"es-ES\",\"potentialAction\":[{\"@type\":\"ReadAction\",\"target\":[\"http:\\\/\\\/lfmadrid.net.dev2.tribu-and-co.com\\\/es\\\/nuestro-proyecto-educativo\\\/\"]}]},{\"@type\":\"ImageObject\",\"inLanguage\":\"es-ES\",\"@id\":\"http:\\\/\\\/lfmadrid.net.dev2.tribu-and-co.com\\\/es\\\/nuestro-proyecto-educativo\\\/#primaryimage\",\"url\":\"http:\\\/\\\/lfmadrid.net.dev2.tribu-and-co.com\\\/wp-content\\\/uploads\\\/2026\\\/01\\\/Projet.webp\",\"contentUrl\":\"http:\\\/\\\/lfmadrid.net.dev2.tribu-and-co.com\\\/wp-content\\\/uploads\\\/2026\\\/01\\\/Projet.webp\"},{\"@type\":\"BreadcrumbList\",\"@id\":\"http:\\\/\\\/lfmadrid.net.dev2.tribu-and-co.com\\\/es\\\/nuestro-proyecto-educativo\\\/#breadcrumb\",\"itemListElement\":[{\"@type\":\"ListItem\",\"position\":1,\"name\":\"Inicio\",\"item\":\"http:\\\/\\\/lfmadrid.net.dev2.tribu-and-co.com\\\/es\\\/\"},{\"@type\":\"ListItem\",\"position\":2,\"name\":\"Nuestro proyecto educativo\"}]},{\"@type\":\"WebSite\",\"@id\":\"http:\\\/\\\/lfmadrid.net.dev2.tribu-and-co.com\\\/es\\\/#website\",\"url\":\"http:\\\/\\\/lfmadrid.net.dev2.tribu-and-co.com\\\/es\\\/\",\"name\":\"Lyc\u00e9e Fran\u00e7ais de Madrid\",\"description\":\"\",\"publisher\":{\"@id\":\"http:\\\/\\\/lfmadrid.net.dev2.tribu-and-co.com\\\/es\\\/#organization\"},\"potentialAction\":[{\"@type\":\"SearchAction\",\"target\":{\"@type\":\"EntryPoint\",\"urlTemplate\":\"http:\\\/\\\/lfmadrid.net.dev2.tribu-and-co.com\\\/es\\\/?s={search_term_string}\"},\"query-input\":{\"@type\":\"PropertyValueSpecification\",\"valueRequired\":true,\"valueName\":\"search_term_string\"}}],\"inLanguage\":\"es-ES\"},{\"@type\":\"Organization\",\"@id\":\"http:\\\/\\\/lfmadrid.net.dev2.tribu-and-co.com\\\/es\\\/#organization\",\"name\":\"Lyc\u00e9e Fran\u00e7ais de Madrid\",\"url\":\"http:\\\/\\\/lfmadrid.net.dev2.tribu-and-co.com\\\/es\\\/\",\"logo\":{\"@type\":\"ImageObject\",\"inLanguage\":\"es-ES\",\"@id\":\"http:\\\/\\\/lfmadrid.net.dev2.tribu-and-co.com\\\/es\\\/#\\\/schema\\\/logo\\\/image\\\/\",\"url\":\"http:\\\/\\\/lfmadrid.net.dev2.tribu-and-co.com\\\/wp-content\\\/uploads\\\/2026\\\/01\\\/lfm-logo.svg\",\"contentUrl\":\"http:\\\/\\\/lfmadrid.net.dev2.tribu-and-co.com\\\/wp-content\\\/uploads\\\/2026\\\/01\\\/lfm-logo.svg\",\"width\":154,\"height\":60,\"caption\":\"Lyc\u00e9e Fran\u00e7ais de Madrid\"},\"image\":{\"@id\":\"http:\\\/\\\/lfmadrid.net.dev2.tribu-and-co.com\\\/es\\\/#\\\/schema\\\/logo\\\/image\\\/\"}}]}<\/script>\n<!-- \/ Yoast SEO plugin. -->","yoast_head_json":{"title":"Nuestro proyecto educativo - Lyc\u00e9e Fran\u00e7ais de Madrid","robots":{"index":"noindex","follow":"follow","max-snippet":"max-snippet:-1","max-image-preview":"max-image-preview:large","max-video-preview":"max-video-preview:-1"},"og_locale":"es_ES","og_type":"article","og_title":"Nuestro proyecto educativo - Lyc\u00e9e Fran\u00e7ais de Madrid","og_description":"Nuestro proyecto educativo","og_url":"http:\/\/lfmadrid.net.dev2.tribu-and-co.com\/es\/nuestro-proyecto-educativo\/","og_site_name":"Lyc\u00e9e Fran\u00e7ais de Madrid","article_modified_time":"2026-04-19T13:50:40+00:00","og_image":[{"width":1140,"height":1368,"url":"http:\/\/lfmadrid.net.dev2.tribu-and-co.com\/wp-content\/uploads\/2026\/01\/Projet.webp","type":"image\/webp"}],"twitter_card":"summary_large_image","twitter_misc":{"Tiempo de lectura":"4 minutes"},"schema":{"@context":"https:\/\/schema.org","@graph":[{"@type":"WebPage","@id":"http:\/\/lfmadrid.net.dev2.tribu-and-co.com\/es\/nuestro-proyecto-educativo\/","url":"http:\/\/lfmadrid.net.dev2.tribu-and-co.com\/es\/nuestro-proyecto-educativo\/","name":"Nuestro proyecto educativo - Lyc\u00e9e Fran\u00e7ais de Madrid","isPartOf":{"@id":"http:\/\/lfmadrid.net.dev2.tribu-and-co.com\/es\/#website"},"primaryImageOfPage":{"@id":"http:\/\/lfmadrid.net.dev2.tribu-and-co.com\/es\/nuestro-proyecto-educativo\/#primaryimage"},"image":{"@id":"http:\/\/lfmadrid.net.dev2.tribu-and-co.com\/es\/nuestro-proyecto-educativo\/#primaryimage"},"thumbnailUrl":"http:\/\/lfmadrid.net.dev2.tribu-and-co.com\/wp-content\/uploads\/2026\/01\/Projet.webp","datePublished":"2026-01-08T15:43:30+00:00","dateModified":"2026-04-19T13:50:40+00:00","breadcrumb":{"@id":"http:\/\/lfmadrid.net.dev2.tribu-and-co.com\/es\/nuestro-proyecto-educativo\/#breadcrumb"},"inLanguage":"es-ES","potentialAction":[{"@type":"ReadAction","target":["http:\/\/lfmadrid.net.dev2.tribu-and-co.com\/es\/nuestro-proyecto-educativo\/"]}]},{"@type":"ImageObject","inLanguage":"es-ES","@id":"http:\/\/lfmadrid.net.dev2.tribu-and-co.com\/es\/nuestro-proyecto-educativo\/#primaryimage","url":"http:\/\/lfmadrid.net.dev2.tribu-and-co.com\/wp-content\/uploads\/2026\/01\/Projet.webp","contentUrl":"http:\/\/lfmadrid.net.dev2.tribu-and-co.com\/wp-content\/uploads\/2026\/01\/Projet.webp"},{"@type":"BreadcrumbList","@id":"http:\/\/lfmadrid.net.dev2.tribu-and-co.com\/es\/nuestro-proyecto-educativo\/#breadcrumb","itemListElement":[{"@type":"ListItem","position":1,"name":"Inicio","item":"http:\/\/lfmadrid.net.dev2.tribu-and-co.com\/es\/"},{"@type":"ListItem","position":2,"name":"Nuestro proyecto educativo"}]},{"@type":"WebSite","@id":"http:\/\/lfmadrid.net.dev2.tribu-and-co.com\/es\/#website","url":"http:\/\/lfmadrid.net.dev2.tribu-and-co.com\/es\/","name":"Lyc\u00e9e Fran\u00e7ais de Madrid","description":"","publisher":{"@id":"http:\/\/lfmadrid.net.dev2.tribu-and-co.com\/es\/#organization"},"potentialAction":[{"@type":"SearchAction","target":{"@type":"EntryPoint","urlTemplate":"http:\/\/lfmadrid.net.dev2.tribu-and-co.com\/es\/?s={search_term_string}"},"query-input":{"@type":"PropertyValueSpecification","valueRequired":true,"valueName":"search_term_string"}}],"inLanguage":"es-ES"},{"@type":"Organization","@id":"http:\/\/lfmadrid.net.dev2.tribu-and-co.com\/es\/#organization","name":"Lyc\u00e9e Fran\u00e7ais de Madrid","url":"http:\/\/lfmadrid.net.dev2.tribu-and-co.com\/es\/","logo":{"@type":"ImageObject","inLanguage":"es-ES","@id":"http:\/\/lfmadrid.net.dev2.tribu-and-co.com\/es\/#\/schema\/logo\/image\/","url":"http:\/\/lfmadrid.net.dev2.tribu-and-co.com\/wp-content\/uploads\/2026\/01\/lfm-logo.svg","contentUrl":"http:\/\/lfmadrid.net.dev2.tribu-and-co.com\/wp-content\/uploads\/2026\/01\/lfm-logo.svg","width":154,"height":60,"caption":"Lyc\u00e9e Fran\u00e7ais de Madrid"},"image":{"@id":"http:\/\/lfmadrid.net.dev2.tribu-and-co.com\/es\/#\/schema\/logo\/image\/"}}]}},"_links":{"self":[{"href":"http:\/\/lfmadrid.net.dev2.tribu-and-co.com\/es\/wp-json\/wp\/v2\/pages\/5903","targetHints":{"allow":["GET"]}}],"collection":[{"href":"http:\/\/lfmadrid.net.dev2.tribu-and-co.com\/es\/wp-json\/wp\/v2\/pages"}],"about":[{"href":"http:\/\/lfmadrid.net.dev2.tribu-and-co.com\/es\/wp-json\/wp\/v2\/types\/page"}],"author":[{"embeddable":true,"href":"http:\/\/lfmadrid.net.dev2.tribu-and-co.com\/es\/wp-json\/wp\/v2\/users\/1"}],"replies":[{"embeddable":true,"href":"http:\/\/lfmadrid.net.dev2.tribu-and-co.com\/es\/wp-json\/wp\/v2\/comments?post=5903"}],"version-history":[{"count":25,"href":"http:\/\/lfmadrid.net.dev2.tribu-and-co.com\/es\/wp-json\/wp\/v2\/pages\/5903\/revisions"}],"predecessor-version":[{"id":8325,"href":"http:\/\/lfmadrid.net.dev2.tribu-and-co.com\/es\/wp-json\/wp\/v2\/pages\/5903\/revisions\/8325"}],"wp:attachment":[{"href":"http:\/\/lfmadrid.net.dev2.tribu-and-co.com\/es\/wp-json\/wp\/v2\/media?parent=5903"}],"wp:term":[{"taxonomy":"school_type","embeddable":true,"href":"http:\/\/lfmadrid.net.dev2.tribu-and-co.com\/es\/wp-json\/wp\/v2\/school_type?post=5903"}],"curies":[{"name":"wp","href":"https:\/\/api.w.org\/{rel}","templated":true}]}}